{"id":1371,"date":"2021-04-26T10:40:23","date_gmt":"2021-04-26T10:40:23","guid":{"rendered":"https:\/\/tierschutz-bremerhaven.eu\/?page_id=1371"},"modified":"2024-02-23T12:02:34","modified_gmt":"2024-02-23T11:02:34","slug":"%d0%b4%d0%be%d1%81%d1%82%d0%b0%d0%b2%d0%ba%d0%b0","status":"publish","type":"page","link":"https:\/\/www.tierschutz-bremerhaven.eu\/bg\/abgabe","title":{"rendered":"\u0414\u043e\u0441\u0442\u0430\u0432\u043a\u0430"},"content":{"rendered":"<div data-elementor-type=\"wp-page\" data-elementor-id=\"1371\" class=\"elementor elementor-1371\" data-elementor-post-type=\"page\">\n\t\t\t\t\t\t<section class=\"elementor-section elementor-top-section elementor-element elementor-element-3f2c348 elementor-section-boxed elementor-section-height-default elementor-section-height-default\" data-id=\"3f2c348\" data-element_type=\"section\" data-e-type=\"section\" data-settings=\"{&quot;background_background&quot;:&quot;classic&quot;}\">\n\t\t\t\t\t\t<div class=\"elementor-container elementor-column-gap-default\">\n\t\t\t\t\t<div class=\"elementor-column elementor-col-100 elementor-top-column elementor-element elementor-element-2cef154\" data-id=\"2cef154\" data-element_type=\"column\" data-e-type=\"column\">\n\t\t\t<div class=\"elementor-widget-wrap elementor-element-populated\">\n\t\t\t\t\t\t<div class=\"elementor-element elementor-element-02a7822 elementor-widget elementor-widget-heading\" data-id=\"02a7822\" data-element_type=\"widget\" data-e-type=\"widget\" data-widget_type=\"heading.default\">\n\t\t\t\t<div class=\"elementor-widget-container\">\n\t\t\t\t\t<h2 class=\"elementor-heading-title elementor-size-default\">\u0414\u043e\u0441\u0442\u0430\u0432\u043a\u0430<\/h2>\t\t\t\t<\/div>\n\t\t\t\t<\/div>\n\t\t\t\t<div class=\"elementor-element elementor-element-7cc7aaa elementor-widget elementor-widget-text-editor\" data-id=\"7cc7aaa\" data-element_type=\"widget\" data-e-type=\"widget\" data-widget_type=\"text-editor.default\">\n\t\t\t\t<div class=\"elementor-widget-container\">\n\t\t\t\t\t\t\t\t\t<p>\u041f\u043e\u043d\u044f\u043a\u043e\u0433\u0430 \u0432\u0435\u0447\u0435 \u043d\u0435 \u0435 \u0432\u044a\u0437\u043c\u043e\u0436\u043d\u043e \u0434\u043e\u043c\u0430\u0448\u043d\u0438\u0442\u0435 \u043b\u044e\u0431\u0438\u043c\u0446\u0438 \u0438 \u0445\u043e\u0440\u0430\u0442\u0430 \u0434\u0430 \u0436\u0438\u0432\u0435\u044f\u0442 \u0437\u0430\u0435\u0434\u043d\u043e. \u041f\u043e\u043d\u044f\u043a\u043e\u0433\u0430 \u0442\u043e\u0432\u0430 \u0441\u0430 \u0430\u043b\u0435\u0440\u0433\u0438\u0438 \u0438\u043b\u0438 \u0437\u0430\u0431\u043e\u043b\u044f\u0432\u0430\u043d\u0435 \u043d\u0430 \u0441\u043e\u0431\u0441\u0442\u0432\u0435\u043d\u0438\u043a\u0430, \u043f\u043e\u043d\u044f\u043a\u043e\u0433\u0430 \u043f\u0440\u0435\u043c\u0435\u0441\u0442\u0432\u0430\u043d\u0435 \u0438\u043b\u0438 \u043d\u043e\u0432\u0430 \u0440\u0430\u0431\u043e\u0442\u0430: \u0438\u043c\u0430 \u043c\u043d\u043e\u0433\u043e \u043f\u0440\u0438\u0447\u0438\u043d\u0438, \u043a\u043e\u0438\u0442\u043e \u043c\u043e\u0433\u0430\u0442 \u0434\u0430 \u0434\u043e\u0432\u0435\u0434\u0430\u0442 \u0434\u043e \u043d\u0435\u043e\u0431\u0445\u043e\u0434\u0438\u043c\u043e\u0441\u0442\u0442\u0430 \u0434\u0430 \u0441\u0435 \u043e\u0442\u043a\u0430\u0436\u0435\u0442\u0435 \u043e\u0442 \u0436\u0438\u0432\u043e\u0442\u043d\u043e.<\/p><p>\u0412\u044a\u043f\u0440\u0435\u043a\u0438 \u0442\u043e\u0432\u0430 \u0432\u0438 \u043c\u043e\u043b\u0438\u043c \u0434\u0430 \u043d\u0435 \u0437\u0430\u0431\u0440\u0430\u0432\u044f\u0442\u0435, \u0447\u0435 \u0436\u0438\u0432\u043e\u0442\u043d\u0438\u0442\u0435 \u0447\u0435\u0441\u0442\u043e \u0442\u0440\u044f\u0431\u0432\u0430 \u0434\u0430 \u043f\u0440\u0435\u043a\u0430\u0440\u0430\u0442 \u0434\u044a\u043b\u0433\u043e \u0432\u0440\u0435\u043c\u0435 \u0432 \u043d\u0430\u0448\u0438\u044f \u043f\u0440\u0438\u044e\u0442, \u043f\u0440\u0435\u0434\u0438 \u0434\u0430 \u043d\u0430\u043c\u0435\u0440\u044f\u0442 \u043d\u043e\u0432 \u0434\u043e\u043c. \u0417\u0430\u0442\u043e\u0432\u0430 \u0432\u0438 \u043c\u043e\u043b\u0438\u043c \u0434\u0430 \u0441\u0435 \u043e\u043f\u0438\u0442\u0430\u0442\u0435 \u043f\u044a\u0440\u0432\u043e \u0441\u0430\u043c\u0438 \u0434\u0430 \u043d\u0430\u043c\u0435\u0440\u0438\u0442\u0435 \u043f\u043e\u0434\u0445\u043e\u0434\u044f\u0449 \u0441\u0442\u043e\u043f\u0430\u043d\u0438\u043d \u0437\u0430 \u0432\u0430\u0448\u0435\u0442\u043e \u0436\u0438\u0432\u043e\u0442\u043d\u043e, \u0442\u044a\u0439 \u043a\u0430\u0442\u043e \u043f\u0440\u0435\u0441\u0442\u043e\u044f\u0442 \u0432 \u043f\u0440\u0438\u044e\u0442\u0430 \u0437\u0430 \u0436\u0438\u0432\u043e\u0442\u043d\u0438 \u0432\u0438\u043d\u0430\u0433\u0438 \u0435 \u0441\u0432\u044a\u0440\u0437\u0430\u043d \u0441 \u0433\u043e\u043b\u044f\u043c \u0441\u0442\u0440\u0435\u0441 \u0437\u0430 \u0436\u0438\u0432\u043e\u0442\u043d\u043e\u0442\u043e. \u0410\u043a\u043e \u043f\u0440\u043e\u0441\u0442\u043e \u0441\u0442\u0435 \u0432 \u0441\u043f\u0435\u0448\u043d\u0430 \u0444\u0438\u043d\u0430\u043d\u0441\u043e\u0432\u0430 \u0441\u0438\u0442\u0443\u0430\u0446\u0438\u044f, \u043c\u043e\u043b\u044f, \u043d\u0435 \u0441\u0435 \u043a\u043e\u043b\u0435\u0431\u0430\u0439\u0442\u0435 \u0434\u0430 \u0441\u0435 \u0441\u0432\u044a\u0440\u0436\u0435\u0442\u0435 \u0441 \u043d\u0430\u0441. \u041c\u043e\u0436\u0435\u043c \u0434\u0430 \u0432\u0438 \u043f\u043e\u043c\u043e\u0433\u043d\u0435\u043c \u043d\u0430\u043f\u0440\u0438\u043c\u0435\u0440 \u0441 \u0434\u0430\u0440\u0435\u043d\u0438\u044f \u043d\u0430 \u0445\u0440\u0430\u043d\u0430, \u0437\u0430 \u0434\u0430 \u043c\u043e\u0436\u0435 \u0436\u0438\u0432\u043e\u0442\u043d\u043e\u0442\u043e \u0432\u0438 \u0434\u0430 \u043e\u0441\u0442\u0430\u043d\u0435 \u043f\u0440\u0438 \u0432\u0430\u0441.<\/p><p>\u041c\u043e\u043b\u0438\u043c \u0432\u0438 \u0437\u0430 \u0440\u0430\u0437\u0431\u0438\u0440\u0430\u043d\u0435, \u0447\u0435 \u043f\u0440\u0438\u0435\u043c\u0430\u043c\u0435 \u0436\u0438\u0432\u043e\u0442\u043d\u0438 \u0441\u0430\u043c\u043e \u043e\u0442 \u0411\u0440\u0435\u043c\u0435\u0440\u0445\u0430\u0444\u0435\u043d. \u0422\u044a\u0439 \u043a\u0430\u0442\u043e \u043a\u0430\u043f\u0430\u0446\u0438\u0442\u0435\u0442\u044a\u0442 \u043d\u0438 \u0437\u0430 \u043f\u0440\u0438\u0435\u043c \u0435 \u043e\u0433\u0440\u0430\u043d\u0438\u0447\u0435\u043d, \u043c\u043e\u043b\u044f, \u0440\u0435\u0433\u0438\u0441\u0442\u0440\u0438\u0440\u0430\u0439\u0442\u0435 \u0436\u0438\u0432\u043e\u0442\u043d\u043e\u0442\u043e \u043f\u0440\u0435\u0434\u0432\u0430\u0440\u0438\u0442\u0435\u043b\u043d\u043e \u043f\u043e \u0442\u0435\u043b\u0435\u0444\u043e\u043d\u0430 \u0438 \u0441\u0438 \u0437\u0430\u043f\u0438\u0448\u0435\u0442\u0435 \u0447\u0430\u0441.<\/p><p>\u041a\u043e\u0442\u043a\u0438\u0442\u0435, \u0436\u0438\u0432\u0435\u0435\u0449\u0438 \u0432 \u0434\u0438\u0432\u0430\u0442\u0430 \u043f\u0440\u0438\u0440\u043e\u0434\u0430, \u0441\u0435 \u043a\u0430\u0441\u0442\u0440\u0438\u0440\u0430\u0442 \u043e\u0442 \u043d\u0430\u0441 \u0438 \u0441\u0435 \u0432\u0440\u044a\u0449\u0430\u0442 \u043d\u0430 \u0441\u0432\u043e\u0438\u0442\u0435 \u0442\u0435\u0440\u0438\u0442\u043e\u0440\u0438\u0438.<\/p><p>\u041c\u043e\u043b\u044f, \u0438\u043c\u0430\u0439\u0442\u0435 \u043f\u0440\u0435\u0434\u0432\u0438\u0434, \u0447\u0435 \u043f\u0440\u0438\u0435\u043c\u0430\u043c\u0435 \u043f\u043b\u0430\u0449\u0430\u043d\u0438\u044f \u0432 \u0431\u0440\u043e\u0439 \u0441\u0430\u043c\u043e \u0437\u0430 \u043f\u0440\u0435\u0434\u0430\u0432\u0430\u043d\u0435\u0442\u043e \u043d\u0430 \u0436\u0438\u0432\u043e\u0442\u043d\u0438\u0442\u0435, \u0442\u044a\u0439 \u043a\u0430\u0442\u043e \u0432 \u043c\u0438\u043d\u0430\u043b\u043e\u0442\u043e \u0441\u043c\u0435 \u0438\u043c\u0430\u043b\u0438 \u043b\u043e\u0448 \u043e\u043f\u0438\u0442 \u0441 \u0431\u0435\u0437\u043a\u0430\u0441\u043e\u0432\u0438 \u043f\u043b\u0430\u0449\u0430\u043d\u0438\u044f. \u0429\u0435 \u0441\u0435 \u0440\u0430\u0434\u0432\u0430\u043c\u0435 \u0434\u0430 \u0432\u0438 \u0438\u043d\u0444\u043e\u0440\u043c\u0438\u0440\u0430\u043c\u0435 \u043f\u0440\u0435\u0434\u0432\u0430\u0440\u0438\u0442\u0435\u043b\u043d\u043e \u0437\u0430 \u0441\u0443\u043c\u0430\u0442\u0430, \u043a\u043e\u044f\u0442\u043e \u0442\u0440\u044f\u0431\u0432\u0430 \u0434\u0430 \u043f\u0440\u0438\u0433\u043e\u0442\u0432\u0438\u0442\u0435 \u043f\u0440\u0438 \u043f\u0440\u0435\u0434\u0430\u0432\u0430\u043d\u0435\u0442\u043e \u043d\u0430 \u0432\u0430\u0448\u0438\u044f \u0434\u043e\u043c\u0430\u0448\u0435\u043d \u043b\u044e\u0431\u0438\u043c\u0435\u0446. \u041c\u043e\u043b\u044f, \u043d\u043e\u0441\u0435\u0442\u0435 \u0441\u044a\u0441 \u0441\u0435\u0431\u0435 \u0441\u0438 \u0438 \u0432\u0430\u043b\u0438\u0434\u043d\u0430 \u043b\u0438\u0447\u043d\u0430 \u043a\u0430\u0440\u0442\u0430.<\/p><p>\u0422\u044a\u0439 \u043a\u0430\u0442\u043e \u043d\u0430\u0448\u0438\u044f\u0442 \u043f\u0440\u0438\u044e\u0442 \u0437\u0430 \u0436\u0438\u0432\u043e\u0442\u043d\u0438 \u0441\u0435 \u0444\u0438\u043d\u0430\u043d\u0441\u0438\u0440\u0430 \u043f\u043e\u0447\u0442\u0438 \u0438\u0437\u0446\u044f\u043b\u043e \u043e\u0442 \u0434\u0430\u0440\u0435\u043d\u0438\u044f, \u043d\u0438\u0435 \u0441\u043c\u0435 \u043f\u0440\u0438\u043d\u0443\u0434\u0435\u043d\u0438 \u0434\u0430 \u0441\u044a\u0431\u0438\u0440\u0430\u043c\u0435 \u0442\u0430\u043a\u0441\u0430 \u0437\u0430 \u043f\u0440\u0438\u0435\u043c\u0430\u043d\u0435 \u043d\u0430 \u0436\u0438\u0432\u043e\u0442\u043d\u043e. \u0422\u0435 \u0441\u0430 \u043c\u043d\u043e\u0433\u043e \u043f\u043e-\u043d\u0438\u0441\u043a\u0438 \u043e\u0442 \u0440\u0430\u0437\u0445\u043e\u0434\u0438\u0442\u0435, \u043a\u043e\u0438\u0442\u043e \u0440\u0435\u0430\u043b\u043d\u043e \u043f\u0440\u0430\u0432\u0438\u043c. \u0418\u0437\u0438\u0441\u043a\u0432\u0430\u0442 \u0441\u0435 \u0438 \u0432\u0441\u0438\u0447\u043a\u0438 \u0434\u043e\u043a\u0443\u043c\u0435\u043d\u0442\u0438 \u043d\u0430 \u0436\u0438\u0432\u043e\u0442\u043d\u043e\u0442\u043e (\u043d\u0430\u043f\u0440. \u0441\u0435\u0440\u0442\u0438\u0444\u0438\u043a\u0430\u0442 \u0437\u0430 \u0432\u0430\u043a\u0441\u0438\u043d\u0430\u0446\u0438\u044f).<\/p><p>\u041c\u043e\u043b\u044f, \u0441\u0432\u044a\u0440\u0436\u0435\u0442\u0435 \u0441\u0435 \u0441 \u043d\u0430\u0441 \u0432 \u043f\u0440\u0438\u044e\u0442\u0430 \u0437\u0430 \u0436\u0438\u0432\u043e\u0442\u043d\u0438 \u043d\u0430 \u0442\u0435\u043b: <a href=\"tel:047183257\">0471 - 8 32 57<\/a>. \u0412 \u0438\u0437\u0432\u044a\u043d\u0440\u0430\u0431\u043e\u0442\u043d\u043e \u0432\u0440\u0435\u043c\u0435 \u043c\u043e\u0436\u0435\u0442\u0435 \u0434\u0430 \u043e\u0441\u0442\u0430\u0432\u0438\u0442\u0435 \u0441\u044a\u043e\u0431\u0449\u0435\u043d\u0438\u0435 \u043d\u0430 \u043d\u0430\u0448\u0438\u044f \u0442\u0435\u043b\u0435\u0444\u043e\u043d\u0435\u043d \u0441\u0435\u043a\u0440\u0435\u0442\u0430\u0440. \u0429\u0435 \u0432\u0438 \u0441\u0435 \u043e\u0431\u0430\u0434\u0438\u043c \u043d\u0435\u0437\u0430\u0431\u0430\u0432\u043d\u043e.<\/p>\t\t\t\t\t\t\t\t<\/div>\n\t\t\t\t<\/div>\n\t\t\t\t<div class=\"elementor-element elementor-element-6d83082 elementor-widget elementor-widget-heading\" data-id=\"6d83082\" data-element_type=\"widget\" data-e-type=\"widget\" data-widget_type=\"heading.default\">\n\t\t\t\t<div class=\"elementor-widget-container\">\n\t\t\t\t\t<h3 class=\"elementor-heading-title elementor-size-default\">\u0422\u0430\u043a\u0441\u0438 \u0437\u0430 \u043e\u0431\u043b\u0430\u0433\u0430\u043d\u0435<\/h3>\t\t\t\t<\/div>\n\t\t\t\t<\/div>\n\t\t\t\t<div class=\"elementor-element elementor-element-475730a elementor-widget elementor-widget-price-list\" data-id=\"475730a\" data-element_type=\"widget\" data-e-type=\"widget\" data-widget_type=\"price-list.default\">\n\t\t\t\t<div class=\"elementor-widget-container\">\n\t\t\t\t\t\n\t\t<ul class=\"elementor-price-list\">\n\n\t\t\t\t\t\t\t\t\t<li><a class=\"elementor-price-list-item\" href=\"#\">\t\t\t\t\n\t\t\t\t<div class=\"elementor-price-list-text\">\n\t\t\t\t\t\t\t\t\t<div class=\"elementor-price-list-header\">\n\t\t\t\t\t\t\t\t\t\t\t<span class=\"elementor-price-list-title\">\n\t\t\t\t\t\t\t\u0426\u0432\u044f\u0442 \u043d\u0430 \u043f\u043b\u044a\u0445\t\t\t\t\t\t<\/span>\n\t\t\t\t\t\t\t\t\t\t\t\t\t\t\t\t\t\t<span class=\"elementor-price-list-separator\"><\/span>\n\t\t\t\t\t\t\t\t\t\t\t\t\t\t\t\t\t\t\t<span class=\"elementor-price-list-price\">10 \u20ac<\/span>\n\t\t\t\t\t\t\t\t\t\t<\/div>\n\t\t\t\t\t\t\t\t\t\t\t\t<\/div>\n\t\t\t\t<\/a><\/li>\t\t\t\t\t\t\t\t\t\t\t\t<li class=\"elementor-price-list-item\">\t\t\t\t\n\t\t\t\t<div class=\"elementor-price-list-text\">\n\t\t\t\t\t\t\t\t\t<div class=\"elementor-price-list-header\">\n\t\t\t\t\t\t\t\t\t\t\t<span class=\"elementor-price-list-title\">\n\t\t\t\t\t\t\tDegu\t\t\t\t\t\t<\/span>\n\t\t\t\t\t\t\t\t\t\t\t\t\t\t\t\t\t\t<span class=\"elementor-price-list-separator\"><\/span>\n\t\t\t\t\t\t\t\t\t\t\t\t\t\t\t\t\t\t\t<span class=\"elementor-price-list-price\">10 \u20ac<\/span>\n\t\t\t\t\t\t\t\t\t\t<\/div>\n\t\t\t\t\t\t\t\t\t\t\t\t<\/div>\n\t\t\t\t<\/li>\t\t\t\t\t\t\t\t\t\t\t\t<li><a class=\"elementor-price-list-item\" href=\"#\">\t\t\t\t\n\t\t\t\t<div class=\"elementor-price-list-text\">\n\t\t\t\t\t\t\t\t\t<div class=\"elementor-price-list-header\">\n\t\t\t\t\t\t\t\t\t\t\t<span class=\"elementor-price-list-title\">\n\t\t\t\t\t\t\tBudgerigar\t\t\t\t\t\t<\/span>\n\t\t\t\t\t\t\t\t\t\t\t\t\t\t\t\t\t\t<span class=\"elementor-price-list-separator\"><\/span>\n\t\t\t\t\t\t\t\t\t\t\t\t\t\t\t\t\t\t\t<span class=\"elementor-price-list-price\">20 \u20ac<\/span>\n\t\t\t\t\t\t\t\t\t\t<\/div>\n\t\t\t\t\t\t\t\t\t\t\t\t<\/div>\n\t\t\t\t<\/a><\/li>\t\t\t\t\t\t\t\t\t\t\t\t<li><a class=\"elementor-price-list-item\" href=\"#\">\t\t\t\t\n\t\t\t\t<div class=\"elementor-price-list-text\">\n\t\t\t\t\t\t\t\t\t<div class=\"elementor-price-list-header\">\n\t\t\t\t\t\t\t\t\t\t\t<span class=\"elementor-price-list-title\">\n\t\t\t\t\t\t\tCanary\t\t\t\t\t\t<\/span>\n\t\t\t\t\t\t\t\t\t\t\t\t\t\t\t\t\t\t<span class=\"elementor-price-list-separator\"><\/span>\n\t\t\t\t\t\t\t\t\t\t\t\t\t\t\t\t\t\t\t<span class=\"elementor-price-list-price\">20 \u20ac<\/span>\n\t\t\t\t\t\t\t\t\t\t<\/div>\n\t\t\t\t\t\t\t\t\t\t\t\t<\/div>\n\t\t\t\t<\/a><\/li>\t\t\t\t\t\t\t\t\t\t\t\t<li><a class=\"elementor-price-list-item\" href=\"#\">\t\t\t\t\n\t\t\t\t<div class=\"elementor-price-list-text\">\n\t\t\t\t\t\t\t\t\t<div class=\"elementor-price-list-header\">\n\t\t\t\t\t\t\t\t\t\t\t<span class=\"elementor-price-list-title\">\n\t\t\t\t\t\t\tCockatiel\t\t\t\t\t\t<\/span>\n\t\t\t\t\t\t\t\t\t\t\t\t\t\t\t\t\t\t<span class=\"elementor-price-list-separator\"><\/span>\n\t\t\t\t\t\t\t\t\t\t\t\t\t\t\t\t\t\t\t<span class=\"elementor-price-list-price\">25 \u20ac<\/span>\n\t\t\t\t\t\t\t\t\t\t<\/div>\n\t\t\t\t\t\t\t\t\t\t\t\t<\/div>\n\t\t\t\t<\/a><\/li>\t\t\t\t\t\t\t\t\t\t\t\t<li><a class=\"elementor-price-list-item\" href=\"#\">\t\t\t\t\n\t\t\t\t<div class=\"elementor-price-list-text\">\n\t\t\t\t\t\t\t\t\t<div class=\"elementor-price-list-header\">\n\t\t\t\t\t\t\t\t\t\t\t<span class=\"elementor-price-list-title\">\n\t\t\t\t\t\t\t\u041f\u0438\u043b\u0435\u0442\u0430\t\t\t\t\t\t<\/span>\n\t\t\t\t\t\t\t\t\t\t\t\t\t\t\t\t\t\t<span class=\"elementor-price-list-separator\"><\/span>\n\t\t\t\t\t\t\t\t\t\t\t\t\t\t\t\t\t\t\t<span class=\"elementor-price-list-price\">30 \u20ac<\/span>\n\t\t\t\t\t\t\t\t\t\t<\/div>\n\t\t\t\t\t\t\t\t\t\t\t\t<\/div>\n\t\t\t\t<\/a><\/li>\t\t\t\t\t\t\t\t\t\t\t\t<li><a class=\"elementor-price-list-item\" href=\"#\">\t\t\t\t\n\t\t\t\t<div class=\"elementor-price-list-text\">\n\t\t\t\t\t\t\t\t\t<div class=\"elementor-price-list-header\">\n\t\t\t\t\t\t\t\t\t\t\t<span class=\"elementor-price-list-title\">\n\t\t\t\t\t\t\t\u0417\u0430\u0435\u043a\t\t\t\t\t\t<\/span>\n\t\t\t\t\t\t\t\t\t\t\t\t\t\t\t\t\t\t<span class=\"elementor-price-list-separator\"><\/span>\n\t\t\t\t\t\t\t\t\t\t\t\t\t\t\t\t\t\t\t<span class=\"elementor-price-list-price\">35 \u20ac<\/span>\n\t\t\t\t\t\t\t\t\t\t<\/div>\n\t\t\t\t\t\t\t\t\t\t\t\t<\/div>\n\t\t\t\t<\/a><\/li>\t\t\t\t\t\t\t\t\t\t\t\t<li><a class=\"elementor-price-list-item\" href=\"#\">\t\t\t\t\n\t\t\t\t<div class=\"elementor-price-list-text\">\n\t\t\t\t\t\t\t\t\t<div class=\"elementor-price-list-header\">\n\t\t\t\t\t\t\t\t\t\t\t<span class=\"elementor-price-list-title\">\n\t\t\t\t\t\t\t\u041c\u043e\u0440\u0441\u043a\u043e \u0441\u0432\u0438\u043d\u0447\u0435\t\t\t\t\t\t<\/span>\n\t\t\t\t\t\t\t\t\t\t\t\t\t\t\t\t\t\t<span class=\"elementor-price-list-separator\"><\/span>\n\t\t\t\t\t\t\t\t\t\t\t\t\t\t\t\t\t\t\t<span class=\"elementor-price-list-price\">35 \u20ac<\/span>\n\t\t\t\t\t\t\t\t\t\t<\/div>\n\t\t\t\t\t\t\t\t\t\t\t\t<\/div>\n\t\t\t\t<\/a><\/li>\t\t\t\t\t\t\t\t\t\t\t\t<li><a class=\"elementor-price-list-item\" href=\"#\">\t\t\t\t\n\t\t\t\t<div class=\"elementor-price-list-text\">\n\t\t\t\t\t\t\t\t\t<div class=\"elementor-price-list-header\">\n\t\t\t\t\t\t\t\t\t\t\t<span class=\"elementor-price-list-title\">\n\t\t\t\t\t\t\t\u041a\u043e\u0441\u0442\u0435\u043d\u0443\u0440\u043a\u0430\t\t\t\t\t\t<\/span>\n\t\t\t\t\t\t\t\t\t\t\t\t\t\t\t\t\t\t<span class=\"elementor-price-list-separator\"><\/span>\n\t\t\t\t\t\t\t\t\t\t\t\t\t\t\t\t\t\t\t<span class=\"elementor-price-list-price\">60 \u20ac<\/span>\n\t\t\t\t\t\t\t\t\t\t<\/div>\n\t\t\t\t\t\t\t\t\t\t\t\t<\/div>\n\t\t\t\t<\/a><\/li>\t\t\t\t\t\t\t\t\t\t\t\t<li><a class=\"elementor-price-list-item\" href=\"#\">\t\t\t\t\n\t\t\t\t<div class=\"elementor-price-list-text\">\n\t\t\t\t\t\t\t\t\t<div class=\"elementor-price-list-header\">\n\t\t\t\t\t\t\t\t\t\t\t<span class=\"elementor-price-list-title\">\n\t\t\t\t\t\t\t\u041f\u0430\u043f\u0430\u0433\u0430\u043b\t\t\t\t\t\t<\/span>\n\t\t\t\t\t\t\t\t\t\t\t\t\t\t\t\t\t\t<span class=\"elementor-price-list-separator\"><\/span>\n\t\t\t\t\t\t\t\t\t\t\t\t\t\t\t\t\t\t\t<span class=\"elementor-price-list-price\">100 \u20ac<\/span>\n\t\t\t\t\t\t\t\t\t\t<\/div>\n\t\t\t\t\t\t\t\t\t\t\t\t<\/div>\n\t\t\t\t<\/a><\/li>\t\t\t\t\t\t\t\t\t\t\t\t<li><a class=\"elementor-price-list-item\" href=\"#\">\t\t\t\t\n\t\t\t\t<div class=\"elementor-price-list-text\">\n\t\t\t\t\t\t\t\t\t<div class=\"elementor-price-list-header\">\n\t\t\t\t\t\t\t\t\t\t\t<span class=\"elementor-price-list-title\">\n\t\t\t\t\t\t\t\u0427\u0438\u043d\u0447\u0438\u043b\u0430\t\t\t\t\t\t<\/span>\n\t\t\t\t\t\t\t\t\t\t\t\t\t\t\t\t\t\t<span class=\"elementor-price-list-separator\"><\/span>\n\t\t\t\t\t\t\t\t\t\t\t\t\t\t\t\t\t\t\t<span class=\"elementor-price-list-price\">150 \u20ac<\/span>\n\t\t\t\t\t\t\t\t\t\t<\/div>\n\t\t\t\t\t\t\t\t\t\t\t\t<\/div>\n\t\t\t\t<\/a><\/li>\t\t\t\t\t\t\t\t\t\t\t\t<li><a class=\"elementor-price-list-item\" href=\"#\">\t\t\t\t\n\t\t\t\t<div class=\"elementor-price-list-text\">\n\t\t\t\t\t\t\t\t\t<div class=\"elementor-price-list-header\">\n\t\t\t\t\t\t\t\t\t\t\t<span class=\"elementor-price-list-title\">\n\t\t\t\t\t\t\t\u041a\u043e\u0442\u043a\u0438\t\t\t\t\t\t<\/span>\n\t\t\t\t\t\t\t\t\t\t\t\t\t\t\t\t\t\t<span class=\"elementor-price-list-separator\"><\/span>\n\t\t\t\t\t\t\t\t\t\t\t\t\t\t\t\t\t\t\t<span class=\"elementor-price-list-price\">100 \u20ac<\/span>\n\t\t\t\t\t\t\t\t\t\t<\/div>\n\t\t\t\t\t\t\t\t\t\t\t\t\t\t\t<p class=\"elementor-price-list-description\">\n\t\t\t\t\t\t\t(\u0432\u0430\u043a\u0441\u0438\u043d\u0430\u0446\u0438\u044f, \u043a\u0430\u0441\u0442\u0440\u0430\u0446\u0438\u044f, \u0447\u0438\u043f)\t\t\t\t\t\t<\/p>\n\t\t\t\t\t\t\t\t<\/div>\n\t\t\t\t<\/a><\/li>\t\t\t\t\t\t\t\t\t\t\t\t<li><a class=\"elementor-price-list-item\" href=\"#\">\t\t\t\t\n\t\t\t\t<div class=\"elementor-price-list-text\">\n\t\t\t\t\t\t\t\t\t<div class=\"elementor-price-list-header\">\n\t\t\t\t\t\t\t\t\t\t\t<span class=\"elementor-price-list-title\">\n\t\t\t\t\t\t\t\u041a\u043e\u0442\u043a\u0430\t\t\t\t\t\t<\/span>\n\t\t\t\t\t\t\t\t\t\t\t\t\t\t\t\t\t\t<span class=\"elementor-price-list-separator\"><\/span>\n\t\t\t\t\t\t\t\t\t\t\t\t\t\t\t\t\t\t\t<span class=\"elementor-price-list-price\">120 \u20ac<\/span>\n\t\t\t\t\t\t\t\t\t\t<\/div>\n\t\t\t\t\t\t\t\t\t\t\t\t\t\t\t<p class=\"elementor-price-list-description\">\n\t\t\t\t\t\t\t(\u043a\u0430\u0441\u0442\u0440\u0430\u0446\u0438\u044f)\t\t\t\t\t\t<\/p>\n\t\t\t\t\t\t\t\t<\/div>\n\t\t\t\t<\/a><\/li>\t\t\t\t\t\t\t\t\t\t\t\t<li><a class=\"elementor-price-list-item\" href=\"#\">\t\t\t\t\n\t\t\t\t<div class=\"elementor-price-list-text\">\n\t\t\t\t\t\t\t\t\t<div class=\"elementor-price-list-header\">\n\t\t\t\t\t\t\t\t\t\t\t<span class=\"elementor-price-list-title\">\n\t\t\t\t\t\t\t\u041a\u043e\u0442\u043a\u0430\t\t\t\t\t\t<\/span>\n\t\t\t\t\t\t\t\t\t\t\t\t\t\t\t\t\t\t<span class=\"elementor-price-list-separator\"><\/span>\n\t\t\t\t\t\t\t\t\t\t\t\t\t\t\t\t\t\t\t<span class=\"elementor-price-list-price\">150 \u20ac<\/span>\n\t\t\t\t\t\t\t\t\t\t<\/div>\n\t\t\t\t\t\t\t\t\t\t\t\t\t\t\t<p class=\"elementor-price-list-description\">\n\t\t\t\t\t\t\t(\u0412\u0430\u043a\u0441\u0438\u043d\u0430\u0446\u0438\u044f)\t\t\t\t\t\t<\/p>\n\t\t\t\t\t\t\t\t<\/div>\n\t\t\t\t<\/a><\/li>\t\t\t\t\t\t\t\t\t\t\t\t<li><a class=\"elementor-price-list-item\" href=\"#\">\t\t\t\t\n\t\t\t\t<div class=\"elementor-price-list-text\">\n\t\t\t\t\t\t\t\t\t<div class=\"elementor-price-list-header\">\n\t\t\t\t\t\t\t\t\t\t\t<span class=\"elementor-price-list-title\">\n\t\t\t\t\t\t\t\u041a\u043e\u0442\u043a\u0430 \t\t\t\t\t\t<\/span>\n\t\t\t\t\t\t\t\t\t\t\t\t\t\t\t\t\t\t<span class=\"elementor-price-list-separator\"><\/span>\n\t\t\t\t\t\t\t\t\t\t\t\t\t\t\t\t\t\t\t<span class=\"elementor-price-list-price\">160 \u20ac<\/span>\n\t\t\t\t\t\t\t\t\t\t<\/div>\n\t\t\t\t\t\t\t\t\t\t\t\t\t\t\t<p class=\"elementor-price-list-description\">\n\t\t\t\t\t\t\t(\u0427\u0438\u043f)\t\t\t\t\t\t<\/p>\n\t\t\t\t\t\t\t\t<\/div>\n\t\t\t\t<\/a><\/li>\t\t\t\t\t\t\t\t\t\t\t\t<li><a class=\"elementor-price-list-item\" href=\"#\">\t\t\t\t\n\t\t\t\t<div class=\"elementor-price-list-text\">\n\t\t\t\t\t\t\t\t\t<div class=\"elementor-price-list-header\">\n\t\t\t\t\t\t\t\t\t\t\t<span class=\"elementor-price-list-title\">\n\t\t\t\t\t\t\t\u041a\u043e\u0442\u043a\u0430 \t\t\t\t\t\t<\/span>\n\t\t\t\t\t\t\t\t\t\t\t\t\t\t\t\t\t\t<span class=\"elementor-price-list-separator\"><\/span>\n\t\t\t\t\t\t\t\t\t\t\t\t\t\t\t\t\t\t\t<span class=\"elementor-price-list-price\">180 \u20ac<\/span>\n\t\t\t\t\t\t\t\t\t\t<\/div>\n\t\t\t\t\t\t\t\t\t\t\t\t<\/div>\n\t\t\t\t<\/a><\/li>\t\t\t\t\t\t\t\t\t\t\t\t<li><a class=\"elementor-price-list-item\" href=\"#\">\t\t\t\t\n\t\t\t\t<div class=\"elementor-price-list-text\">\n\t\t\t\t\t\t\t\t\t<div class=\"elementor-price-list-header\">\n\t\t\t\t\t\t\t\t\t\t\t<span class=\"elementor-price-list-title\">\n\t\t\t\t\t\t\t\u041a\u0443\u0447\u0435 \t\t\t\t\t\t<\/span>\n\t\t\t\t\t\t\t\t\t\t\t\t\t\t\t\t\t\t<span class=\"elementor-price-list-separator\"><\/span>\n\t\t\t\t\t\t\t\t\t\t\t\t\t\t\t\t\t\t\t<span class=\"elementor-price-list-price\">100 \u20ac<\/span>\n\t\t\t\t\t\t\t\t\t\t<\/div>\n\t\t\t\t\t\t\t\t\t\t\t\t\t\t\t<p class=\"elementor-price-list-description\">\n\t\t\t\t\t\t\t(\u0432\u0430\u043a\u0441\u0438\u043d\u0430\u0446\u0438\u044f, \u043a\u0430\u0441\u0442\u0440\u0430\u0446\u0438\u044f, \u0447\u0438\u043f)\t\t\t\t\t\t<\/p>\n\t\t\t\t\t\t\t\t<\/div>\n\t\t\t\t<\/a><\/li>\t\t\t\t\t\t\t\t\t\t\t\t<li><a class=\"elementor-price-list-item\" href=\"#\">\t\t\t\t\n\t\t\t\t<div class=\"elementor-price-list-text\">\n\t\t\t\t\t\t\t\t\t<div class=\"elementor-price-list-header\">\n\t\t\t\t\t\t\t\t\t\t\t<span class=\"elementor-price-list-title\">\n\t\t\t\t\t\t\t\u041a\u0443\u0447\u0435 \t\t\t\t\t\t<\/span>\n\t\t\t\t\t\t\t\t\t\t\t\t\t\t\t\t\t\t<span class=\"elementor-price-list-separator\"><\/span>\n\t\t\t\t\t\t\t\t\t\t\t\t\t\t\t\t\t\t\t<span class=\"elementor-price-list-price\">190 \u20ac<\/span>\n\t\t\t\t\t\t\t\t\t\t<\/div>\n\t\t\t\t\t\t\t\t\t\t\t\t\t\t\t<p class=\"elementor-price-list-description\">\n\t\t\t\t\t\t\t(\u043a\u0430\u0441\u0442\u0440\u0430\u0446\u0438\u044f)\t\t\t\t\t\t<\/p>\n\t\t\t\t\t\t\t\t<\/div>\n\t\t\t\t<\/a><\/li>\t\t\t\t\t\t\t\t\t\t\t\t<li><a class=\"elementor-price-list-item\" href=\"#\">\t\t\t\t\n\t\t\t\t<div class=\"elementor-price-list-text\">\n\t\t\t\t\t\t\t\t\t<div class=\"elementor-price-list-header\">\n\t\t\t\t\t\t\t\t\t\t\t<span class=\"elementor-price-list-title\">\n\t\t\t\t\t\t\t\u041a\u0443\u0447\u0435\t\t\t\t\t\t<\/span>\n\t\t\t\t\t\t\t\t\t\t\t\t\t\t\t\t\t\t<span class=\"elementor-price-list-separator\"><\/span>\n\t\t\t\t\t\t\t\t\t\t\t\t\t\t\t\t\t\t\t<span class=\"elementor-price-list-price\">220 \u20ac<\/span>\n\t\t\t\t\t\t\t\t\t\t<\/div>\n\t\t\t\t\t\t\t\t\t\t\t\t\t\t\t<p class=\"elementor-price-list-description\">\n\t\t\t\t\t\t\t(\u0412\u0430\u043a\u0441\u0438\u043d\u0430\u0446\u0438\u044f)\t\t\t\t\t\t<\/p>\n\t\t\t\t\t\t\t\t<\/div>\n\t\t\t\t<\/a><\/li>\t\t\t\t\t\t\t\t\t\t\t\t<li><a class=\"elementor-price-list-item\" href=\"#\">\t\t\t\t\n\t\t\t\t<div class=\"elementor-price-list-text\">\n\t\t\t\t\t\t\t\t\t<div class=\"elementor-price-list-header\">\n\t\t\t\t\t\t\t\t\t\t\t<span class=\"elementor-price-list-title\">\n\t\t\t\t\t\t\t\u041a\u0443\u0447\u0435\t\t\t\t\t\t<\/span>\n\t\t\t\t\t\t\t\t\t\t\t\t\t\t\t\t\t\t<span class=\"elementor-price-list-separator\"><\/span>\n\t\t\t\t\t\t\t\t\t\t\t\t\t\t\t\t\t\t\t<span class=\"elementor-price-list-price\">250 \u20ac<\/span>\n\t\t\t\t\t\t\t\t\t\t<\/div>\n\t\t\t\t\t\t\t\t\t\t\t\t\t\t\t<p class=\"elementor-price-list-description\">\n\t\t\t\t\t\t\t(\u0427\u0438\u043f)\t\t\t\t\t\t<\/p>\n\t\t\t\t\t\t\t\t<\/div>\n\t\t\t\t<\/a><\/li>\t\t\t\t\t\t\t\t\t\t\t\t<li><a class=\"elementor-price-list-item\" href=\"#\">\t\t\t\t\n\t\t\t\t<div class=\"elementor-price-list-text\">\n\t\t\t\t\t\t\t\t\t<div class=\"elementor-price-list-header\">\n\t\t\t\t\t\t\t\t\t\t\t<span class=\"elementor-price-list-title\">\n\t\t\t\t\t\t\t\u041a\u0443\u0447\u0435\t\t\t\t\t\t<\/span>\n\t\t\t\t\t\t\t\t\t\t\t\t\t\t\t\t\t\t<span class=\"elementor-price-list-separator\"><\/span>\n\t\t\t\t\t\t\t\t\t\t\t\t\t\t\t\t\t\t\t<span class=\"elementor-price-list-price\">280 \u20ac<\/span>\n\t\t\t\t\t\t\t\t\t\t<\/div>\n\t\t\t\t\t\t\t\t\t\t\t\t<\/div>\n\t\t\t\t<\/a><\/li>\t\t\t\t\t\n\t\t<\/ul>\n\n\t\t\t\t\t\t<\/div>\n\t\t\t\t<\/div>\n\t\t\t\t\t<\/div>\n\t\t<\/div>\n\t\t\t\t\t<\/div>\n\t\t<\/section>\n\t\t\t\t<\/div>","protected":false},"excerpt":{"rendered":"<p>Abgabe Manchmal ist ein Zusammenleben von Tier und Mensch nicht mehr m\u00f6glich. Mal sind es Allergien oder Erkrankungen des Besitzers, mal ein Umzug oder eine neue Arbeitsstelle: es gibt viele Gr\u00fcnde, die dazu f\u00fchren k\u00f6nnen, ein Tier abgeben zu m\u00fcssen. Trotzdem bitten wir Sie, nicht zu vergessen, dass die Tiere oftmals eine lange Zeit bei [&hellip;]<\/p>\n","protected":false},"author":3,"featured_media":0,"parent":0,"menu_order":0,"comment_status":"closed","ping_status":"closed","template":"","meta":{"footnotes":""},"class_list":["post-1371","page","type-page","status-publish","hentry"],"_links":{"self":[{"href":"https:\/\/www.tierschutz-bremerhaven.eu\/bg\/wp-json\/wp\/v2\/pages\/1371","targetHints":{"allow":["GET"]}}],"collection":[{"href":"https:\/\/www.tierschutz-bremerhaven.eu\/bg\/wp-json\/wp\/v2\/pages"}],"about":[{"href":"https:\/\/www.tierschutz-bremerhaven.eu\/bg\/wp-json\/wp\/v2\/types\/page"}],"author":[{"embeddable":true,"href":"https:\/\/www.tierschutz-bremerhaven.eu\/bg\/wp-json\/wp\/v2\/users\/3"}],"replies":[{"embeddable":true,"href":"https:\/\/www.tierschutz-bremerhaven.eu\/bg\/wp-json\/wp\/v2\/comments?post=1371"}],"version-history":[{"count":64,"href":"https:\/\/www.tierschutz-bremerhaven.eu\/bg\/wp-json\/wp\/v2\/pages\/1371\/revisions"}],"predecessor-version":[{"id":9827,"href":"https:\/\/www.tierschutz-bremerhaven.eu\/bg\/wp-json\/wp\/v2\/pages\/1371\/revisions\/9827"}],"wp:attachment":[{"href":"https:\/\/www.tierschutz-bremerhaven.eu\/bg\/wp-json\/wp\/v2\/media?parent=1371"}],"curies":[{"name":"wp","href":"https:\/\/api.w.org\/{rel}","templated":true}]}}