{"id":1386,"date":"2021-04-26T10:48:06","date_gmt":"2021-04-26T10:48:06","guid":{"rendered":"https:\/\/tierschutz-bremerhaven.eu\/?page_id=1386"},"modified":"2025-11-14T16:14:17","modified_gmt":"2025-11-14T15:14:17","slug":"%d1%80%d0%b0%d0%b7%d0%b2%d1%8a%d0%b4%d0%bd%d0%b8%d0%ba-%d0%b7%d0%b0-%d0%bf%d0%b0%d0%bd%d1%81%d0%b8%d0%be%d0%bd","status":"publish","type":"page","link":"https:\/\/www.tierschutz-bremerhaven.eu\/bg\/tierpension","title":{"rendered":"\u0420\u0430\u0437\u0432\u044a\u0434\u043d\u0438\u043a \u0437\u0430 \u043d\u0430\u0441\u0442\u0430\u043d\u044f\u0432\u0430\u043d\u0435"},"content":{"rendered":"<div data-elementor-type=\"wp-page\" data-elementor-id=\"1386\" class=\"elementor elementor-1386\" data-elementor-post-type=\"page\">\n\t\t\t\t\t\t<section class=\"elementor-section elementor-top-section elementor-element elementor-element-ac38b57 elementor-section-boxed elementor-section-height-default elementor-section-height-default\" data-id=\"ac38b57\" data-element_type=\"section\" data-e-type=\"section\" data-settings=\"{&quot;background_background&quot;:&quot;classic&quot;}\">\n\t\t\t\t\t\t<div class=\"elementor-container elementor-column-gap-default\">\n\t\t\t\t\t<div class=\"elementor-column elementor-col-100 elementor-top-column elementor-element elementor-element-1e6934d\" data-id=\"1e6934d\" data-element_type=\"column\" data-e-type=\"column\">\n\t\t\t<div class=\"elementor-widget-wrap elementor-element-populated\">\n\t\t\t\t\t\t<div class=\"elementor-element elementor-element-f5d1208 elementor-widget elementor-widget-heading\" data-id=\"f5d1208\" data-element_type=\"widget\" data-e-type=\"widget\" data-widget_type=\"heading.default\">\n\t\t\t\t<div class=\"elementor-widget-container\">\n\t\t\t\t\t<h2 class=\"elementor-heading-title elementor-size-default\">\u0420\u0430\u0437\u0432\u044a\u0434\u043d\u0438\u043a \u0437\u0430 \u043d\u0430\u0441\u0442\u0430\u043d\u044f\u0432\u0430\u043d\u0435<\/h2>\t\t\t\t<\/div>\n\t\t\t\t<\/div>\n\t\t\t\t<div class=\"elementor-element elementor-element-f72cc43 elementor-widget elementor-widget-text-editor\" data-id=\"f72cc43\" data-element_type=\"widget\" data-e-type=\"widget\" data-widget_type=\"text-editor.default\">\n\t\t\t\t<div class=\"elementor-widget-container\">\n\t\t\t\t\t\t\t\t\t<p>\u0412 \u043d\u0430\u0448\u0438\u044f \u043f\u0440\u0438\u044e\u0442 \u0437\u0430 \u0436\u0438\u0432\u043e\u0442\u043d\u0438 \u0438\u043c\u0430 \u043d\u044f\u043a\u043e\u043b\u043a\u043e \u0441\u0442\u0430\u0438, \u043a\u043e\u0438\u0442\u043e \u0441\u0435 \u0438\u0437\u043f\u043e\u043b\u0437\u0432\u0430\u0442 \u043a\u0430\u0442\u043e \u043f\u0430\u043d\u0441\u0438\u043e\u043d\u0438. \u041c\u043e\u0436\u0435\u0442\u0435 \u0434\u0430 \u0433\u0438 \u0438\u0437\u043f\u043e\u043b\u0437\u0432\u0430\u0442\u0435 \u0437\u0430 \u043d\u0430\u0441\u0442\u0430\u043d\u044f\u0432\u0430\u043d\u0435 \u043d\u0430 \u0432\u0430\u0448\u0435\u0442\u043e \u0436\u0438\u0432\u043e\u0442\u043d\u043e, \u043d\u0430\u043f\u0440\u0438\u043c\u0435\u0440 \u043f\u043e \u0432\u0440\u0435\u043c\u0435 \u043d\u0430 \u043f\u043e\u0447\u0438\u0432\u043a\u0430, \u043f\u0440\u0435\u0441\u0442\u043e\u0439 \u0432 \u0431\u043e\u043b\u043d\u0438\u0446\u0430 \u0438 \u0442.\u043d.<\/p>\n<p>\u0412\u0441\u0438\u0447\u043a\u0438 \u0441\u0442\u0430\u0438 \u0441\u0430 \u0441\u0432\u0435\u0442\u043b\u0438, \u0443\u044e\u0442\u043d\u0438 \u0438 \u043e\u0431\u0437\u0430\u0432\u0435\u0434\u0435\u043d\u0438 \u043f\u043e \u043d\u0430\u0447\u0438\u043d, \u043f\u043e\u0434\u0445\u043e\u0434\u044f\u0449 \u0437\u0430 \u0441\u044a\u043e\u0442\u0432\u0435\u0442\u043d\u0438\u044f \u0432\u0438\u0434. \u0416\u0438\u0432\u043e\u0442\u043d\u0438\u0442\u0435 \u0441\u0430 \u043e\u0431\u0433\u0440\u0438\u0436\u0432\u0430\u043d\u0438 \u0441 \u043b\u044e\u0431\u043e\u0432 \u0438 \u0433\u0440\u0438\u0436\u0430 \u043e\u0442 \u043d\u0430\u0448\u0438\u0442\u0435 \u0433\u043b\u0435\u0434\u0430\u0447\u0438. \u0420\u0430\u0437\u0431\u0438\u0440\u0430 \u0441\u0435, \u043d\u0438\u0435 \u0449\u0435 \u0432\u0438 \u043f\u043e\u043a\u0430\u0436\u0435\u043c \u0441\u0442\u0430\u0438\u0442\u0435, \u0432 \u043a\u043e\u0438\u0442\u043e \u0449\u0435 \u043d\u0430\u0441\u0442\u0430\u043d\u0438\u043c \u0432\u0430\u0448\u0438\u044f \u0434\u043e\u043c\u0430\u0448\u0435\u043d \u043b\u044e\u0431\u0438\u043c\u0435\u0446, \u0438 \u0449\u0435 \u0440\u0430\u0437\u0433\u043e\u0432\u0430\u0440\u044f\u043c\u0435 \u0441 \u0432\u0430\u0441 \u043f\u043e\u0434\u0440\u043e\u0431\u043d\u043e \u0437\u0430 \u0438\u043d\u0434\u0438\u0432\u0438\u0434\u0443\u0430\u043b\u043d\u0438\u0442\u0435 \u043e\u0441\u043e\u0431\u0435\u043d\u043e\u0441\u0442\u0438 \u043d\u0430 \u0432\u0430\u0448\u0438\u044f \u0434\u043e\u043c\u0430\u0448\u0435\u043d \u043b\u044e\u0431\u0438\u043c\u0435\u0446. \u0425\u0440\u0430\u043d\u0430\u0442\u0430 \u0437\u0430 \u0434\u043e\u043c\u0430\u0448\u043d\u0438\u044f \u043b\u044e\u0431\u0438\u043c\u0435\u0446 \u0449\u0435 \u0441\u0435 \u0434\u0430\u0432\u0430 \u0441\u043f\u043e\u0440\u0435\u0434 \u0432\u0430\u0448\u0438\u0442\u0435 \u0436\u0435\u043b\u0430\u043d\u0438\u044f. \u041c\u043e\u0436\u0435\u0442\u0435 \u0441\u044a\u0449\u043e \u0442\u0430\u043a\u0430 \u0434\u0430 \u0434\u043e\u043d\u0435\u0441\u0435\u0442\u0435 \u0441\u0432\u043e\u044f \u0441\u043e\u0431\u0441\u0442\u0432\u0435\u043d\u0430 \u0445\u0440\u0430\u043d\u0430.<br>\u0418\u0441\u043a\u0430\u0442\u0435 \u043b\u0438 \u0434\u0430 \u043d\u0430\u0441\u0442\u0430\u043d\u0438\u0442\u0435 \u043f\u0440\u0438 \u043d\u0430\u0441 \u043a\u043e\u043f\u0438\u0442\u0430, \u0433\u0440\u0438\u0437\u0430\u0447\u0438 \u0438\u043b\u0438 \u043f\u0442\u0438\u0446\u0438? \u041d\u044f\u043c\u0430 \u043f\u0440\u043e\u0431\u043b\u0435\u043c. \u0420\u0430\u0437\u043f\u043e\u043b\u0430\u0433\u0430\u043c\u0435 \u0441 \u0445\u0443\u0431\u0430\u0432\u043e \u043c\u044f\u0441\u0442\u043e \u0438 \u0437\u0430 \u0442\u0435\u0437\u0438 \u0436\u0438\u0432\u043e\u0442\u043d\u0438.<\/p>\n<p>\u041f\u0440\u0435\u0434\u043f\u043e\u0441\u0442\u0430\u0432\u043a\u0430 \u0437\u0430 \u043f\u0440\u0438\u0435\u043c\u0430\u043d\u0435\u0442\u043e \u043d\u0430 \u0432\u0430\u0448\u0438\u044f \u0434\u043e\u043c\u0430\u0448\u0435\u043d \u043b\u044e\u0431\u0438\u043c\u0435\u0446 \u0435 \u0434\u043e\u0441\u0442\u0430\u0442\u044a\u0447\u043d\u0430\u0442\u0430 \u0432\u0430\u043a\u0441\u0438\u043d\u0430\u0446\u0438\u043e\u043d\u043d\u0430 \u0437\u0430\u0449\u0438\u0442\u0430. \u0414\u043e\u043a\u0430\u0437\u0430\u0442\u0435\u043b\u0441\u0442\u0432\u043e\u0442\u043e \u0437\u0430 \u0442\u043e\u0432\u0430 \u0442\u0440\u044f\u0431\u0432\u0430 \u0434\u0430 \u0431\u044a\u0434\u0435 \u043f\u0440\u0435\u0434\u0441\u0442\u0430\u0432\u0435\u043d\u043e \u043f\u043e\u0434 \u0444\u043e\u0440\u043c\u0430\u0442\u0430 \u043d\u0430 \u0432\u0430\u043a\u0441\u0438\u043d\u0430\u0446\u0438\u043e\u043d\u043d\u0430 \u043a\u0430\u0440\u0442\u0430 \u043f\u0440\u0438 \u043f\u0440\u0435\u0434\u0430\u0432\u0430\u043d\u0435\u0442\u043e \u043d\u0430 \u0436\u0438\u0432\u043e\u0442\u043d\u043e\u0442\u043e. \u0410\u043a\u043e \u0435 \u043d\u0435\u043e\u0431\u0445\u043e\u0434\u0438\u043c\u043e, \u0432\u0435\u0442\u0435\u0440\u0438\u043d\u0430\u0440\u043d\u0438\u0442\u0435 \u0433\u0440\u0438\u0436\u0438 \u0437\u0430 \u0432\u0430\u0448\u0438\u044f \u0434\u043e\u043c\u0430\u0448\u0435\u043d \u043b\u044e\u0431\u0438\u043c\u0435\u0446 \u0441\u0435 \u043f\u0440\u0435\u0434\u043e\u0441\u0442\u0430\u0432\u044f\u0442 \u0435\u0436\u0435\u0434\u043d\u0435\u0432\u043d\u043e \u0432 \u043f\u0440\u0438\u044e\u0442\u0430 \u0437\u0430 \u0436\u0438\u0432\u043e\u0442\u043d\u0438. \u0417\u0430 \u0434\u0430 \u043c\u043e\u0436\u0435 \u0434\u0430 \u0441\u0435 \u043f\u043b\u0430\u043d\u0438\u0440\u0430 \u043f\u043e-\u0434\u043e\u0431\u0440\u0435, \u0435 \u043d\u0435\u043e\u0431\u0445\u043e\u0434\u0438\u043c\u043e \u0434\u0430 \u0441\u0435 \u043d\u0430\u043f\u0440\u0430\u0432\u0438 \u043f\u0440\u0435\u0434\u0432\u0430\u0440\u0438\u0442\u0435\u043b\u043d\u0430 \u0440\u0435\u0437\u0435\u0440\u0432\u0430\u0446\u0438\u044f. \u041c\u043e\u043b\u044f, \u0441\u0432\u044a\u0440\u0436\u0435\u0442\u0435 \u0441\u0435 \u0441 \u043d\u0430\u0441 \u0432\u044a\u0437\u043c\u043e\u0436\u043d\u043e \u043d\u0430\u0439-\u0440\u0430\u043d\u043e, \u0430\u043a\u043e \u0441\u0435 \u043d\u0443\u0436\u0434\u0430\u0435\u0442\u0435 \u043e\u0442 \u043c\u044f\u0441\u0442\u043e \u0437\u0430 \u043f\u0430\u043d\u0441\u0438\u043e\u043d. \u0414\u043e\u0433\u043e\u0432\u043e\u0440\u044a\u0442 \u0437\u0430 \u043d\u0430\u0441\u0442\u0430\u043d\u044f\u0432\u0430\u043d\u0435 \u0441\u0435 \u0441\u043a\u043b\u044e\u0447\u0432\u0430 \u0437\u0430 \u0441\u0440\u043e\u043a\u0430 \u043d\u0430 \u043d\u0430\u0441\u0442\u0430\u043d\u044f\u0432\u0430\u043d\u0435.<\/p>\n<p>\u041c\u043e\u043b\u044f, \u0441\u0432\u044a\u0440\u0436\u0435\u0442\u0435 \u0441\u0435 \u0441 \u043d\u0430\u0441 \u0432 \u043f\u0440\u0438\u044e\u0442\u0430 \u0437\u0430 \u0436\u0438\u0432\u043e\u0442\u043d\u0438 \u043d\u0430 \u0442\u0435\u043b. <a href=\"tel:047183257\">0471 \u2013 8 32 57<\/a>. \u0412 \u0438\u0437\u0432\u044a\u043d\u0440\u0430\u0431\u043e\u0442\u043d\u043e \u0432\u0440\u0435\u043c\u0435 \u043c\u043e\u0436\u0435\u0442\u0435 \u0434\u0430 \u043e\u0441\u0442\u0430\u0432\u0438\u0442\u0435 \u0441\u044a\u043e\u0431\u0449\u0435\u043d\u0438\u0435 \u043d\u0430 \u043d\u0430\u0448\u0438\u044f \u0442\u0435\u043b\u0435\u0444\u043e\u043d\u0435\u043d \u0441\u0435\u043a\u0440\u0435\u0442\u0430\u0440. \u0429\u0435 \u0432\u0438 \u0441\u0435 \u043e\u0431\u0430\u0434\u0438\u043c \u043d\u0435\u0437\u0430\u0431\u0430\u0432\u043d\u043e.<\/p>\t\t\t\t\t\t\t\t<\/div>\n\t\t\t\t<\/div>\n\t\t\t\t<div class=\"elementor-element elementor-element-d9561db elementor-widget elementor-widget-heading\" data-id=\"d9561db\" data-element_type=\"widget\" data-e-type=\"widget\" data-widget_type=\"heading.default\">\n\t\t\t\t<div class=\"elementor-widget-container\">\n\t\t\t\t\t<h3 class=\"elementor-heading-title elementor-size-default\">\u0422\u0430\u043a\u0441\u0438 \u0437\u0430 \u043f\u0430\u043d\u0441\u0438\u043e\u043d \u043d\u0430 \u0434\u0435\u043d \u0438\u043b\u0438 \u043d\u0430 \u0447\u0430\u0441\u0442 \u043e\u0442 \u043d\u0435\u0433\u043e<\/h3>\t\t\t\t<\/div>\n\t\t\t\t<\/div>\n\t\t\t\t<div class=\"elementor-element elementor-element-fa3df1a elementor-widget elementor-widget-price-list\" data-id=\"fa3df1a\" data-element_type=\"widget\" data-e-type=\"widget\" data-widget_type=\"price-list.default\">\n\t\t\t\t<div class=\"elementor-widget-container\">\n\t\t\t\t\t\n\t\t<ul class=\"elementor-price-list\">\n\n\t\t\t\t\t\t\t\t\t<li><a class=\"elementor-price-list-item\" href=\"#\">\t\t\t\t\n\t\t\t\t<div class=\"elementor-price-list-text\">\n\t\t\t\t\t\t\t\t\t<div class=\"elementor-price-list-header\">\n\t\t\t\t\t\t\t\t\t\t\t<span class=\"elementor-price-list-title\">\n\t\t\t\t\t\t\tBudgerigar\t\t\t\t\t\t<\/span>\n\t\t\t\t\t\t\t\t\t\t\t\t\t\t\t\t\t\t<span class=\"elementor-price-list-separator\"><\/span>\n\t\t\t\t\t\t\t\t\t\t\t\t\t\t\t\t\t\t\t<span class=\"elementor-price-list-price\">7,00 \u20ac<\/span>\n\t\t\t\t\t\t\t\t\t\t<\/div>\n\t\t\t\t\t\t\t\t\t\t\t\t<\/div>\n\t\t\t\t<\/a><\/li>\t\t\t\t\t\t\t\t\t\t\t\t<li><a class=\"elementor-price-list-item\" href=\"#\">\t\t\t\t\n\t\t\t\t<div class=\"elementor-price-list-text\">\n\t\t\t\t\t\t\t\t\t<div class=\"elementor-price-list-header\">\n\t\t\t\t\t\t\t\t\t\t\t<span class=\"elementor-price-list-title\">\n\t\t\t\t\t\t\tCanary\t\t\t\t\t\t<\/span>\n\t\t\t\t\t\t\t\t\t\t\t\t\t\t\t\t\t\t<span class=\"elementor-price-list-separator\"><\/span>\n\t\t\t\t\t\t\t\t\t\t\t\t\t\t\t\t\t\t\t<span class=\"elementor-price-list-price\">7,00 \u20ac<\/span>\n\t\t\t\t\t\t\t\t\t\t<\/div>\n\t\t\t\t\t\t\t\t\t\t\t\t<\/div>\n\t\t\t\t<\/a><\/li>\t\t\t\t\t\t\t\t\t\t\t\t<li><a class=\"elementor-price-list-item\" href=\"#\">\t\t\t\t\n\t\t\t\t<div class=\"elementor-price-list-text\">\n\t\t\t\t\t\t\t\t\t<div class=\"elementor-price-list-header\">\n\t\t\t\t\t\t\t\t\t\t\t<span class=\"elementor-price-list-title\">\n\t\t\t\t\t\t\tCockatiel\t\t\t\t\t\t<\/span>\n\t\t\t\t\t\t\t\t\t\t\t\t\t\t\t\t\t\t<span class=\"elementor-price-list-separator\"><\/span>\n\t\t\t\t\t\t\t\t\t\t\t\t\t\t\t\t\t\t\t<span class=\"elementor-price-list-price\">7,00 \u20ac<\/span>\n\t\t\t\t\t\t\t\t\t\t<\/div>\n\t\t\t\t\t\t\t\t\t\t\t\t<\/div>\n\t\t\t\t<\/a><\/li>\t\t\t\t\t\t\t\t\t\t\t\t<li><a class=\"elementor-price-list-item\" href=\"#\">\t\t\t\t\n\t\t\t\t<div class=\"elementor-price-list-text\">\n\t\t\t\t\t\t\t\t\t<div class=\"elementor-price-list-header\">\n\t\t\t\t\t\t\t\t\t\t\t<span class=\"elementor-price-list-title\">\n\t\t\t\t\t\t\t\u041c\u043e\u0440\u0441\u043a\u043e \u0441\u0432\u0438\u043d\u0447\u0435\t\t\t\t\t\t<\/span>\n\t\t\t\t\t\t\t\t\t\t\t\t\t\t\t\t\t\t<span class=\"elementor-price-list-separator\"><\/span>\n\t\t\t\t\t\t\t\t\t\t\t\t\t\t\t\t\t\t\t<span class=\"elementor-price-list-price\">7,00 \u20ac<\/span>\n\t\t\t\t\t\t\t\t\t\t<\/div>\n\t\t\t\t\t\t\t\t\t\t\t\t<\/div>\n\t\t\t\t<\/a><\/li>\t\t\t\t\t\t\t\t\t\t\t\t<li><a class=\"elementor-price-list-item\" href=\"#\">\t\t\t\t\n\t\t\t\t<div class=\"elementor-price-list-text\">\n\t\t\t\t\t\t\t\t\t<div class=\"elementor-price-list-header\">\n\t\t\t\t\t\t\t\t\t\t\t<span class=\"elementor-price-list-title\">\n\t\t\t\t\t\t\t\u0417\u0430\u0435\u043a\t\t\t\t\t\t<\/span>\n\t\t\t\t\t\t\t\t\t\t\t\t\t\t\t\t\t\t<span class=\"elementor-price-list-separator\"><\/span>\n\t\t\t\t\t\t\t\t\t\t\t\t\t\t\t\t\t\t\t<span class=\"elementor-price-list-price\">7,00 \u20ac<\/span>\n\t\t\t\t\t\t\t\t\t\t<\/div>\n\t\t\t\t\t\t\t\t\t\t\t\t<\/div>\n\t\t\t\t<\/a><\/li>\t\t\t\t\t\t\t\t\t\t\t\t<li><a class=\"elementor-price-list-item\" href=\"#\">\t\t\t\t\n\t\t\t\t<div class=\"elementor-price-list-text\">\n\t\t\t\t\t\t\t\t\t<div class=\"elementor-price-list-header\">\n\t\t\t\t\t\t\t\t\t\t\t<span class=\"elementor-price-list-title\">\n\t\t\t\t\t\t\t\u0426\u0432\u044f\u0442 \u043d\u0430 \u043f\u043b\u044a\u0445\t\t\t\t\t\t<\/span>\n\t\t\t\t\t\t\t\t\t\t\t\t\t\t\t\t\t\t<span class=\"elementor-price-list-separator\"><\/span>\n\t\t\t\t\t\t\t\t\t\t\t\t\t\t\t\t\t\t\t<span class=\"elementor-price-list-price\">6,00 \u20ac<\/span>\n\t\t\t\t\t\t\t\t\t\t<\/div>\n\t\t\t\t\t\t\t\t\t\t\t\t<\/div>\n\t\t\t\t<\/a><\/li>\t\t\t\t\t\t\t\t\t\t\t\t<li><a class=\"elementor-price-list-item\" href=\"#\">\t\t\t\t\n\t\t\t\t<div class=\"elementor-price-list-text\">\n\t\t\t\t\t\t\t\t\t<div class=\"elementor-price-list-header\">\n\t\t\t\t\t\t\t\t\t\t\t<span class=\"elementor-price-list-title\">\n\t\t\t\t\t\t\t\u0424\u0440\u0435\u0442\u043a\u0430\t\t\t\t\t\t<\/span>\n\t\t\t\t\t\t\t\t\t\t\t\t\t\t\t\t\t\t<span class=\"elementor-price-list-separator\"><\/span>\n\t\t\t\t\t\t\t\t\t\t\t\t\t\t\t\t\t\t\t<span class=\"elementor-price-list-price\">6,00 \u20ac<\/span>\n\t\t\t\t\t\t\t\t\t\t<\/div>\n\t\t\t\t\t\t\t\t\t\t\t\t<\/div>\n\t\t\t\t<\/a><\/li>\t\t\t\t\t\t\t\t\t\t\t\t<li><a class=\"elementor-price-list-item\" href=\"#\">\t\t\t\t\n\t\t\t\t<div class=\"elementor-price-list-text\">\n\t\t\t\t\t\t\t\t\t<div class=\"elementor-price-list-header\">\n\t\t\t\t\t\t\t\t\t\t\t<span class=\"elementor-price-list-title\">\n\t\t\t\t\t\t\t\u041f\u0430\u043f\u0430\u0433\u0430\u043b\t\t\t\t\t\t<\/span>\n\t\t\t\t\t\t\t\t\t\t\t\t\t\t\t\t\t\t<span class=\"elementor-price-list-separator\"><\/span>\n\t\t\t\t\t\t\t\t\t\t\t\t\t\t\t\t\t\t\t<span class=\"elementor-price-list-price\">7,00 \u20ac<\/span>\n\t\t\t\t\t\t\t\t\t\t<\/div>\n\t\t\t\t\t\t\t\t\t\t\t\t<\/div>\n\t\t\t\t<\/a><\/li>\t\t\t\t\t\t\t\t\t\t\t\t<li><a class=\"elementor-price-list-item\" href=\"#\">\t\t\t\t\n\t\t\t\t<div class=\"elementor-price-list-text\">\n\t\t\t\t\t\t\t\t\t<div class=\"elementor-price-list-header\">\n\t\t\t\t\t\t\t\t\t\t\t<span class=\"elementor-price-list-title\">\n\t\t\t\t\t\t\t\u041a\u043e\u0442\u043a\u0430\t\t\t\t\t\t<\/span>\n\t\t\t\t\t\t\t\t\t\t\t\t\t\t\t\t\t\t<span class=\"elementor-price-list-separator\"><\/span>\n\t\t\t\t\t\t\t\t\t\t\t\t\t\t\t\t\t\t\t<span class=\"elementor-price-list-price\">19,00 \u20ac<\/span>\n\t\t\t\t\t\t\t\t\t\t<\/div>\n\t\t\t\t\t\t\t\t\t\t\t\t<\/div>\n\t\t\t\t<\/a><\/li>\t\t\t\t\t\t\t\t\t\t\t\t<li><a class=\"elementor-price-list-item\" href=\"#\">\t\t\t\t\n\t\t\t\t<div class=\"elementor-price-list-text\">\n\t\t\t\t\t\t\t\t\t<div class=\"elementor-price-list-header\">\n\t\t\t\t\t\t\t\t\t\t\t<span class=\"elementor-price-list-title\">\n\t\t\t\t\t\t\t\u041a\u043e\u043d\t\t\t\t\t\t<\/span>\n\t\t\t\t\t\t\t\t\t\t\t\t\t\t\t\t\t\t<span class=\"elementor-price-list-separator\"><\/span>\n\t\t\t\t\t\t\t\t\t\t\t\t\t\t\t\t\t\t\t<span class=\"elementor-price-list-price\">15,00 \u20ac<\/span>\n\t\t\t\t\t\t\t\t\t\t<\/div>\n\t\t\t\t\t\t\t\t\t\t\t\t<\/div>\n\t\t\t\t<\/a><\/li>\t\t\t\t\t\t\t\t\t\t\t\t<li><a class=\"elementor-price-list-item\" href=\"#\">\t\t\t\t\n\t\t\t\t<div class=\"elementor-price-list-text\">\n\t\t\t\t\t\t\t\t\t<div class=\"elementor-price-list-header\">\n\t\t\t\t\t\t\t\t\t\t\t<span class=\"elementor-price-list-title\">\n\t\t\t\t\t\t\t\u041c\u0430\u043b\u043a\u043e \u0434\u043e \u0441\u0440\u0435\u0434\u043d\u043e \u043a\u0443\u0447\u0435\t\t\t\t\t\t<\/span>\n\t\t\t\t\t\t\t\t\t\t\t\t\t\t\t\t\t\t<span class=\"elementor-price-list-separator\"><\/span>\n\t\t\t\t\t\t\t\t\t\t\t\t\t\t\t\t\t\t\t<span class=\"elementor-price-list-price\">21,00 \u20ac<\/span>\n\t\t\t\t\t\t\t\t\t\t<\/div>\n\t\t\t\t\t\t\t\t\t\t\t\t<\/div>\n\t\t\t\t<\/a><\/li>\t\t\t\t\t\t\t\t\t\t\t\t<li><a class=\"elementor-price-list-item\" href=\"#\">\t\t\t\t\n\t\t\t\t<div class=\"elementor-price-list-text\">\n\t\t\t\t\t\t\t\t\t<div class=\"elementor-price-list-header\">\n\t\t\t\t\t\t\t\t\t\t\t<span class=\"elementor-price-list-title\">\n\t\t\t\t\t\t\t\u0413\u043e\u043b\u044f\u043c\u043e \u043a\u0443\u0447\u0435\t\t\t\t\t\t<\/span>\n\t\t\t\t\t\t\t\t\t\t\t\t\t\t\t\t\t\t<span class=\"elementor-price-list-separator\"><\/span>\n\t\t\t\t\t\t\t\t\t\t\t\t\t\t\t\t\t\t\t<span class=\"elementor-price-list-price\">23,00 \u20ac<\/span>\n\t\t\t\t\t\t\t\t\t\t<\/div>\n\t\t\t\t\t\t\t\t\t\t\t\t<\/div>\n\t\t\t\t<\/a><\/li>\t\t\t\t\t\n\t\t<\/ul>\n\n\t\t\t\t\t\t<\/div>\n\t\t\t\t<\/div>\n\t\t\t\t\t<\/div>\n\t\t<\/div>\n\t\t\t\t\t<\/div>\n\t\t<\/section>\n\t\t\t\t<\/div>","protected":false},"excerpt":{"rendered":"<p>Tierpension In unserem Tierheim verf\u00fcgen wir \u00fcber einige R\u00e4ume, die als Pensionszimmer genutzt werden. Diese k\u00f6nnen Sie als Unterbringung f\u00fcr Ihr Tier z. B. w\u00e4hrend eines Urlaubes, Krankenhausaufenthaltes etc. nutzen. Alle R\u00e4ume sind hell, tierartgerecht und gem\u00fctlich eingerichtet. Die Tiere werden von unseren Tierpflegern liebevoll betreut und umsorgt. Nat\u00fcrlich zeigen wir Ihnen die R\u00e4umlichkeiten, in [&hellip;]<\/p>\n","protected":false},"author":3,"featured_media":0,"parent":0,"menu_order":0,"comment_status":"closed","ping_status":"closed","template":"","meta":{"footnotes":""},"class_list":["post-1386","page","type-page","status-publish","hentry"],"_links":{"self":[{"href":"https:\/\/www.tierschutz-bremerhaven.eu\/bg\/wp-json\/wp\/v2\/pages\/1386","targetHints":{"allow":["GET"]}}],"collection":[{"href":"https:\/\/www.tierschutz-bremerhaven.eu\/bg\/wp-json\/wp\/v2\/pages"}],"about":[{"href":"https:\/\/www.tierschutz-bremerhaven.eu\/bg\/wp-json\/wp\/v2\/types\/page"}],"author":[{"embeddable":true,"href":"https:\/\/www.tierschutz-bremerhaven.eu\/bg\/wp-json\/wp\/v2\/users\/3"}],"replies":[{"embeddable":true,"href":"https:\/\/www.tierschutz-bremerhaven.eu\/bg\/wp-json\/wp\/v2\/comments?post=1386"}],"version-history":[{"count":73,"href":"https:\/\/www.tierschutz-bremerhaven.eu\/bg\/wp-json\/wp\/v2\/pages\/1386\/revisions"}],"predecessor-version":[{"id":12705,"href":"https:\/\/www.tierschutz-bremerhaven.eu\/bg\/wp-json\/wp\/v2\/pages\/1386\/revisions\/12705"}],"wp:attachment":[{"href":"https:\/\/www.tierschutz-bremerhaven.eu\/bg\/wp-json\/wp\/v2\/media?parent=1386"}],"curies":[{"name":"wp","href":"https:\/\/api.w.org\/{rel}","templated":true}]}}