{"id":1817,"date":"2021-04-29T14:21:22","date_gmt":"2021-04-29T14:21:22","guid":{"rendered":"https:\/\/tierschutz-bremerhaven.eu\/?page_id=1817"},"modified":"2021-06-22T12:07:28","modified_gmt":"2021-06-22T12:07:28","slug":"walker","status":"publish","type":"page","link":"https:\/\/www.tierschutz-bremerhaven.eu\/bg\/gassi-geher","title":{"rendered":"\u0420\u0430\u0437\u0445\u043e\u0436\u0434\u0430\u0447 \u043d\u0430 \u043a\u0443\u0447\u0435\u0442\u0430"},"content":{"rendered":"<div data-elementor-type=\"wp-page\" data-elementor-id=\"1817\" class=\"elementor elementor-1817\" data-elementor-post-type=\"page\">\n\t\t\t\t\t\t<section class=\"elementor-section elementor-top-section elementor-element elementor-element-3f2c348 elementor-section-full_width elementor-section-height-default elementor-section-height-default\" data-id=\"3f2c348\" data-element_type=\"section\" data-e-type=\"section\" data-settings=\"{&quot;background_background&quot;:&quot;classic&quot;}\">\n\t\t\t\t\t\t<div class=\"elementor-container elementor-column-gap-default\">\n\t\t\t\t\t<div class=\"elementor-column elementor-col-100 elementor-top-column elementor-element elementor-element-2cef154\" data-id=\"2cef154\" data-element_type=\"column\" data-e-type=\"column\">\n\t\t\t<div class=\"elementor-widget-wrap elementor-element-populated\">\n\t\t\t\t\t\t<div class=\"elementor-element elementor-element-02a7822 elementor-widget elementor-widget-heading\" data-id=\"02a7822\" data-element_type=\"widget\" data-e-type=\"widget\" data-widget_type=\"heading.default\">\n\t\t\t\t<div class=\"elementor-widget-container\">\n\t\t\t\t\t<h2 class=\"elementor-heading-title elementor-size-default\">\u0420\u0430\u0437\u0445\u043e\u0436\u0434\u0430\u0447 \u043d\u0430 \u043a\u0443\u0447\u0435\u0442\u0430<\/h2>\t\t\t\t<\/div>\n\t\t\t\t<\/div>\n\t\t\t\t<div class=\"elementor-element elementor-element-7cc7aaa elementor-widget elementor-widget-text-editor\" data-id=\"7cc7aaa\" data-element_type=\"widget\" data-e-type=\"widget\" data-widget_type=\"text-editor.default\">\n\t\t\t\t<div class=\"elementor-widget-container\">\n\t\t\t\t\t\t\t\t\t<p>\u0412 \u043d\u043e\u0432\u0438\u0442\u0435 \u043d\u0438 \u043f\u043e\u043c\u0435\u0449\u0435\u043d\u0438\u044f \u0438\u043c\u0430 \u0434\u0432\u0430 \u0433\u043e\u043b\u0435\u043c\u0438 \u0442\u0435\u0440\u0435\u043d\u0430, \u043a\u043e\u0438\u0442\u043e \u043a\u0443\u0447\u0435\u0442\u0430\u0442\u0430 \u043d\u0438, \u0440\u0430\u0437\u0431\u0438\u0440\u0430 \u0441\u0435, \u043c\u043e\u0433\u0430\u0442 \u0434\u0430 \u0438\u0437\u043f\u043e\u043b\u0437\u0432\u0430\u0442 \u0440\u0435\u0434\u043e\u0432\u043d\u043e.<\/p><p>\u0410\u043a\u043e \u0438\u0441\u043a\u0430\u0442\u0435 \u0434\u0430 \u043f\u043e\u0433\u043b\u0435\u0437\u0438\u0442\u0435 \u043a\u0443\u0447\u0435\u0442\u0430\u0442\u0430 \u043d\u0438 \u0441 \u0434\u043e\u043f\u044a\u043b\u043d\u0438\u0442\u0435\u043b\u043d\u0430 \u0440\u0430\u0437\u0445\u043e\u0434\u043a\u0430, \u043c\u043e\u043b\u044f, \u0441\u0432\u044a\u0440\u0436\u0435\u0442\u0435 \u0441\u0435 \u0441 \u043d\u0430\u0441.<\/p><p>\u0422\u043e\u0432\u0430 \u0435 \u043d\u0435\u0449\u043e \u0441\u043f\u0435\u0446\u0438\u0430\u043b\u043d\u043e \u0437\u0430 \u043d\u0430\u0448\u0438\u0442\u0435 \u043a\u0443\u0447\u0435\u0442\u0430, \u0442\u044a\u0439 \u043a\u0430\u0442\u043e \u0442\u0435 \u043f\u043e\u043b\u0443\u0447\u0430\u0432\u0430\u0442 \u0446\u044f\u043b\u043e\u0442\u043e \u0432\u043d\u0438\u043c\u0430\u043d\u0438\u0435 \u043d\u0430 \u0435\u0434\u0438\u043d \u0447\u043e\u0432\u0435\u043a \u0438 \u0438\u0437\u043f\u0438\u0442\u0432\u0430\u0442 \u0433\u043e\u043b\u044f\u043c\u043e \u0440\u0430\u0437\u043d\u043e\u043e\u0431\u0440\u0430\u0437\u0438\u0435 \u043f\u043e \u0432\u0440\u0435\u043c\u0435 \u043d\u0430 \u0440\u0430\u0437\u0445\u043e\u0434\u043a\u0438\u0442\u0435.<\/p><p>\u0427\u043b\u0435\u043d\u0441\u0442\u0432\u043e\u0442\u043e \u0432 \u0430\u0441\u043e\u0446\u0438\u0430\u0446\u0438\u044f\u0442\u0430 \u0435 \u0437\u0430\u0434\u044a\u043b\u0436\u0438\u0442\u0435\u043b\u043d\u043e, \u0442\u044a\u0439 \u043a\u0430\u0442\u043e \u043d\u0438 \u0442\u0440\u044f\u0431\u0432\u0430\u0442 \u0432\u0430\u0448\u0438\u0442\u0435 \u0434\u0430\u043d\u043d\u0438 \u0437\u0430 \u043a\u043e\u043d\u0442\u0430\u043a\u0442 \u0438 \u0441\u043b\u0435\u0434 \u0442\u043e\u0432\u0430 \u0449\u0435 \u043c\u043e\u0436\u0435\u0442\u0435 \u0434\u0430 \u0441\u0435 \u0432\u044a\u0437\u043f\u043e\u043b\u0437\u0432\u0430\u0442\u0435 \u043e\u0442 \u0437\u0430\u0441\u0442\u0440\u0430\u0445\u043e\u0432\u0430\u0442\u0435\u043b\u043d\u043e \u043f\u043e\u043a\u0440\u0438\u0442\u0438\u0435 \u0447\u0440\u0435\u0437 \u0430\u0441\u043e\u0446\u0438\u0430\u0446\u0438\u044f\u0442\u0430.<\/p><p>\u0421 \u0443\u0434\u043e\u0432\u043e\u043b\u0441\u0442\u0432\u0438\u0435 \u0434\u043e\u043f\u0443\u0441\u043a\u0430\u043c\u0435 \u0434\u0435\u0446\u0430 \u0434\u0430 \u043f\u0440\u0438\u0434\u0440\u0443\u0436\u0430\u0432\u0430\u0442 \u043d\u0430\u0448\u0438\u0442\u0435 \u043a\u0443\u0447\u0435\u0442\u0430 \u043f\u043e \u0432\u0440\u0435\u043c\u0435 \u043d\u0430 \u0442\u0435\u0437\u0438 \u0440\u0430\u0437\u0445\u043e\u0434\u043a\u0438. \u041e\u0442 \u0441\u044a\u043e\u0431\u0440\u0430\u0436\u0435\u043d\u0438\u044f \u0437\u0430 \u0431\u0435\u0437\u043e\u043f\u0430\u0441\u043d\u043e\u0441\u0442 \u043e\u0431\u0430\u0447\u0435 \u0442\u043e\u0432\u0430 \u0435 \u0432\u044a\u0437\u043c\u043e\u0436\u043d\u043e \u0441\u0430\u043c\u043e \u0441 \u043f\u0440\u0438\u0434\u0440\u0443\u0436\u0438\u0442\u0435\u043b.<\/p><p>\u0421\u0435\u0433\u0430 \u0442\u0440\u044f\u0431\u0432\u0430 \u0441\u0430\u043c\u043e \u0434\u0430 \u0441\u0438 \u0443\u0433\u043e\u0432\u043e\u0440\u0438\u0442\u0435 \u0441\u0440\u0435\u0449\u0430 \u0441 \u043d\u0430\u0441 \u0438 \u0434\u0430 \u0441\u0435 \u0437\u0430\u043f\u043e\u0437\u043d\u0430\u0435\u0442\u0435 \u0441 \u043f\u0440\u0430\u0432\u0438\u043b\u0430\u0442\u0430 \u0437\u0430 \u0440\u0430\u0437\u0445\u043e\u0434\u043a\u0430, \u043a\u043e\u0438\u0442\u043e \u043d\u0430\u0448\u0438\u0442\u0435 \u0433\u043b\u0435\u0434\u0430\u0447\u0438 \u043d\u0430 \u0436\u0438\u0432\u043e\u0442\u043d\u0438 \u0449\u0435 \u0432\u0438 \u043e\u0431\u044f\u0441\u043d\u044f\u0442. \u0422\u043e\u0437\u0438 \u0438\u043d\u0441\u0442\u0440\u0443\u043a\u0442\u0430\u0436 \u0435 \u0437\u0430 \u0432\u0430\u0448\u0430\u0442\u0430 \u0441\u043e\u0431\u0441\u0442\u0432\u0435\u043d\u0430 \u0431\u0435\u0437\u043e\u043f\u0430\u0441\u043d\u043e\u0441\u0442 \u0438 \u0442\u0430\u0437\u0438 \u043d\u0430 \u0432\u0430\u0448\u0435\u0442\u043e \u043a\u0443\u0447\u0435.<\/p><p>\u0410\u043a\u043e \u0442\u0435\u043c\u043f\u0435\u0440\u0430\u0442\u0443\u0440\u0438\u0442\u0435 \u0441\u0430 \u0442\u0432\u044a\u0440\u0434\u0435 \u0432\u0438\u0441\u043e\u043a\u0438 \u0438\u043b\u0438 \u0442\u0432\u044a\u0440\u0434\u0435 \u043d\u0438\u0441\u043a\u0438, \u043c\u043e\u0436\u0435 \u0434\u0430 \u0441\u0435 \u043d\u0430\u043b\u043e\u0436\u0438 \u0434\u0430 \u043e\u0442\u043c\u0435\u043d\u0438\u043c \u0440\u0430\u0437\u0445\u043e\u0434\u043a\u0430\u0442\u0430 \u0432 \u0438\u043c\u0435\u0442\u043e \u043d\u0430 \u0436\u0438\u0432\u043e\u0442\u043d\u0438\u0442\u0435. \u041d\u043e \u0442\u043e\u0433\u0430\u0432\u0430 \u0442\u0435 \u0441 \u043d\u0435\u0442\u044a\u0440\u043f\u0435\u043d\u0438\u0435 \u043e\u0447\u0430\u043a\u0432\u0430\u0442 \u0441\u043b\u0435\u0434\u0432\u0430\u0449\u0438\u044f \u043f\u044a\u0442. \u00a0<\/p><p>\u0420\u0430\u0437\u0445\u043e\u0434\u043a\u0438\u0442\u0435 \u043d\u0438 \u0441\u0430 \u0432\u044a\u0432 \u0432\u0442\u043e\u0440\u043d\u0438\u043a, \u0441\u0440\u044f\u0434\u0430, \u043f\u0435\u0442\u044a\u043a \u0438 \u0441\u044a\u0431\u043e\u0442\u0430 \u043e\u0442 10:00 \u0434\u043e 14:00 \u0447., \u0430 \u0432 \u043d\u0435\u0434\u0435\u043b\u044f - \u043e\u0442 13:00 \u0434\u043e 16:00 \u0447.<\/p><p>\u041c\u043e\u043b\u044f, \u0441\u0432\u044a\u0440\u0436\u0435\u0442\u0435 \u0441\u0435 \u0441 \u043d\u0430\u0441 \u043d\u0430 \u0442\u0435\u043b.: 0471 - 8 32 57<br \/>\u0412 \u0438\u0437\u0432\u044a\u043d\u0440\u0430\u0431\u043e\u0442\u043d\u043e \u0432\u0440\u0435\u043c\u0435 \u043c\u043e\u0436\u0435\u0442\u0435 \u0434\u0430 \u043e\u0441\u0442\u0430\u0432\u0438\u0442\u0435 \u0441\u044a\u043e\u0431\u0449\u0435\u043d\u0438\u0435 \u043d\u0430 \u0442\u0435\u043b\u0435\u0444\u043e\u043d\u043d\u0438\u044f \u043d\u0438 \u0441\u0435\u043a\u0440\u0435\u0442\u0430\u0440. \u0429\u0435 \u0432\u0438 \u0441\u0435 \u043e\u0431\u0430\u0434\u0438\u043c \u043d\u0435\u0437\u0430\u0431\u0430\u0432\u043d\u043e.<\/p>\t\t\t\t\t\t\t\t<\/div>\n\t\t\t\t<\/div>\n\t\t\t\t\t<\/div>\n\t\t<\/div>\n\t\t\t\t\t<\/div>\n\t\t<\/section>\n\t\t\t\t<\/div>","protected":false},"excerpt":{"rendered":"<p>Gassi-Geher Auf unserem neuen Gel\u00e4nde befinden sich zwei gro\u00dfe Ausl\u00e4ufe, die unsere Hunde nat\u00fcrlich regelm\u00e4\u00dfig nutzen k\u00f6nnen. Wenn Sie unseren aber Hunden mit einem zus\u00e4tzlichen Spaziergang verw\u00f6hnen m\u00f6chten, sprechen Sie uns gerne an. F\u00fcr unsere Hunde ist dies etwas Besonderes, da sie von einer einzelnen Person die ganze Aufmerksamkeit erhalten und auf den Spazierg\u00e4ngen viel [&hellip;]<\/p>\n","protected":false},"author":3,"featured_media":0,"parent":0,"menu_order":0,"comment_status":"closed","ping_status":"closed","template":"","meta":{"footnotes":""},"class_list":["post-1817","page","type-page","status-publish","hentry"],"_links":{"self":[{"href":"https:\/\/www.tierschutz-bremerhaven.eu\/bg\/wp-json\/wp\/v2\/pages\/1817","targetHints":{"allow":["GET"]}}],"collection":[{"href":"https:\/\/www.tierschutz-bremerhaven.eu\/bg\/wp-json\/wp\/v2\/pages"}],"about":[{"href":"https:\/\/www.tierschutz-bremerhaven.eu\/bg\/wp-json\/wp\/v2\/types\/page"}],"author":[{"embeddable":true,"href":"https:\/\/www.tierschutz-bremerhaven.eu\/bg\/wp-json\/wp\/v2\/users\/3"}],"replies":[{"embeddable":true,"href":"https:\/\/www.tierschutz-bremerhaven.eu\/bg\/wp-json\/wp\/v2\/comments?post=1817"}],"version-history":[{"count":3,"href":"https:\/\/www.tierschutz-bremerhaven.eu\/bg\/wp-json\/wp\/v2\/pages\/1817\/revisions"}],"predecessor-version":[{"id":1823,"href":"https:\/\/www.tierschutz-bremerhaven.eu\/bg\/wp-json\/wp\/v2\/pages\/1817\/revisions\/1823"}],"wp:attachment":[{"href":"https:\/\/www.tierschutz-bremerhaven.eu\/bg\/wp-json\/wp\/v2\/media?parent=1817"}],"curies":[{"name":"wp","href":"https:\/\/api.w.org\/{rel}","templated":true}]}}