{"id":2233,"date":"2021-05-22T07:43:51","date_gmt":"2021-05-22T07:43:51","guid":{"rendered":"https:\/\/tierschutz-bremerhaven.eu\/?page_id=2233"},"modified":"2021-10-08T11:33:25","modified_gmt":"2021-10-08T11:33:25","slug":"%d0%b3%d0%b5%d1%80%d0%bc%d0%b0%d0%bd%d1%81%d0%ba%d0%b0-%d0%be%d1%80%d0%b3%d0%b0%d0%bd%d0%b8%d0%b7%d0%b0%d1%86%d0%b8%d1%8f-%d0%b7%d0%b0-%d0%b7%d0%b0%d1%89%d0%b8%d1%82%d0%b0-%d0%bd%d0%b0-%d0%b6%d0%b8","status":"publish","type":"page","link":"https:\/\/www.tierschutz-bremerhaven.eu\/bg\/deutscher-tierschutzbund-e-v","title":{"rendered":"\u0413\u0435\u0440\u043c\u0430\u043d\u0441\u043a\u0430 \u0430\u0441\u043e\u0446\u0438\u0430\u0446\u0438\u044f \u0437\u0430 \u0445\u0443\u043c\u0430\u043d\u043d\u043e \u043e\u0442\u043d\u043e\u0448\u0435\u043d\u0438\u0435 \u043a\u044a\u043c \u0436\u0438\u0432\u043e\u0442\u043d\u0438\u0442\u0435"},"content":{"rendered":"<div data-elementor-type=\"wp-page\" data-elementor-id=\"2233\" class=\"elementor elementor-2233\" data-elementor-post-type=\"page\">\n\t\t\t\t\t\t<section class=\"elementor-section elementor-top-section elementor-element elementor-element-d4d01e4 elementor-section-full_width elementor-section-height-default elementor-section-height-default\" data-id=\"d4d01e4\" data-element_type=\"section\" data-e-type=\"section\" data-settings=\"{&quot;background_background&quot;:&quot;classic&quot;}\">\n\t\t\t\t\t\t<div class=\"elementor-container elementor-column-gap-default\">\n\t\t\t\t\t<div class=\"elementor-column elementor-col-100 elementor-top-column elementor-element elementor-element-bd2a910\" data-id=\"bd2a910\" data-element_type=\"column\" data-e-type=\"column\">\n\t\t\t<div class=\"elementor-widget-wrap elementor-element-populated\">\n\t\t\t\t\t\t<div class=\"elementor-element elementor-element-ab1aa74 elementor-widget elementor-widget-jet-listing-dynamic-image\" data-id=\"ab1aa74\" data-element_type=\"widget\" data-e-type=\"widget\" data-widget_type=\"jet-listing-dynamic-image.default\">\n\t\t\t\t<div class=\"elementor-widget-container\">\n\t\t\t\t\t<div class=\"jet-listing jet-listing-dynamic-image\" ><img fetchpriority=\"high\" decoding=\"async\" width=\"2560\" height=\"1150\" src=\"https:\/\/www.tierschutz-bremerhaven.eu\/wp-content\/uploads\/2021\/03\/group-of-dogs-and-cats-sitting-PW8VPEP-scaled.jpg\" class=\"jet-listing-dynamic-image__img attachment-full size-full wp-post-image\" alt=\"\u0413\u0440\u0443\u043f\u0430 \u043a\u0443\u0447\u0435\u0442\u0430 \u0438 \u043a\u043e\u0442\u043a\u0438, \u0441\u0435\u0434\u044f\u0449\u0438 \u043d\u0430 \u0431\u044f\u043b \u0444\u043e\u043d\" srcset=\"https:\/\/www.tierschutz-bremerhaven.eu\/wp-content\/uploads\/2021\/03\/group-of-dogs-and-cats-sitting-PW8VPEP-scaled.jpg 2560w, https:\/\/www.tierschutz-bremerhaven.eu\/wp-content\/uploads\/2021\/03\/group-of-dogs-and-cats-sitting-PW8VPEP-300x135.jpg 300w, https:\/\/www.tierschutz-bremerhaven.eu\/wp-content\/uploads\/2021\/03\/group-of-dogs-and-cats-sitting-PW8VPEP-1024x460.jpg 1024w, https:\/\/www.tierschutz-bremerhaven.eu\/wp-content\/uploads\/2021\/03\/group-of-dogs-and-cats-sitting-PW8VPEP-768x345.jpg 768w, https:\/\/www.tierschutz-bremerhaven.eu\/wp-content\/uploads\/2021\/03\/group-of-dogs-and-cats-sitting-PW8VPEP-1536x690.jpg 1536w, https:\/\/www.tierschutz-bremerhaven.eu\/wp-content\/uploads\/2021\/03\/group-of-dogs-and-cats-sitting-PW8VPEP-2048x920.jpg 2048w\" sizes=\"(max-width: 2560px) 100vw, 2560px\" loading=\"eager\" \/><\/div>\t\t\t\t<\/div>\n\t\t\t\t<\/div>\n\t\t\t\t<div class=\"elementor-element elementor-element-b59dc3b elementor-widget elementor-widget-heading\" data-id=\"b59dc3b\" data-element_type=\"widget\" data-e-type=\"widget\" data-widget_type=\"heading.default\">\n\t\t\t\t<div class=\"elementor-widget-container\">\n\t\t\t\t\t<h2 class=\"elementor-heading-title elementor-size-default\">\u0413\u0435\u0440\u043c\u0430\u043d\u0441\u043a\u0430 \u0430\u0441\u043e\u0446\u0438\u0430\u0446\u0438\u044f \u0437\u0430 \u0445\u0443\u043c\u0430\u043d\u043d\u043e \u043e\u0442\u043d\u043e\u0448\u0435\u043d\u0438\u0435 \u043a\u044a\u043c \u0436\u0438\u0432\u043e\u0442\u043d\u0438\u0442\u0435<\/h2>\t\t\t\t<\/div>\n\t\t\t\t<\/div>\n\t\t\t\t<div class=\"elementor-element elementor-element-f73883f elementor-widget elementor-widget-text-editor\" data-id=\"f73883f\" data-element_type=\"widget\" data-e-type=\"widget\" data-widget_type=\"text-editor.default\">\n\t\t\t\t<div class=\"elementor-widget-container\">\n\t\t\t\t\t\t\t\t\t<p>\u041f\u043e\u0434 \u043c\u043e\u0442\u043e\u0442\u043e \"\u0425\u0443\u043c\u0430\u043d\u043d\u043e \u043e\u0442\u043d\u043e\u0448\u0435\u043d\u0438\u0435 \u043a\u044a\u043c \u0436\u0438\u0432\u043e\u0442\u043d\u0438\u0442\u0435\" \u0413\u0435\u0440\u043c\u0430\u043d\u0441\u043a\u0430\u0442\u0430 \u0430\u0441\u043e\u0446\u0438\u0430\u0446\u0438\u044f \u0437\u0430 \u0445\u0443\u043c\u0430\u043d\u043d\u043e \u043e\u0442\u043d\u043e\u0448\u0435\u043d\u0438\u0435 \u043a\u044a\u043c \u0436\u0438\u0432\u043e\u0442\u043d\u0438\u0442\u0435 \u0441\u0435 \u0431\u043e\u0440\u0438 \u0437\u0430 \u0437\u0430\u0449\u0438\u0442\u0430 \u043d\u0430 \u0436\u0438\u0432\u043e\u0442\u043d\u0438\u0442\u0435 \u0432 \u0441\u0435\u043b\u0441\u043a\u043e\u0442\u043e \u0441\u0442\u043e\u043f\u0430\u043d\u0441\u0442\u0432\u043e \u043e\u0442 1881 \u0433. \u043d\u0430\u0441\u0430\u043c, \u043a\u0430\u0442\u043e \u043f\u0440\u043e\u0432\u0435\u0436\u0434\u0430 \u043a\u0430\u043c\u043f\u0430\u043d\u0438\u0438 \u0441\u0440\u0435\u0449\u0443 \u043e\u043f\u0438\u0442\u0438\u0442\u0435 \u0441 \u0436\u0438\u0432\u043e\u0442\u043d\u0438 \u0438 \u043f\u043e\u0434\u043a\u0440\u0435\u043f\u044f \u043f\u0440\u0430\u043a\u0442\u0438\u0447\u0435\u0441\u043a\u0438 \u0434\u0435\u0439\u043d\u043e\u0441\u0442\u0438 \u0437\u0430 \u0445\u0443\u043c\u0430\u043d\u043d\u043e \u043e\u0442\u043d\u043e\u0448\u0435\u043d\u0438\u0435 \u043a\u044a\u043c \u0436\u0438\u0432\u043e\u0442\u043d\u0438\u0442\u0435. \u0412 \u043d\u0430\u0446\u0438\u043e\u043d\u0430\u043b\u0435\u043d, \u043c\u0435\u0436\u0434\u0443\u043d\u0430\u0440\u043e\u0434\u0435\u043d \u0438 \u043f\u043e\u043b\u0438\u0442\u0438\u0447\u0435\u0441\u043a\u0438 \u043f\u043b\u0430\u043d \u043d\u0430 \u0444\u0435\u0434\u0435\u0440\u0430\u043b\u043d\u043e \u043d\u0438\u0432\u043e \u0438 \u043d\u0430 \u043d\u0438\u0432\u043e \u0415\u0421.<\/p>\n<p>\u0412\u0438\u0437\u0438\u044f\u0442\u0430 \u0435 \u043e\u0431\u0449\u0435\u0441\u0442\u0432\u043e, \u043a\u043e\u0435\u0442\u043e \u0443\u0432\u0430\u0436\u0430\u0432\u0430 \u0432\u0441\u0438\u0447\u043a\u0438 \u0436\u0438\u0432\u043e\u0442\u043d\u0438 \u043a\u0430\u0442\u043e \u0431\u043b\u0438\u0436\u043d\u0438, \u043f\u0440\u043e\u044f\u0432\u044f\u0432\u0430 \u0441\u044a\u0441\u0442\u0440\u0430\u0434\u0430\u043d\u0438\u0435 \u0438 \u0443\u0432\u0430\u0436\u0435\u043d\u0438\u0435 \u043a\u044a\u043c \u0442\u044f\u0445 \u0438 \u0433\u0438 \u0437\u0430\u0449\u0438\u0442\u0430\u0432\u0430 \u043e\u0442 \u043d\u0435\u043d\u0443\u0436\u043d\u043e \u0441\u0442\u0440\u0430\u0434\u0430\u043d\u0438\u0435, \u0431\u043e\u043b\u043a\u0430 \u0438 \u0441\u0442\u0440\u0430\u0445.<\/p>\n<p>\u0412 \u043c\u043e\u043c\u0435\u043d\u0442\u0430 \u0413\u0435\u0440\u043c\u0430\u043d\u0441\u043a\u0430\u0442\u0430 \u0430\u0441\u043e\u0446\u0438\u0430\u0446\u0438\u044f \u0437\u0430 \u0445\u0443\u043c\u0430\u043d\u043d\u043e \u043e\u0442\u043d\u043e\u0448\u0435\u043d\u0438\u0435 \u043a\u044a\u043c \u0436\u0438\u0432\u043e\u0442\u043d\u0438\u0442\u0435 \u0438\u043c\u0430 16 \u0440\u0435\u0433\u0438\u043e\u043d\u0430\u043b\u043d\u0438 \u0430\u0441\u043e\u0446\u0438\u0430\u0446\u0438\u0438 \u0438 \u043e\u043a\u043e\u043b\u043e 740 \u0430\u0441\u043e\u0446\u0438\u0430\u0446\u0438\u0438 \u0437\u0430 \u0445\u0443\u043c\u0430\u043d\u043d\u043e \u043e\u0442\u043d\u043e\u0448\u0435\u043d\u0438\u0435 \u043a\u044a\u043c \u0436\u0438\u0432\u043e\u0442\u043d\u0438\u0442\u0435 \u0441 \u043d\u0430\u0434 550 \u043f\u0440\u0438\u044e\u0442\u0430 \u0437\u0430 \u0436\u0438\u0432\u043e\u0442\u043d\u0438 \u0438 \u0441\u043f\u0430\u0441\u0438\u0442\u0435\u043b\u043d\u0438 \u0446\u0435\u043d\u0442\u0440\u043e\u0432\u0435. \u0422\u043e\u0432\u0430 \u044f \u043f\u0440\u0435\u0432\u0440\u044a\u0449\u0430 \u0432 \u043d\u0430\u0439-\u0433\u043e\u043b\u044f\u043c\u0430\u0442\u0430 \u043e\u0440\u0433\u0430\u043d\u0438\u0437\u0430\u0446\u0438\u044f \u0437\u0430 \u0437\u0430\u0449\u0438\u0442\u0430 \u043d\u0430 \u0436\u0438\u0432\u043e\u0442\u043d\u0438\u0442\u0435 \u0438 \u043f\u0440\u0438\u0440\u043e\u0434\u0430\u0442\u0430 \u0432 \u0415\u0432\u0440\u043e\u043f\u0430. \u0422\u044f \u043f\u0440\u0435\u0434\u0441\u0442\u0430\u0432\u043b\u044f\u0432\u0430 \u0438\u043d\u0442\u0435\u0440\u0435\u0441\u0438\u0442\u0435 \u043d\u0430 \u043f\u043e\u0432\u0435\u0447\u0435 \u043e\u0442 800 000 \u0430\u043a\u0442\u0438\u0432\u0438\u0441\u0442\u0438 \u0437\u0430 \u0437\u0430\u0449\u0438\u0442\u0430 \u043d\u0430 \u0436\u0438\u0432\u043e\u0442\u043d\u0438\u0442\u0435 \u043e\u0442 \u0432\u0441\u0438\u0447\u043a\u0438 \u0447\u0430\u0441\u0442\u0438 \u043d\u0430 \u0413\u0435\u0440\u043c\u0430\u043d\u0438\u044f.<\/p>\n<p>\u041f\u0440\u0438\u044e\u0442\u0438\u0442\u0435 \u0437\u0430 \u0436\u0438\u0432\u043e\u0442\u043d\u0438 \u043f\u043e\u043c\u0430\u0433\u0430\u0442, \u043d\u043e \u0438 \u0441\u0430\u043c\u0438\u0442\u0435 \u0442\u0435 \u0441\u0430 \u0437\u0430\u0432\u0438\u0441\u0438\u043c\u0438 \u043e\u0442 \u043f\u043e\u043c\u043e\u0449. \u0413\u0435\u0440\u043c\u0430\u043d\u0441\u043a\u0430\u0442\u0430 \u0430\u0441\u043e\u0446\u0438\u0430\u0446\u0438\u044f \u0437\u0430 \u0437\u0430\u0449\u0438\u0442\u0430 \u043d\u0430 \u0436\u0438\u0432\u043e\u0442\u043d\u0438\u0442\u0435 \u043f\u043e\u0434\u043a\u0440\u0435\u043f\u044f \u0441\u0432\u044a\u0440\u0437\u0430\u043d\u0438\u0442\u0435 \u0441 \u043d\u0435\u044f \u043e\u0440\u0433\u0430\u043d\u0438\u0437\u0430\u0446\u0438\u0438, \u043a\u043e\u0433\u0430\u0442\u043e \u043d\u0430\u043f\u0440\u0438\u043c\u0435\u0440 \u0442\u0440\u044f\u0431\u0432\u0430 \u0434\u0430 \u0441\u0435 \u043f\u043e\u043b\u0430\u0433\u0430\u0442 \u0433\u0440\u0438\u0436\u0438 \u0437\u0430 \u043c\u043d\u043e\u0433\u043e \u0436\u0438\u0432\u043e\u0442\u043d\u0438 \u043e\u0442 \u0441\u043b\u0443\u0447\u0430\u0438 \u043d\u0430 \u043d\u0430\u0442\u0440\u0443\u043f\u0432\u0430\u043d\u0435 \u043d\u0430 \u0436\u0438\u0432\u043e\u0442\u043d\u0438 \u0438\u043b\u0438 \u0437\u0430 \u0431\u043e\u043b\u043d\u0438 \u043a\u0443\u0447\u0435\u043d\u0446\u0430 \u043e\u0442 \u043d\u0435\u0437\u0430\u043a\u043e\u043d\u043d\u0430 \u0442\u044a\u0440\u0433\u043e\u0432\u0438\u044f, \u043d\u043e \u0441\u044a\u0449\u043e \u0438 \u043a\u043e\u0433\u0430\u0442\u043e \u043b\u0438\u043f\u0441\u0432\u0430\u0442 \u043f\u0430\u0440\u0438 \u0437\u0430 \u0441\u043f\u0435\u0448\u043d\u0438 \u0440\u0435\u043c\u043e\u043d\u0442\u0438.<\/p>\n<p>\u0421\u0430\u043c\u043e \u0437\u0430\u0435\u0434\u043d\u043e \u043c\u043e\u0436\u0435\u043c \u0434\u0430 \u0441\u044a\u0437\u0434\u0430\u0434\u0435\u043c \u043f\u043e-\u0434\u043e\u0431\u044a\u0440 \u0441\u0432\u044f\u0442 \u0437\u0430 \u0436\u0438\u0432\u043e\u0442\u043d\u0438\u0442\u0435.<\/p>\t\t\t\t\t\t\t\t<\/div>\n\t\t\t\t<\/div>\n\t\t\t\t\t<\/div>\n\t\t<\/div>\n\t\t\t\t\t<\/div>\n\t\t<\/section>\n\t\t\t\t<\/div>","protected":false},"excerpt":{"rendered":"<p>Deutscher Tierschutzbund e.V. Unter dem Motto \u201eTierschutz mit Herz und Verstand\u201c k\u00e4mpft der Deutsche Tierschutzbund, seit 1881 unter anderem f\u00fcr den Schutz der Tiere in der Landwirtschaft, macht sich gegen Tierversuche stark und unterst\u00fctzt die praktische Tierschutzarbeit. National, international sowie politisch auf Bundes- und EU-Ebene. Die Vision ist eine Gesellschaft, die alle Tiere als Mitgesch\u00f6pfe [&hellip;]<\/p>\n","protected":false},"author":3,"featured_media":792,"parent":0,"menu_order":0,"comment_status":"closed","ping_status":"closed","template":"","meta":{"footnotes":""},"class_list":["post-2233","page","type-page","status-publish","has-post-thumbnail","hentry"],"_links":{"self":[{"href":"https:\/\/www.tierschutz-bremerhaven.eu\/bg\/wp-json\/wp\/v2\/pages\/2233","targetHints":{"allow":["GET"]}}],"collection":[{"href":"https:\/\/www.tierschutz-bremerhaven.eu\/bg\/wp-json\/wp\/v2\/pages"}],"about":[{"href":"https:\/\/www.tierschutz-bremerhaven.eu\/bg\/wp-json\/wp\/v2\/types\/page"}],"author":[{"embeddable":true,"href":"https:\/\/www.tierschutz-bremerhaven.eu\/bg\/wp-json\/wp\/v2\/users\/3"}],"replies":[{"embeddable":true,"href":"https:\/\/www.tierschutz-bremerhaven.eu\/bg\/wp-json\/wp\/v2\/comments?post=2233"}],"version-history":[{"count":27,"href":"https:\/\/www.tierschutz-bremerhaven.eu\/bg\/wp-json\/wp\/v2\/pages\/2233\/revisions"}],"predecessor-version":[{"id":5320,"href":"https:\/\/www.tierschutz-bremerhaven.eu\/bg\/wp-json\/wp\/v2\/pages\/2233\/revisions\/5320"}],"wp:featuredmedia":[{"embeddable":true,"href":"https:\/\/www.tierschutz-bremerhaven.eu\/bg\/wp-json\/wp\/v2\/media\/792"}],"wp:attachment":[{"href":"https:\/\/www.tierschutz-bremerhaven.eu\/bg\/wp-json\/wp\/v2\/media?parent=2233"}],"curies":[{"name":"wp","href":"https:\/\/api.w.org\/{rel}","templated":true}]}}