{"id":2311,"date":"2021-05-24T06:30:04","date_gmt":"2021-05-24T06:30:04","guid":{"rendered":"https:\/\/tierschutz-bremerhaven.eu\/?page_id=2311"},"modified":"2021-09-22T15:51:38","modified_gmt":"2021-09-22T15:51:38","slug":"ser","status":"publish","type":"page","link":"https:\/\/www.tierschutz-bremerhaven.eu\/bg\/ser","title":{"rendered":"\u0421\u0435\u0440"},"content":{"rendered":"<div data-elementor-type=\"wp-page\" data-elementor-id=\"2311\" class=\"elementor elementor-2311\" data-elementor-post-type=\"page\">\n\t\t\t\t\t\t<section class=\"elementor-section elementor-top-section elementor-element elementor-element-dde3447 elementor-section-boxed elementor-section-height-default elementor-section-height-default\" data-id=\"dde3447\" data-element_type=\"section\" data-e-type=\"section\">\n\t\t\t\t\t\t<div class=\"elementor-container elementor-column-gap-default\">\n\t\t\t\t\t<div class=\"elementor-column elementor-col-100 elementor-top-column elementor-element elementor-element-66dcf0e\" data-id=\"66dcf0e\" data-element_type=\"column\" data-e-type=\"column\">\n\t\t\t<div class=\"elementor-widget-wrap elementor-element-populated\">\n\t\t\t\t\t\t<div class=\"elementor-element elementor-element-e964b23 elementor-widget elementor-widget-accordion\" data-id=\"e964b23\" data-element_type=\"widget\" data-e-type=\"widget\" data-widget_type=\"accordion.default\">\n\t\t\t\t<div class=\"elementor-widget-container\">\n\t\t\t\t\t\t\t<div class=\"elementor-accordion\">\n\t\t\t\t\t\t\t<div class=\"elementor-accordion-item\">\n\t\t\t\t\t<div id=\"elementor-tab-title-2441\" class=\"elementor-tab-title\" data-tab=\"1\" role=\"button\" aria-controls=\"elementor-tab-content-2441\" aria-expanded=\"false\">\n\t\t\t\t\t\t\t\t\t\t\t\t\t<span class=\"elementor-accordion-icon elementor-accordion-icon-right\" aria-hidden=\"true\">\n\t\t\t\t\t\t\t\t\t\t\t\t\t\t\t<span class=\"elementor-accordion-icon-closed\"><i class=\"fas fa-plus\"><\/i><\/span>\n\t\t\t\t\t\t\t\t<span class=\"elementor-accordion-icon-opened\"><i class=\"fas fa-minus\"><\/i><\/span>\n\t\t\t\t\t\t\t\t\t\t\t\t\t\t<\/span>\n\t\t\t\t\t\t\t\t\t\t\t\t<a class=\"elementor-accordion-title\" tabindex=\"0\">\u041f\u0440\u0438 \u0441\u043f\u0435\u0448\u043d\u0438 \u0441\u043b\u0443\u0447\u0430\u0438<\/a>\n\t\t\t\t\t<\/div>\n\t\t\t\t\t<div id=\"elementor-tab-content-2441\" class=\"elementor-tab-content elementor-clearfix\" data-tab=\"1\" role=\"region\" aria-labelledby=\"elementor-tab-title-2441\"><p>\u0418\u043c\u0430\u0442\u0435 \u0441\u043f\u0435\u0448\u0435\u043d \u043c\u0435\u0434\u0438\u0446\u0438\u043d\u0441\u043a\u0438 \u043f\u0440\u043e\u0431\u043b\u0435\u043c \u0441 \u0432\u0430\u0448\u0438\u044f \u0434\u043e\u043c\u0430\u0448\u0435\u043d \u043b\u044e\u0431\u0438\u043c\u0435\u0446?<\/p>\n<p>\u0417\u0430\u043f\u0430\u0437\u0435\u0442\u0435 \u0441\u043f\u043e\u043a\u043e\u0439\u0441\u0442\u0432\u0438\u0435, \u0437\u0430 \u0434\u0430 \u043c\u043e\u0436\u0435\u0442\u0435 \u0434\u0430 \u0432\u0437\u0435\u043c\u0435\u0442\u0435 \u043f\u0440\u0430\u0432\u0438\u043b\u043d\u0438\u0442\u0435 \u043c\u0435\u0440\u043a\u0438.<\/p>\n<p>\u041f\u043e-\u0434\u043e\u043b\u0443 \u0441\u043c\u0435 \u043f\u043e\u0441\u043e\u0447\u0438\u043b\u0438 \u043d\u044f\u043a\u043e\u0438 \u0430\u0434\u0440\u0435\u0441\u0438 \u0438 \u0442\u0435\u043b\u0435\u0444\u043e\u043d\u043d\u0438 \u043d\u043e\u043c\u0435\u0440\u0430, \u043d\u0430 \u043a\u043e\u0438\u0442\u043e \u043c\u043e\u0436\u0435\u0442\u0435 \u0434\u0430 \u043f\u043e\u043b\u0443\u0447\u0438\u0442\u0435 \u0431\u044a\u0440\u0437\u0430 \u043f\u043e\u043c\u043e\u0449 \u0438\u043b\u0438 \u0432\u0435\u0442\u0435\u0440\u0438\u043d\u0430\u0440\u0435\u043d \u0441\u044a\u0432\u0435\u0442 \u043f\u0440\u0438 \u0441\u043f\u0435\u0448\u0435\u043d \u0441\u043b\u0443\u0447\u0430\u0439. <br>\u0412 \u043f\u043e-\u043c\u0430\u043b\u043a\u043e \u0441\u043f\u0435\u0448\u043d\u0438 \u0441\u043b\u0443\u0447\u0430\u0438 \u0432\u0430\u0448\u0438\u044f\u0442 \u0432\u0435\u0442\u0435\u0440\u0438\u043d\u0430\u0440\u0435\u043d \u043b\u0435\u043a\u0430\u0440 \u0438\u043b\u0438 \u0431\u043b\u0438\u0437\u043a\u0438\u0442\u0435 \u0432\u0435\u0442\u0435\u0440\u0438\u043d\u0430\u0440\u043d\u0438 \u043a\u043b\u0438\u043d\u0438\u043a\u0438 \u0449\u0435 \u043c\u043e\u0433\u0430\u0442 \u0434\u0430 \u0432\u0438 \u043f\u043e\u043c\u043e\u0433\u043d\u0430\u0442 \u0432 \u0440\u0430\u043c\u043a\u0438\u0442\u0435 \u043d\u0430 \u043d\u043e\u0440\u043c\u0430\u043b\u043d\u043e\u0442\u043e \u0440\u0430\u0431\u043e\u0442\u043d\u043e \u0432\u0440\u0435\u043c\u0435.<\/p>\n<p><b>\u0421\u043f\u0435\u0448\u043d\u0430 \u0432\u0435\u0442\u0435\u0440\u0438\u043d\u0430\u0440\u043d\u0430 \u043f\u043e\u043c\u043e\u0449 \u0411\u0440\u0435\u043c\u0435\u0440\u0445\u0430\u0444\u0435\u043d: 0172 - 6 51 12 48<\/b><\/p>\n<p><b>\u0412\u0435\u0442\u0435\u0440\u0438\u043d\u0430\u0440\u043d\u0430 \u043a\u043b\u0438\u043d\u0438\u043a\u0430 \u0411\u0440\u0435\u043c\u0435\u043d: 0421 - 1 22 11<\/b><\/p>\n<p>\u0410\u043a\u043e \u0438\u0441\u043a\u0430\u0442\u0435 \u0434\u0430 \u043d\u0438 \u0434\u043e\u043d\u0435\u0441\u0435\u0442\u0435 \u043d\u0430\u043c\u0435\u0440\u0435\u043d\u043e \u0436\u0438\u0432\u043e\u0442\u043d\u043e, \u043c\u043e\u043b\u044f, \u043e\u0431\u0430\u0434\u0435\u0442\u0435 \u043d\u0438 \u0441\u0435 \u0432 \u0440\u0430\u0431\u043e\u0442\u043d\u043e\u0442\u043e \u0432\u0440\u0435\u043c\u0435 \u043d\u0430 \u0442\u0435\u043b\u0435\u0444\u043e\u043d 0471 - 8 32 57. \u041c\u043e\u0436\u0435\u0442\u0435 \u0434\u0430 \u043e\u0441\u0442\u0430\u0432\u0438\u0442\u0435 \u0441\u044a\u043e\u0431\u0449\u0435\u043d\u0438\u0435 \u043d\u0430 \u0442\u0435\u043b\u0435\u0444\u043e\u043d\u043d\u0438\u044f \u0441\u0435\u043a\u0440\u0435\u0442\u0430\u0440 \u0438 \u043d\u0438\u0435 \u0449\u0435 \u0432\u0438 \u0441\u0435 \u043e\u0431\u0430\u0434\u0438\u043c \u043d\u0430\u0439-\u043a\u044a\u0441\u043d\u043e \u043d\u0430 \u0441\u043b\u0435\u0434\u0432\u0430\u0449\u0438\u044f \u0434\u0435\u043d.<\/p>\n<p>\u0412 \u0441\u043f\u0435\u0448\u043d\u0438 \u0441\u043b\u0443\u0447\u0430\u0438, \u043c\u043e\u043b\u044f, \u0441\u0432\u044a\u0440\u0436\u0435\u0442\u0435 \u0441\u0435 \u0441\u044a\u0441 \u0441\u043b\u0435\u0434\u043d\u0438\u0442\u0435 \u043b\u0438\u0446\u0430 \u0438\u0437\u0432\u044a\u043d \u0440\u0430\u0431\u043e\u0442\u043d\u043e\u0442\u043e \u043d\u0438 \u0432\u0440\u0435\u043c\u0435 <b>\u041f\u043e\u043b\u0438\u0446\u0438\u044f \u043d\u0430 \u0442\u0435\u043b. 0471 - 9 53 11 40 <\/b>\u0438\u043b\u0438 <b><br>\u041f\u043e\u0436\u0430\u0440\u043d\u0430 \u043a\u043e\u043c\u0430\u043d\u0434\u0430 \u043d\u0430 \u0442\u0435\u043b. 0471 - 59 00<\/b> \u0411\u0440\u0435\u043c\u0435\u0440\u0445\u0430\u0444\u0435\u043d. \u0421\u043b\u0435\u0434 \u0442\u043e\u0432\u0430 \u0442\u0435 \u0449\u0435 \u0441\u0435 \u0441\u0432\u044a\u0440\u0436\u0430\u0442 \u0441 \u043d\u0430\u0448\u0430\u0442\u0430 \u0441\u043b\u0443\u0436\u0431\u0430 \u0437\u0430 \u0441\u043f\u0435\u0448\u043d\u0430 \u043f\u043e\u043c\u043e\u0449, \u0430\u043a\u043e \u0435 \u043d\u0435\u043e\u0431\u0445\u043e\u0434\u0438\u043c\u043e.<\/p><\/div>\n\t\t\t\t<\/div>\n\t\t\t\t\t\t\t\t<\/div>\n\t\t\t\t\t\t<\/div>\n\t\t\t\t<\/div>\n\t\t\t\t<div class=\"elementor-element elementor-element-bb940d2 elementor-widget elementor-widget-accordion\" data-id=\"bb940d2\" data-element_type=\"widget\" data-e-type=\"widget\" data-widget_type=\"accordion.default\">\n\t\t\t\t<div class=\"elementor-widget-container\">\n\t\t\t\t\t\t\t<div class=\"elementor-accordion\">\n\t\t\t\t\t\t\t<div class=\"elementor-accordion-item\">\n\t\t\t\t\t<div id=\"elementor-tab-title-1961\" class=\"elementor-tab-title\" data-tab=\"1\" role=\"button\" aria-controls=\"elementor-tab-content-1961\" aria-expanded=\"false\">\n\t\t\t\t\t\t\t\t\t\t\t\t\t<span class=\"elementor-accordion-icon elementor-accordion-icon-right\" aria-hidden=\"true\">\n\t\t\t\t\t\t\t\t\t\t\t\t\t\t\t<span class=\"elementor-accordion-icon-closed\"><i class=\"fas fa-plus\"><\/i><\/span>\n\t\t\t\t\t\t\t\t<span class=\"elementor-accordion-icon-opened\"><i class=\"fas fa-minus\"><\/i><\/span>\n\t\t\t\t\t\t\t\t\t\t\t\t\t\t<\/span>\n\t\t\t\t\t\t\t\t\t\t\t\t<a class=\"elementor-accordion-title\" tabindex=\"0\">\u041e\u0442\u043a\u0440\u0438\u0442\u043e \u0434\u0438\u0432\u043e \u0436\u0438\u0432\u043e\u0442\u043d\u043e<\/a>\n\t\t\t\t\t<\/div>\n\t\t\t\t\t<div id=\"elementor-tab-content-1961\" class=\"elementor-tab-content elementor-clearfix\" data-tab=\"1\" role=\"region\" aria-labelledby=\"elementor-tab-title-1961\"><p>\u0410\u043a\u043e \u0436\u0435\u043b\u0430\u0435\u0442\u0435 \u0434\u0430 \u0441\u0435 \u0441\u0432\u044a\u0440\u0436\u0435\u0442\u0435 \u0441 \u043d\u0430\u0441 \u0432\u044a\u0432 \u0432\u0440\u044a\u0437\u043a\u0430 \u0441 \u043d\u0430\u043c\u0435\u0440\u0435\u043d\u043e \u0434\u0438\u0432\u043e \u0436\u0438\u0432\u043e\u0442\u043d\u043e, \u0431\u0438\u0445\u043c\u0435 \u0438\u0441\u043a\u0430\u043b\u0438 \u0434\u0430 \u043e\u0431\u044a\u0440\u043d\u0435\u043c \u0432\u043d\u0438\u043c\u0430\u043d\u0438\u0435, \u0447\u0435 \u043a\u0430\u0442\u043e \u043f\u0440\u0435\u0434\u043f\u0430\u0437\u043d\u0430 \u043c\u044f\u0440\u043a\u0430\u00a0<strong><em>\u043d\u0435 \u043d\u043e\u0441\u0438\u043c \u043e\u0442\u0433\u043e\u0432\u043e\u0440\u043d\u043e\u0441\u0442 \u0437\u0430 \u0434\u0438\u0432\u0438 \u0436\u0438\u0432\u043e\u0442\u043d\u0438<\/em><\/strong>. \u041c\u043e\u043b\u044f, \u0440\u0430\u0437\u0431\u0435\u0440\u0435\u0442\u0435, \u0447\u0435 \u043d\u044f\u043c\u0430\u043c\u0435 \u043d\u0438\u0442\u043e \u0437\u0430\u0434\u044a\u043b\u0431\u043e\u0447\u0435\u043d\u0438\u0442\u0435 \u043f\u043e\u0437\u043d\u0430\u043d\u0438\u044f, \u043d\u0438\u0442\u043e \u043a\u0430\u043f\u0430\u0446\u0438\u0442\u0435\u0442\u0430 \u0434\u0430 \u043f\u0440\u0438\u0435\u043c\u0430\u043c\u0435 \u0438 \u0434\u0430 \u0441\u0435 \u0433\u0440\u0438\u0436\u0438\u043c \u0437\u0430 \u043a\u0430\u0442\u0435\u0440\u0438\u0446\u0438, \u043f\u0440\u0438\u043b\u0435\u043f\u0438 \u0438 \u0434\u0440. \u0410\u043a\u043e \u0441\u0442\u0430\u0432\u0430 \u0432\u044a\u043f\u0440\u043e\u0441 \u0437\u0430 \u0440\u0430\u043d\u0435\u043d\u043e \u0436\u0438\u0432\u043e\u0442\u043d\u043e, \u0449\u0435 \u0432\u0438 \u043e\u043a\u0430\u0436\u0435\u043c \u043f\u043e\u0434\u043a\u0440\u0435\u043f\u0430 \u0432 \u0442\u0430\u043a\u0438\u0432\u0430 \u0438\u0437\u043a\u043b\u044e\u0447\u0438\u0442\u0435\u043b\u043d\u0438 \u0441\u043b\u0443\u0447\u0430\u0438, \u0434\u043e\u043a\u043e\u043b\u043a\u043e\u0442\u043e \u043d\u0438 \u043f\u043e\u0437\u0432\u043e\u043b\u044f\u0432\u0430\u0442 \u0432\u044a\u0437\u043c\u043e\u0436\u043d\u043e\u0441\u0442\u0438\u0442\u0435. \u0420\u0430\u0437\u0431\u0438\u0440\u0430 \u0441\u0435, \u0449\u0435 \u0432\u0438 \u043f\u043e\u043c\u043e\u0433\u043d\u0435\u043c \u0438 \u0434\u0430 \u043d\u0430\u043c\u0435\u0440\u0438\u0442\u0435 \u043f\u0440\u043e\u0444\u0435\u0441\u0438\u043e\u043d\u0430\u043b\u0435\u043d \u0446\u0435\u043d\u0442\u044a\u0440 \u0437\u0430 \u043f\u043e\u0432\u0442\u043e\u0440\u043d\u043e \u043d\u0430\u0441\u0442\u0430\u043d\u044f\u0432\u0430\u043d\u0435.<\/p><p>\u0421\u0432\u044a\u0440\u0436\u0435\u0442\u0435 \u0441\u0435 \u0441 \u043d\u0430\u0441 \u043d\u0430 \u0442\u0435\u043b\u0435\u0444\u043e\u043d 0471 - 8 32 57 \u0432 \u043f\u0440\u0438\u044e\u0442\u0430 \u0437\u0430 \u0436\u0438\u0432\u043e\u0442\u043d\u0438.<br \/>\u0412 \u0438\u0437\u0432\u044a\u043d\u0440\u0430\u0431\u043e\u0442\u043d\u043e \u0432\u0440\u0435\u043c\u0435 \u043c\u043e\u0436\u0435\u0442\u0435 \u0434\u0430 \u043e\u0441\u0442\u0430\u0432\u0438\u0442\u0435 \u0441\u044a\u043e\u0431\u0449\u0435\u043d\u0438\u0435 \u043d\u0430 \u0442\u0435\u043b\u0435\u0444\u043e\u043d\u043d\u0438\u044f \u043d\u0438 \u0441\u0435\u043a\u0440\u0435\u0442\u0430\u0440. \u0429\u0435 \u0432\u0438 \u0441\u0435 \u043e\u0431\u0430\u0434\u0438\u043c \u043d\u0435\u0437\u0430\u0431\u0430\u0432\u043d\u043e.<\/p><p>\u0417\u0430 \u0441\u044a\u0436\u0430\u043b\u0435\u043d\u0438\u0435 \u0442\u043e\u0432\u0430 \u0435 \u0434\u043e\u043f\u044a\u043b\u043d\u0438\u0442\u0435\u043b\u043d\u0430 \u0437\u0430\u0434\u0430\u0447\u0430, \u043a\u043e\u044f\u0442\u043e \u043d\u0435 \u043c\u043e\u0436\u0435 \u0434\u0430 \u0431\u044a\u0434\u0435 \u0438\u0437\u043f\u044a\u043b\u043d\u0435\u043d\u0430 \u0437\u0430\u0435\u0434\u043d\u043e \u0441 \u0434\u043e\u0431\u0440\u043e\u0432\u043e\u043b\u043d\u0430\u0442\u0430 \u043d\u0438 \u0440\u0430\u0431\u043e\u0442\u0430 \u0437\u0430 \u0445\u0443\u043c\u0430\u043d\u043d\u043e \u043e\u0442\u043d\u043e\u0448\u0435\u043d\u0438\u0435 \u043a\u044a\u043c \u0436\u0438\u0432\u043e\u0442\u043d\u0438\u0442\u0435 \u0438 \u0443\u043f\u0440\u0430\u0432\u043b\u0435\u043d\u0438\u0435\u0442\u043e \u043d\u0430 \u043d\u0430\u0448\u0438\u044f \u043f\u0440\u0438\u044e\u0442 \u0437\u0430 \u0436\u0438\u0432\u043e\u0442\u043d\u0438.<\/p><p>\u041f\u043e\u0436\u0435\u043b\u0430\u0432\u0430\u043c\u0435 \u0432\u0438 \u0443\u0441\u043f\u0435\u0445 \u0438 \u0432\u0441\u0438\u0447\u043a\u043e \u043d\u0430\u0439-\u0434\u043e\u0431\u0440\u043e \u0437\u0430 \u0432\u0430\u0448\u0435\u0442\u043e \u043f\u0440\u043e\u0442\u0435\u0436\u0435!<\/p><p><strong>Wildcats<\/strong><\/p><p>\u0410\u043a\u043e \u043d\u0438 \u0434\u043e\u043d\u0435\u0441\u0435\u0442\u0435 \u0441\u0432\u043e\u0431\u043e\u0434\u043d\u043e \u0440\u0430\u0437\u0445\u043e\u0436\u0434\u0430\u0449\u0438 \u0441\u0435 \u043a\u043e\u0442\u043a\u0438, \u043d\u0438\u0435 \u0449\u0435 \u0433\u0438 \u043a\u0430\u0441\u0442\u0440\u0438\u0440\u0430\u043c\u0435 \u0438 \u0449\u0435 \u0433\u0438 \u0432\u044a\u0440\u043d\u0435\u043c \u0432 \u0442\u0435\u0445\u043d\u0438\u0442\u0435 \u0442\u0435\u0440\u0438\u0442\u043e\u0440\u0438\u0438.<\/p><\/div>\n\t\t\t\t<\/div>\n\t\t\t\t\t\t\t\t<\/div>\n\t\t\t\t\t\t<\/div>\n\t\t\t\t<\/div>\n\t\t\t\t\t<\/div>\n\t\t<\/div>\n\t\t\t\t\t<\/div>\n\t\t<\/section>\n\t\t\t\t<\/div>","protected":false},"excerpt":{"rendered":"<p>Im Notfall Sie haben einen medizinischen Notfall mit Ihrem Tier? Bewahren Sie Ruhe, damit Sie die richtigen Ma\u00dfnahmen ergreifen k\u00f6nnen. Nachfolgend haben wir einige Adressen und Telefonnummern aufgelistet, unter denen Sie im Notfall schnell Hilfe oder einen tier\u00e4rztlichen Rat erhalten k\u00f6nnen. In nicht so dringenden F\u00e4llen, kann Ihnen zu den \u00fcblichen Gesch\u00e4ftszeiten auch sicher Ihr [&hellip;]<\/p>\n","protected":false},"author":3,"featured_media":0,"parent":0,"menu_order":0,"comment_status":"closed","ping_status":"closed","template":"","meta":{"footnotes":""},"class_list":["post-2311","page","type-page","status-publish","hentry"],"_links":{"self":[{"href":"https:\/\/www.tierschutz-bremerhaven.eu\/bg\/wp-json\/wp\/v2\/pages\/2311","targetHints":{"allow":["GET"]}}],"collection":[{"href":"https:\/\/www.tierschutz-bremerhaven.eu\/bg\/wp-json\/wp\/v2\/pages"}],"about":[{"href":"https:\/\/www.tierschutz-bremerhaven.eu\/bg\/wp-json\/wp\/v2\/types\/page"}],"author":[{"embeddable":true,"href":"https:\/\/www.tierschutz-bremerhaven.eu\/bg\/wp-json\/wp\/v2\/users\/3"}],"replies":[{"embeddable":true,"href":"https:\/\/www.tierschutz-bremerhaven.eu\/bg\/wp-json\/wp\/v2\/comments?post=2311"}],"version-history":[{"count":15,"href":"https:\/\/www.tierschutz-bremerhaven.eu\/bg\/wp-json\/wp\/v2\/pages\/2311\/revisions"}],"predecessor-version":[{"id":4064,"href":"https:\/\/www.tierschutz-bremerhaven.eu\/bg\/wp-json\/wp\/v2\/pages\/2311\/revisions\/4064"}],"wp:attachment":[{"href":"https:\/\/www.tierschutz-bremerhaven.eu\/bg\/wp-json\/wp\/v2\/media?parent=2311"}],"curies":[{"name":"wp","href":"https:\/\/api.w.org\/{rel}","templated":true}]}}