{"id":2364,"date":"2021-05-25T08:54:10","date_gmt":"2021-05-25T08:54:10","guid":{"rendered":"https:\/\/tierschutz-bremerhaven.eu\/?page_id=2364"},"modified":"2023-09-05T16:33:54","modified_gmt":"2023-09-05T16:33:54","slug":"%d0%b1%d1%8a%d0%bb%d1%85%d0%b0%d1%80%d1%81%d0%ba%d0%b8-%d0%bf%d0%b0%d0%b7%d0%b0%d1%80","status":"publish","type":"page","link":"https:\/\/www.tierschutz-bremerhaven.eu\/bg\/flohmarkt","title":{"rendered":"\u0411\u044a\u043b\u0445\u0430\u0440\u0441\u043a\u0438 \u043f\u0430\u0437\u0430\u0440"},"content":{"rendered":"<div data-elementor-type=\"wp-page\" data-elementor-id=\"2364\" class=\"elementor elementor-2364\" data-elementor-post-type=\"page\">\n\t\t\t\t\t\t<section class=\"elementor-section elementor-top-section elementor-element elementor-element-e42b439 elementor-section-boxed elementor-section-height-default elementor-section-height-default\" data-id=\"e42b439\" data-element_type=\"section\" data-e-type=\"section\" data-settings=\"{&quot;background_background&quot;:&quot;classic&quot;}\">\n\t\t\t\t\t\t<div class=\"elementor-container elementor-column-gap-default\">\n\t\t\t\t\t<div class=\"elementor-column elementor-col-100 elementor-top-column elementor-element elementor-element-57b0c28\" data-id=\"57b0c28\" data-element_type=\"column\" data-e-type=\"column\">\n\t\t\t<div class=\"elementor-widget-wrap elementor-element-populated\">\n\t\t\t\t\t\t<div class=\"elementor-element elementor-element-18cae95 elementor-widget elementor-widget-heading\" data-id=\"18cae95\" data-element_type=\"widget\" data-e-type=\"widget\" data-widget_type=\"heading.default\">\n\t\t\t\t<div class=\"elementor-widget-container\">\n\t\t\t\t\t<h2 class=\"elementor-heading-title elementor-size-default\">\u0411\u044a\u043b\u0445\u0430\u0440\u0441\u043a\u0438 \u043f\u0430\u0437\u0430\u0440<\/h2>\t\t\t\t<\/div>\n\t\t\t\t<\/div>\n\t\t\t\t<div class=\"elementor-element elementor-element-a8465fc elementor-widget elementor-widget-text-editor\" data-id=\"a8465fc\" data-element_type=\"widget\" data-e-type=\"widget\" data-widget_type=\"text-editor.default\">\n\t\t\t\t<div class=\"elementor-widget-container\">\n\t\t\t\t\t\t\t\t\t<p>\u0420\u0430\u0437\u0433\u043b\u0435\u0434\u0430\u0439\u0442\u0435 \u043d\u0430\u0448\u0438\u0442\u0435 \u043f\u0440\u0435\u0434\u043b\u043e\u0436\u0435\u043d\u0438\u044f \u0437\u0430 \u0431\u044a\u043b\u0445\u0438\u0442\u0435!<\/p>\n<p>\u041d\u044f\u043c\u0430\u043c\u0435 \u043d\u0438\u043a\u0430\u043a\u0432\u0430 \u043f\u043e\u043b\u0437\u0430 \u043e\u0442 \u043d\u044f\u043a\u043e\u0438 \u043d\u0435\u0449\u0430 \u0432 \u043f\u0440\u0438\u044e\u0442\u0430 \u0437\u0430 \u0436\u0438\u0432\u043e\u0442\u043d\u0438. \u041c\u043e\u0436\u0435 \u0431\u0438 \u043c\u043e\u0436\u0435\u0442\u0435 \u0434\u0430 \u0438\u0437\u043f\u043e\u043b\u0437\u0432\u0430\u0442\u0435 \u043d\u044f\u043a\u043e\u0438 \u043e\u0442 \u0442\u044f\u0445 \u0437\u0430 \u0432\u0430\u0448\u0438\u044f \u0434\u043e\u043c\u0430\u0448\u0435\u043d \u043b\u044e\u0431\u0438\u043c\u0435\u0446. \u0429\u0435 \u0441\u0435 \u0440\u0430\u0434\u0432\u0430\u043c\u0435 \u0434\u0430 \u0432\u0438 \u0433\u0438 \u043f\u0440\u0435\u0434\u0430\u0434\u0435\u043c \u0441\u0440\u0435\u0449\u0443 \u0434\u0430\u0440\u0435\u043d\u0438\u0435. \u0425\u043e\u0440\u0430\u0442\u0430, \u043a\u043e\u0438\u0442\u043e \u043f\u0440\u0438\u0435\u043c\u0430\u0442 \u043d\u044f\u043a\u043e\u0435 \u043e\u0442 \u043d\u0430\u0448\u0438\u0442\u0435 \u0436\u0438\u0432\u043e\u0442\u043d\u0438, \u0441\u044a\u0449\u043e \u0438\u043c\u0430\u0442 \u0434\u043e\u0441\u0442\u044a\u043f \u0434\u043e \u0442\u043e\u0437\u0438 \u0444\u043e\u043d\u0434.<\/p>\n<p>\u0422\u044a\u0439 \u043a\u0430\u0442\u043e \u0440\u0435\u0434\u043e\u0432\u043d\u043e \u043e\u0431\u043d\u043e\u0432\u044f\u0432\u0430\u043c\u0435 \u043d\u0430\u0448\u0438\u044f \u0431\u044a\u043b\u0445\u0430\u0440\u0441\u043a\u0438 \u043f\u0430\u0437\u0430\u0440, \u0449\u0435 \u0441\u0435 \u0440\u0430\u0434\u0432\u0430\u043c\u0435 \u0434\u0430 \u043f\u043e\u043b\u0443\u0447\u0438\u043c \u0434\u043e\u0431\u0440\u0435 \u0437\u0430\u043f\u0430\u0437\u0435\u043d\u0438 \u0430\u043a\u0441\u0435\u0441\u043e\u0430\u0440\u0438 \u0437\u0430 \u0434\u043e\u043c\u0430\u0448\u043d\u0438 \u043b\u044e\u0431\u0438\u043c\u0446\u0438, \u043a\u043e\u0438\u0442\u043e \u0432\u0435\u0447\u0435 \u043d\u0435 \u0441\u0430 \u0432\u0438 \u043d\u0435\u043e\u0431\u0445\u043e\u0434\u0438\u043c\u0438. \u041c\u043e\u0436\u0435\u0442\u0435 \u0434\u0430 \u0433\u0438 \u043f\u043e\u0441\u0442\u0430\u0432\u0438\u0442\u0435 \u0432 \u043d\u0430\u0448\u0430\u0442\u0430 \u043a\u0443\u0442\u0438\u044f \u0437\u0430 \u0434\u0430\u0440\u0435\u043d\u0438\u044f \u0434\u043e\u0440\u0438 \u0438\u0437\u0432\u044a\u043d \u0440\u0430\u0431\u043e\u0442\u043d\u043e\u0442\u043e \u043d\u0438 \u0432\u0440\u0435\u043c\u0435. \u0413\u043e\u043b\u0435\u043c\u0438 \u043a\u043e\u043b\u0438\u0447\u0435\u0441\u0442\u0432\u0430 \u0438 \u043f\u043e-\u0433\u043e\u043b\u0435\u043c\u0438 \u043f\u0440\u0435\u0434\u043c\u0435\u0442\u0438 \u043c\u043e\u0436\u0435\u043c \u0434\u0430 \u043f\u0440\u0438\u0435\u043c\u0435\u043c \u0441\u0430\u043c\u043e \u0441\u043b\u0435\u0434 \u043a\u043e\u043d\u0441\u0443\u043b\u0442\u0430\u0446\u0438\u044f. \u0412 \u0442\u043e\u0437\u0438 \u0441\u043b\u0443\u0447\u0430\u0439, \u043c\u043e\u043b\u044f, \u0441\u0432\u044a\u0440\u0436\u0435\u0442\u0435 \u0441\u0435 \u0441 \u043d\u0430\u0441 \u043f\u043e \u0438\u043c\u0435\u0439\u043b \u0438\u043b\u0438 \u0442\u0435\u043b\u0435\u0444\u043e\u043d.<\/p>\n<p>\u0420\u0430\u0437\u0431\u0438\u0440\u0430 \u0441\u0435, \u043d\u0430\u0448\u0438\u0442\u0435 \u0436\u0438\u0432\u043e\u0442\u043d\u0438 \u043e\u0442 \u043f\u0440\u0438\u044e\u0442\u0430 \u0432\u0438\u043d\u0430\u0433\u0438 \u0441\u0430 \u043f\u044a\u0440\u0432\u0438\u0442\u0435, \u043a\u043e\u0438\u0442\u043e \u0441\u0435 \u0440\u0430\u0434\u0432\u0430\u0442 \u043d\u0430 \u0442\u0435\u0437\u0438 \u043f\u0440\u0435\u043a\u0440\u0430\u0441\u043d\u0438 \u0438\u0433\u0440\u0430\u0447\u043a\u0438, \u043a\u043e\u0448\u043d\u0438\u0446\u0438, \u043a\u0443\u043f\u0438\u0447\u043a\u0438, \u043e\u0434\u0435\u044f\u043b\u0430 \u0438 \u0442.\u043d.<\/p>\n<p><strong>\u0420\u0430\u0437\u0431\u0438\u0440\u0430 \u0441\u0435, 100% \u043e\u0442 \u043f\u0440\u0438\u0445\u043e\u0434\u0438\u0442\u0435 \u043e\u0442 \u0431\u044a\u043b\u0445\u0438\u0442\u0435 \u0449\u0435 \u043e\u0442\u0438\u0434\u0430\u0442 \u0437\u0430 \u043d\u0430\u0448\u0438\u0442\u0435 \u0436\u0438\u0432\u043e\u0442\u043d\u0438. <\/strong><strong><br><\/strong><br>\u041d\u0430\u0448\u0438\u044f\u0442 \u0431\u044a\u043b\u0445\u0430\u0440\u0441\u043a\u0438 \u043f\u0430\u0437\u0430\u0440 \u0435 \u043e\u0442\u0432\u043e\u0440\u0435\u043d \u0437\u0430 \u0432\u0430\u0441 \u0432 \u0440\u0430\u043c\u043a\u0438\u0442\u0435 \u043d\u0430 \u0440\u0430\u0431\u043e\u0442\u043d\u043e\u0442\u043e \u0432\u0440\u0435\u043c\u0435 \u0432\u0442\u043e\u0440\u043d\u0438\u043a, \u0441\u0440\u044f\u0434\u0430, \u043f\u0435\u0442\u044a\u043a \u0438 \u0441\u044a\u0431\u043e\u0442\u0430 \u043e\u0442 15.00 \u0434\u043e 17.00 \u0447. \u0438 \u0432 \u043d\u0435\u0434\u0435\u043b\u044f \u043e\u0442 10.00 \u0434\u043e 12.00 \u0447. \u0415\u043b\u0430\u0442\u0435 \u0438 \u0440\u0430\u0437\u0433\u043b\u0435\u0434\u0430\u0439\u0442\u0435!<\/p>\n<p>\u041c\u043e\u043b\u044f, \u0441\u0432\u044a\u0440\u0436\u0435\u0442\u0435 \u0441\u0435 \u0441 \u043d\u0430\u0441 \u0432 \u043f\u0440\u0438\u044e\u0442\u0430 \u0437\u0430 \u0436\u0438\u0432\u043e\u0442\u043d\u0438 \u043d\u0430 \u0442\u0435\u043b: <a href=\"tel:047183257\">0471 - 8 32 57<\/a>. \u0412 \u0438\u0437\u0432\u044a\u043d\u0440\u0430\u0431\u043e\u0442\u043d\u043e \u0432\u0440\u0435\u043c\u0435 \u043c\u043e\u0436\u0435\u0442\u0435 \u0434\u0430 \u043e\u0441\u0442\u0430\u0432\u0438\u0442\u0435 \u0441\u044a\u043e\u0431\u0449\u0435\u043d\u0438\u0435 \u043d\u0430 \u043d\u0430\u0448\u0438\u044f \u0442\u0435\u043b\u0435\u0444\u043e\u043d\u0435\u043d \u0441\u0435\u043a\u0440\u0435\u0442\u0430\u0440. \u0429\u0435 \u0432\u0438 \u0441\u0435 \u043e\u0431\u0430\u0434\u0438\u043c \u043d\u0435\u0437\u0430\u0431\u0430\u0432\u043d\u043e.<\/p>\n<p>\u041c\u043e\u043b\u044f, \u0438\u043c\u0430\u0439\u0442\u0435 \u043f\u0440\u0435\u0434\u0432\u0438\u0434, \u0447\u0435 \u043f\u043e\u0441\u0435\u0449\u0435\u043d\u0438\u044f\u0442\u0430 \u043d\u0430 \u0431\u044a\u043b\u0445\u0430\u0442\u0430 \u0441\u0430 \u0432\u044a\u0437\u043c\u043e\u0436\u043d\u0438 \u0441\u0430\u043c\u043e \u0441\u043b\u0435\u0434 \u043f\u0440\u0435\u0434\u0432\u0430\u0440\u0438\u0442\u0435\u043b\u043d\u0430 \u0443\u0433\u043e\u0432\u043e\u0440\u043a\u0430 (\u0432 \u0440\u0430\u043c\u043a\u0438\u0442\u0435 \u043d\u0430 \u0440\u0430\u0431\u043e\u0442\u043d\u043e\u0442\u043e \u0432\u0440\u0435\u043c\u0435).<br><\/p>\n<p>\u0411\u043b\u0430\u0433\u043e\u0434\u0430\u0440\u0438\u043c \u0432\u0438 \u0437\u0430 \u0440\u0430\u0437\u0431\u0438\u0440\u0430\u043d\u0435\u0442\u043e \u0438 \u043e\u0447\u0430\u043a\u0432\u0430\u043c\u0435 \u0441 \u043d\u0435\u0442\u044a\u0440\u043f\u0435\u043d\u0438\u0435 \u0432\u0430\u0448\u0435\u0442\u043e \u043f\u043e\u0441\u0435\u0449\u0435\u043d\u0438\u0435!<\/p>\t\t\t\t\t\t\t\t<\/div>\n\t\t\t\t<\/div>\n\t\t\t\t<div class=\"elementor-element elementor-element-2212e63 elementor-widget elementor-widget-gallery\" data-id=\"2212e63\" data-element_type=\"widget\" data-e-type=\"widget\" data-settings=\"{&quot;columns&quot;:3,&quot;lazyload&quot;:&quot;yes&quot;,&quot;gallery_layout&quot;:&quot;grid&quot;,&quot;columns_tablet&quot;:2,&quot;columns_mobile&quot;:1,&quot;gap&quot;:{&quot;unit&quot;:&quot;px&quot;,&quot;size&quot;:10,&quot;sizes&quot;:[]},&quot;gap_tablet&quot;:{&quot;unit&quot;:&quot;px&quot;,&quot;size&quot;:10,&quot;sizes&quot;:[]},&quot;gap_mobile&quot;:{&quot;unit&quot;:&quot;px&quot;,&quot;size&quot;:10,&quot;sizes&quot;:[]},&quot;link_to&quot;:&quot;file&quot;,&quot;aspect_ratio&quot;:&quot;3:2&quot;,&quot;overlay_background&quot;:&quot;yes&quot;,&quot;content_hover_animation&quot;:&quot;fade-in&quot;}\" data-widget_type=\"gallery.default\">\n\t\t\t\t<div class=\"elementor-widget-container\">\n\t\t\t\t\t\t\t<div class=\"elementor-gallery__container\">\n\t\t\t\t\t\t\t<a class=\"e-gallery-item elementor-gallery-item elementor-animated-content\" href=\"https:\/\/www.tierschutz-bremerhaven.eu\/wp-content\/uploads\/2021\/09\/Flohmarkt11.jpg\" data-elementor-open-lightbox=\"yes\" data-elementor-lightbox-slideshow=\"2212e63\" data-elementor-lightbox-title=\"Flohmarkt11\" data-e-action-hash=\"#elementor-action%3Aaction%3Dlightbox%26settings%3DeyJpZCI6MzU2MCwidXJsIjoiaHR0cHM6XC9cL3d3dy50aWVyc2NodXR6LWJyZW1lcmhhdmVuLmV1XC93cC1jb250ZW50XC91cGxvYWRzXC8yMDIxXC8wOVwvRmxvaG1hcmt0MTEuanBnIiwic2xpZGVzaG93IjoiMjIxMmU2MyJ9\">\n\t\t\t\t\t<div class=\"e-gallery-image elementor-gallery-item__image\" data-thumbnail=\"https:\/\/www.tierschutz-bremerhaven.eu\/wp-content\/uploads\/2021\/09\/Flohmarkt11-300x225.jpg\" data-width=\"300\" data-height=\"225\" aria-label=\"\" role=\"img\" ><\/div>\n\t\t\t\t\t\t\t\t\t\t\t<div class=\"elementor-gallery-item__overlay\"><\/div>\n\t\t\t\t\t\t\t\t\t\t\t\t\t\t<\/a>\n\t\t\t\t\t\t\t<a class=\"e-gallery-item elementor-gallery-item elementor-animated-content\" href=\"https:\/\/www.tierschutz-bremerhaven.eu\/wp-content\/uploads\/2021\/09\/Flohmarkt10.jpg\" data-elementor-open-lightbox=\"yes\" data-elementor-lightbox-slideshow=\"2212e63\" data-elementor-lightbox-title=\"Flohmarkt10\" data-e-action-hash=\"#elementor-action%3Aaction%3Dlightbox%26settings%3DeyJpZCI6MzU2MSwidXJsIjoiaHR0cHM6XC9cL3d3dy50aWVyc2NodXR6LWJyZW1lcmhhdmVuLmV1XC93cC1jb250ZW50XC91cGxvYWRzXC8yMDIxXC8wOVwvRmxvaG1hcmt0MTAuanBnIiwic2xpZGVzaG93IjoiMjIxMmU2MyJ9\">\n\t\t\t\t\t<div class=\"e-gallery-image elementor-gallery-item__image\" data-thumbnail=\"https:\/\/www.tierschutz-bremerhaven.eu\/wp-content\/uploads\/2021\/09\/Flohmarkt10-300x225.jpg\" data-width=\"300\" data-height=\"225\" aria-label=\"\" role=\"img\" ><\/div>\n\t\t\t\t\t\t\t\t\t\t\t<div class=\"elementor-gallery-item__overlay\"><\/div>\n\t\t\t\t\t\t\t\t\t\t\t\t\t\t<\/a>\n\t\t\t\t\t\t\t<a class=\"e-gallery-item elementor-gallery-item elementor-animated-content\" href=\"https:\/\/www.tierschutz-bremerhaven.eu\/wp-content\/uploads\/2021\/09\/Flohmarkt9.jpg\" data-elementor-open-lightbox=\"yes\" data-elementor-lightbox-slideshow=\"2212e63\" data-elementor-lightbox-title=\"Flohmarkt9\" data-e-action-hash=\"#elementor-action%3Aaction%3Dlightbox%26settings%3DeyJpZCI6MzU2MiwidXJsIjoiaHR0cHM6XC9cL3d3dy50aWVyc2NodXR6LWJyZW1lcmhhdmVuLmV1XC93cC1jb250ZW50XC91cGxvYWRzXC8yMDIxXC8wOVwvRmxvaG1hcmt0OS5qcGciLCJzbGlkZXNob3ciOiIyMjEyZTYzIn0%3D\">\n\t\t\t\t\t<div class=\"e-gallery-image elementor-gallery-item__image\" data-thumbnail=\"https:\/\/www.tierschutz-bremerhaven.eu\/wp-content\/uploads\/2021\/09\/Flohmarkt9-225x300.jpg\" data-width=\"225\" data-height=\"300\" aria-label=\"\" role=\"img\" ><\/div>\n\t\t\t\t\t\t\t\t\t\t\t<div class=\"elementor-gallery-item__overlay\"><\/div>\n\t\t\t\t\t\t\t\t\t\t\t\t\t\t<\/a>\n\t\t\t\t\t\t\t<a class=\"e-gallery-item elementor-gallery-item elementor-animated-content\" href=\"https:\/\/www.tierschutz-bremerhaven.eu\/wp-content\/uploads\/2021\/09\/Flohmarkt8.jpg\" data-elementor-open-lightbox=\"yes\" data-elementor-lightbox-slideshow=\"2212e63\" data-elementor-lightbox-title=\"Flohmarkt8\" data-e-action-hash=\"#elementor-action%3Aaction%3Dlightbox%26settings%3DeyJpZCI6MzU2MywidXJsIjoiaHR0cHM6XC9cL3d3dy50aWVyc2NodXR6LWJyZW1lcmhhdmVuLmV1XC93cC1jb250ZW50XC91cGxvYWRzXC8yMDIxXC8wOVwvRmxvaG1hcmt0OC5qcGciLCJzbGlkZXNob3ciOiIyMjEyZTYzIn0%3D\">\n\t\t\t\t\t<div class=\"e-gallery-image elementor-gallery-item__image\" data-thumbnail=\"https:\/\/www.tierschutz-bremerhaven.eu\/wp-content\/uploads\/2021\/09\/Flohmarkt8-225x300.jpg\" data-width=\"225\" data-height=\"300\" aria-label=\"\" role=\"img\" ><\/div>\n\t\t\t\t\t\t\t\t\t\t\t<div class=\"elementor-gallery-item__overlay\"><\/div>\n\t\t\t\t\t\t\t\t\t\t\t\t\t\t<\/a>\n\t\t\t\t\t\t\t<a class=\"e-gallery-item elementor-gallery-item elementor-animated-content\" href=\"https:\/\/www.tierschutz-bremerhaven.eu\/wp-content\/uploads\/2021\/09\/Flohmarkt7.jpg\" data-elementor-open-lightbox=\"yes\" data-elementor-lightbox-slideshow=\"2212e63\" data-elementor-lightbox-title=\"Flohmarkt7\" data-e-action-hash=\"#elementor-action%3Aaction%3Dlightbox%26settings%3DeyJpZCI6MzU2NCwidXJsIjoiaHR0cHM6XC9cL3d3dy50aWVyc2NodXR6LWJyZW1lcmhhdmVuLmV1XC93cC1jb250ZW50XC91cGxvYWRzXC8yMDIxXC8wOVwvRmxvaG1hcmt0Ny5qcGciLCJzbGlkZXNob3ciOiIyMjEyZTYzIn0%3D\">\n\t\t\t\t\t<div class=\"e-gallery-image elementor-gallery-item__image\" data-thumbnail=\"https:\/\/www.tierschutz-bremerhaven.eu\/wp-content\/uploads\/2021\/09\/Flohmarkt7-300x225.jpg\" data-width=\"300\" data-height=\"225\" aria-label=\"\" role=\"img\" ><\/div>\n\t\t\t\t\t\t\t\t\t\t\t<div class=\"elementor-gallery-item__overlay\"><\/div>\n\t\t\t\t\t\t\t\t\t\t\t\t\t\t<\/a>\n\t\t\t\t\t\t\t<a class=\"e-gallery-item elementor-gallery-item elementor-animated-content\" href=\"https:\/\/www.tierschutz-bremerhaven.eu\/wp-content\/uploads\/2021\/09\/Flohmarkt6.jpg\" data-elementor-open-lightbox=\"yes\" data-elementor-lightbox-slideshow=\"2212e63\" data-elementor-lightbox-title=\"Flohmarkt6\" data-e-action-hash=\"#elementor-action%3Aaction%3Dlightbox%26settings%3DeyJpZCI6MzU2NSwidXJsIjoiaHR0cHM6XC9cL3d3dy50aWVyc2NodXR6LWJyZW1lcmhhdmVuLmV1XC93cC1jb250ZW50XC91cGxvYWRzXC8yMDIxXC8wOVwvRmxvaG1hcmt0Ni5qcGciLCJzbGlkZXNob3ciOiIyMjEyZTYzIn0%3D\">\n\t\t\t\t\t<div class=\"e-gallery-image elementor-gallery-item__image\" data-thumbnail=\"https:\/\/www.tierschutz-bremerhaven.eu\/wp-content\/uploads\/2021\/09\/Flohmarkt6-225x300.jpg\" data-width=\"225\" data-height=\"300\" aria-label=\"\" role=\"img\" ><\/div>\n\t\t\t\t\t\t\t\t\t\t\t<div class=\"elementor-gallery-item__overlay\"><\/div>\n\t\t\t\t\t\t\t\t\t\t\t\t\t\t<\/a>\n\t\t\t\t\t\t\t<a class=\"e-gallery-item elementor-gallery-item elementor-animated-content\" href=\"https:\/\/www.tierschutz-bremerhaven.eu\/wp-content\/uploads\/2021\/09\/Flohmarkt5.jpg\" data-elementor-open-lightbox=\"yes\" data-elementor-lightbox-slideshow=\"2212e63\" data-elementor-lightbox-title=\"Flohmarkt5\" data-e-action-hash=\"#elementor-action%3Aaction%3Dlightbox%26settings%3DeyJpZCI6MzU2NiwidXJsIjoiaHR0cHM6XC9cL3d3dy50aWVyc2NodXR6LWJyZW1lcmhhdmVuLmV1XC93cC1jb250ZW50XC91cGxvYWRzXC8yMDIxXC8wOVwvRmxvaG1hcmt0NS5qcGciLCJzbGlkZXNob3ciOiIyMjEyZTYzIn0%3D\">\n\t\t\t\t\t<div class=\"e-gallery-image elementor-gallery-item__image\" data-thumbnail=\"https:\/\/www.tierschutz-bremerhaven.eu\/wp-content\/uploads\/2021\/09\/Flohmarkt5-225x300.jpg\" data-width=\"225\" data-height=\"300\" aria-label=\"\" role=\"img\" ><\/div>\n\t\t\t\t\t\t\t\t\t\t\t<div class=\"elementor-gallery-item__overlay\"><\/div>\n\t\t\t\t\t\t\t\t\t\t\t\t\t\t<\/a>\n\t\t\t\t\t\t\t<a class=\"e-gallery-item elementor-gallery-item elementor-animated-content\" href=\"https:\/\/www.tierschutz-bremerhaven.eu\/wp-content\/uploads\/2021\/09\/Flohmarkt4.jpg\" data-elementor-open-lightbox=\"yes\" data-elementor-lightbox-slideshow=\"2212e63\" data-elementor-lightbox-title=\"Flohmarkt4\" data-e-action-hash=\"#elementor-action%3Aaction%3Dlightbox%26settings%3DeyJpZCI6MzU2NywidXJsIjoiaHR0cHM6XC9cL3d3dy50aWVyc2NodXR6LWJyZW1lcmhhdmVuLmV1XC93cC1jb250ZW50XC91cGxvYWRzXC8yMDIxXC8wOVwvRmxvaG1hcmt0NC5qcGciLCJzbGlkZXNob3ciOiIyMjEyZTYzIn0%3D\">\n\t\t\t\t\t<div class=\"e-gallery-image elementor-gallery-item__image\" data-thumbnail=\"https:\/\/www.tierschutz-bremerhaven.eu\/wp-content\/uploads\/2021\/09\/Flohmarkt4-225x300.jpg\" data-width=\"225\" data-height=\"300\" aria-label=\"\" role=\"img\" ><\/div>\n\t\t\t\t\t\t\t\t\t\t\t<div class=\"elementor-gallery-item__overlay\"><\/div>\n\t\t\t\t\t\t\t\t\t\t\t\t\t\t<\/a>\n\t\t\t\t\t\t\t<a class=\"e-gallery-item elementor-gallery-item elementor-animated-content\" href=\"https:\/\/www.tierschutz-bremerhaven.eu\/wp-content\/uploads\/2021\/09\/Flohmarkt3.jpg\" data-elementor-open-lightbox=\"yes\" data-elementor-lightbox-slideshow=\"2212e63\" data-elementor-lightbox-title=\"Flohmarkt3\" data-e-action-hash=\"#elementor-action%3Aaction%3Dlightbox%26settings%3DeyJpZCI6MzU2OCwidXJsIjoiaHR0cHM6XC9cL3d3dy50aWVyc2NodXR6LWJyZW1lcmhhdmVuLmV1XC93cC1jb250ZW50XC91cGxvYWRzXC8yMDIxXC8wOVwvRmxvaG1hcmt0My5qcGciLCJzbGlkZXNob3ciOiIyMjEyZTYzIn0%3D\">\n\t\t\t\t\t<div class=\"e-gallery-image elementor-gallery-item__image\" data-thumbnail=\"https:\/\/www.tierschutz-bremerhaven.eu\/wp-content\/uploads\/2021\/09\/Flohmarkt3-300x225.jpg\" data-width=\"300\" data-height=\"225\" aria-label=\"\" role=\"img\" ><\/div>\n\t\t\t\t\t\t\t\t\t\t\t<div class=\"elementor-gallery-item__overlay\"><\/div>\n\t\t\t\t\t\t\t\t\t\t\t\t\t\t<\/a>\n\t\t\t\t\t\t\t<a class=\"e-gallery-item elementor-gallery-item elementor-animated-content\" href=\"https:\/\/www.tierschutz-bremerhaven.eu\/wp-content\/uploads\/2021\/09\/Flohmarkt2.jpg\" data-elementor-open-lightbox=\"yes\" data-elementor-lightbox-slideshow=\"2212e63\" data-elementor-lightbox-title=\"Flohmarkt2\" data-e-action-hash=\"#elementor-action%3Aaction%3Dlightbox%26settings%3DeyJpZCI6MzU2OSwidXJsIjoiaHR0cHM6XC9cL3d3dy50aWVyc2NodXR6LWJyZW1lcmhhdmVuLmV1XC93cC1jb250ZW50XC91cGxvYWRzXC8yMDIxXC8wOVwvRmxvaG1hcmt0Mi5qcGciLCJzbGlkZXNob3ciOiIyMjEyZTYzIn0%3D\">\n\t\t\t\t\t<div class=\"e-gallery-image elementor-gallery-item__image\" data-thumbnail=\"https:\/\/www.tierschutz-bremerhaven.eu\/wp-content\/uploads\/2021\/09\/Flohmarkt2-300x225.jpg\" data-width=\"300\" data-height=\"225\" aria-label=\"\" role=\"img\" ><\/div>\n\t\t\t\t\t\t\t\t\t\t\t<div class=\"elementor-gallery-item__overlay\"><\/div>\n\t\t\t\t\t\t\t\t\t\t\t\t\t\t<\/a>\n\t\t\t\t\t\t\t<a class=\"e-gallery-item elementor-gallery-item elementor-animated-content\" href=\"https:\/\/www.tierschutz-bremerhaven.eu\/wp-content\/uploads\/2021\/09\/Flohmarkt1.jpg\" data-elementor-open-lightbox=\"yes\" data-elementor-lightbox-slideshow=\"2212e63\" data-elementor-lightbox-title=\"Flohmarkt1\" data-e-action-hash=\"#elementor-action%3Aaction%3Dlightbox%26settings%3DeyJpZCI6MzU3MCwidXJsIjoiaHR0cHM6XC9cL3d3dy50aWVyc2NodXR6LWJyZW1lcmhhdmVuLmV1XC93cC1jb250ZW50XC91cGxvYWRzXC8yMDIxXC8wOVwvRmxvaG1hcmt0MS5qcGciLCJzbGlkZXNob3ciOiIyMjEyZTYzIn0%3D\">\n\t\t\t\t\t<div class=\"e-gallery-image elementor-gallery-item__image\" data-thumbnail=\"https:\/\/www.tierschutz-bremerhaven.eu\/wp-content\/uploads\/2021\/09\/Flohmarkt1-225x300.jpg\" data-width=\"225\" data-height=\"300\" aria-label=\"\" role=\"img\" ><\/div>\n\t\t\t\t\t\t\t\t\t\t\t<div class=\"elementor-gallery-item__overlay\"><\/div>\n\t\t\t\t\t\t\t\t\t\t\t\t\t\t<\/a>\n\t\t\t\t\t<\/div>\n\t\t\t\t\t<\/div>\n\t\t\t\t<\/div>\n\t\t\t\t\t<\/div>\n\t\t<\/div>\n\t\t\t\t\t<\/div>\n\t\t<\/section>\n\t\t\t\t<\/div>","protected":false},"excerpt":{"rendered":"<p>Flohmarkt St\u00f6bern Sie doch mal in unserem Flohmarktangebot! F\u00fcr manche Dinge haben wir im Tierheim keine Verwendung. Vielleicht k\u00f6nnen Sie etwas davon f\u00fcr Ihren Liebling gebrauchen. Gegen eine Spende geben wir es gerne an Sie weiter. Auch Menschen, die eines unserer Tiere aufnehmen, k\u00f6nnen auf diesen Fundus zugreifen. Da wir unseren Flohmarkt regelm\u00e4\u00dfig aktualisieren, freuen [&hellip;]<\/p>\n","protected":false},"author":3,"featured_media":0,"parent":0,"menu_order":0,"comment_status":"closed","ping_status":"closed","template":"","meta":{"footnotes":""},"class_list":["post-2364","page","type-page","status-publish","hentry"],"_links":{"self":[{"href":"https:\/\/www.tierschutz-bremerhaven.eu\/bg\/wp-json\/wp\/v2\/pages\/2364","targetHints":{"allow":["GET"]}}],"collection":[{"href":"https:\/\/www.tierschutz-bremerhaven.eu\/bg\/wp-json\/wp\/v2\/pages"}],"about":[{"href":"https:\/\/www.tierschutz-bremerhaven.eu\/bg\/wp-json\/wp\/v2\/types\/page"}],"author":[{"embeddable":true,"href":"https:\/\/www.tierschutz-bremerhaven.eu\/bg\/wp-json\/wp\/v2\/users\/3"}],"replies":[{"embeddable":true,"href":"https:\/\/www.tierschutz-bremerhaven.eu\/bg\/wp-json\/wp\/v2\/comments?post=2364"}],"version-history":[{"count":36,"href":"https:\/\/www.tierschutz-bremerhaven.eu\/bg\/wp-json\/wp\/v2\/pages\/2364\/revisions"}],"predecessor-version":[{"id":8942,"href":"https:\/\/www.tierschutz-bremerhaven.eu\/bg\/wp-json\/wp\/v2\/pages\/2364\/revisions\/8942"}],"wp:attachment":[{"href":"https:\/\/www.tierschutz-bremerhaven.eu\/bg\/wp-json\/wp\/v2\/media?parent=2364"}],"curies":[{"name":"wp","href":"https:\/\/api.w.org\/{rel}","templated":true}]}}