{"id":2632,"date":"2021-06-22T12:03:23","date_gmt":"2021-06-22T12:03:23","guid":{"rendered":"https:\/\/tierschutz-bremerhaven.eu\/?page_id=2632"},"modified":"2021-09-23T18:45:56","modified_gmt":"2021-09-23T18:45:56","slug":"%d0%b4%d0%b0%d1%80%d0%b5%d0%bd%d0%b8%d0%b5-%d0%b7%d0%b0-%d1%81%d1%8a%d0%b1%d0%b8%d1%82%d0%b8%d0%b5","status":"publish","type":"page","link":"https:\/\/www.tierschutz-bremerhaven.eu\/bg\/eventspende","title":{"rendered":"\u0414\u0430\u0440\u0435\u043d\u0438\u0435 \u0437\u0430 \u0441\u044a\u0431\u0438\u0442\u0438\u0435"},"content":{"rendered":"<div data-elementor-type=\"wp-page\" data-elementor-id=\"2632\" class=\"elementor elementor-2632\" data-elementor-post-type=\"page\">\n\t\t\t\t\t\t<section class=\"elementor-section elementor-top-section elementor-element elementor-element-3f2c348 elementor-section-boxed elementor-section-height-default elementor-section-height-default\" data-id=\"3f2c348\" data-element_type=\"section\" data-e-type=\"section\" data-settings=\"{&quot;background_background&quot;:&quot;classic&quot;}\">\n\t\t\t\t\t\t<div class=\"elementor-container elementor-column-gap-default\">\n\t\t\t\t\t<div class=\"elementor-column elementor-col-100 elementor-top-column elementor-element elementor-element-2cef154\" data-id=\"2cef154\" data-element_type=\"column\" data-e-type=\"column\">\n\t\t\t<div class=\"elementor-widget-wrap elementor-element-populated\">\n\t\t\t\t\t\t<div class=\"elementor-element elementor-element-02a7822 elementor-widget elementor-widget-heading\" data-id=\"02a7822\" data-element_type=\"widget\" data-e-type=\"widget\" data-widget_type=\"heading.default\">\n\t\t\t\t<div class=\"elementor-widget-container\">\n\t\t\t\t\t<h2 class=\"elementor-heading-title elementor-size-default\">\u0414\u0430\u0440\u0435\u043d\u0438\u0435 \u0437\u0430 \u0441\u044a\u0431\u0438\u0442\u0438\u0435<\/h2>\t\t\t\t<\/div>\n\t\t\t\t<\/div>\n\t\t\t\t<div class=\"elementor-element elementor-element-7cc7aaa elementor-widget elementor-widget-text-editor\" data-id=\"7cc7aaa\" data-element_type=\"widget\" data-e-type=\"widget\" data-widget_type=\"text-editor.default\">\n\t\t\t\t<div class=\"elementor-widget-container\">\n\t\t\t\t\t\t\t\t\t<p>\u0418\u0441\u043a\u0430\u0442\u0435 \u043b\u0438 \u0434\u0430 \u043d\u0438 \u043f\u043e\u0434\u043a\u0440\u0435\u043f\u0438\u0442\u0435, \u043a\u0430\u0442\u043e \u0441\u044a\u0431\u0435\u0440\u0435\u0442\u0435 \u043f\u0430\u0440\u0438 \u0437\u0430 \u0436\u0438\u0432\u043e\u0442\u043d\u0438\u0442\u0435 \u0432 \u043f\u0440\u0438\u044e\u0442\u0430 \u0437\u0430 \u0436\u0438\u0432\u043e\u0442\u043d\u0438 \u0432 \u0411\u0440\u0435\u043c\u0435\u0440\u0445\u0430\u0444\u0435\u043d \u043f\u043e \u0432\u0440\u0435\u043c\u0435 \u043d\u0430 \u0441\u043f\u0435\u0446\u0438\u0430\u043b\u043d\u043e \u0441\u044a\u0431\u0438\u0442\u0438\u0435?<br \/>\u041d\u0430\u043f\u0440\u0438\u043c\u0435\u0440 \u043c\u043e\u0436\u0435\u0442\u0435 \u0434\u0430 \u043f\u043e\u043c\u043e\u043b\u0438\u0442\u0435 \u043f\u0440\u0438\u044f\u0442\u0435\u043b\u0438\u0442\u0435 \u0438 \u0441\u0435\u043c\u0435\u0439\u0441\u0442\u0432\u043e\u0442\u043e \u0441\u0438 \u0434\u0430 \u043d\u0430\u043f\u0440\u0430\u0432\u044f\u0442 \u0434\u0430\u0440\u0435\u043d\u0438\u0435 \u0432\u043c\u0435\u0441\u0442\u043e \u043f\u043e\u0434\u0430\u0440\u044a\u043a \u0437\u0430 \u0440\u043e\u0436\u0434\u0435\u043d\u0438\u044f \u0434\u0435\u043d. \u0418\u043b\u0438 \u0434\u0430 \u043e\u0440\u0433\u0430\u043d\u0438\u0437\u0438\u0440\u0430\u0442\u0435 \u0442\u043e\u043c\u0431\u043e\u043b\u0430 \u0437\u0430 \u043d\u0430\u0441 \u043d\u0430 \u0443\u043b\u0438\u0447\u043d\u043e \u043f\u0430\u0440\u0442\u0438, \u043d\u0430\u043f\u0440\u0438\u043c\u0435\u0440. \u041c\u043e\u0436\u0435 \u0431\u0438 \u0431\u0438\u0445\u0442\u0435 \u0438\u0441\u043a\u0430\u043b\u0438 \u0434\u0430 \u0437\u0430\u043f\u043e\u0447\u043d\u0435\u0442\u0435 \u043a\u0430\u043c\u043f\u0430\u043d\u0438\u044f \u0437\u0430 \u0441\u044a\u0431\u0438\u0440\u0430\u043d\u0435 \u043d\u0430 \u0434\u0430\u0440\u0435\u043d\u0438\u044f \u0437\u0430 \u043d\u0430\u0441 \u0437\u0430\u0435\u0434\u043d\u043e \u0441 \u043a\u043e\u043b\u0435\u0433\u0438\u0442\u0435 \u0441\u0438.<\/p><p>\u0410\u043a\u043e \u0438\u0441\u043a\u0430\u0442\u0435 \u0434\u0430 \u043d\u0438 \u043f\u043e\u0434\u043a\u0440\u0435\u043f\u0438\u0442\u0435, \u0441\u0432\u044a\u0440\u0436\u0435\u0442\u0435 \u0441\u0435 \u0441 \u043d\u0430\u0441 \u0432 \u043f\u0440\u0438\u044e\u0442\u0430 \u0437\u0430 \u0436\u0438\u0432\u043e\u0442\u043d\u0438 \u043d\u0430 \u0442\u0435\u043b. <a href=\"tel:047183257\">0471 - 8 32 57<\/a>. \u0412 \u0438\u0437\u0432\u044a\u043d\u0440\u0430\u0431\u043e\u0442\u043d\u043e \u0432\u0440\u0435\u043c\u0435 \u043c\u043e\u0436\u0435\u0442\u0435 \u0434\u0430 \u043e\u0441\u0442\u0430\u0432\u0438\u0442\u0435 \u0441\u044a\u043e\u0431\u0449\u0435\u043d\u0438\u0435 \u043d\u0430 \u043d\u0430\u0448\u0438\u044f \u0442\u0435\u043b\u0435\u0444\u043e\u043d\u0435\u043d \u0441\u0435\u043a\u0440\u0435\u0442\u0430\u0440. \u0429\u0435 \u0432\u0438 \u0441\u0435 \u043e\u0431\u0430\u0434\u0438\u043c \u043d\u0435\u0437\u0430\u0431\u0430\u0432\u043d\u043e.<\/p>\t\t\t\t\t\t\t\t<\/div>\n\t\t\t\t<\/div>\n\t\t\t\t\t<\/div>\n\t\t<\/div>\n\t\t\t\t\t<\/div>\n\t\t<\/section>\n\t\t\t\t<\/div>","protected":false},"excerpt":{"rendered":"<p>Eventspende M\u00f6chten Sie uns unterst\u00fctzen, indem Sie anl\u00e4sslich eines besonderen Events f\u00fcr die Tiere im Bremerhavener Tierheim sammeln?Zum Beispiel k\u00f6nnen Sie Ihre Freunde und Familie bitten, anstelle eines Geburtstagsgeschenks zu spenden. Oder z. B. bei einem Stra\u00dfenfest eine Tombola f\u00fcr uns organisieren. Vielleicht m\u00f6chten Sie mit Kollegen eine Sammelaktion f\u00fcr uns starten. Wenn Sie uns [&hellip;]<\/p>\n","protected":false},"author":3,"featured_media":0,"parent":0,"menu_order":0,"comment_status":"closed","ping_status":"closed","template":"","meta":{"footnotes":""},"class_list":["post-2632","page","type-page","status-publish","hentry"],"_links":{"self":[{"href":"https:\/\/www.tierschutz-bremerhaven.eu\/bg\/wp-json\/wp\/v2\/pages\/2632","targetHints":{"allow":["GET"]}}],"collection":[{"href":"https:\/\/www.tierschutz-bremerhaven.eu\/bg\/wp-json\/wp\/v2\/pages"}],"about":[{"href":"https:\/\/www.tierschutz-bremerhaven.eu\/bg\/wp-json\/wp\/v2\/types\/page"}],"author":[{"embeddable":true,"href":"https:\/\/www.tierschutz-bremerhaven.eu\/bg\/wp-json\/wp\/v2\/users\/3"}],"replies":[{"embeddable":true,"href":"https:\/\/www.tierschutz-bremerhaven.eu\/bg\/wp-json\/wp\/v2\/comments?post=2632"}],"version-history":[{"count":27,"href":"https:\/\/www.tierschutz-bremerhaven.eu\/bg\/wp-json\/wp\/v2\/pages\/2632\/revisions"}],"predecessor-version":[{"id":4354,"href":"https:\/\/www.tierschutz-bremerhaven.eu\/bg\/wp-json\/wp\/v2\/pages\/2632\/revisions\/4354"}],"wp:attachment":[{"href":"https:\/\/www.tierschutz-bremerhaven.eu\/bg\/wp-json\/wp\/v2\/media?parent=2632"}],"curies":[{"name":"wp","href":"https:\/\/api.w.org\/{rel}","templated":true}]}}