{"id":2811,"date":"2021-07-23T06:18:20","date_gmt":"2021-07-23T06:18:20","guid":{"rendered":"https:\/\/tierschutz-bremerhaven.eu\/?page_id=2811"},"modified":"2021-09-24T16:54:49","modified_gmt":"2021-09-24T16:54:49","slug":"%d0%bf%d0%b0%d1%80%d0%b8%d1%87%d0%bd%d0%be-%d0%b4%d0%b0%d1%80%d0%b5%d0%bd%d0%b8%d0%b5","status":"publish","type":"page","link":"https:\/\/www.tierschutz-bremerhaven.eu\/bg\/geldspende","title":{"rendered":"\u041f\u0430\u0440\u0438\u0447\u043d\u043e \u0434\u0430\u0440\u0435\u043d\u0438\u0435"},"content":{"rendered":"<div data-elementor-type=\"wp-page\" data-elementor-id=\"2811\" class=\"elementor elementor-2811\" data-elementor-post-type=\"page\">\n\t\t\t\t\t\t<section class=\"elementor-section elementor-top-section elementor-element elementor-element-3f2c348 elementor-section-boxed elementor-section-height-default elementor-section-height-default\" data-id=\"3f2c348\" data-element_type=\"section\" data-e-type=\"section\" data-settings=\"{&quot;background_background&quot;:&quot;classic&quot;}\">\n\t\t\t\t\t\t<div class=\"elementor-container elementor-column-gap-default\">\n\t\t\t\t\t<div class=\"elementor-column elementor-col-100 elementor-top-column elementor-element elementor-element-2cef154\" data-id=\"2cef154\" data-element_type=\"column\" data-e-type=\"column\">\n\t\t\t<div class=\"elementor-widget-wrap elementor-element-populated\">\n\t\t\t\t\t\t<div class=\"elementor-element elementor-element-02a7822 elementor-widget elementor-widget-heading\" data-id=\"02a7822\" data-element_type=\"widget\" data-e-type=\"widget\" data-widget_type=\"heading.default\">\n\t\t\t\t<div class=\"elementor-widget-container\">\n\t\t\t\t\t<h2 class=\"elementor-heading-title elementor-size-default\">\u041f\u0430\u0440\u0438\u0447\u043d\u043e \u0434\u0430\u0440\u0435\u043d\u0438\u0435<\/h2>\t\t\t\t<\/div>\n\t\t\t\t<\/div>\n\t\t\t\t<div class=\"elementor-element elementor-element-7cc7aaa elementor-widget elementor-widget-text-editor\" data-id=\"7cc7aaa\" data-element_type=\"widget\" data-e-type=\"widget\" data-widget_type=\"text-editor.default\">\n\t\t\t\t<div class=\"elementor-widget-container\">\n\t\t\t\t\t\t\t\t\t<p>\u041a\u0430\u0442\u043e \u043e\u0440\u0433\u0430\u043d\u0438\u0437\u0430\u0446\u0438\u044f \u0441 \u043d\u0435\u0441\u0442\u043e\u043f\u0430\u043d\u0441\u043a\u0430 \u0446\u0435\u043b \u0440\u0430\u0437\u0447\u0438\u0442\u0430\u043c\u0435 \u043d\u0430 \u0434\u0430\u0440\u0435\u043d\u0438\u044f, \u0437\u0430 \u0434\u0430 \u043f\u043e\u0434\u0434\u044a\u0440\u0436\u0430\u043c\u0435 \u043f\u0440\u0438\u044e\u0442\u0430 \u0437\u0430 \u0436\u0438\u0432\u043e\u0442\u043d\u0438, \u043a\u043e\u0438\u0442\u043e, \u0440\u0430\u0437\u0431\u0438\u0440\u0430 \u0441\u0435, \u043c\u043e\u0433\u0430\u0442 \u0434\u0430 \u0431\u044a\u0434\u0430\u0442 \u043f\u0440\u0438\u0441\u043f\u0430\u0434\u043d\u0430\u0442\u0438 \u043e\u0442 \u0434\u0430\u043d\u044a\u0446\u0438\u0442\u0435. \u0410\u043a\u043e \u0434\u0430\u0440\u0438\u0442\u0435 200 \u0435\u0432\u0440\u043e \u0438\u043b\u0438 \u043f\u043e\u0432\u0435\u0447\u0435, \u0430\u0432\u0442\u043e\u043c\u0430\u0442\u0438\u0447\u043d\u043e \u0449\u0435 \u043f\u043e\u043b\u0443\u0447\u0438\u0442\u0435 \u0440\u0430\u0437\u043f\u0438\u0441\u043a\u0430 \u0437\u0430 \u0434\u0430\u0440\u0435\u043d\u0438\u0435. \u0410\u043a\u043e \u0436\u0435\u043b\u0430\u0435\u0442\u0435 \u0434\u0430 \u043f\u043e\u043b\u0443\u0447\u0438\u0442\u0435 \u0440\u0430\u0437\u043f\u0438\u0441\u043a\u0430 \u0437\u0430 \u043f\u043e-\u043c\u0430\u043b\u043a\u0438 \u0441\u0443\u043c\u0438, \u0442\u043e\u0432\u0430, \u0440\u0430\u0437\u0431\u0438\u0440\u0430 \u0441\u0435, \u0441\u044a\u0449\u043e \u0435 \u0432\u044a\u0437\u043c\u043e\u0436\u043d\u043e.&nbsp;<br><br><b>\u041d\u0430\u0448\u0430\u0442\u0430 \u0441\u043c\u0435\u0442\u043a\u0430 \u0437\u0430 \u0434\u0430\u0440\u0435\u043d\u0438\u044f:<br>\u0421\u043f\u0435\u0441\u0442\u043e\u0432\u043d\u0430 \u043a\u0430\u0441\u0430 Weser-Elbe<br>IBAN: DE49 2925 0000 0002 0075 50<br>BIC: BRLADE21BRS<\/b><\/p>\n<p>\u041c\u043e\u043b\u044f, \u0441\u0432\u044a\u0440\u0436\u0435\u0442\u0435 \u0441\u0435 \u0441 \u043d\u0430\u0441 \u0432 \u043f\u0440\u0438\u044e\u0442\u0430 \u0437\u0430 \u0436\u0438\u0432\u043e\u0442\u043d\u0438 \u043d\u0430 \u0442\u0435\u043b. <a href=\"tel:047183257\">0471 \u2013 8 32 57<\/a>. \u0412 \u0438\u0437\u0432\u044a\u043d\u0440\u0430\u0431\u043e\u0442\u043d\u043e \u0432\u0440\u0435\u043c\u0435 \u043c\u043e\u0436\u0435\u0442\u0435 \u0434\u0430 \u043e\u0441\u0442\u0430\u0432\u0438\u0442\u0435 \u0441\u044a\u043e\u0431\u0449\u0435\u043d\u0438\u0435 \u043d\u0430 \u043d\u0430\u0448\u0438\u044f \u0442\u0435\u043b\u0435\u0444\u043e\u043d\u0435\u043d \u0441\u0435\u043a\u0440\u0435\u0442\u0430\u0440. \u0429\u0435 \u0432\u0438 \u0441\u0435 \u043e\u0431\u0430\u0434\u0438\u043c \u043d\u0435\u0437\u0430\u0431\u0430\u0432\u043d\u043e.<\/p>\t\t\t\t\t\t\t\t<\/div>\n\t\t\t\t<\/div>\n\t\t\t\t\t<\/div>\n\t\t<\/div>\n\t\t\t\t\t<\/div>\n\t\t<\/section>\n\t\t\t\t<\/div>","protected":false},"excerpt":{"rendered":"<p>Geldspende Als gemeinn\u00fctziger Verein sind wir f\u00fcr die Unterhaltung des Tierheims auf Spenden angewiesen, die selbstverst\u00e4ndlich steuerlich abzugsf\u00e4hig sind. Ab 200 Euro Spende erhalten Sie automatisch eine Spendenbescheinigung zugesandt. Sollten Sie bei niedrigeren Betr\u00e4gen ein Bescheinigung w\u00fcnschen, ist dies nat\u00fcrlich auch m\u00f6glich.&nbsp; Unser Spendenkonto:Weser-Elbe SparkasseIBAN: DE49 2925 0000 0002 0075 50BIC: BRLADE21BRS Bitte melden Sie [&hellip;]<\/p>\n","protected":false},"author":3,"featured_media":0,"parent":0,"menu_order":0,"comment_status":"closed","ping_status":"closed","template":"","meta":{"footnotes":""},"class_list":["post-2811","page","type-page","status-publish","hentry"],"_links":{"self":[{"href":"https:\/\/www.tierschutz-bremerhaven.eu\/bg\/wp-json\/wp\/v2\/pages\/2811","targetHints":{"allow":["GET"]}}],"collection":[{"href":"https:\/\/www.tierschutz-bremerhaven.eu\/bg\/wp-json\/wp\/v2\/pages"}],"about":[{"href":"https:\/\/www.tierschutz-bremerhaven.eu\/bg\/wp-json\/wp\/v2\/types\/page"}],"author":[{"embeddable":true,"href":"https:\/\/www.tierschutz-bremerhaven.eu\/bg\/wp-json\/wp\/v2\/users\/3"}],"replies":[{"embeddable":true,"href":"https:\/\/www.tierschutz-bremerhaven.eu\/bg\/wp-json\/wp\/v2\/comments?post=2811"}],"version-history":[{"count":67,"href":"https:\/\/www.tierschutz-bremerhaven.eu\/bg\/wp-json\/wp\/v2\/pages\/2811\/revisions"}],"predecessor-version":[{"id":4701,"href":"https:\/\/www.tierschutz-bremerhaven.eu\/bg\/wp-json\/wp\/v2\/pages\/2811\/revisions\/4701"}],"wp:attachment":[{"href":"https:\/\/www.tierschutz-bremerhaven.eu\/bg\/wp-json\/wp\/v2\/media?parent=2811"}],"curies":[{"name":"wp","href":"https:\/\/api.w.org\/{rel}","templated":true}]}}