{"id":4937,"date":"2021-09-28T11:24:19","date_gmt":"2021-09-28T11:24:19","guid":{"rendered":"https:\/\/tierschutz-bremerhaven.eu\/?page_id=4937"},"modified":"2026-02-11T11:17:31","modified_gmt":"2026-02-11T10:17:31","slug":"%d1%81%d0%bf%d0%b0%d0%bd%d0%b4%d0%b5%d0%bdhaeuschen","status":"publish","type":"page","link":"https:\/\/www.tierschutz-bremerhaven.eu\/bg\/spendenhaeuschen","title":{"rendered":"\u0426\u0435\u043d\u0442\u044a\u0440 \u0437\u0430 \u0434\u0430\u0440\u0435\u043d\u0438\u044f"},"content":{"rendered":"<div data-elementor-type=\"wp-page\" data-elementor-id=\"4937\" class=\"elementor elementor-4937\" data-elementor-post-type=\"page\">\n\t\t\t\t\t\t<section class=\"elementor-section elementor-top-section elementor-element elementor-element-573adc2 elementor-section-boxed elementor-section-height-default elementor-section-height-default\" data-id=\"573adc2\" data-element_type=\"section\" data-e-type=\"section\" data-settings=\"{&quot;background_background&quot;:&quot;classic&quot;}\">\n\t\t\t\t\t\t<div class=\"elementor-container elementor-column-gap-default\">\n\t\t\t\t\t<div class=\"elementor-column elementor-col-50 elementor-top-column elementor-element elementor-element-7841c69d\" data-id=\"7841c69d\" data-element_type=\"column\" data-e-type=\"column\">\n\t\t\t<div class=\"elementor-widget-wrap elementor-element-populated\">\n\t\t\t\t\t\t<div class=\"elementor-element elementor-element-5aae5d63 elementor-widget elementor-widget-heading\" data-id=\"5aae5d63\" data-element_type=\"widget\" data-e-type=\"widget\" data-widget_type=\"heading.default\">\n\t\t\t\t<div class=\"elementor-widget-container\">\n\t\t\t\t\t<h2 class=\"elementor-heading-title elementor-size-default\">\u0426\u0435\u043d\u0442\u044a\u0440 \u0437\u0430 \u0434\u0430\u0440\u0435\u043d\u0438\u044f<\/h2>\t\t\t\t<\/div>\n\t\t\t\t<\/div>\n\t\t\t\t<div class=\"elementor-element elementor-element-434baaa9 elementor-widget elementor-widget-text-editor\" data-id=\"434baaa9\" data-element_type=\"widget\" data-e-type=\"widget\" data-widget_type=\"text-editor.default\">\n\t\t\t\t<div class=\"elementor-widget-container\">\n\t\t\t\t\t\t\t\t\t<p class=\"s3\"><span class=\"s2\">\u0412\u0441\u0435\u043a\u0438 \u0435\u043b\u0435\u043c\u0435\u043d\u0442<\/span><span class=\"s2\">- \u0438 \u0445\u0440\u0430\u043d\u0430<\/span><span class=\"s2\">\u0414\u0430\u0440\u0435\u043d\u0438\u044f\u0442\u0430 \u0441\u0430 \u043c\u043d\u043e\u0433\u043e \u0432\u0430\u0436\u043d\u0438 \u0437\u0430 \u043d\u0430\u0441. \u041c\u043d\u043e\u0433\u043e \u0441\u043c\u0435 \u0431\u043b\u0430\u0433\u043e\u0434\u0430\u0440\u043d\u0438 \u0437\u0430 \u0432\u0441\u044f\u043a\u043e \u0434\u0430\u0440\u0435\u043d\u0438\u0435, \u0437\u0430\u0449\u043e\u0442\u043e \u0432\u0430\u0448\u0430\u0442\u0430 \u043f\u043e\u0434\u043a\u0440\u0435\u043f\u0430 \u0434\u043e\u043f\u0440\u0438\u043d\u0430\u0441\u044f \u0437\u0430 \u0442\u043e\u0432\u0430,&nbsp;<\/span><span class=\"s2\">\u0447\u0435 \u0437\u0430\u0435\u0434\u043d\u043e \u0441\u043c\u0435 \u0432 \u0441\u044a\u0441\u0442\u043e\u044f\u043d\u0438\u0435 \u0434\u0430 \u0438\u0437\u043f\u044a\u043b\u043d\u044f\u0432\u0430\u043c\u0435 \u0440\u0430\u0437\u043d\u043e\u043e\u0431\u0440\u0430\u0437\u043d\u0438\u0442\u0435 \u0441\u0438 \u0437\u0430\u0434\u0430\u0447\u0438 \u0438 \u0447\u0435 \u0434\u0435\u0446\u0430\u0442\u0430, \u043a\u043e\u0438\u0442\u043e \u0441\u0430 \u043d\u0438 \u043f\u043e\u0432\u0435\u0440\u0435\u043d\u0438, \u0441\u0430 \u043e\u0431\u0433\u0440\u0438\u0436\u0432\u0430\u043d\u0438 \u0441 \u043b\u044e\u0431\u043e\u0432 \u0438 \u0433\u0440\u0438\u0436\u0430.&nbsp;<\/span><\/p>\n<p class=\"s3\"><span class=\"s2\">\u041d\u0430\u0448\u0438\u044f\u0442 \u0446\u0435\u043d\u0442\u044a\u0440 \u0437\u0430 \u0434\u0430\u0440\u0435\u043d\u0438\u044f \u043d\u0438 \u0434\u0430\u0432\u0430 \u0432\u044a\u0437\u043c\u043e\u0436\u043d\u043e\u0441\u0442 \u0434\u0430 \u043f\u0440\u0430\u0432\u0438\u043c \u0431\u0435\u0437\u043a\u043e\u043d\u0442\u0430\u043a\u0442\u043d\u0438 \u0434\u0430\u0440\u0435\u043d\u0438\u044f \u0432 \u0442\u0435\u0437\u0438 \u0442\u0440\u0443\u0434\u043d\u0438 \u043c\u043e\u043c\u0435\u043d\u0442\u0438, \u043a\u0430\u043a\u0442\u043e \u0438 \u0434\u0430 \u0434\u0430\u0440\u044f\u0432\u0430\u0442\u0435 \u0438\u0437\u0432\u044a\u043d \u0440\u0430\u0431\u043e\u0442\u043d\u043e\u0442\u043e \u043d\u0438 \u0432\u0440\u0435\u043c\u0435.&nbsp;<\/span><span class=\"s2\">\u041c\u0430\u043b\u043a\u0430\u0442\u0430 \u043a\u044a\u0449\u0430<\/span><span class=\"s2\">&nbsp;\u0441\u0435 \u043d\u0430\u043c\u0438\u0440\u0430 \u043f\u0440\u0435\u0434 \u0433\u043b\u0430\u0432\u043d\u0438\u044f \u043d\u0438 \u0432\u0445\u043e\u0434.<\/span><span class=\"s2\">&nbsp;<\/span><span class=\"s2\">\u0422\u043e\u0439&nbsp;<\/span><span class=\"s2\">\u0435 \u0437\u0430\u0449\u0438\u0442\u0435\u043d\u0430 \u043e\u0442 \u0430\u0442\u043c\u043e\u0441\u0444\u0435\u0440\u043d\u0438 \u0432\u043b\u0438\u044f\u043d\u0438\u044f \u0438 \u043f\u0440\u0435\u0434\u043b\u0430\u0433\u0430 \u0434\u043e\u0441\u0442\u0430\u0442\u044a\u0447\u043d\u043e \u043f\u0440\u043e\u0441\u0442\u0440\u0430\u043d\u0441\u0442\u0432\u043e.<\/span><\/p>\n<p class=\"s3\"><span class=\"s2\">\u0429\u0430\u0441\u0442\u043b\u0438\u0432\u0438 \u0441\u043c\u0435 \u043e\u0442 \u0445\u0440\u0430\u043d\u0430\u0442\u0430<\/span><span class=\"s2\">- \u0438 \u0434\u0430\u0440\u0435\u043d\u0438\u044f \u0432 \u043d\u0430\u0442\u0443\u0440\u0430<\/span><span class=\"s2\">&nbsp;\u043a\u0430\u0442\u043e&nbsp;<\/span><span class=\"s2\">z. B.: <\/span><span class=\"s2\">\u041a\u0443\u0447\u0435\u0442\u0430, \u043a\u043e\u0442\u043a\u0438, \u0434\u0440\u0435\u0431\u043d\u0438 \u0436\u0438\u0432\u043e\u0442\u043d\u0438, \u043f\u0440\u0430\u0441\u0435\u0442\u0430, \u0434\u043e\u043c\u0430\u0448\u043d\u0438 \u043f\u0442\u0438\u0446\u0438 \u0438&nbsp;<\/span><span class=\"s2\">\u0425\u0440\u0430\u043d\u0430 \u0437\u0430 \u043c\u0430\u043b\u043a\u0438\u0442\u0435<\/span><span class=\"s2\">&nbsp;\u0438 \u043c\u043b\u044f\u043a\u043e \u0437\u0430 \u043e\u0442\u0433\u043b\u0435\u0436\u0434\u0430\u043d\u0435 (Royal&nbsp;<\/span><span class=\"s2\">Canin<\/span><span class=\"s2\">)<\/span><span class=\"s2\">, <\/span><span class=\"s2\">\u0425\u0430\u0432\u043b\u0438\u0438,<\/span><span class=\"s2\">&nbsp;<\/span><span class=\"s2\">\u0412\u044a\u043b\u043d\u0430<\/span><span class=\"s2\">\u044a\u0433\u043b\u0438, \u0438\u0433\u0440\u0430\u0447\u043a\u0438, <\/span><span class=\"s2\">\u0421\u0442\u0440\u0443\u043f\u0432\u0430\u043d\u0435 \u043d\u0430 \u043e\u0442\u043f\u0430\u0434\u044a\u0446\u0438<\/span><span class=\"s2\">,&nbsp;<\/span><span class=\"s2\">\u0422\u0430\u0432\u0438\u0447\u043a\u0438 \u0437\u0430 \u0441\u043c\u0435\u0442, \u0434\u0440\u0430\u0441\u043a\u0430\u043b\u043a\u0438,&nbsp;<\/span><span class=\"s2\">\u041a\u043b\u0435\u0442\u043a\u0438 \u0438<\/span><span class=\"s2\">&nbsp;\u0410\u043a\u0441\u0435\u0441\u043e\u0430\u0440\u0438 \u0437\u0430 \u0434\u043e\u043c\u0430\u0448\u043d\u0438 \u043b\u044e\u0431\u0438\u043c\u0446\u0438<\/span><span class=\"s2\">&nbsp;\u043e\u0442 \u0432\u0441\u0438\u0447\u043a\u0438 \u0432\u0438\u0434\u043e\u0432\u0435. <\/span>\u041e\u0442 \u0445\u0438\u0433\u0438\u0435\u043d\u043d\u0438 \u0441\u044a\u043e\u0431\u0440\u0430\u0436\u0435\u043d\u0438\u044f \u043d\u0435 \u043c\u043e\u0436\u0435\u043c \u0434\u0430 \u0438\u0437\u043f\u043e\u043b\u0437\u0432\u0430\u043c\u0435 \u0434\u0435\u0444\u0435\u043a\u0442\u043d\u0438 \u0438\u043b\u0438 \u0441\u0438\u043b\u043d\u043e \u0437\u0430\u043c\u044a\u0440\u0441\u0435\u043d\u0438 \u043f\u0440\u0435\u0434\u043c\u0435\u0442\u0438 \u0438\u043b\u0438 \u0445\u0440\u0430\u043d\u0430, \u043a\u043e\u044f\u0442\u043e \u0432\u0435\u0447\u0435 \u0435 \u0431\u0438\u043b\u0430 \u043e\u0442\u0432\u043e\u0440\u0435\u043d\u0430. \u0411\u043b\u0430\u0433\u043e\u0434\u0430\u0440\u0438\u043c \u0432\u0438 \u0437\u0430 \u0440\u0430\u0437\u0431\u0438\u0440\u0430\u043d\u0435\u0442\u043e.<span class=\"s2\"><\/span><\/p>\n<p>\u0411\u043b\u0430\u0433\u043e\u0434\u0430\u0440\u0438\u043c \u0432\u0438 \u0437\u0430 \u0430\u043a\u0442\u0438\u0432\u043d\u0430\u0442\u0430 \u043f\u043e\u0434\u043a\u0440\u0435\u043f\u0430!<\/p>\t\t\t\t\t\t\t\t<\/div>\n\t\t\t\t<\/div>\n\t\t\t\t\t<\/div>\n\t\t<\/div>\n\t\t\t\t<div class=\"elementor-column elementor-col-50 elementor-top-column elementor-element elementor-element-2ed9c063\" data-id=\"2ed9c063\" data-element_type=\"column\" data-e-type=\"column\">\n\t\t\t<div class=\"elementor-widget-wrap elementor-element-populated\">\n\t\t\t\t\t\t<div class=\"elementor-element elementor-element-38215db7 elementor-widget elementor-widget-image\" data-id=\"38215db7\" data-element_type=\"widget\" data-e-type=\"widget\" data-widget_type=\"image.default\">\n\t\t\t\t<div class=\"elementor-widget-container\">\n\t\t\t\t\t\t\t\t\t\t\t\t\t\t\t<img fetchpriority=\"high\" decoding=\"async\" width=\"800\" height=\"721\" src=\"https:\/\/www.tierschutz-bremerhaven.eu\/wp-content\/uploads\/2026\/02\/Spendenhaeuschen-1024x923.jpeg\" class=\"attachment-large size-large wp-image-13078\" alt=\"\" srcset=\"https:\/\/www.tierschutz-bremerhaven.eu\/wp-content\/uploads\/2026\/02\/Spendenhaeuschen-1024x923.jpeg 1024w, https:\/\/www.tierschutz-bremerhaven.eu\/wp-content\/uploads\/2026\/02\/Spendenhaeuschen-300x270.jpeg 300w, https:\/\/www.tierschutz-bremerhaven.eu\/wp-content\/uploads\/2026\/02\/Spendenhaeuschen-768x692.jpeg 768w, https:\/\/www.tierschutz-bremerhaven.eu\/wp-content\/uploads\/2026\/02\/Spendenhaeuschen-1536x1384.jpeg 1536w, https:\/\/www.tierschutz-bremerhaven.eu\/wp-content\/uploads\/2026\/02\/Spendenhaeuschen-2048x1846.jpeg 2048w, https:\/\/www.tierschutz-bremerhaven.eu\/wp-content\/uploads\/2026\/02\/Spendenhaeuschen-13x12.jpeg 13w\" sizes=\"(max-width: 800px) 100vw, 800px\" \/>\t\t\t\t\t\t\t\t\t\t\t\t\t\t\t<\/div>\n\t\t\t\t<\/div>\n\t\t\t\t\t<\/div>\n\t\t<\/div>\n\t\t\t\t\t<\/div>\n\t\t<\/section>\n\t\t\t\t<\/div>","protected":false},"excerpt":{"rendered":"<p>Spendenh\u00e4uschen Jede Sach- und Futterspende hat f\u00fcr uns eine gro\u00dfe Bedeutung. Wir sind f\u00fcr jede Spende sehr dankbar, denn Ihre Unterst\u00fctzung tr\u00e4gt dazu bei,&nbsp;dass wir gemeinsam imstande sind, unsere vielf\u00e4ltigen Aufgaben wahrzunehmen und dass die uns anvertrauten Sch\u00fctzlinge liebevoll gepflegt und betreut werden.&nbsp; Unser Spendenh\u00e4uschen erm\u00f6glicht uns in dieser schweren Zeit eine kontaktlose \u00dcbergabe und [&hellip;]<\/p>\n","protected":false},"author":3,"featured_media":0,"parent":0,"menu_order":0,"comment_status":"closed","ping_status":"closed","template":"","meta":{"footnotes":""},"class_list":["post-4937","page","type-page","status-publish","hentry"],"_links":{"self":[{"href":"https:\/\/www.tierschutz-bremerhaven.eu\/bg\/wp-json\/wp\/v2\/pages\/4937","targetHints":{"allow":["GET"]}}],"collection":[{"href":"https:\/\/www.tierschutz-bremerhaven.eu\/bg\/wp-json\/wp\/v2\/pages"}],"about":[{"href":"https:\/\/www.tierschutz-bremerhaven.eu\/bg\/wp-json\/wp\/v2\/types\/page"}],"author":[{"embeddable":true,"href":"https:\/\/www.tierschutz-bremerhaven.eu\/bg\/wp-json\/wp\/v2\/users\/3"}],"replies":[{"embeddable":true,"href":"https:\/\/www.tierschutz-bremerhaven.eu\/bg\/wp-json\/wp\/v2\/comments?post=4937"}],"version-history":[{"count":16,"href":"https:\/\/www.tierschutz-bremerhaven.eu\/bg\/wp-json\/wp\/v2\/pages\/4937\/revisions"}],"predecessor-version":[{"id":13081,"href":"https:\/\/www.tierschutz-bremerhaven.eu\/bg\/wp-json\/wp\/v2\/pages\/4937\/revisions\/13081"}],"wp:attachment":[{"href":"https:\/\/www.tierschutz-bremerhaven.eu\/bg\/wp-json\/wp\/v2\/media?parent=4937"}],"curies":[{"name":"wp","href":"https:\/\/api.w.org\/{rel}","templated":true}]}}