{"id":1799,"date":"2021-04-29T14:18:03","date_gmt":"2021-04-29T14:18:03","guid":{"rendered":"https:\/\/tierschutz-bremerhaven.eu\/?page_id=1799"},"modified":"2021-04-29T14:18:36","modified_gmt":"2021-04-29T14:18:36","slug":"centrum-pece","status":"publish","type":"page","link":"https:\/\/www.tierschutz-bremerhaven.eu\/cs\/pflegestelle","title":{"rendered":"P\u011bstounsk\u00e1 p\u00e9\u010de"},"content":{"rendered":"<div data-elementor-type=\"wp-page\" data-elementor-id=\"1799\" class=\"elementor elementor-1799\" data-elementor-post-type=\"page\">\n\t\t\t\t\t\t<section class=\"elementor-section elementor-top-section elementor-element elementor-element-3f2c348 elementor-section-full_width elementor-section-height-default elementor-section-height-default\" data-id=\"3f2c348\" data-element_type=\"section\" data-e-type=\"section\" data-settings=\"{&quot;background_background&quot;:&quot;classic&quot;}\">\n\t\t\t\t\t\t<div class=\"elementor-container elementor-column-gap-default\">\n\t\t\t\t\t<div class=\"elementor-column elementor-col-100 elementor-top-column elementor-element elementor-element-2cef154\" data-id=\"2cef154\" data-element_type=\"column\" data-e-type=\"column\">\n\t\t\t<div class=\"elementor-widget-wrap elementor-element-populated\">\n\t\t\t\t\t\t<div class=\"elementor-element elementor-element-02a7822 elementor-widget elementor-widget-heading\" data-id=\"02a7822\" data-element_type=\"widget\" data-e-type=\"widget\" data-widget_type=\"heading.default\">\n\t\t\t\t<div class=\"elementor-widget-container\">\n\t\t\t\t\t<h2 class=\"elementor-heading-title elementor-size-default\">V p\u0159\u00edpad\u011b nouze<\/h2>\t\t\t\t<\/div>\n\t\t\t\t<\/div>\n\t\t\t\t<div class=\"elementor-element elementor-element-7cc7aaa elementor-widget elementor-widget-text-editor\" data-id=\"7cc7aaa\" data-element_type=\"widget\" data-e-type=\"widget\" data-widget_type=\"text-editor.default\">\n\t\t\t\t<div class=\"elementor-widget-container\">\n\t\t\t\t\t\t\t\t\t<p>Hled\u00e1me lidi, kte\u0159\u00ed maj\u00ed srdce, rozum a l\u00e1sku ke zv\u00ed\u0159at\u016fm, ale z jak\u00e9hokoli d\u016fvodu necht\u011bj\u00ed m\u00edt zv\u00ed\u0159e trvale.<\/p><p>St\u00e1le v\u0161ak m\u016f\u017eete ud\u011blat dobr\u00fd skutek t\u00edm, \u017ee si z na\u0161eho \u00fatulku vezmete zv\u00ed\u0159e, kter\u00e9mu bychom z r\u016fzn\u00fdch d\u016fvod\u016f r\u00e1di poskytli do\u010dasn\u00fd domov.<\/p><p>Opakovan\u011b se st\u00e1v\u00e1, \u017ee n\u011bkter\u00e1 zv\u00ed\u0159ata se v \u00fatulku nec\u00edt\u00ed v\u016fbec dob\u0159e. Star\u00e1 a nemocn\u00e1 zv\u00ed\u0159ata to maj\u00ed v \u00fatulku obzvl\u00e1\u0161\u0165 t\u011b\u017ek\u00e9. Pokud m\u00e1me \u0161t\u011bst\u00ed, v\u017edy se najdou laskav\u00ed lid\u00e9, kte\u0159\u00ed se takov\u00fdch zv\u00ed\u0159at do\u010dasn\u011b ujmou a poskytnou jim pot\u0159ebnou p\u00e9\u010di a bezpe\u010d\u00ed. Staraj\u00ed se o zv\u00ed\u0159ata do doby, ne\u017e je mohou natrvalo p\u0159edat nov\u00fdm majitel\u016fm. Samoz\u0159ejm\u011b bychom byli obzvl\u00e1\u0161\u0165 r\u00e1di, kdybyste si dok\u00e1zali p\u0159edstavit, \u017ee star\u00fdm nebo nemocn\u00fdm zv\u00ed\u0159at\u016fm poskytnete domov pro posledn\u00ed etapu jejich \u017eivota.<\/p><p>Pokud byste cht\u011bli na chv\u00edli podpo\u0159it n\u011bkter\u00e9ho z na\u0161ich p\u011bstoun\u016f, kontaktujte n\u00e1s pros\u00edm v \u00fatulku na telefonn\u00edm \u010d\u00edsle 0471 - 8 32 57 nebo e-mailem:\u00a0<a href=\"mailto:info@tierschutz-bremerhaven.de\">info@tierschutz-bremerhaven.de<\/a><br \/>Mimo otev\u00edrac\u00ed dobu m\u016f\u017eete zanechat vzkaz na na\u0161em z\u00e1znamn\u00edku. Ihned v\u00e1m zavol\u00e1me zp\u011bt.<\/p>\t\t\t\t\t\t\t\t<\/div>\n\t\t\t\t<\/div>\n\t\t\t\t\t<\/div>\n\t\t<\/div>\n\t\t\t\t\t<\/div>\n\t\t<\/section>\n\t\t\t\t<\/div>","protected":false},"excerpt":{"rendered":"<p>Im Notfall Wir suchen Menschen mit Herz, Verstand und Tierliebe, die aber, aus welchen Gr\u00fcnden auch immer, kein Tier auf Dauer halten m\u00f6chten. Sie k\u00f6nnen aber trotzdem ein gutes Werk tun: Sie nehmen ein Tier aus unserem Tierheim, das wir aus den verschiedensten Gr\u00fcnden in ein Zuhause auf Zeit geben m\u00f6chten. Es kommt immer wieder [&hellip;]<\/p>\n","protected":false},"author":3,"featured_media":0,"parent":0,"menu_order":0,"comment_status":"closed","ping_status":"closed","template":"","meta":{"footnotes":""},"class_list":["post-1799","page","type-page","status-publish","hentry"],"_links":{"self":[{"href":"https:\/\/www.tierschutz-bremerhaven.eu\/cs\/wp-json\/wp\/v2\/pages\/1799","targetHints":{"allow":["GET"]}}],"collection":[{"href":"https:\/\/www.tierschutz-bremerhaven.eu\/cs\/wp-json\/wp\/v2\/pages"}],"about":[{"href":"https:\/\/www.tierschutz-bremerhaven.eu\/cs\/wp-json\/wp\/v2\/types\/page"}],"author":[{"embeddable":true,"href":"https:\/\/www.tierschutz-bremerhaven.eu\/cs\/wp-json\/wp\/v2\/users\/3"}],"replies":[{"embeddable":true,"href":"https:\/\/www.tierschutz-bremerhaven.eu\/cs\/wp-json\/wp\/v2\/comments?post=1799"}],"version-history":[{"count":3,"href":"https:\/\/www.tierschutz-bremerhaven.eu\/cs\/wp-json\/wp\/v2\/pages\/1799\/revisions"}],"predecessor-version":[{"id":1802,"href":"https:\/\/www.tierschutz-bremerhaven.eu\/cs\/wp-json\/wp\/v2\/pages\/1799\/revisions\/1802"}],"wp:attachment":[{"href":"https:\/\/www.tierschutz-bremerhaven.eu\/cs\/wp-json\/wp\/v2\/media?parent=1799"}],"curies":[{"name":"wp","href":"https:\/\/api.w.org\/{rel}","templated":true}]}}