{"id":1813,"date":"2021-04-29T14:20:32","date_gmt":"2021-04-29T14:20:32","guid":{"rendered":"https:\/\/tierschutz-bremerhaven.eu\/?page_id=1813"},"modified":"2021-04-30T10:03:02","modified_gmt":"2021-04-30T10:03:02","slug":"darce-casu","status":"publish","type":"page","link":"https:\/\/www.tierschutz-bremerhaven.eu\/cs\/zeitspender","title":{"rendered":"D\u00e1rce \u010dasu:"},"content":{"rendered":"<div data-elementor-type=\"wp-page\" data-elementor-id=\"1813\" class=\"elementor elementor-1813\" data-elementor-post-type=\"page\">\n\t\t\t\t\t\t<section class=\"elementor-section elementor-top-section elementor-element elementor-element-dc52f6b elementor-section-full_width elementor-section-height-default elementor-section-height-default\" data-id=\"dc52f6b\" data-element_type=\"section\" data-e-type=\"section\">\n\t\t\t\t\t\t<div class=\"elementor-container elementor-column-gap-default\">\n\t\t\t\t\t<div class=\"elementor-column elementor-col-100 elementor-top-column elementor-element elementor-element-4789b94\" data-id=\"4789b94\" data-element_type=\"column\" data-e-type=\"column\">\n\t\t\t<div class=\"elementor-widget-wrap elementor-element-populated\">\n\t\t\t\t\t\t<div class=\"elementor-element elementor-element-661227f elementor-widget elementor-widget-image\" data-id=\"661227f\" data-element_type=\"widget\" data-e-type=\"widget\" data-widget_type=\"image.default\">\n\t\t\t\t<div class=\"elementor-widget-container\">\n\t\t\t\t\t\t\t\t\t\t\t\t\t\t\t<img fetchpriority=\"high\" decoding=\"async\" width=\"800\" height=\"453\" src=\"https:\/\/www.tierschutz-bremerhaven.eu\/wp-content\/uploads\/2021\/04\/chihuahua-puppie-with-empty-cardboard-dog-holding-5Q6PP22-003-1024x580.jpg\" class=\"attachment-large size-large wp-image-2067\" alt=\"\" srcset=\"https:\/\/www.tierschutz-bremerhaven.eu\/wp-content\/uploads\/2021\/04\/chihuahua-puppie-with-empty-cardboard-dog-holding-5Q6PP22-003-1024x580.jpg 1024w, https:\/\/www.tierschutz-bremerhaven.eu\/wp-content\/uploads\/2021\/04\/chihuahua-puppie-with-empty-cardboard-dog-holding-5Q6PP22-003-300x170.jpg 300w, https:\/\/www.tierschutz-bremerhaven.eu\/wp-content\/uploads\/2021\/04\/chihuahua-puppie-with-empty-cardboard-dog-holding-5Q6PP22-003-768x435.jpg 768w, https:\/\/www.tierschutz-bremerhaven.eu\/wp-content\/uploads\/2021\/04\/chihuahua-puppie-with-empty-cardboard-dog-holding-5Q6PP22-003-1536x870.jpg 1536w, https:\/\/www.tierschutz-bremerhaven.eu\/wp-content\/uploads\/2021\/04\/chihuahua-puppie-with-empty-cardboard-dog-holding-5Q6PP22-003-2048x1161.jpg 2048w\" sizes=\"(max-width: 800px) 100vw, 800px\" \/>\t\t\t\t\t\t\t\t\t\t\t\t\t\t\t<\/div>\n\t\t\t\t<\/div>\n\t\t\t\t\t<\/div>\n\t\t<\/div>\n\t\t\t\t\t<\/div>\n\t\t<\/section>\n\t\t\t\t<section class=\"elementor-section elementor-top-section elementor-element elementor-element-3f2c348 elementor-section-full_width elementor-section-height-default elementor-section-height-default\" data-id=\"3f2c348\" data-element_type=\"section\" data-e-type=\"section\" data-settings=\"{&quot;background_background&quot;:&quot;classic&quot;}\">\n\t\t\t\t\t\t<div class=\"elementor-container elementor-column-gap-default\">\n\t\t\t\t\t<div class=\"elementor-column elementor-col-100 elementor-top-column elementor-element elementor-element-2cef154\" data-id=\"2cef154\" data-element_type=\"column\" data-e-type=\"column\">\n\t\t\t<div class=\"elementor-widget-wrap elementor-element-populated\">\n\t\t\t\t\t\t<div class=\"elementor-element elementor-element-02a7822 elementor-widget elementor-widget-heading\" data-id=\"02a7822\" data-element_type=\"widget\" data-e-type=\"widget\" data-widget_type=\"heading.default\">\n\t\t\t\t<div class=\"elementor-widget-container\">\n\t\t\t\t\t<h2 class=\"elementor-heading-title elementor-size-default\">D\u00e1rce \u010dasu:<\/h2>\t\t\t\t<\/div>\n\t\t\t\t<\/div>\n\t\t\t\t<div class=\"elementor-element elementor-element-7cc7aaa elementor-widget elementor-widget-text-editor\" data-id=\"7cc7aaa\" data-element_type=\"widget\" data-e-type=\"widget\" data-widget_type=\"text-editor.default\">\n\t\t\t\t<div class=\"elementor-widget-container\">\n\t\t\t\t\t\t\t\t\t<p>Existuje mnoho zp\u016fsob\u016f, jak se zapojit do pomoci na\u0161im zv\u00ed\u0159at\u016fm. Pokud n\u00e1s chcete aktivn\u011b podpo\u0159it a sami se zapojit, kontaktujte n\u00e1s. St\u00e1le pot\u0159ebujeme empatick\u00e9 pomocn\u00edky.<br \/><br \/>Pot\u0159ebujeme pravidelnou pomoc s ven\u010den\u00edm, mazlen\u00edm ko\u010dek, n\u00e1sledn\u00fdmi kontrolami, manu\u00e1ln\u00edmi pracemi, \u00fadr\u017ebou venkovn\u00edho are\u00e1lu a dal\u0161\u00edmi \u010dinnostmi.<\/p><p>Kontaktujte n\u00e1s telefonicky nebo e-mailem.<br \/>Domluv\u00edme si s v\u00e1mi osobn\u00ed sch\u016fzku a probereme s v\u00e1mi oblasti, ve kter\u00fdch je va\u0161e pomoc nejpot\u0159ebn\u011bj\u0161\u00ed.<\/p><p>Kontaktujte n\u00e1s pros\u00edm v \u00fatulku pro zv\u00ed\u0159ata na tel.: 0471 - 8 32 57.<br \/>Mimo otev\u00edrac\u00ed dobu m\u016f\u017eete zanechat vzkaz na na\u0161em z\u00e1znamn\u00edku. Ihned v\u00e1m zavol\u00e1me zp\u011bt.<\/p>\t\t\t\t\t\t\t\t<\/div>\n\t\t\t\t<\/div>\n\t\t\t\t\t<\/div>\n\t\t<\/div>\n\t\t\t\t\t<\/div>\n\t\t<\/section>\n\t\t\t\t<\/div>","protected":false},"excerpt":{"rendered":"<p>Zeitspender: Es gibt viele M\u00f6glichkeiten, sich f\u00fcr unsere Tiere einzubringen. Wenn Sie uns gerne tatkr\u00e4ftig unterst\u00fctzen und selbst aktiv werden m\u00f6chten, sprechen Sie uns gerne an. Wir ben\u00f6tigen st\u00e4ndig einf\u00fchlsame Helfer. Regelm\u00e4\u00dfige Unterst\u00fctzung ben\u00f6tigen wir beim Gassigehen, beim Katzenstreicheln, f\u00fcr Nachkontrollen, bei handwerklichen T\u00e4tigkeiten, der Pflege des Au\u00dfengel\u00e4ndes u.v.m. Melden Sie sich telefonisch oder per [&hellip;]<\/p>\n","protected":false},"author":3,"featured_media":0,"parent":0,"menu_order":0,"comment_status":"closed","ping_status":"closed","template":"","meta":{"footnotes":""},"class_list":["post-1813","page","type-page","status-publish","hentry"],"_links":{"self":[{"href":"https:\/\/www.tierschutz-bremerhaven.eu\/cs\/wp-json\/wp\/v2\/pages\/1813","targetHints":{"allow":["GET"]}}],"collection":[{"href":"https:\/\/www.tierschutz-bremerhaven.eu\/cs\/wp-json\/wp\/v2\/pages"}],"about":[{"href":"https:\/\/www.tierschutz-bremerhaven.eu\/cs\/wp-json\/wp\/v2\/types\/page"}],"author":[{"embeddable":true,"href":"https:\/\/www.tierschutz-bremerhaven.eu\/cs\/wp-json\/wp\/v2\/users\/3"}],"replies":[{"embeddable":true,"href":"https:\/\/www.tierschutz-bremerhaven.eu\/cs\/wp-json\/wp\/v2\/comments?post=1813"}],"version-history":[{"count":16,"href":"https:\/\/www.tierschutz-bremerhaven.eu\/cs\/wp-json\/wp\/v2\/pages\/1813\/revisions"}],"predecessor-version":[{"id":2115,"href":"https:\/\/www.tierschutz-bremerhaven.eu\/cs\/wp-json\/wp\/v2\/pages\/1813\/revisions\/2115"}],"wp:attachment":[{"href":"https:\/\/www.tierschutz-bremerhaven.eu\/cs\/wp-json\/wp\/v2\/media?parent=1813"}],"curies":[{"name":"wp","href":"https:\/\/api.w.org\/{rel}","templated":true}]}}