{"id":1817,"date":"2021-04-29T14:21:22","date_gmt":"2021-04-29T14:21:22","guid":{"rendered":"https:\/\/tierschutz-bremerhaven.eu\/?page_id=1817"},"modified":"2021-06-22T12:07:28","modified_gmt":"2021-06-22T12:07:28","slug":"walker","status":"publish","type":"page","link":"https:\/\/www.tierschutz-bremerhaven.eu\/cs\/gassi-geher","title":{"rendered":"Ven\u010ditel ps\u016f"},"content":{"rendered":"<div data-elementor-type=\"wp-page\" data-elementor-id=\"1817\" class=\"elementor elementor-1817\" data-elementor-post-type=\"page\">\n\t\t\t\t\t\t<section class=\"elementor-section elementor-top-section elementor-element elementor-element-3f2c348 elementor-section-full_width elementor-section-height-default elementor-section-height-default\" data-id=\"3f2c348\" data-element_type=\"section\" data-e-type=\"section\" data-settings=\"{&quot;background_background&quot;:&quot;classic&quot;}\">\n\t\t\t\t\t\t<div class=\"elementor-container elementor-column-gap-default\">\n\t\t\t\t\t<div class=\"elementor-column elementor-col-100 elementor-top-column elementor-element elementor-element-2cef154\" data-id=\"2cef154\" data-element_type=\"column\" data-e-type=\"column\">\n\t\t\t<div class=\"elementor-widget-wrap elementor-element-populated\">\n\t\t\t\t\t\t<div class=\"elementor-element elementor-element-02a7822 elementor-widget elementor-widget-heading\" data-id=\"02a7822\" data-element_type=\"widget\" data-e-type=\"widget\" data-widget_type=\"heading.default\">\n\t\t\t\t<div class=\"elementor-widget-container\">\n\t\t\t\t\t<h2 class=\"elementor-heading-title elementor-size-default\">Ven\u010ditel ps\u016f<\/h2>\t\t\t\t<\/div>\n\t\t\t\t<\/div>\n\t\t\t\t<div class=\"elementor-element elementor-element-7cc7aaa elementor-widget elementor-widget-text-editor\" data-id=\"7cc7aaa\" data-element_type=\"widget\" data-e-type=\"widget\" data-widget_type=\"text-editor.default\">\n\t\t\t\t<div class=\"elementor-widget-container\">\n\t\t\t\t\t\t\t\t\t<p>V na\u0161em nov\u00e9m are\u00e1lu jsou dva velk\u00e9 v\u00fdb\u011bhy, kter\u00e9 mohou na\u0161i psi samoz\u0159ejm\u011b pravideln\u011b vyu\u017e\u00edvat.<\/p><p>Pokud byste cht\u011bli na\u0161e psy rozmazlovat extra proch\u00e1zkou, kontaktujte n\u00e1s.<\/p><p>Pro na\u0161e psy je to n\u011bco v\u00fdjime\u010dn\u00e9ho, proto\u017ee maj\u00ed ve\u0161kerou pozornost od jednoho \u010dlov\u011bka a na proch\u00e1zk\u00e1ch za\u017e\u00edvaj\u00ed spoustu rozmanitost\u00ed.<\/p><p>\u010clenstv\u00ed v asociaci je povinn\u00e9, proto\u017ee pot\u0159ebujeme va\u0161e kontaktn\u00ed \u00fadaje a prost\u0159ednictv\u00edm asociace pak budete m\u00edt pojistnou ochranu.<\/p><p>Na t\u011bchto proch\u00e1zk\u00e1ch r\u00e1di doprov\u00e1z\u00edme na\u0161e psy i s d\u011btmi. Z bezpe\u010dnostn\u00edch d\u016fvod\u016f je to v\u0161ak mo\u017en\u00e9 pouze v doprovodu dosp\u011bl\u00e9 osoby.<\/p><p>Nyn\u00ed si s n\u00e1mi sta\u010d\u00ed domluvit sch\u016fzku a sezn\u00e1mit se s pravidly ch\u016fze, kter\u00e1 v\u00e1m vysv\u011btl\u00ed na\u0161i o\u0161et\u0159ovatel\u00e9. Toto pou\u010den\u00ed je pro va\u0161i vlastn\u00ed bezpe\u010dnost a bezpe\u010dnost va\u0161eho psa.<\/p><p>Pokud budou teploty p\u0159\u00edli\u0161 vysok\u00e9 nebo p\u0159\u00edli\u0161 n\u00edzk\u00e9, m\u016f\u017eeme b\u00fdt nuceni proch\u00e1zku v z\u00e1jmu zv\u00ed\u0159at zru\u0161it. O to v\u00edc se pak ale t\u011b\u0161\u00ed na p\u0159\u00ed\u0161t\u011b. \u00a0<\/p><p>Na\u0161e vych\u00e1zky prob\u00edhaj\u00ed v \u00fater\u00fd, st\u0159edu, p\u00e1tek a sobotu od 10:00 do 14:00 a v ned\u011bli od 13:00 do 16:00.<\/p><p>Kontaktujte n\u00e1s pros\u00edm v \u00fatulku pro zv\u00ed\u0159ata na tel.: 0471 - 8 32 57.<br \/>Mimo otev\u00edrac\u00ed dobu m\u016f\u017eete zanechat vzkaz na na\u0161em z\u00e1znamn\u00edku. Ihned v\u00e1m zavol\u00e1me zp\u011bt.<\/p>\t\t\t\t\t\t\t\t<\/div>\n\t\t\t\t<\/div>\n\t\t\t\t\t<\/div>\n\t\t<\/div>\n\t\t\t\t\t<\/div>\n\t\t<\/section>\n\t\t\t\t<\/div>","protected":false},"excerpt":{"rendered":"<p>Gassi-Geher Auf unserem neuen Gel\u00e4nde befinden sich zwei gro\u00dfe Ausl\u00e4ufe, die unsere Hunde nat\u00fcrlich regelm\u00e4\u00dfig nutzen k\u00f6nnen. Wenn Sie unseren aber Hunden mit einem zus\u00e4tzlichen Spaziergang verw\u00f6hnen m\u00f6chten, sprechen Sie uns gerne an. F\u00fcr unsere Hunde ist dies etwas Besonderes, da sie von einer einzelnen Person die ganze Aufmerksamkeit erhalten und auf den Spazierg\u00e4ngen viel [&hellip;]<\/p>\n","protected":false},"author":3,"featured_media":0,"parent":0,"menu_order":0,"comment_status":"closed","ping_status":"closed","template":"","meta":{"footnotes":""},"class_list":["post-1817","page","type-page","status-publish","hentry"],"_links":{"self":[{"href":"https:\/\/www.tierschutz-bremerhaven.eu\/cs\/wp-json\/wp\/v2\/pages\/1817","targetHints":{"allow":["GET"]}}],"collection":[{"href":"https:\/\/www.tierschutz-bremerhaven.eu\/cs\/wp-json\/wp\/v2\/pages"}],"about":[{"href":"https:\/\/www.tierschutz-bremerhaven.eu\/cs\/wp-json\/wp\/v2\/types\/page"}],"author":[{"embeddable":true,"href":"https:\/\/www.tierschutz-bremerhaven.eu\/cs\/wp-json\/wp\/v2\/users\/3"}],"replies":[{"embeddable":true,"href":"https:\/\/www.tierschutz-bremerhaven.eu\/cs\/wp-json\/wp\/v2\/comments?post=1817"}],"version-history":[{"count":3,"href":"https:\/\/www.tierschutz-bremerhaven.eu\/cs\/wp-json\/wp\/v2\/pages\/1817\/revisions"}],"predecessor-version":[{"id":1823,"href":"https:\/\/www.tierschutz-bremerhaven.eu\/cs\/wp-json\/wp\/v2\/pages\/1817\/revisions\/1823"}],"wp:attachment":[{"href":"https:\/\/www.tierschutz-bremerhaven.eu\/cs\/wp-json\/wp\/v2\/media?parent=1817"}],"curies":[{"name":"wp","href":"https:\/\/api.w.org\/{rel}","templated":true}]}}