{"id":2050,"date":"2021-04-30T07:52:23","date_gmt":"2021-04-30T07:52:23","guid":{"rendered":"https:\/\/tierschutz-bremerhaven.eu\/?page_id=2050"},"modified":"2024-09-06T15:06:28","modified_gmt":"2024-09-06T14:06:28","slug":"otisk","status":"publish","type":"page","link":"https:\/\/www.tierschutz-bremerhaven.eu\/cs\/impressum","title":{"rendered":"Otisk"},"content":{"rendered":"<p>Animal Welfare Bremerhaven e.V.<br>Viel\u00e4nder Weg 137<\/p>\n\n\n\n<p>27574 Bremerhaven&nbsp;<\/p>\n\n\n\n<p>Telefon:&nbsp;<a href=\"tel:047183257\">0471 8 32 57<\/a><br>Fax: 0471 9 81 26 76<\/p>\n\n\n\n<p>e-mail:&nbsp;<a href=\"mailto:info@tierschutz-bremerhaven.eu\">info@tierschutz-bremerhaven.eu<\/a><br>URL: <a href=\"http:\/\/www.tierschutz-bremerhaven.eu\/cs\/\">www.tierschutz-bremerhaven.eu<\/a><\/p>\n\n\n\n<p>IBAN: DE 49 2925 0000 0002 0075 50<br>BIC: BRLADE21BRS<\/p>\n\n\n\n<p>Rejst\u0159\u00edkov\u00fd soud: M\u00edstn\u00ed soud v Br\u00e9m\u00e1ch<br>Registra\u010dn\u00ed \u010d\u00edslo: 564 BHV<\/p>\n\n\n\n<p>DI\u010c podle \u00a7 27a UStG:  DE 114709126<\/p>\n\n\n\n<p>Opr\u00e1vn\u011bn zastupovat a odpov\u011bdn\u00fd za obsah publikac\u00ed a ve smyslu RStV, \u00a7 55 odst. 2:<\/p>\n\n\n\n<p>Inga Albers p\u0159edsedkyn\u011b<\/p>\n\n\n\n<p>P\u0159edsedkyni lze kontaktovat tak\u00e9 na v\u00fd\u0161e uveden\u00e9 po\u0161tovn\u00ed adrese.<\/p>\n\n\n\n<p><strong>Odpov\u011bdnost za obsah<\/strong><\/p>\n\n\n\n<p>Jako poskytovatel slu\u017eeb jsme v souladu s \u00a7 7 odst. 1 TMG (n\u011bmeck\u00fd z\u00e1kon o telem\u00e9di\u00edch) a obecn\u00fdmi pr\u00e1vn\u00edmi p\u0159edpisy odpov\u011bdn\u00ed za vlastn\u00ed obsah t\u011bchto str\u00e1nek. Podle \u00a7\u00a7 8 a\u017e 10 TMG v\u0161ak nejsme jako poskytovatel slu\u017eeb povinni sledovat p\u0159en\u00e1\u0161en\u00e9 nebo ukl\u00e1dan\u00e9 informace t\u0159et\u00edch stran ani vy\u0161et\u0159ovat okolnosti, kter\u00e9 nazna\u010duj\u00ed nez\u00e1konnou \u010dinnost.<\/p>\n\n\n\n<p>Povinnosti odstranit nebo zablokovat pou\u017e\u00edv\u00e1n\u00ed informac\u00ed v souladu s obecn\u00fdmi pr\u00e1vn\u00edmi p\u0159edpisy t\u00edm nejsou dot\u010deny. Odpov\u011bdnost v tomto ohledu je v\u0161ak mo\u017en\u00e1 a\u017e od okam\u017eiku, kdy se dozv\u00edme o konkr\u00e9tn\u00edm poru\u0161en\u00ed. Jakmile se o takov\u00e9m poru\u0161en\u00ed dozv\u00edme, okam\u017eit\u011b tento obsah odstran\u00edme. <\/p>\n\n\n\n<p><strong>Odpov\u011bdnost za odkazy<\/strong><\/p>\n\n\n\n<p>Na\u0161e webov\u00e9 str\u00e1nky obsahuj\u00ed odkazy na extern\u00ed webov\u00e9 str\u00e1nky t\u0159et\u00edch stran, na jejich\u017e obsah nem\u00e1me \u017e\u00e1dn\u00fd vliv. Proto nem\u016f\u017eeme p\u0159evz\u00edt \u017e\u00e1dnou odpov\u011bdnost za tento obsah t\u0159et\u00edch stran. Za obsah odkazovan\u00fdch str\u00e1nek je v\u017edy odpov\u011bdn\u00fd p\u0159\u00edslu\u0161n\u00fd poskytovatel nebo provozovatel str\u00e1nek. Odkazovan\u00e9 str\u00e1nky byly v dob\u011b odkazov\u00e1n\u00ed zkontrolov\u00e1ny z hlediska mo\u017en\u00e9ho poru\u0161en\u00ed pr\u00e1vn\u00edch p\u0159edpis\u016f. Nez\u00e1konn\u00fd obsah nebyl v dob\u011b odkazov\u00e1n\u00ed rozpozn\u00e1n.<\/p>\n\n\n\n<p>Trval\u00e9 sledov\u00e1n\u00ed obsahu odkazovan\u00fdch str\u00e1nek v\u0161ak nen\u00ed rozumn\u00e9 bez konkr\u00e9tn\u00edch d\u016fkaz\u016f o protipr\u00e1vn\u00edm jedn\u00e1n\u00ed. Pokud se dozv\u00edme o jak\u00e9mkoli poru\u0161en\u00ed pr\u00e1vn\u00edch p\u0159edpis\u016f, okam\u017eit\u011b takov\u00e9 odkazy odstran\u00edme.<\/p>\n\n\n\n<p><strong>Autorsk\u00e1 pr\u00e1va<\/strong><\/p>\n\n\n\n<p>Obsah a d\u00edla vytvo\u0159en\u00e1 provozovateli str\u00e1nek na t\u011bchto str\u00e1nk\u00e1ch podl\u00e9haj\u00ed n\u011bmeck\u00e9mu autorsk\u00e9mu pr\u00e1vu. Kop\u00edrov\u00e1n\u00ed, zpracov\u00e1n\u00ed, \u0161\u00ed\u0159en\u00ed a jak\u00fdkoli zp\u016fsob vyu\u017eit\u00ed nad r\u00e1mec autorsk\u00e9ho pr\u00e1va vy\u017eaduje p\u00edsemn\u00fd souhlas p\u0159\u00edslu\u0161n\u00e9ho autora nebo tv\u016frce. Stahov\u00e1n\u00ed a kop\u00edrov\u00e1n\u00ed t\u011bchto str\u00e1nek je povoleno pouze pro soukrom\u00e9, nekomer\u010dn\u00ed pou\u017eit\u00ed.<\/p>\n\n\n\n<p>Pokud obsah t\u011bchto str\u00e1nek nebyl vytvo\u0159en provozovatelem, jsou respektov\u00e1na autorsk\u00e1 pr\u00e1va t\u0159et\u00edch stran. Zejm\u00e9na obsah t\u0159et\u00edch stran je takto ozna\u010den. Pokud se p\u0159esto dozv\u00edte o poru\u0161en\u00ed autorsk\u00fdch pr\u00e1v, informujte n\u00e1s o tom. Pokud se o poru\u0161en\u00ed dozv\u00edme, takov\u00fd obsah neprodlen\u011b odstran\u00edme.<\/p>\n\n\n\n<p>Z d\u016fvodu lep\u0161\u00ed srozumitelnosti je vynech\u00e1no sou\u010dasn\u00e9 pou\u017e\u00edv\u00e1n\u00ed jazykov\u00fdch forem mu\u017e, \u017eena a r\u016fzn\u00fd (m\/f\/d). V\u0161echna osobn\u00ed ozna\u010den\u00ed plat\u00ed stejn\u011b pro v\u0161echna pohlav\u00ed.<\/p>\n\n\n\n<p><strong>Design a programov\u00e1n\u00ed<\/strong><\/p>\n\n\n\n<p>GROTE MEDIA GmbH<br>Kantstra\u00dfe 4<br>27568 Bremerhaven<br>Telefon: <a href=\"tel:0471983370\">0471 98 33 7-0<\/a><br><a href=\"mailto:info@grote-media.de\">info@grote-media.de<\/a><br><a href=\"https:\/\/grote-media.de\/\" target=\"_blank\" rel=\"noreferrer noopener\">www.grote-media.de<\/a><\/p>","protected":false},"excerpt":{"rendered":"<p>Tierschutz Bremerhaven e.V.Viel\u00e4nder Weg 137 27574 Bremerhaven&nbsp; Telefon:&nbsp;0471 8 32 57Telefax:&nbsp;0471 9 81 26 76 E-Mail:&nbsp;info@tierschutz-bremerhaven.euURL: www.tierschutz-bremerhaven.eu IBAN: DE&nbsp;49 2925 0000 0002&nbsp;0075 50BIC: BRLADE21BRS Registergericht: Amtsgericht BremenRegisternummer: 564 BHV USt-ID gem. \u00a7 27a UStG: &nbsp;DE 114709126 Vertretungsberechtigt und f\u00fcr den Inhalt der Publikationen sowie im Sinne des RStV, \u00a7 55 Abs. 2 verantwortlich ist: Inga [&hellip;]<\/p>\n","protected":false},"author":3,"featured_media":0,"parent":0,"menu_order":0,"comment_status":"closed","ping_status":"closed","template":"","meta":{"footnotes":""},"class_list":["post-2050","page","type-page","status-publish","hentry"],"_links":{"self":[{"href":"https:\/\/www.tierschutz-bremerhaven.eu\/cs\/wp-json\/wp\/v2\/pages\/2050","targetHints":{"allow":["GET"]}}],"collection":[{"href":"https:\/\/www.tierschutz-bremerhaven.eu\/cs\/wp-json\/wp\/v2\/pages"}],"about":[{"href":"https:\/\/www.tierschutz-bremerhaven.eu\/cs\/wp-json\/wp\/v2\/types\/page"}],"author":[{"embeddable":true,"href":"https:\/\/www.tierschutz-bremerhaven.eu\/cs\/wp-json\/wp\/v2\/users\/3"}],"replies":[{"embeddable":true,"href":"https:\/\/www.tierschutz-bremerhaven.eu\/cs\/wp-json\/wp\/v2\/comments?post=2050"}],"version-history":[{"count":10,"href":"https:\/\/www.tierschutz-bremerhaven.eu\/cs\/wp-json\/wp\/v2\/pages\/2050\/revisions"}],"predecessor-version":[{"id":10683,"href":"https:\/\/www.tierschutz-bremerhaven.eu\/cs\/wp-json\/wp\/v2\/pages\/2050\/revisions\/10683"}],"wp:attachment":[{"href":"https:\/\/www.tierschutz-bremerhaven.eu\/cs\/wp-json\/wp\/v2\/media?parent=2050"}],"curies":[{"name":"wp","href":"https:\/\/api.w.org\/{rel}","templated":true}]}}