{"id":2233,"date":"2021-05-22T07:43:51","date_gmt":"2021-05-22T07:43:51","guid":{"rendered":"https:\/\/tierschutz-bremerhaven.eu\/?page_id=2233"},"modified":"2021-10-08T11:33:25","modified_gmt":"2021-10-08T11:33:25","slug":"nemecka-organizace-na-ochranu-zvirat-e-v","status":"publish","type":"page","link":"https:\/\/www.tierschutz-bremerhaven.eu\/cs\/deutscher-tierschutzbund-e-v","title":{"rendered":"N\u011bmeck\u00e9 sdru\u017een\u00ed na ochranu zv\u00ed\u0159at"},"content":{"rendered":"<div data-elementor-type=\"wp-page\" data-elementor-id=\"2233\" class=\"elementor elementor-2233\" data-elementor-post-type=\"page\">\n\t\t\t\t\t\t<section class=\"elementor-section elementor-top-section elementor-element elementor-element-d4d01e4 elementor-section-full_width elementor-section-height-default elementor-section-height-default\" data-id=\"d4d01e4\" data-element_type=\"section\" data-e-type=\"section\" data-settings=\"{&quot;background_background&quot;:&quot;classic&quot;}\">\n\t\t\t\t\t\t<div class=\"elementor-container elementor-column-gap-default\">\n\t\t\t\t\t<div class=\"elementor-column elementor-col-100 elementor-top-column elementor-element elementor-element-bd2a910\" data-id=\"bd2a910\" data-element_type=\"column\" data-e-type=\"column\">\n\t\t\t<div class=\"elementor-widget-wrap elementor-element-populated\">\n\t\t\t\t\t\t<div class=\"elementor-element elementor-element-ab1aa74 elementor-widget elementor-widget-jet-listing-dynamic-image\" data-id=\"ab1aa74\" data-element_type=\"widget\" data-e-type=\"widget\" data-widget_type=\"jet-listing-dynamic-image.default\">\n\t\t\t\t<div class=\"elementor-widget-container\">\n\t\t\t\t\t<div class=\"jet-listing jet-listing-dynamic-image\" ><img fetchpriority=\"high\" decoding=\"async\" width=\"2560\" height=\"1150\" src=\"https:\/\/www.tierschutz-bremerhaven.eu\/wp-content\/uploads\/2021\/03\/group-of-dogs-and-cats-sitting-PW8VPEP-scaled.jpg\" class=\"jet-listing-dynamic-image__img attachment-full size-full wp-post-image\" alt=\"Skupina ps\u016f a ko\u010dek sed\u00edc\u00edch na b\u00edl\u00e9m pozad\u00ed\" srcset=\"https:\/\/www.tierschutz-bremerhaven.eu\/wp-content\/uploads\/2021\/03\/group-of-dogs-and-cats-sitting-PW8VPEP-scaled.jpg 2560w, https:\/\/www.tierschutz-bremerhaven.eu\/wp-content\/uploads\/2021\/03\/group-of-dogs-and-cats-sitting-PW8VPEP-300x135.jpg 300w, https:\/\/www.tierschutz-bremerhaven.eu\/wp-content\/uploads\/2021\/03\/group-of-dogs-and-cats-sitting-PW8VPEP-1024x460.jpg 1024w, https:\/\/www.tierschutz-bremerhaven.eu\/wp-content\/uploads\/2021\/03\/group-of-dogs-and-cats-sitting-PW8VPEP-768x345.jpg 768w, https:\/\/www.tierschutz-bremerhaven.eu\/wp-content\/uploads\/2021\/03\/group-of-dogs-and-cats-sitting-PW8VPEP-1536x690.jpg 1536w, https:\/\/www.tierschutz-bremerhaven.eu\/wp-content\/uploads\/2021\/03\/group-of-dogs-and-cats-sitting-PW8VPEP-2048x920.jpg 2048w\" sizes=\"(max-width: 2560px) 100vw, 2560px\" loading=\"eager\" \/><\/div>\t\t\t\t<\/div>\n\t\t\t\t<\/div>\n\t\t\t\t<div class=\"elementor-element elementor-element-b59dc3b elementor-widget elementor-widget-heading\" data-id=\"b59dc3b\" data-element_type=\"widget\" data-e-type=\"widget\" data-widget_type=\"heading.default\">\n\t\t\t\t<div class=\"elementor-widget-container\">\n\t\t\t\t\t<h2 class=\"elementor-heading-title elementor-size-default\">N\u011bmeck\u00e9 sdru\u017een\u00ed na ochranu zv\u00ed\u0159at<\/h2>\t\t\t\t<\/div>\n\t\t\t\t<\/div>\n\t\t\t\t<div class=\"elementor-element elementor-element-f73883f elementor-widget elementor-widget-text-editor\" data-id=\"f73883f\" data-element_type=\"widget\" data-e-type=\"widget\" data-widget_type=\"text-editor.default\">\n\t\t\t\t<div class=\"elementor-widget-container\">\n\t\t\t\t\t\t\t\t\t<p>N\u011bmeck\u00fd svaz na ochranu zv\u00ed\u0159at pod heslem \"Ochrana zv\u00ed\u0159at srdcem a mysl\u00ed\" bojuje za ochranu zv\u00ed\u0159at v zem\u011bd\u011blstv\u00ed ji\u017e od roku 1881, vede kampan\u011b proti testov\u00e1n\u00ed na zv\u00ed\u0159atech a podporuje praktickou \u010dinnost v oblasti ochrany zv\u00ed\u0159at. Na n\u00e1rodn\u00ed, mezin\u00e1rodn\u00ed a politick\u00e9 \u00farovni a na \u00farovni EU.<\/p>\n<p>Viz\u00ed je spole\u010dnost, kter\u00e1 si v\u00e1\u017e\u00ed v\u0161ech zv\u00ed\u0159at jako bli\u017en\u00edch, projevuje jim soucit a \u00factu a chr\u00e1n\u00ed je p\u0159ed zbyte\u010dn\u00fdm utrpen\u00edm, bolest\u00ed a strachem.<\/p>\n<p>N\u011bmeck\u00fd svaz na ochranu zv\u00ed\u0159at jako zast\u0159e\u0161uj\u00edc\u00ed organizace m\u00e1 nyn\u00ed 16 region\u00e1ln\u00edch sdru\u017een\u00ed a p\u0159ibli\u017en\u011b 740 sdru\u017een\u00ed na ochranu zv\u00ed\u0159at s v\u00edce ne\u017e 550 \u00fatulky a z\u00e1chrann\u00fdmi centry. Jedn\u00e1 se tak o nejv\u011bt\u0161\u00ed zast\u0159e\u0161uj\u00edc\u00ed organizaci na ochranu zv\u00ed\u0159at a p\u0159\u00edrody v Evrop\u011b. Zastupuje z\u00e1jmy v\u00edce ne\u017e 800 000 ochr\u00e1nc\u016f zv\u00ed\u0159at ze v\u0161ech \u010d\u00e1st\u00ed N\u011bmecka.<\/p>\n<p>Zv\u00ed\u0159ec\u00ed \u00fatulky pom\u00e1haj\u00ed, ale jsou tak\u00e9 samy z\u00e1visl\u00e9 na pomoci. N\u011bmeck\u00fd svaz na ochranu zv\u00ed\u0159at podporuje p\u0159idru\u017een\u00e9 organizace nap\u0159\u00edklad v p\u0159\u00edpadech, kdy je t\u0159eba se najednou postarat o mnoho zv\u00ed\u0159at z hromadn\u00fdch chov\u016f nebo o nemocn\u00e1 \u0161t\u011b\u0148ata z neleg\u00e1ln\u00edho obchodu, ale tak\u00e9 tehdy, kdy\u017e chyb\u00ed pen\u00edze na nal\u00e9hav\u00e9 rekonstrukce.<\/p>\n<p>Jen spole\u010dn\u011b m\u016f\u017eeme vytvo\u0159it lep\u0161\u00ed sv\u011bt pro zv\u00ed\u0159ata.<\/p>\t\t\t\t\t\t\t\t<\/div>\n\t\t\t\t<\/div>\n\t\t\t\t\t<\/div>\n\t\t<\/div>\n\t\t\t\t\t<\/div>\n\t\t<\/section>\n\t\t\t\t<\/div>","protected":false},"excerpt":{"rendered":"<p>Deutscher Tierschutzbund e.V. Unter dem Motto \u201eTierschutz mit Herz und Verstand\u201c k\u00e4mpft der Deutsche Tierschutzbund, seit 1881 unter anderem f\u00fcr den Schutz der Tiere in der Landwirtschaft, macht sich gegen Tierversuche stark und unterst\u00fctzt die praktische Tierschutzarbeit. National, international sowie politisch auf Bundes- und EU-Ebene. Die Vision ist eine Gesellschaft, die alle Tiere als Mitgesch\u00f6pfe [&hellip;]<\/p>\n","protected":false},"author":3,"featured_media":792,"parent":0,"menu_order":0,"comment_status":"closed","ping_status":"closed","template":"","meta":{"footnotes":""},"class_list":["post-2233","page","type-page","status-publish","has-post-thumbnail","hentry"],"_links":{"self":[{"href":"https:\/\/www.tierschutz-bremerhaven.eu\/cs\/wp-json\/wp\/v2\/pages\/2233","targetHints":{"allow":["GET"]}}],"collection":[{"href":"https:\/\/www.tierschutz-bremerhaven.eu\/cs\/wp-json\/wp\/v2\/pages"}],"about":[{"href":"https:\/\/www.tierschutz-bremerhaven.eu\/cs\/wp-json\/wp\/v2\/types\/page"}],"author":[{"embeddable":true,"href":"https:\/\/www.tierschutz-bremerhaven.eu\/cs\/wp-json\/wp\/v2\/users\/3"}],"replies":[{"embeddable":true,"href":"https:\/\/www.tierschutz-bremerhaven.eu\/cs\/wp-json\/wp\/v2\/comments?post=2233"}],"version-history":[{"count":27,"href":"https:\/\/www.tierschutz-bremerhaven.eu\/cs\/wp-json\/wp\/v2\/pages\/2233\/revisions"}],"predecessor-version":[{"id":5320,"href":"https:\/\/www.tierschutz-bremerhaven.eu\/cs\/wp-json\/wp\/v2\/pages\/2233\/revisions\/5320"}],"wp:featuredmedia":[{"embeddable":true,"href":"https:\/\/www.tierschutz-bremerhaven.eu\/cs\/wp-json\/wp\/v2\/media\/792"}],"wp:attachment":[{"href":"https:\/\/www.tierschutz-bremerhaven.eu\/cs\/wp-json\/wp\/v2\/media?parent=2233"}],"curies":[{"name":"wp","href":"https:\/\/api.w.org\/{rel}","templated":true}]}}