{"id":2311,"date":"2021-05-24T06:30:04","date_gmt":"2021-05-24T06:30:04","guid":{"rendered":"https:\/\/tierschutz-bremerhaven.eu\/?page_id=2311"},"modified":"2021-09-22T15:51:38","modified_gmt":"2021-09-22T15:51:38","slug":"ser","status":"publish","type":"page","link":"https:\/\/www.tierschutz-bremerhaven.eu\/cs\/ser","title":{"rendered":"Ser"},"content":{"rendered":"<div data-elementor-type=\"wp-page\" data-elementor-id=\"2311\" class=\"elementor elementor-2311\" data-elementor-post-type=\"page\">\n\t\t\t\t\t\t<section class=\"elementor-section elementor-top-section elementor-element elementor-element-dde3447 elementor-section-boxed elementor-section-height-default elementor-section-height-default\" data-id=\"dde3447\" data-element_type=\"section\" data-e-type=\"section\">\n\t\t\t\t\t\t<div class=\"elementor-container elementor-column-gap-default\">\n\t\t\t\t\t<div class=\"elementor-column elementor-col-100 elementor-top-column elementor-element elementor-element-66dcf0e\" data-id=\"66dcf0e\" data-element_type=\"column\" data-e-type=\"column\">\n\t\t\t<div class=\"elementor-widget-wrap elementor-element-populated\">\n\t\t\t\t\t\t<div class=\"elementor-element elementor-element-e964b23 elementor-widget elementor-widget-accordion\" data-id=\"e964b23\" data-element_type=\"widget\" data-e-type=\"widget\" data-widget_type=\"accordion.default\">\n\t\t\t\t<div class=\"elementor-widget-container\">\n\t\t\t\t\t\t\t<div class=\"elementor-accordion\">\n\t\t\t\t\t\t\t<div class=\"elementor-accordion-item\">\n\t\t\t\t\t<div id=\"elementor-tab-title-2441\" class=\"elementor-tab-title\" data-tab=\"1\" role=\"button\" aria-controls=\"elementor-tab-content-2441\" aria-expanded=\"false\">\n\t\t\t\t\t\t\t\t\t\t\t\t\t<span class=\"elementor-accordion-icon elementor-accordion-icon-right\" aria-hidden=\"true\">\n\t\t\t\t\t\t\t\t\t\t\t\t\t\t\t<span class=\"elementor-accordion-icon-closed\"><i class=\"fas fa-plus\"><\/i><\/span>\n\t\t\t\t\t\t\t\t<span class=\"elementor-accordion-icon-opened\"><i class=\"fas fa-minus\"><\/i><\/span>\n\t\t\t\t\t\t\t\t\t\t\t\t\t\t<\/span>\n\t\t\t\t\t\t\t\t\t\t\t\t<a class=\"elementor-accordion-title\" tabindex=\"0\">V p\u0159\u00edpad\u011b nouze<\/a>\n\t\t\t\t\t<\/div>\n\t\t\t\t\t<div id=\"elementor-tab-content-2441\" class=\"elementor-tab-content elementor-clearfix\" data-tab=\"1\" role=\"region\" aria-labelledby=\"elementor-tab-title-2441\"><p>M\u00e1te se sv\u00fdm dom\u00e1c\u00edm mazl\u00ed\u010dkem nal\u00e9hav\u00fd zdravotn\u00ed probl\u00e9m?<\/p>\n<p>Zachovejte klid, abyste mohli p\u0159ijmout spr\u00e1vn\u00e1 opat\u0159en\u00ed.<\/p>\n<p>N\u00ed\u017ee uv\u00e1d\u00edme n\u011bkolik adres a telefonn\u00edch \u010d\u00edsel, na kter\u00fdch m\u016f\u017eete v p\u0159\u00edpad\u011b nouze rychle z\u00edskat pomoc nebo veterin\u00e1rn\u00ed radu. <br>V m\u00e9n\u011b nal\u00e9hav\u00fdch p\u0159\u00edpadech v\u00e1m pom\u016f\u017ee v\u00e1\u0161 veterin\u00e1\u0159 nebo okoln\u00ed veterin\u00e1rn\u00ed kliniky v b\u011b\u017en\u00e9 pracovn\u00ed dob\u011b.<\/p>\n<p><b>Pohotovostn\u00ed veterin\u00e1rn\u00ed slu\u017eba Bremerhaven: 0172 - 6 51 12 48<\/b><\/p>\n<p><b>Veterin\u00e1rn\u00ed klinika Br\u00e9my: 0421 - 1 22 11<\/b><\/p>\n<p>Pokud k n\u00e1m chcete nalezen\u00e9 zv\u00ed\u0159e p\u0159iv\u00e9zt, zavolejte n\u00e1m v pracovn\u00ed dob\u011b na telefonn\u00ed \u010d\u00edslo 0471 - 8 32 57. M\u016f\u017eete n\u00e1m zanechat vzkaz na z\u00e1znamn\u00edku a my v\u00e1m zavol\u00e1me zp\u011bt nejpozd\u011bji n\u00e1sleduj\u00edc\u00ed den.<\/p>\n<p>V nal\u00e9hav\u00fdch p\u0159\u00edpadech se pros\u00edm obra\u0165te na n\u00e1sleduj\u00edc\u00ed kontakty mimo pracovn\u00ed dobu. <b>Policie pod tel. 0471 - 9 53 11 40 <\/b>nebo <b><br>Hasi\u010di na tel. 0471 - 59 00<\/b> Bremerhaven. V p\u0159\u00edpad\u011b pot\u0159eby se pak obr\u00e1t\u00ed na na\u0161i pohotovostn\u00ed slu\u017ebu.<\/p><\/div>\n\t\t\t\t<\/div>\n\t\t\t\t\t\t\t\t<\/div>\n\t\t\t\t\t\t<\/div>\n\t\t\t\t<\/div>\n\t\t\t\t<div class=\"elementor-element elementor-element-bb940d2 elementor-widget elementor-widget-accordion\" data-id=\"bb940d2\" data-element_type=\"widget\" data-e-type=\"widget\" data-widget_type=\"accordion.default\">\n\t\t\t\t<div class=\"elementor-widget-container\">\n\t\t\t\t\t\t\t<div class=\"elementor-accordion\">\n\t\t\t\t\t\t\t<div class=\"elementor-accordion-item\">\n\t\t\t\t\t<div id=\"elementor-tab-title-1961\" class=\"elementor-tab-title\" data-tab=\"1\" role=\"button\" aria-controls=\"elementor-tab-content-1961\" aria-expanded=\"false\">\n\t\t\t\t\t\t\t\t\t\t\t\t\t<span class=\"elementor-accordion-icon elementor-accordion-icon-right\" aria-hidden=\"true\">\n\t\t\t\t\t\t\t\t\t\t\t\t\t\t\t<span class=\"elementor-accordion-icon-closed\"><i class=\"fas fa-plus\"><\/i><\/span>\n\t\t\t\t\t\t\t\t<span class=\"elementor-accordion-icon-opened\"><i class=\"fas fa-minus\"><\/i><\/span>\n\t\t\t\t\t\t\t\t\t\t\t\t\t\t<\/span>\n\t\t\t\t\t\t\t\t\t\t\t\t<a class=\"elementor-accordion-title\" tabindex=\"0\">Nalezen\u00e9 divok\u00e9 zv\u00ed\u0159e<\/a>\n\t\t\t\t\t<\/div>\n\t\t\t\t\t<div id=\"elementor-tab-content-1961\" class=\"elementor-tab-content elementor-clearfix\" data-tab=\"1\" role=\"region\" aria-labelledby=\"elementor-tab-title-1961\"><p>Pokud se na n\u00e1s chcete obr\u00e1tit v souvislosti s nalezen\u00fdm voln\u011b \u017eij\u00edc\u00edm zv\u00ed\u0159etem, r\u00e1di bychom v\u00e1s preventivn\u011b upozornili, \u017ee.\u00a0<strong><em>za voln\u011b \u017eij\u00edc\u00ed zv\u00ed\u0159ata neodpov\u00edd\u00e1me<\/em><\/strong>. Pochopte pros\u00edm, \u017ee nem\u00e1me ani hlubok\u00e9 znalosti, ani mo\u017enosti, abychom se starali o veverky, netop\u00fdry apod. Pokud se jedn\u00e1 o zran\u011bn\u00e9 zv\u00ed\u0159e, budeme v\u00e1m v takov\u00fdch v\u00fdjime\u010dn\u00fdch p\u0159\u00edpadech n\u00e1pomocni, pokud to na\u0161e kapacity dovol\u00ed. Samoz\u0159ejm\u011b v\u00e1m tak\u00e9 pom\u016f\u017eeme vyhledat profesion\u00e1ln\u00ed centrum pro navr\u00e1cen\u00ed zv\u00ed\u0159ete.<\/p><p>Kontaktujte n\u00e1s pros\u00edm v \u00fatulku pro zv\u00ed\u0159ata na \u010d\u00edsle 0471 - 8 32 57.<br \/>Mimo otev\u00edrac\u00ed dobu m\u016f\u017eete zanechat vzkaz na na\u0161em z\u00e1znamn\u00edku. Ihned v\u00e1m zavol\u00e1me zp\u011bt.<\/p><p>Bohu\u017eel se jedn\u00e1 o dal\u0161\u00ed \u00fakol, kter\u00fd nelze zvl\u00e1dnout vedle na\u0161\u00ed dobrovolnick\u00e9 pr\u00e1ce pro ochranu zv\u00ed\u0159at a provozu na\u0161eho \u00fatulku.<\/p><p>P\u0159ejeme v\u00e1m mnoho \u00fasp\u011bch\u016f a va\u0161emu sv\u011b\u0159enci v\u0161e nejlep\u0161\u00ed!<\/p><p><strong>Wildcats<\/strong><\/p><p>Pokud n\u00e1m p\u0159inesete voln\u011b pob\u00edhaj\u00edc\u00ed ko\u010dky, vykastrujeme je a vr\u00e1t\u00edme do jejich teritoria.<\/p><\/div>\n\t\t\t\t<\/div>\n\t\t\t\t\t\t\t\t<\/div>\n\t\t\t\t\t\t<\/div>\n\t\t\t\t<\/div>\n\t\t\t\t\t<\/div>\n\t\t<\/div>\n\t\t\t\t\t<\/div>\n\t\t<\/section>\n\t\t\t\t<\/div>","protected":false},"excerpt":{"rendered":"<p>Im Notfall Sie haben einen medizinischen Notfall mit Ihrem Tier? Bewahren Sie Ruhe, damit Sie die richtigen Ma\u00dfnahmen ergreifen k\u00f6nnen. Nachfolgend haben wir einige Adressen und Telefonnummern aufgelistet, unter denen Sie im Notfall schnell Hilfe oder einen tier\u00e4rztlichen Rat erhalten k\u00f6nnen. In nicht so dringenden F\u00e4llen, kann Ihnen zu den \u00fcblichen Gesch\u00e4ftszeiten auch sicher Ihr [&hellip;]<\/p>\n","protected":false},"author":3,"featured_media":0,"parent":0,"menu_order":0,"comment_status":"closed","ping_status":"closed","template":"","meta":{"footnotes":""},"class_list":["post-2311","page","type-page","status-publish","hentry"],"_links":{"self":[{"href":"https:\/\/www.tierschutz-bremerhaven.eu\/cs\/wp-json\/wp\/v2\/pages\/2311","targetHints":{"allow":["GET"]}}],"collection":[{"href":"https:\/\/www.tierschutz-bremerhaven.eu\/cs\/wp-json\/wp\/v2\/pages"}],"about":[{"href":"https:\/\/www.tierschutz-bremerhaven.eu\/cs\/wp-json\/wp\/v2\/types\/page"}],"author":[{"embeddable":true,"href":"https:\/\/www.tierschutz-bremerhaven.eu\/cs\/wp-json\/wp\/v2\/users\/3"}],"replies":[{"embeddable":true,"href":"https:\/\/www.tierschutz-bremerhaven.eu\/cs\/wp-json\/wp\/v2\/comments?post=2311"}],"version-history":[{"count":15,"href":"https:\/\/www.tierschutz-bremerhaven.eu\/cs\/wp-json\/wp\/v2\/pages\/2311\/revisions"}],"predecessor-version":[{"id":4064,"href":"https:\/\/www.tierschutz-bremerhaven.eu\/cs\/wp-json\/wp\/v2\/pages\/2311\/revisions\/4064"}],"wp:attachment":[{"href":"https:\/\/www.tierschutz-bremerhaven.eu\/cs\/wp-json\/wp\/v2\/media?parent=2311"}],"curies":[{"name":"wp","href":"https:\/\/api.w.org\/{rel}","templated":true}]}}