{"id":2602,"date":"2021-06-22T10:23:07","date_gmt":"2021-06-22T10:23:07","guid":{"rendered":"https:\/\/tierschutz-bremerhaven.eu\/?page_id=2602"},"modified":"2021-06-22T11:27:07","modified_gmt":"2021-06-22T11:27:07","slug":"pri-nakupovani-online","status":"publish","type":"page","link":"https:\/\/www.tierschutz-bremerhaven.eu\/cs\/beim-online-einkauf","title":{"rendered":"P\u0159i nakupov\u00e1n\u00ed online"},"content":{"rendered":"<div data-elementor-type=\"wp-page\" data-elementor-id=\"2602\" class=\"elementor elementor-2602\" data-elementor-post-type=\"page\">\n\t\t\t\t\t\t<section class=\"elementor-section elementor-top-section elementor-element elementor-element-3f2c348 elementor-section-full_width elementor-section-height-default elementor-section-height-default\" data-id=\"3f2c348\" data-element_type=\"section\" data-e-type=\"section\" data-settings=\"{&quot;background_background&quot;:&quot;classic&quot;}\">\n\t\t\t\t\t\t<div class=\"elementor-container elementor-column-gap-default\">\n\t\t\t\t\t<div class=\"elementor-column elementor-col-100 elementor-top-column elementor-element elementor-element-2cef154\" data-id=\"2cef154\" data-element_type=\"column\" data-e-type=\"column\">\n\t\t\t<div class=\"elementor-widget-wrap elementor-element-populated\">\n\t\t\t\t\t\t<div class=\"elementor-element elementor-element-02a7822 elementor-widget elementor-widget-heading\" data-id=\"02a7822\" data-element_type=\"widget\" data-e-type=\"widget\" data-widget_type=\"heading.default\">\n\t\t\t\t<div class=\"elementor-widget-container\">\n\t\t\t\t\t<h2 class=\"elementor-heading-title elementor-size-default\">D\u011bl\u00e1te dob\u0159e p\u0159i nakupov\u00e1n\u00ed<\/h2>\t\t\t\t<\/div>\n\t\t\t\t<\/div>\n\t\t\t\t<div class=\"elementor-element elementor-element-7cc7aaa elementor-widget elementor-widget-text-editor\" data-id=\"7cc7aaa\" data-element_type=\"widget\" data-e-type=\"widget\" data-widget_type=\"text-editor.default\">\n\t\t\t\t<div class=\"elementor-widget-container\">\n\t\t\t\t\t\t\t\t\t<p>Nakupujete r\u00e1di? Nejl\u00e9pe online? Pro\u010d nenakupovat a z\u00e1rove\u0148 neud\u011blat n\u011bco pro dobrou v\u011bc? Kdy\u017e nakoup\u00edte v n\u011bkter\u00e9m z n\u00ed\u017ee uveden\u00fdch internetov\u00fdch obchod\u016f, pom\u016f\u017eete t\u00edm tak\u00e9 spolku Bremerhaven Animal Welfare Association v p\u00e9\u010di o jeho po\u010detn\u00e9 chr\u00e1n\u011bnce a p\u0159isp\u011bjete na ochranu zv\u00ed\u0159at. To je nakupov\u00e1n\u00ed s dobr\u00fdm pocitem.<\/p>\t\t\t\t\t\t\t\t<\/div>\n\t\t\t\t<\/div>\n\t\t\t\t<div class=\"elementor-element elementor-element-4893fd1 elementor-widget elementor-widget-image\" data-id=\"4893fd1\" data-element_type=\"widget\" data-e-type=\"widget\" data-widget_type=\"image.default\">\n\t\t\t\t<div class=\"elementor-widget-container\">\n\t\t\t\t\t\t\t\t\t\t\t\t\t\t\t<img decoding=\"async\" width=\"300\" height=\"86\" src=\"https:\/\/www.tierschutz-bremerhaven.eu\/wp-content\/uploads\/2021\/06\/Amazon-smile.jpg\" class=\"attachment-medium size-medium wp-image-2611\" alt=\"\" \/>\t\t\t\t\t\t\t\t\t\t\t\t\t\t\t<\/div>\n\t\t\t\t<\/div>\n\t\t\t\t<div class=\"elementor-element elementor-element-b195fe8 elementor-widget elementor-widget-text-editor\" data-id=\"b195fe8\" data-element_type=\"widget\" data-e-type=\"widget\" data-widget_type=\"text-editor.default\">\n\t\t\t\t<div class=\"elementor-widget-container\">\n\t\t\t\t\t\t\t\t\t<p>AmazonSmile je charitativn\u00ed program spole\u010dnosti Amazon, d\u00edky kter\u00e9mu m\u016f\u017eete ka\u017ed\u00fdm n\u00e1kupem podpo\u0159it \u00fatulek pro zv\u00ed\u0159ata v Bremerhavenu. Sta\u010d\u00ed, kdy\u017e sv\u016fj p\u0159\u00ed\u0161t\u00ed online n\u00e1kup uskute\u010dn\u00edte prost\u0159ednictv\u00edm slu\u017eby AmazonSmile a jako organizaci vyberete \"Tierschutzverein Bremerhaven\". Spole\u010dnost Amazon p\u0159ed\u00e1 0,5% z \u010d\u00e1stky va\u0161eho n\u00e1kupu n\u00e1m, a t\u00edm i na\u0161im chr\u00e1n\u011bnc\u016fm. Nevzniknou v\u00e1m \u017e\u00e1dn\u00e9 dal\u0161\u00ed n\u00e1klady.<\/p><p><strong>Kliknut\u00edm sem p\u0159ejdete na AmazonSmile<\/strong><\/p><p>AmazonSmile mohou v aplikaci pou\u017e\u00edvat tak\u00e9 u\u017eivatel\u00e9 Androidu a iPhonu. Za t\u00edmto \u00fa\u010delem otev\u0159ete nastaven\u00ed v aplikaci Amazon Shopping. Tam m\u016f\u017eete aktivovat AmazonSmile a vybrat \"Tierschutzverein Bremerhaven\".<\/p>\t\t\t\t\t\t\t\t<\/div>\n\t\t\t\t<\/div>\n\t\t\t\t<div class=\"elementor-element elementor-element-e47f4ca elementor-widget elementor-widget-image\" data-id=\"e47f4ca\" data-element_type=\"widget\" data-e-type=\"widget\" data-widget_type=\"image.default\">\n\t\t\t\t<div class=\"elementor-widget-container\">\n\t\t\t\t\t\t\t\t\t\t\t\t\t\t\t<img fetchpriority=\"high\" decoding=\"async\" width=\"300\" height=\"300\" src=\"https:\/\/www.tierschutz-bremerhaven.eu\/wp-content\/uploads\/2021\/06\/gooding.jpg\" class=\"attachment-medium size-medium wp-image-2612\" alt=\"\" srcset=\"https:\/\/www.tierschutz-bremerhaven.eu\/wp-content\/uploads\/2021\/06\/gooding.jpg 300w, https:\/\/www.tierschutz-bremerhaven.eu\/wp-content\/uploads\/2021\/06\/gooding-150x150.jpg 150w\" sizes=\"(max-width: 300px) 100vw, 300px\" \/>\t\t\t\t\t\t\t\t\t\t\t\t\t\t\t<\/div>\n\t\t\t\t<\/div>\n\t\t\t\t<div class=\"elementor-element elementor-element-0d17d5f elementor-widget elementor-widget-text-editor\" data-id=\"0d17d5f\" data-element_type=\"widget\" data-e-type=\"widget\" data-widget_type=\"text-editor.default\">\n\t\t\t\t<div class=\"elementor-widget-container\">\n\t\t\t\t\t\t\t\t\t<p>Gooding v\u00e1m umo\u017en\u00ed podpo\u0159it \u00fatulek pro zv\u00ed\u0159ata v Bremerhavenu. Zvl\u00e1\u0161tn\u00ed na tom je, \u017ee v\u00e1s to nebude st\u00e1t ani cent nav\u00edc a nemus\u00edte se registrovat u spole\u010dnosti Gooding, abyste n\u00e1m pomohli. Sta\u010d\u00ed nakupovat p\u0159es Gooding v jednom z aktu\u00e1ln\u011b 1 767 p\u0159ipojen\u00fdch internetov\u00fdch obchod\u016f a \u00fatulek pro zv\u00ed\u0159ata Bremerhaven z\u00edsk\u00e1 finan\u010dn\u00ed podporu.<\/p><p><strong>Kliknut\u00edm sem p\u0159ejdete na na\u0161i str\u00e1nku Gooding<\/strong><\/p>\t\t\t\t\t\t\t\t<\/div>\n\t\t\t\t<\/div>\n\t\t\t\t<div class=\"elementor-element elementor-element-fee7e34 elementor-widget elementor-widget-image\" data-id=\"fee7e34\" data-element_type=\"widget\" data-e-type=\"widget\" data-widget_type=\"image.default\">\n\t\t\t\t<div class=\"elementor-widget-container\">\n\t\t\t\t\t\t\t\t\t\t\t\t\t\t\t<img decoding=\"async\" width=\"150\" height=\"200\" src=\"https:\/\/www.tierschutz-bremerhaven.eu\/wp-content\/uploads\/2021\/06\/WeCanHelp.jpg\" class=\"attachment-medium size-medium wp-image-2613\" alt=\"\" \/>\t\t\t\t\t\t\t\t\t\t\t\t\t\t\t<\/div>\n\t\t\t\t<\/div>\n\t\t\t\t<div class=\"elementor-element elementor-element-9f5ae11 elementor-widget elementor-widget-text-editor\" data-id=\"9f5ae11\" data-element_type=\"widget\" data-e-type=\"widget\" data-widget_type=\"text-editor.default\">\n\t\t\t\t<div class=\"elementor-widget-container\">\n\t\t\t\t\t\t\t\t\t<p>D\u00edky WeCanHelp m\u016f\u017eete podpo\u0159it \u00fatulek pro zv\u00ed\u0159ata v Bremerhavenu. Zvl\u00e1\u0161tn\u00ed na tom je, \u017ee v\u00e1s to nestoj\u00ed ani cent nav\u00edc a nemus\u00edte se u WeCanHelp registrovat, abyste n\u00e1m pomohli. Sta\u010d\u00ed, kdy\u017e v budoucnu nakoup\u00edte prost\u0159ednictv\u00edm WeCanHelp v jednom z aktu\u00e1ln\u011b 1 720 p\u0159ipojen\u00fdch internetov\u00fdch obchod\u016f a \u00fatulek pro zv\u00ed\u0159ata Bremerhaven z\u00edsk\u00e1 finan\u010dn\u00ed podporu.<\/p><p><strong>Kliknut\u00edm sem p\u0159ejdete na na\u0161i str\u00e1nku WeCanHelp<\/strong><\/p>\t\t\t\t\t\t\t\t<\/div>\n\t\t\t\t<\/div>\n\t\t\t\t\t<\/div>\n\t\t<\/div>\n\t\t\t\t\t<\/div>\n\t\t<\/section>\n\t\t\t\t<\/div>","protected":false},"excerpt":{"rendered":"<p>Beim Einkauf Gutes tun Sie shoppen gerne? Am liebsten online? Warum nicht einkaufen und dabei etwas f\u00fcr den guten Zweck tun? Wenn Sie bei einem der unten genannten Onlineshops einkaufen, helfen Sie gleichzeitig dem Tierschutzverein Bremerhaven seine vielen Sch\u00fctzlinge zu versorgen und leisten Ihren Beitrag zum Tierschutz. Das ist Shopping mit gutem Gef\u00fchl. AmazonSmile ist [&hellip;]<\/p>\n","protected":false},"author":3,"featured_media":0,"parent":0,"menu_order":0,"comment_status":"closed","ping_status":"closed","template":"","meta":{"footnotes":""},"class_list":["post-2602","page","type-page","status-publish","hentry"],"_links":{"self":[{"href":"https:\/\/www.tierschutz-bremerhaven.eu\/cs\/wp-json\/wp\/v2\/pages\/2602","targetHints":{"allow":["GET"]}}],"collection":[{"href":"https:\/\/www.tierschutz-bremerhaven.eu\/cs\/wp-json\/wp\/v2\/pages"}],"about":[{"href":"https:\/\/www.tierschutz-bremerhaven.eu\/cs\/wp-json\/wp\/v2\/types\/page"}],"author":[{"embeddable":true,"href":"https:\/\/www.tierschutz-bremerhaven.eu\/cs\/wp-json\/wp\/v2\/users\/3"}],"replies":[{"embeddable":true,"href":"https:\/\/www.tierschutz-bremerhaven.eu\/cs\/wp-json\/wp\/v2\/comments?post=2602"}],"version-history":[{"count":10,"href":"https:\/\/www.tierschutz-bremerhaven.eu\/cs\/wp-json\/wp\/v2\/pages\/2602\/revisions"}],"predecessor-version":[{"id":2616,"href":"https:\/\/www.tierschutz-bremerhaven.eu\/cs\/wp-json\/wp\/v2\/pages\/2602\/revisions\/2616"}],"wp:attachment":[{"href":"https:\/\/www.tierschutz-bremerhaven.eu\/cs\/wp-json\/wp\/v2\/media?parent=2602"}],"curies":[{"name":"wp","href":"https:\/\/api.w.org\/{rel}","templated":true}]}}