{"id":2617,"date":"2021-06-22T11:27:48","date_gmt":"2021-06-22T11:27:48","guid":{"rendered":"https:\/\/tierschutz-bremerhaven.eu\/?page_id=2617"},"modified":"2021-09-28T11:30:01","modified_gmt":"2021-09-28T11:30:01","slug":"krabice-na-darovani-potravin","status":"publish","type":"page","link":"https:\/\/www.tierschutz-bremerhaven.eu\/cs\/futterspendenboxen","title":{"rendered":"Krabice na darov\u00e1n\u00ed potravin"},"content":{"rendered":"<div data-elementor-type=\"wp-page\" data-elementor-id=\"2617\" class=\"elementor elementor-2617\" data-elementor-post-type=\"page\">\n\t\t\t\t\t\t<section class=\"elementor-section elementor-top-section elementor-element elementor-element-3f2c348 elementor-section-boxed elementor-section-height-default elementor-section-height-default\" data-id=\"3f2c348\" data-element_type=\"section\" data-e-type=\"section\" data-settings=\"{&quot;background_background&quot;:&quot;classic&quot;}\">\n\t\t\t\t\t\t<div class=\"elementor-container elementor-column-gap-default\">\n\t\t\t\t\t<div class=\"elementor-column elementor-col-100 elementor-top-column elementor-element elementor-element-2cef154\" data-id=\"2cef154\" data-element_type=\"column\" data-e-type=\"column\">\n\t\t\t<div class=\"elementor-widget-wrap elementor-element-populated\">\n\t\t\t\t\t\t<div class=\"elementor-element elementor-element-02a7822 elementor-widget elementor-widget-heading\" data-id=\"02a7822\" data-element_type=\"widget\" data-e-type=\"widget\" data-widget_type=\"heading.default\">\n\t\t\t\t<div class=\"elementor-widget-container\">\n\t\t\t\t\t<h2 class=\"elementor-heading-title elementor-size-default\">Schr\u00e1nky na darov\u00e1n\u00ed potravin v supermarketech<\/h2>\t\t\t\t<\/div>\n\t\t\t\t<\/div>\n\t\t\t\t<div class=\"elementor-element elementor-element-7cc7aaa elementor-widget elementor-widget-text-editor\" data-id=\"7cc7aaa\" data-element_type=\"widget\" data-e-type=\"widget\" data-widget_type=\"text-editor.default\">\n\t\t\t\t<div class=\"elementor-widget-container\">\n\t\t\t\t\t\t\t\t\t<p>Budeme r\u00e1di, kdy\u017e p\u0159i n\u00e1kupu budete myslet i na na\u0161e zv\u00ed\u0159ata v \u00fatulku a pom\u016f\u017eete n\u00e1m naplnit na\u0161e krabice s krmivem. Tyto dary jsou pravideln\u011b vyb\u00edr\u00e1ny a nab\u00edzej\u00ed na\u0161im zv\u00ed\u0159at\u016fm pestrou stravu.<\/p>\n<p>Darovac\u00ed schr\u00e1nky jsme um\u00edstili ve vstupn\u00edch prostor\u00e1ch n\u00e1sleduj\u00edc\u00edch supermarket\u016f:<\/p>\n<ol>\n<li>DM Langen\/ Bremerhaven Rheinstr. \/ Bremerhaven Elbestr.<\/li>\n<li>Real Spaden<\/li>\n<li>Fressnapf Spaden<\/li>\n<li>Krmn\u00fd d\u016fm<\/li>\n<li>Edeka: Schiffdorfer-Chaussee, Roter Sand, Weserstr., Georg-Seebeck-Str.<\/li>\n<li>Kaufland Wulsdorf<br><\/li>\n<\/ol>\n<p><br><\/p>\n<p>Jsme r\u00e1di, kdy\u017e se p\u0159id\u00e1vaj\u00ed nov\u00e1 m\u00edsta, a samoz\u0159ejm\u011b bychom r\u00e1di pod\u011bkovali vedouc\u00edmu prodejny, \u017ee n\u00e1m to umo\u017enil.<\/p>\n<p>Pokud m\u00e1te z\u00e1jem tak\u00e9 o z\u0159\u00edzen\u00ed schr\u00e1nky na darov\u00e1n\u00ed potravin, kontaktujte n\u00e1s na telefonn\u00edm \u010d\u00edsle 0471 - 8 32 57. Mimo otev\u00edrac\u00ed dobu n\u00e1m m\u016f\u017eete zanechat vzkaz na z\u00e1znamn\u00edku. Ihned v\u00e1m zavol\u00e1me zp\u011bt.<\/p>\t\t\t\t\t\t\t\t<\/div>\n\t\t\t\t<\/div>\n\t\t\t\t\t<\/div>\n\t\t<\/div>\n\t\t\t\t\t<\/div>\n\t\t<\/section>\n\t\t\t\t<\/div>","protected":false},"excerpt":{"rendered":"<p>Futterspendenboxen in Superm\u00e4rkten Wir freuen uns, wenn Sie bei Ihrem Einkauf auch an unsere Tierheimtiere denken und helfen, unsere Futterboxen zu f\u00fcllen. Diese Spenden werden regelm\u00e4\u00dfig eingesammelt und bieten unseren Tieren Abwechslung auf dem Speiseplan. In den Eingangsbereichen folgender Superm\u00e4rkte haben wir unsere Spendenboxen aufgestellt: DM Langen\/ Bremerhaven Rheinstr. \/ Bremerhaven Elbestr. Real Spaden Fressnapf [&hellip;]<\/p>\n","protected":false},"author":3,"featured_media":0,"parent":0,"menu_order":0,"comment_status":"closed","ping_status":"closed","template":"","meta":{"footnotes":""},"class_list":["post-2617","page","type-page","status-publish","hentry"],"_links":{"self":[{"href":"https:\/\/www.tierschutz-bremerhaven.eu\/cs\/wp-json\/wp\/v2\/pages\/2617","targetHints":{"allow":["GET"]}}],"collection":[{"href":"https:\/\/www.tierschutz-bremerhaven.eu\/cs\/wp-json\/wp\/v2\/pages"}],"about":[{"href":"https:\/\/www.tierschutz-bremerhaven.eu\/cs\/wp-json\/wp\/v2\/types\/page"}],"author":[{"embeddable":true,"href":"https:\/\/www.tierschutz-bremerhaven.eu\/cs\/wp-json\/wp\/v2\/users\/3"}],"replies":[{"embeddable":true,"href":"https:\/\/www.tierschutz-bremerhaven.eu\/cs\/wp-json\/wp\/v2\/comments?post=2617"}],"version-history":[{"count":25,"href":"https:\/\/www.tierschutz-bremerhaven.eu\/cs\/wp-json\/wp\/v2\/pages\/2617\/revisions"}],"predecessor-version":[{"id":4950,"href":"https:\/\/www.tierschutz-bremerhaven.eu\/cs\/wp-json\/wp\/v2\/pages\/2617\/revisions\/4950"}],"wp:attachment":[{"href":"https:\/\/www.tierschutz-bremerhaven.eu\/cs\/wp-json\/wp\/v2\/media?parent=2617"}],"curies":[{"name":"wp","href":"https:\/\/api.w.org\/{rel}","templated":true}]}}