{"id":2627,"date":"2021-06-22T12:00:10","date_gmt":"2021-06-22T12:00:10","guid":{"rendered":"https:\/\/tierschutz-bremerhaven.eu\/?page_id=2627"},"modified":"2021-11-01T12:35:51","modified_gmt":"2021-11-01T12:35:51","slug":"sponzoring","status":"publish","type":"page","link":"https:\/\/www.tierschutz-bremerhaven.eu\/cs\/patenschaft","title":{"rendered":"Sponzorstv\u00ed"},"content":{"rendered":"<div data-elementor-type=\"wp-page\" data-elementor-id=\"2627\" class=\"elementor elementor-2627\" data-elementor-post-type=\"page\">\n\t\t\t\t\t\t<section class=\"elementor-section elementor-top-section elementor-element elementor-element-3f2c348 elementor-section-boxed elementor-section-height-default elementor-section-height-default\" data-id=\"3f2c348\" data-element_type=\"section\" data-e-type=\"section\" data-settings=\"{&quot;background_background&quot;:&quot;classic&quot;}\">\n\t\t\t\t\t\t<div class=\"elementor-container elementor-column-gap-default\">\n\t\t\t\t\t<div class=\"elementor-column elementor-col-100 elementor-top-column elementor-element elementor-element-2cef154\" data-id=\"2cef154\" data-element_type=\"column\" data-e-type=\"column\">\n\t\t\t<div class=\"elementor-widget-wrap elementor-element-populated\">\n\t\t\t\t\t\t<div class=\"elementor-element elementor-element-02a7822 elementor-widget elementor-widget-heading\" data-id=\"02a7822\" data-element_type=\"widget\" data-e-type=\"widget\" data-widget_type=\"heading.default\">\n\t\t\t\t<div class=\"elementor-widget-container\">\n\t\t\t\t\t<h2 class=\"elementor-heading-title elementor-size-default\">Sponzorstv\u00ed<\/h2>\t\t\t\t<\/div>\n\t\t\t\t<\/div>\n\t\t\t\t<div class=\"elementor-element elementor-element-7cc7aaa elementor-widget elementor-widget-text-editor\" data-id=\"7cc7aaa\" data-element_type=\"widget\" data-e-type=\"widget\" data-widget_type=\"text-editor.default\">\n\t\t\t\t<div class=\"elementor-widget-container\">\n\t\t\t\t\t\t\t\t\t<p>Podpo\u0159te \u00fatulek pro zv\u00ed\u0159ata v Bremerhavenu a jeho zv\u00ed\u0159ata sponzorsk\u00fdm darem. Za pouh\u00fdch 10 eur m\u011bs\u00ed\u010dn\u011b m\u016f\u017eete ud\u011blat mnoho pro na\u0161e zv\u00ed\u0159ata a pomoci n\u00e1m pe\u010dovat o obyvatele \u00fatulku - krmivem, l\u00e9ky a l\u00e1skou.<\/p>\n<p>Chcete sponzorovat zv\u00ed\u0159e? M\u00e1 osoba, kterou chcete obdarovat, n\u011bjak\u00e9 obl\u00edben\u00e9 zv\u00ed\u0159e? Darujte sponzorstv\u00ed zv\u00ed\u0159ete a pomozte n\u00e1m postarat se o zv\u00ed\u0159e.<\/p>\n<p><strong>M\u011bs\u00ed\u010dn\u00ed p\u0159\u00edsp\u011bvky na sponzorov\u00e1n\u00ed ur\u010dit\u00e9 skupiny zv\u00ed\u0159at jsou n\u00e1sleduj\u00edc\u00ed:<\/strong><\/p>\n<ul>\n<li>10 Euro pro mal\u00e1 zv\u00ed\u0159ata<\/li>\n<li>20 eur za ko\u010dky<\/li>\n<li>25 eur za psy, prasata, kozy a ovce<\/li>\n<li>30 Euro pro kon\u011b<\/li>\n<\/ul>\n<p><br><\/p><p>Pokud si p\u0159ejete, m\u016f\u017eete samoz\u0159ejm\u011b darovat v\u00edce. D\u011bkujeme v\u00e1m!<\/p>\n<p>V p\u0159\u00edpad\u011b z\u00e1jmu n\u00e1s pros\u00edm kontaktujte v \u00fatulku na tel. <a href=\"tel:047183257\">0471 \u2013 8 32 57<\/a>. Mimo otev\u00edrac\u00ed dobu m\u016f\u017eete zanechat vzkaz na na\u0161em z\u00e1znamn\u00edku. Okam\u017eit\u011b v\u00e1m zavol\u00e1me zp\u011bt.<\/p>\t\t\t\t\t\t\t\t<\/div>\n\t\t\t\t<\/div>\n\t\t\t\t\t<\/div>\n\t\t<\/div>\n\t\t\t\t\t<\/div>\n\t\t<\/section>\n\t\t\t\t<\/div>","protected":false},"excerpt":{"rendered":"<p>Patenschaft Unterst\u00fctzen Sie das Tierheim Bremerhaven und seine Tiere mit einer Patenschaft. Bereits ab 10 Euro im Monat k\u00f6nnen Sie sehr viel f\u00fcr unsere Tiere tun und helfen uns, unsere Tierheimbewohner zu versorgen \u2013 mit Futter, Medizin und Liebe. M\u00f6chten Sie jemanden mit einer Tierpatenschaft beschenken? Diese Person, die Sie beschenken m\u00f6chten, hat ein Lieblingstier? [&hellip;]<\/p>\n","protected":false},"author":3,"featured_media":0,"parent":0,"menu_order":0,"comment_status":"closed","ping_status":"closed","template":"","meta":{"footnotes":""},"class_list":["post-2627","page","type-page","status-publish","hentry"],"_links":{"self":[{"href":"https:\/\/www.tierschutz-bremerhaven.eu\/cs\/wp-json\/wp\/v2\/pages\/2627","targetHints":{"allow":["GET"]}}],"collection":[{"href":"https:\/\/www.tierschutz-bremerhaven.eu\/cs\/wp-json\/wp\/v2\/pages"}],"about":[{"href":"https:\/\/www.tierschutz-bremerhaven.eu\/cs\/wp-json\/wp\/v2\/types\/page"}],"author":[{"embeddable":true,"href":"https:\/\/www.tierschutz-bremerhaven.eu\/cs\/wp-json\/wp\/v2\/users\/3"}],"replies":[{"embeddable":true,"href":"https:\/\/www.tierschutz-bremerhaven.eu\/cs\/wp-json\/wp\/v2\/comments?post=2627"}],"version-history":[{"count":28,"href":"https:\/\/www.tierschutz-bremerhaven.eu\/cs\/wp-json\/wp\/v2\/pages\/2627\/revisions"}],"predecessor-version":[{"id":5545,"href":"https:\/\/www.tierschutz-bremerhaven.eu\/cs\/wp-json\/wp\/v2\/pages\/2627\/revisions\/5545"}],"wp:attachment":[{"href":"https:\/\/www.tierschutz-bremerhaven.eu\/cs\/wp-json\/wp\/v2\/media?parent=2627"}],"curies":[{"name":"wp","href":"https:\/\/api.w.org\/{rel}","templated":true}]}}