{"id":2640,"date":"2021-06-22T12:05:59","date_gmt":"2021-06-22T12:05:59","guid":{"rendered":"https:\/\/tierschutz-bremerhaven.eu\/?page_id=2640"},"modified":"2023-07-19T06:25:55","modified_gmt":"2023-07-19T06:25:55","slug":"vecne-dary","status":"publish","type":"page","link":"https:\/\/www.tierschutz-bremerhaven.eu\/cs\/sachspende","title":{"rendered":"V\u011bcn\u00fd dar"},"content":{"rendered":"<div data-elementor-type=\"wp-page\" data-elementor-id=\"2640\" class=\"elementor elementor-2640\" data-elementor-post-type=\"page\">\n\t\t\t\t\t\t<section class=\"elementor-section elementor-top-section elementor-element elementor-element-3f2c348 elementor-section-boxed elementor-section-height-default elementor-section-height-default\" data-id=\"3f2c348\" data-element_type=\"section\" data-e-type=\"section\" data-settings=\"{&quot;background_background&quot;:&quot;classic&quot;}\">\n\t\t\t\t\t\t<div class=\"elementor-container elementor-column-gap-default\">\n\t\t\t\t\t<div class=\"elementor-column elementor-col-100 elementor-top-column elementor-element elementor-element-2cef154\" data-id=\"2cef154\" data-element_type=\"column\" data-e-type=\"column\">\n\t\t\t<div class=\"elementor-widget-wrap elementor-element-populated\">\n\t\t\t\t\t\t<div class=\"elementor-element elementor-element-02a7822 elementor-widget elementor-widget-heading\" data-id=\"02a7822\" data-element_type=\"widget\" data-e-type=\"widget\" data-widget_type=\"heading.default\">\n\t\t\t\t<div class=\"elementor-widget-container\">\n\t\t\t\t\t<h2 class=\"elementor-heading-title elementor-size-default\">V\u011bcn\u00fd dar<\/h2>\t\t\t\t<\/div>\n\t\t\t\t<\/div>\n\t\t\t\t<div class=\"elementor-element elementor-element-7cc7aaa elementor-widget elementor-widget-text-editor\" data-id=\"7cc7aaa\" data-element_type=\"widget\" data-e-type=\"widget\" data-widget_type=\"text-editor.default\">\n\t\t\t\t<div class=\"elementor-widget-container\">\n\t\t\t\t\t\t\t\t\t<p>\u00datulek pro zv\u00ed\u0159ata v Bremerhavenu m\u00e1 radost z toho. <b>ka\u017ed\u00fd<\/b> Darujte! Jsme financov\u00e1ni t\u00e9m\u011b\u0159 v\u00fdhradn\u011b z dar\u016f a jsme velmi vd\u011b\u010dn\u00ed za va\u0161i podporu.<\/p>\n<p>A\u0165 u\u017e je to \u017ev\u00fdkac\u00ed kost, ko\u010di\u010d\u00ed pel\u00ed\u0161ek nebo kr\u00e1li\u010d\u00ed jeskyn\u011b - pomozte n\u00e1m dob\u0159e se postarat o na\u0161e dom\u00e1c\u00ed mazl\u00ed\u010dky z \u00fatulku a mo\u017en\u00e1 jim splnit zvl\u00e1\u0161tn\u00ed p\u0159\u00e1n\u00ed.<br>R\u00e1di p\u0159ijmeme krmivo, dopl\u0148ky pro dom\u00e1c\u00ed zv\u00ed\u0159ata, ru\u010dn\u00edky a deky. B\u011b\u017en\u00e9 p\u0159edm\u011bty z ble\u0161\u00edch trh\u016f nep\u0159ij\u00edm\u00e1me z d\u016fvodu nedostatku m\u00edsta. V na\u0161em \"seznamu p\u0159\u00e1n\u00ed\" jsme shrnuli p\u0159edm\u011bty, kter\u00e9 jsou v sou\u010dasn\u00e9 dob\u011b v \u00fatulku pro zv\u00ed\u0159ata v Bremerhavenu nejv\u00edce pot\u0159eba.<\/p>\n<p>U hlavn\u00edho vchodu do \u00fatulku je um\u00edst\u011bna \u010derven\u00e1 schr\u00e1nka na dary. Zde m\u016f\u017eete kdykoli zanechat sv\u016fj dar. Na\u0161e d\u00e1rcovsk\u00e1 schr\u00e1nka se samoz\u0159ejm\u011b denn\u011b vyprazd\u0148uje. Pros\u00edme, d\u00e1vejte n\u00e1m pouze v\u011bcn\u00e9 dary, kter\u00e9 m\u016f\u017eeme skute\u010dn\u011b vyu\u017e\u00edt. Z hygienick\u00fdch d\u016fvod\u016f nem\u016f\u017eeme pou\u017e\u00edt vadn\u00e9 nebo siln\u011b zne\u010di\u0161t\u011bn\u00e9 p\u0159edm\u011bty nebo ji\u017e otev\u0159en\u00e9 potraviny. D\u011bkujeme v\u00e1m za pochopen\u00ed.<\/p>\n<p>V p\u0159\u00edpad\u011b v\u011bcn\u00fdch dar\u016f lze potvrzen\u00ed o daru vystavit pouze v p\u0159\u00edpad\u011b, \u017ee se jedn\u00e1 o nov\u00e9 p\u0159edm\u011bty a je k dispozici p\u016fvodn\u00ed doklad o koupi s uveden\u00edm kupn\u00ed ceny. Pokud si p\u0159ejete potvrzen\u00ed o daru, obra\u0165te se na na\u0161e pracovn\u00edky u registra\u010dn\u00edho pultu nebo n\u00e1m zanechte vzkaz v po\u0161tovn\u00ed schr\u00e1nce.<\/p>\n<p><strong>D\u011bkujeme v\u00e1m za pomoc!<br><\/strong><br>V p\u0159\u00edpad\u011b jak\u00fdchkoli dotaz\u016f n\u00e1s pros\u00edm kontaktujte v \u00fatulku na tel. <a href=\"tel:047183257\">0471 \u2013 8 32 57<\/a>. Mimo otev\u00edrac\u00ed dobu m\u016f\u017eete zanechat vzkaz na na\u0161em z\u00e1znamn\u00edku. Okam\u017eit\u011b v\u00e1m zavol\u00e1me zp\u011bt.<\/p>\t\t\t\t\t\t\t\t<\/div>\n\t\t\t\t<\/div>\n\t\t\t\t<div class=\"elementor-element elementor-element-6e99d73 elementor-widget elementor-widget-heading\" data-id=\"6e99d73\" data-element_type=\"widget\" data-e-type=\"widget\" data-widget_type=\"heading.default\">\n\t\t\t\t<div class=\"elementor-widget-container\">\n\t\t\t\t\t<h2 class=\"elementor-heading-title elementor-size-default\">V\u011bcn\u00fd dar p\u0159es amazon<\/h2>\t\t\t\t<\/div>\n\t\t\t\t<\/div>\n\t\t\t\t<section class=\"elementor-section elementor-inner-section elementor-element elementor-element-152abfe elementor-section-content-middle elementor-section-boxed elementor-section-height-default elementor-section-height-default\" data-id=\"152abfe\" data-element_type=\"section\" data-e-type=\"section\">\n\t\t\t\t\t\t<div class=\"elementor-container elementor-column-gap-no\">\n\t\t\t\t\t<div class=\"elementor-column elementor-col-50 elementor-inner-column elementor-element elementor-element-1f0028b\" data-id=\"1f0028b\" data-element_type=\"column\" data-e-type=\"column\">\n\t\t\t<div class=\"elementor-widget-wrap elementor-element-populated\">\n\t\t\t\t\t\t<div class=\"elementor-element elementor-element-dc062c4 elementor-widget elementor-widget-image\" data-id=\"dc062c4\" data-element_type=\"widget\" data-e-type=\"widget\" data-widget_type=\"image.default\">\n\t\t\t\t<div class=\"elementor-widget-container\">\n\t\t\t\t\t\t\t\t\t\t\t\t\t\t\t\t<a href=\"https:\/\/www.amazon.de\/hz\/wishlist\/ls\/38YS7AHGU91G8?fbclid=IwAR3JGQdBqoeOUbr9tfflwvKsH-ubZR5uq1GhugoVebp6QwmJX8yYQtu2sdM\" target=\"_blank\">\n\t\t\t\t\t\t\t<img decoding=\"async\" width=\"150\" height=\"78\" src=\"https:\/\/www.tierschutz-bremerhaven.eu\/wp-content\/uploads\/2021\/09\/amazon_button.jpg\" class=\"attachment-large size-large wp-image-3954\" alt=\"\" \/>\t\t\t\t\t\t\t\t<\/a>\n\t\t\t\t\t\t\t\t\t\t\t\t\t\t\t<\/div>\n\t\t\t\t<\/div>\n\t\t\t\t\t<\/div>\n\t\t<\/div>\n\t\t\t\t<div class=\"elementor-column elementor-col-50 elementor-inner-column elementor-element elementor-element-167e860\" data-id=\"167e860\" data-element_type=\"column\" data-e-type=\"column\">\n\t\t\t<div class=\"elementor-widget-wrap elementor-element-populated\">\n\t\t\t\t\t\t<div class=\"elementor-element elementor-element-556736e elementor-widget elementor-widget-text-editor\" data-id=\"556736e\" data-element_type=\"widget\" data-e-type=\"widget\" data-widget_type=\"text-editor.default\">\n\t\t\t\t<div class=\"elementor-widget-container\">\n\t\t\t\t\t\t\t\t\t<p>Klikn\u011bte na tla\u010d\u00edtko!<\/p>\t\t\t\t\t\t\t\t<\/div>\n\t\t\t\t<\/div>\n\t\t\t\t\t<\/div>\n\t\t<\/div>\n\t\t\t\t\t<\/div>\n\t\t<\/section>\n\t\t\t\t<div class=\"elementor-element elementor-element-417f8fd elementor-widget elementor-widget-heading\" data-id=\"417f8fd\" data-element_type=\"widget\" data-e-type=\"widget\" data-widget_type=\"heading.default\">\n\t\t\t\t<div class=\"elementor-widget-container\">\n\t\t\t\t\t<h2 class=\"elementor-heading-title elementor-size-default\">V\u011bcn\u00fd dar prost\u0159ednictv\u00edm zookaufu Bremen-Aumund<\/h2>\t\t\t\t<\/div>\n\t\t\t\t<\/div>\n\t\t\t\t<section class=\"elementor-section elementor-inner-section elementor-element elementor-element-f91e462 elementor-section-content-middle elementor-section-boxed elementor-section-height-default elementor-section-height-default\" data-id=\"f91e462\" data-element_type=\"section\" data-e-type=\"section\">\n\t\t\t\t\t\t<div class=\"elementor-container elementor-column-gap-no\">\n\t\t\t\t\t<div class=\"elementor-column elementor-col-50 elementor-inner-column elementor-element elementor-element-0627216\" data-id=\"0627216\" data-element_type=\"column\" data-e-type=\"column\">\n\t\t\t<div class=\"elementor-widget-wrap elementor-element-populated\">\n\t\t\t\t\t\t<div class=\"elementor-element elementor-element-fd8e0cc elementor-widget elementor-widget-image\" data-id=\"fd8e0cc\" data-element_type=\"widget\" data-e-type=\"widget\" data-widget_type=\"image.default\">\n\t\t\t\t<div class=\"elementor-widget-container\">\n\t\t\t\t\t\t\t\t\t\t\t\t\t\t\t\t<a href=\"https:\/\/www.zookauf-aumund.de\/publicwish\/JcwblERvHYw5O42d?utm_source=wishlist&#038;utm_medium=referral&#038;utm_campaign=JcwblERvHYw5O42d\" target=\"_blank\">\n\t\t\t\t\t\t\t<img decoding=\"async\" width=\"150\" height=\"78\" src=\"https:\/\/www.tierschutz-bremerhaven.eu\/wp-content\/uploads\/2023\/07\/zookauf_logo-web.png\" class=\"attachment-large size-large wp-image-8707\" alt=\"\" \/>\t\t\t\t\t\t\t\t<\/a>\n\t\t\t\t\t\t\t\t\t\t\t\t\t\t\t<\/div>\n\t\t\t\t<\/div>\n\t\t\t\t\t<\/div>\n\t\t<\/div>\n\t\t\t\t<div class=\"elementor-column elementor-col-50 elementor-inner-column elementor-element elementor-element-45ef8b9\" data-id=\"45ef8b9\" data-element_type=\"column\" data-e-type=\"column\">\n\t\t\t<div class=\"elementor-widget-wrap elementor-element-populated\">\n\t\t\t\t\t\t<div class=\"elementor-element elementor-element-e32fbd4 elementor-widget elementor-widget-text-editor\" data-id=\"e32fbd4\" data-element_type=\"widget\" data-e-type=\"widget\" data-widget_type=\"text-editor.default\">\n\t\t\t\t<div class=\"elementor-widget-container\">\n\t\t\t\t\t\t\t\t\t<p>Klikn\u011bte na tla\u010d\u00edtko!<\/p>\t\t\t\t\t\t\t\t<\/div>\n\t\t\t\t<\/div>\n\t\t\t\t\t<\/div>\n\t\t<\/div>\n\t\t\t\t\t<\/div>\n\t\t<\/section>\n\t\t\t\t\t<\/div>\n\t\t<\/div>\n\t\t\t\t\t<\/div>\n\t\t<\/section>\n\t\t\t\t<\/div>","protected":false},"excerpt":{"rendered":"<p>Sachspende Das Tierheim Bremerhaven freut sich \u00fcber jede Zuwendung! Wir finanzieren uns fast ausschlie\u00dflich durch Spenden und freuen uns sehr \u00fcber Ihre Unterst\u00fctzung. Ob Kauknochen, Katzenbettchen, oder Kaninchenh\u00f6hle \u2013 helfen Sie mit, unsere Tierheimsch\u00fctzlinge gut zu versorgen und ihnen vielleicht auch einmal einen besonderen Wunsch zu erf\u00fcllen.Wir freuen uns \u00fcber Tierfutter, Tierzubeh\u00f6r, Handt\u00fccher und Decken. [&hellip;]<\/p>\n","protected":false},"author":3,"featured_media":0,"parent":0,"menu_order":0,"comment_status":"closed","ping_status":"closed","template":"","meta":{"footnotes":""},"class_list":["post-2640","page","type-page","status-publish","hentry"],"_links":{"self":[{"href":"https:\/\/www.tierschutz-bremerhaven.eu\/cs\/wp-json\/wp\/v2\/pages\/2640","targetHints":{"allow":["GET"]}}],"collection":[{"href":"https:\/\/www.tierschutz-bremerhaven.eu\/cs\/wp-json\/wp\/v2\/pages"}],"about":[{"href":"https:\/\/www.tierschutz-bremerhaven.eu\/cs\/wp-json\/wp\/v2\/types\/page"}],"author":[{"embeddable":true,"href":"https:\/\/www.tierschutz-bremerhaven.eu\/cs\/wp-json\/wp\/v2\/users\/3"}],"replies":[{"embeddable":true,"href":"https:\/\/www.tierschutz-bremerhaven.eu\/cs\/wp-json\/wp\/v2\/comments?post=2640"}],"version-history":[{"count":154,"href":"https:\/\/www.tierschutz-bremerhaven.eu\/cs\/wp-json\/wp\/v2\/pages\/2640\/revisions"}],"predecessor-version":[{"id":8716,"href":"https:\/\/www.tierschutz-bremerhaven.eu\/cs\/wp-json\/wp\/v2\/pages\/2640\/revisions\/8716"}],"wp:attachment":[{"href":"https:\/\/www.tierschutz-bremerhaven.eu\/cs\/wp-json\/wp\/v2\/media?parent=2640"}],"curies":[{"name":"wp","href":"https:\/\/api.w.org\/{rel}","templated":true}]}}