{"id":3933,"date":"2021-09-22T09:40:28","date_gmt":"2021-09-22T09:40:28","guid":{"rendered":"https:\/\/tierschutz-bremerhaven.eu\/?page_id=3933"},"modified":"2021-09-24T17:06:37","modified_gmt":"2021-09-24T17:06:37","slug":"darovani-paypal","status":"publish","type":"page","link":"https:\/\/www.tierschutz-bremerhaven.eu\/cs\/geldspende-paypal","title":{"rendered":"Darov\u00e1n\u00ed p\u0159es Paypal"},"content":{"rendered":"<div data-elementor-type=\"wp-page\" data-elementor-id=\"3933\" class=\"elementor elementor-3933\" data-elementor-post-type=\"page\">\n\t\t\t\t\t\t<section class=\"elementor-section elementor-top-section elementor-element elementor-element-3f2c348 elementor-section-boxed elementor-section-height-default elementor-section-height-default\" data-id=\"3f2c348\" data-element_type=\"section\" data-e-type=\"section\" data-settings=\"{&quot;background_background&quot;:&quot;classic&quot;}\">\n\t\t\t\t\t\t<div class=\"elementor-container elementor-column-gap-default\">\n\t\t\t\t\t<div class=\"elementor-column elementor-col-100 elementor-top-column elementor-element elementor-element-2cef154\" data-id=\"2cef154\" data-element_type=\"column\" data-e-type=\"column\">\n\t\t\t<div class=\"elementor-widget-wrap elementor-element-populated\">\n\t\t\t\t\t\t<div class=\"elementor-element elementor-element-02a7822 elementor-widget elementor-widget-heading\" data-id=\"02a7822\" data-element_type=\"widget\" data-e-type=\"widget\" data-widget_type=\"heading.default\">\n\t\t\t\t<div class=\"elementor-widget-container\">\n\t\t\t\t\t<h2 class=\"elementor-heading-title elementor-size-default\">Pen\u011b\u017en\u00ed dar<\/h2>\t\t\t\t<\/div>\n\t\t\t\t<\/div>\n\t\t\t\t<div class=\"elementor-element elementor-element-7cc7aaa elementor-widget elementor-widget-text-editor\" data-id=\"7cc7aaa\" data-element_type=\"widget\" data-e-type=\"widget\" data-widget_type=\"text-editor.default\">\n\t\t\t\t<div class=\"elementor-widget-container\">\n\t\t\t\t\t\t\t\t\t<p>Jako neziskov\u00e1 organizace se p\u0159i provozu \u00fatulku spol\u00e9h\u00e1me na dary, kter\u00e9 jsou samoz\u0159ejm\u011b ode\u010ditateln\u00e9 od dan\u00ed. Pokud darujete 200 eur nebo v\u00edce, automaticky obdr\u017e\u00edte potvrzen\u00ed o daru. Pokud si p\u0159ejete potvrzen\u00ed na ni\u017e\u0161\u00ed \u010d\u00e1stky, je to samoz\u0159ejm\u011b tak\u00e9 mo\u017en\u00e9.<br><br><b>N\u00e1\u0161 darovac\u00ed \u00fa\u010det.<br>IBAN: DE49 2925 0000 0002 0075 50<br>BIC: BRLADE21BRS<\/b><\/p>\n<p>Kontaktujte n\u00e1s pros\u00edm v \u00fatulku pro zv\u00ed\u0159ata na tel. <a href=\"tel:047183257\">0471 \u2013 8 32 57<\/a>. Mimo otev\u00edrac\u00ed dobu m\u016f\u017eete zanechat vzkaz na na\u0161em z\u00e1znamn\u00edku. Okam\u017eit\u011b v\u00e1m zavol\u00e1me zp\u011bt.<\/p>\t\t\t\t\t\t\t\t<\/div>\n\t\t\t\t<\/div>\n\t\t\t\t\t<\/div>\n\t\t<\/div>\n\t\t\t\t\t<\/div>\n\t\t<\/section>\n\t\t\t\t<section class=\"elementor-section elementor-top-section elementor-element elementor-element-da5358f elementor-section-boxed elementor-section-height-default elementor-section-height-default\" data-id=\"da5358f\" data-element_type=\"section\" data-e-type=\"section\" data-settings=\"{&quot;background_background&quot;:&quot;classic&quot;}\">\n\t\t\t\t\t\t<div class=\"elementor-container elementor-column-gap-default\">\n\t\t\t\t\t<div class=\"elementor-column elementor-col-100 elementor-top-column elementor-element elementor-element-0ff32a7\" data-id=\"0ff32a7\" data-element_type=\"column\" data-e-type=\"column\">\n\t\t\t<div class=\"elementor-widget-wrap elementor-element-populated\">\n\t\t\t\t\t\t<div class=\"elementor-element elementor-element-ffa17c1 elementor-widget elementor-widget-image\" data-id=\"ffa17c1\" data-element_type=\"widget\" data-e-type=\"widget\" data-widget_type=\"image.default\">\n\t\t\t\t<div class=\"elementor-widget-container\">\n\t\t\t\t\t\t\t\t\t\t\t\t\t\t\t<img fetchpriority=\"high\" decoding=\"async\" width=\"300\" height=\"186\" src=\"https:\/\/www.tierschutz-bremerhaven.eu\/wp-content\/uploads\/2021\/04\/guinea-pigs-in-studio-PY3DV49-300x186.jpg\" class=\"attachment-medium size-medium wp-image-1253\" alt=\"\" srcset=\"https:\/\/www.tierschutz-bremerhaven.eu\/wp-content\/uploads\/2021\/04\/guinea-pigs-in-studio-PY3DV49-300x186.jpg 300w, https:\/\/www.tierschutz-bremerhaven.eu\/wp-content\/uploads\/2021\/04\/guinea-pigs-in-studio-PY3DV49-1024x633.jpg 1024w, https:\/\/www.tierschutz-bremerhaven.eu\/wp-content\/uploads\/2021\/04\/guinea-pigs-in-studio-PY3DV49-768x475.jpg 768w, https:\/\/www.tierschutz-bremerhaven.eu\/wp-content\/uploads\/2021\/04\/guinea-pigs-in-studio-PY3DV49-1536x950.jpg 1536w, https:\/\/www.tierschutz-bremerhaven.eu\/wp-content\/uploads\/2021\/04\/guinea-pigs-in-studio-PY3DV49-2048x1266.jpg 2048w\" sizes=\"(max-width: 300px) 100vw, 300px\" \/>\t\t\t\t\t\t\t\t\t\t\t\t\t\t\t<\/div>\n\t\t\t\t<\/div>\n\t\t\t\t<div class=\"elementor-element elementor-element-ffab368 elementor-widget elementor-widget-heading\" data-id=\"ffab368\" data-element_type=\"widget\" data-e-type=\"widget\" data-widget_type=\"heading.default\">\n\t\t\t\t<div class=\"elementor-widget-container\">\n\t\t\t\t\t<h2 class=\"elementor-heading-title elementor-size-default\">Darov\u00e1n\u00ed p\u0159es Paypal<\/h2>\t\t\t\t<\/div>\n\t\t\t\t<\/div>\n\t\t\t\t<div class=\"elementor-element elementor-element-f1ed290 elementor-widget elementor-widget-text-editor\" data-id=\"f1ed290\" data-element_type=\"widget\" data-e-type=\"widget\" data-widget_type=\"text-editor.default\">\n\t\t\t\t<div class=\"elementor-widget-container\">\n\t\t\t\t\t\t\t\t\t<p>Chcete n\u00e1s podpo\u0159it a darovat pen\u00edze p\u0159es Paypal? Sta\u010d\u00ed kliknout zde:<\/p>\t\t\t\t\t\t\t\t<\/div>\n\t\t\t\t<\/div>\n\t\t\t\t<div class=\"elementor-element elementor-element-ab38912 elementor-widget elementor-widget-paypal-button\" data-id=\"ab38912\" data-element_type=\"widget\" data-e-type=\"widget\" data-settings=\"{&quot;merchant_account&quot;:&quot;simple&quot;}\" data-widget_type=\"paypal-button.default\">\n\t\t\t\t<div class=\"elementor-widget-container\">\n\t\t\t\t\t\t\t\t\t<div class=\"elementor-button-wrapper\">\n\t\t\t\t\t\t\t<form action=\"https:\/\/www.paypal.com\/cgi-bin\/webscr\" method=\"post\" target=\"_blank\">\n\t\t\t<input type=\"hidden\" name=\"cmd\" value=\"_donations\" \/>\n\t\t\t<input type=\"hidden\" name=\"business\" value=\"info@tierschutz-bremerhaven.eu\" \/>\n\t\t\t<input type=\"hidden\" name=\"lc\" value=\"US\" \/>\n\t\t\t<input type=\"hidden\" name=\"item_name\" value=\"\" \/>\n\t\t\t<input type=\"hidden\" name=\"item_number\" value=\"\" \/>\n\t\t\t<input type=\"hidden\" name=\"currency_code\" value=\"EUR\" \/>\n\t\t\t<input type=\"hidden\" name=\"amount\" value=\"\" \/>\n\t\t\t<input type=\"hidden\" name=\"no_note\" value=\"1\">\n\n\t\t\t\t\t<button class=\"elementor-button elementor-size-sm elementor-paypal-legacy elementor-payment-button\" role=\"button\" type=\"submit\">\n\t\t\t\t\t<span class=\"elementor-button-content-wrapper\">\n\t\t\t\t\t\t<span class=\"elementor-button-icon\">\n\t\t\t\t<i aria-hidden=\"true\" class=\"fab fa-paypal\"><\/i>\t\t\t<\/span>\n\t\t\t\t\t\t\t\t\t<span class=\"elementor-button-text\">P\u0159isp\u011bjte nyn\u00ed<\/span>\n\t\t\t\t\t<\/span>\n\t\t\t\t<\/button>\n\t\t\t\t<\/form>\n\t\t\t\t\t\t<\/div>\n\t\t\t\t\t\t\t\t<\/div>\n\t\t\t\t<\/div>\n\t\t\t\t\t<\/div>\n\t\t<\/div>\n\t\t\t\t\t<\/div>\n\t\t<\/section>\n\t\t\t\t<\/div>","protected":false},"excerpt":{"rendered":"<p>Geldspende Als gemeinn\u00fctziger Verein sind wir f\u00fcr die Unterhaltung des Tierheims auf Spenden angewiesen, die selbstverst\u00e4ndlich steuerlich abzugsf\u00e4hig sind. Ab 200 Euro Spende erhalten Sie automatisch eine Spendenbescheinigung zugesandt. Sollten Sie bei niedrigeren Betr\u00e4gen ein Bescheinigung w\u00fcnschen, ist dies nat\u00fcrlich auch m\u00f6glich. Unser Spendenkonto.IBAN: DE49 2925 0000 0002 0075 50BIC: BRLADE21BRS Bitte melden Sie sich [&hellip;]<\/p>\n","protected":false},"author":3,"featured_media":0,"parent":0,"menu_order":0,"comment_status":"closed","ping_status":"closed","template":"","meta":{"footnotes":""},"class_list":["post-3933","page","type-page","status-publish","hentry"],"_links":{"self":[{"href":"https:\/\/www.tierschutz-bremerhaven.eu\/cs\/wp-json\/wp\/v2\/pages\/3933","targetHints":{"allow":["GET"]}}],"collection":[{"href":"https:\/\/www.tierschutz-bremerhaven.eu\/cs\/wp-json\/wp\/v2\/pages"}],"about":[{"href":"https:\/\/www.tierschutz-bremerhaven.eu\/cs\/wp-json\/wp\/v2\/types\/page"}],"author":[{"embeddable":true,"href":"https:\/\/www.tierschutz-bremerhaven.eu\/cs\/wp-json\/wp\/v2\/users\/3"}],"replies":[{"embeddable":true,"href":"https:\/\/www.tierschutz-bremerhaven.eu\/cs\/wp-json\/wp\/v2\/comments?post=3933"}],"version-history":[{"count":8,"href":"https:\/\/www.tierschutz-bremerhaven.eu\/cs\/wp-json\/wp\/v2\/pages\/3933\/revisions"}],"predecessor-version":[{"id":4706,"href":"https:\/\/www.tierschutz-bremerhaven.eu\/cs\/wp-json\/wp\/v2\/pages\/3933\/revisions\/4706"}],"wp:attachment":[{"href":"https:\/\/www.tierschutz-bremerhaven.eu\/cs\/wp-json\/wp\/v2\/media?parent=3933"}],"curies":[{"name":"wp","href":"https:\/\/api.w.org\/{rel}","templated":true}]}}