{"id":1824,"date":"2021-04-29T14:22:50","date_gmt":"2021-04-29T14:22:50","guid":{"rendered":"https:\/\/tierschutz-bremerhaven.eu\/?page_id=1824"},"modified":"2021-10-08T12:26:14","modified_gmt":"2021-10-08T12:26:14","slug":"vildt-dyr-fundet","status":"publish","type":"page","link":"https:\/\/www.tierschutz-bremerhaven.eu\/da\/wildtier-gefunden","title":{"rendered":"Vildt dyr fundet"},"content":{"rendered":"<div data-elementor-type=\"wp-page\" data-elementor-id=\"1824\" class=\"elementor elementor-1824\" data-elementor-post-type=\"page\">\n\t\t\t\t\t\t<section class=\"elementor-section elementor-top-section elementor-element elementor-element-3f2c348 elementor-section-boxed elementor-section-height-default elementor-section-height-default\" data-id=\"3f2c348\" data-element_type=\"section\" data-e-type=\"section\" data-settings=\"{&quot;background_background&quot;:&quot;classic&quot;}\">\n\t\t\t\t\t\t<div class=\"elementor-container elementor-column-gap-default\">\n\t\t\t\t\t<div class=\"elementor-column elementor-col-100 elementor-top-column elementor-element elementor-element-2cef154\" data-id=\"2cef154\" data-element_type=\"column\" data-e-type=\"column\">\n\t\t\t<div class=\"elementor-widget-wrap elementor-element-populated\">\n\t\t\t\t\t\t<div class=\"elementor-element elementor-element-02a7822 elementor-widget elementor-widget-heading\" data-id=\"02a7822\" data-element_type=\"widget\" data-e-type=\"widget\" data-widget_type=\"heading.default\">\n\t\t\t\t<div class=\"elementor-widget-container\">\n\t\t\t\t\t<h2 class=\"elementor-heading-title elementor-size-default\">Vildt dyr fundet<\/h2>\t\t\t\t<\/div>\n\t\t\t\t<\/div>\n\t\t\t\t<div class=\"elementor-element elementor-element-7cc7aaa elementor-widget elementor-widget-text-editor\" data-id=\"7cc7aaa\" data-element_type=\"widget\" data-e-type=\"widget\" data-widget_type=\"text-editor.default\">\n\t\t\t\t<div class=\"elementor-widget-container\">\n\t\t\t\t\t\t\t\t\t<p>Hvis du gerne vil kontakte os om et fundet vildt dyr, vil vi gerne p\u00e5pege som en sikkerhedsforanstaltning, at&nbsp;<strong><em>vi er ikke ansvarlige for vilde dyr<\/em><\/strong>. Vi beder om forst\u00e5else for, at vi hverken har indg\u00e5ende viden eller kapacitet til at tage os af egern, flagermus osv. Hvis det er et skadet dyr, vil vi st\u00f8tte dig i s\u00e5danne ekstraordin\u00e6re tilf\u00e6lde, s\u00e5 l\u00e6nge vores kapacitet tillader det. Vi vil naturligvis ogs\u00e5 hj\u00e6lpe dig med at finde et professionelt genhusningscenter. <br><br>Det er desv\u00e6rre en ekstra opgave, som ikke kan klares sidel\u00f8bende med vores arbejde for dyrevelf\u00e6rd og driften af vores dyreinternat.<br><\/p>\n<p>Trafikanter, der for\u00e5rsager en ulykke med klovb\u00e6rende vildt (f.eks. r\u00e5dyr, krondyr, d\u00e5dyr, vildsvin), er forpligtet til at rapportere det til den relevante politistation.<\/p>\n<p>Du kan kontakte os p\u00e5 dyreinternatet p\u00e5 tlf: <a href=\"tel:047183257\">0471 - 8 32 57<\/a>. Uden for vores \u00e5bningstid bedes du kontakte politiet.<\/p><br><p><\/p>\t\t\t\t\t\t\t\t<\/div>\n\t\t\t\t<\/div>\n\t\t\t\t\t<\/div>\n\t\t<\/div>\n\t\t\t\t\t<\/div>\n\t\t<\/section>\n\t\t\t\t<\/div>","protected":false},"excerpt":{"rendered":"<p>Wildtier gefunden Wenn Sie sich wegen eines gefundenen Wildtieres an uns wenden m\u00f6chten, weisen wir vorsorglich darauf hin, dass&nbsp;wir f\u00fcr Wildtiere nicht zust\u00e4ndig sind. Bitte haben Sie Verst\u00e4ndnis daf\u00fcr, dass wir weder \u00fcber das fundierte Wissen noch \u00fcber die Kapazit\u00e4ten f\u00fcr Aufnahme und Pflege von Eichh\u00f6rnchen, Fledermaus etc. verf\u00fcgen. Sollte es sich um ein verletztes [&hellip;]<\/p>\n","protected":false},"author":3,"featured_media":0,"parent":0,"menu_order":0,"comment_status":"closed","ping_status":"closed","template":"","meta":{"footnotes":""},"class_list":["post-1824","page","type-page","status-publish","hentry"],"_links":{"self":[{"href":"https:\/\/www.tierschutz-bremerhaven.eu\/da\/wp-json\/wp\/v2\/pages\/1824","targetHints":{"allow":["GET"]}}],"collection":[{"href":"https:\/\/www.tierschutz-bremerhaven.eu\/da\/wp-json\/wp\/v2\/pages"}],"about":[{"href":"https:\/\/www.tierschutz-bremerhaven.eu\/da\/wp-json\/wp\/v2\/types\/page"}],"author":[{"embeddable":true,"href":"https:\/\/www.tierschutz-bremerhaven.eu\/da\/wp-json\/wp\/v2\/users\/3"}],"replies":[{"embeddable":true,"href":"https:\/\/www.tierschutz-bremerhaven.eu\/da\/wp-json\/wp\/v2\/comments?post=1824"}],"version-history":[{"count":15,"href":"https:\/\/www.tierschutz-bremerhaven.eu\/da\/wp-json\/wp\/v2\/pages\/1824\/revisions"}],"predecessor-version":[{"id":5339,"href":"https:\/\/www.tierschutz-bremerhaven.eu\/da\/wp-json\/wp\/v2\/pages\/1824\/revisions\/5339"}],"wp:attachment":[{"href":"https:\/\/www.tierschutz-bremerhaven.eu\/da\/wp-json\/wp\/v2\/media?parent=1824"}],"curies":[{"name":"wp","href":"https:\/\/api.w.org\/{rel}","templated":true}]}}