{"id":2050,"date":"2021-04-30T07:52:23","date_gmt":"2021-04-30T07:52:23","guid":{"rendered":"https:\/\/tierschutz-bremerhaven.eu\/?page_id=2050"},"modified":"2024-09-06T15:06:28","modified_gmt":"2024-09-06T14:06:28","slug":"aftryk","status":"publish","type":"page","link":"https:\/\/www.tierschutz-bremerhaven.eu\/da\/impressum","title":{"rendered":"Tryk"},"content":{"rendered":"<p>Dyrenes Beskyttelse Bremerhaven e.V.<br>Viel\u00e4nder Weg 137<\/p>\n\n\n\n<p>27574 Bremerhaven&nbsp;<\/p>\n\n\n\n<p>Telefon:&nbsp;<a href=\"tel:047183257\">0471 8 32 57<\/a><br>Fax: 0471 9 81 26 76<\/p>\n\n\n\n<p>e-mail:&nbsp;<a href=\"mailto:info@tierschutz-bremerhaven.eu\">info@tierschutz-bremerhaven.eu<\/a><br>URL: <a href=\"http:\/\/www.tierschutz-bremerhaven.eu\/da\/\">www.tierschutz-bremerhaven.eu<\/a><\/p>\n\n\n\n<p>IBAN: DE 49 2925 0000 0002 0075 50<br>BIC: BRLADE21BRS<\/p>\n\n\n\n<p>Registerdomstol: Den lokale domstol i Bremen<br>Registreringsnummer: 564 BHV<\/p>\n\n\n\n<p>Moms-ID i henhold til \u00a7 27a UStG:  DE 114709126<\/p>\n\n\n\n<p>Bemyndiget til at repr\u00e6sentere og ansvarlig for indholdet af publikationerne og i henhold til RStV, \u00a7 55, stk. 2:<\/p>\n\n\n\n<p>Inga Albers Formand<\/p>\n\n\n\n<p>Formanden kan ogs\u00e5 kontaktes p\u00e5 ovenst\u00e5ende postadresse.<\/p>\n\n\n\n<p><strong>Ansvar for indhold<\/strong><\/p>\n\n\n\n<p>Som tjenesteudbyder er vi ansvarlige for vores eget indhold p\u00e5 disse sider i henhold til \u00a7 7 (1) TMG (den tyske telemedielov) og den generelle lovgivning. I henhold til \u00a7\u00a7 8 til 10 TMG er vi som tjenesteudbyder dog ikke forpligtet til at overv\u00e5ge transmitterede eller lagrede tredjepartsoplysninger eller til at unders\u00f8ge omst\u00e6ndigheder, der indikerer ulovlig aktivitet.<\/p>\n\n\n\n<p>Forpligtelser til at fjerne eller blokere brugen af oplysninger i overensstemmelse med den generelle lovgivning forbliver up\u00e5virket af dette. Ansvar i denne henseende er dog kun muligt fra det tidspunkt, hvor vi bliver opm\u00e6rksomme p\u00e5 en specifik overtr\u00e6delse. S\u00e5 snart vi bliver opm\u00e6rksomme p\u00e5 s\u00e5danne overtr\u00e6delser, vil vi straks fjerne dette indhold. <\/p>\n\n\n\n<p><strong>Ansvar for links<\/strong><\/p>\n\n\n\n<p>Vores hjemmeside indeholder links til eksterne tredjepartswebsteder, hvis indhold vi ikke har nogen indflydelse p\u00e5. Derfor kan vi ikke p\u00e5tage os noget ansvar for dette tredjepartsindhold. Den respektive udbyder eller operat\u00f8r af siderne er altid ansvarlig for indholdet af de linkede sider. De linkede sider blev kontrolleret for mulige lovovertr\u00e6delser p\u00e5 tidspunktet for linkningen. Ulovligt indhold var ikke genkendeligt p\u00e5 tidspunktet for linket.<\/p>\n\n\n\n<p>En permanent overv\u00e5gning af indholdet p\u00e5 de linkede sider er dog ikke rimelig uden konkrete beviser p\u00e5 en overtr\u00e6delse. Hvis vi bliver opm\u00e6rksomme p\u00e5 lovovertr\u00e6delser, vil vi straks fjerne s\u00e5danne links.<\/p>\n\n\n\n<p><strong>Ophavsret<\/strong><\/p>\n\n\n\n<p>Indholdet og v\u00e6rkerne, der er skabt af webstedsoperat\u00f8rerne p\u00e5 disse sider, er underlagt tysk lov om ophavsret. Reproduktion, redigering, distribution og enhver form for anvendelse uden for gr\u00e6nserne af ophavsretsloven kr\u00e6ver skriftlig tilladelse fra den respektive forfatter eller skaber. Downloads og kopier af denne side er kun tilladt til privat, ikke-kommerciel brug.<\/p>\n\n\n\n<p>For s\u00e5 vidt som indholdet p\u00e5 dette websted ikke er skabt af operat\u00f8ren, respekteres tredjeparts ophavsret. Is\u00e6r er tredjepartsindhold m\u00e6rket som s\u00e5dan. Hvis du alligevel bliver opm\u00e6rksom p\u00e5 en kr\u00e6nkelse af ophavsretten, bedes du informere os herom. Hvis vi bliver opm\u00e6rksomme p\u00e5 eventuelle overtr\u00e6delser, vil vi straks fjerne s\u00e5dant indhold.<\/p>\n\n\n\n<p>Af hensyn til l\u00e6sevenligheden er den samtidige brug af sprogformerne mand, kvinde og forskellig (m\/f\/d) udeladt. Alle personbetegnelser g\u00e6lder ligeligt for alle k\u00f8n.<\/p>\n\n\n\n<p><strong>Design og programmering<\/strong><\/p>\n\n\n\n<p>GROTE MEDIA GmbH<br>Kantstra\u00dfe 4<br>27568 Bremerhaven<br>Telefon: <a href=\"tel:0471983370\">0471 98 33 7-0<\/a><br><a href=\"mailto:info@grote-media.de\">info@grote-media.de<\/a><br><a href=\"https:\/\/grote-media.de\/\" target=\"_blank\" rel=\"noreferrer noopener\">www.grote-media.de<\/a><\/p>","protected":false},"excerpt":{"rendered":"<p>Tierschutz Bremerhaven e.V.Viel\u00e4nder Weg 137 27574 Bremerhaven&nbsp; Telefon:&nbsp;0471 8 32 57Telefax:&nbsp;0471 9 81 26 76 E-Mail:&nbsp;info@tierschutz-bremerhaven.euURL: www.tierschutz-bremerhaven.eu IBAN: DE&nbsp;49 2925 0000 0002&nbsp;0075 50BIC: BRLADE21BRS Registergericht: Amtsgericht BremenRegisternummer: 564 BHV USt-ID gem. \u00a7 27a UStG: &nbsp;DE 114709126 Vertretungsberechtigt und f\u00fcr den Inhalt der Publikationen sowie im Sinne des RStV, \u00a7 55 Abs. 2 verantwortlich ist: Inga [&hellip;]<\/p>\n","protected":false},"author":3,"featured_media":0,"parent":0,"menu_order":0,"comment_status":"closed","ping_status":"closed","template":"","meta":{"footnotes":""},"class_list":["post-2050","page","type-page","status-publish","hentry"],"_links":{"self":[{"href":"https:\/\/www.tierschutz-bremerhaven.eu\/da\/wp-json\/wp\/v2\/pages\/2050","targetHints":{"allow":["GET"]}}],"collection":[{"href":"https:\/\/www.tierschutz-bremerhaven.eu\/da\/wp-json\/wp\/v2\/pages"}],"about":[{"href":"https:\/\/www.tierschutz-bremerhaven.eu\/da\/wp-json\/wp\/v2\/types\/page"}],"author":[{"embeddable":true,"href":"https:\/\/www.tierschutz-bremerhaven.eu\/da\/wp-json\/wp\/v2\/users\/3"}],"replies":[{"embeddable":true,"href":"https:\/\/www.tierschutz-bremerhaven.eu\/da\/wp-json\/wp\/v2\/comments?post=2050"}],"version-history":[{"count":10,"href":"https:\/\/www.tierschutz-bremerhaven.eu\/da\/wp-json\/wp\/v2\/pages\/2050\/revisions"}],"predecessor-version":[{"id":10683,"href":"https:\/\/www.tierschutz-bremerhaven.eu\/da\/wp-json\/wp\/v2\/pages\/2050\/revisions\/10683"}],"wp:attachment":[{"href":"https:\/\/www.tierschutz-bremerhaven.eu\/da\/wp-json\/wp\/v2\/media?parent=2050"}],"curies":[{"name":"wp","href":"https:\/\/api.w.org\/{rel}","templated":true}]}}