{"id":2311,"date":"2021-05-24T06:30:04","date_gmt":"2021-05-24T06:30:04","guid":{"rendered":"https:\/\/tierschutz-bremerhaven.eu\/?page_id=2311"},"modified":"2021-09-22T15:51:38","modified_gmt":"2021-09-22T15:51:38","slug":"ser","status":"publish","type":"page","link":"https:\/\/www.tierschutz-bremerhaven.eu\/da\/ser","title":{"rendered":"Ser"},"content":{"rendered":"<div data-elementor-type=\"wp-page\" data-elementor-id=\"2311\" class=\"elementor elementor-2311\" data-elementor-post-type=\"page\">\n\t\t\t\t\t\t<section class=\"elementor-section elementor-top-section elementor-element elementor-element-dde3447 elementor-section-boxed elementor-section-height-default elementor-section-height-default\" data-id=\"dde3447\" data-element_type=\"section\" data-e-type=\"section\">\n\t\t\t\t\t\t<div class=\"elementor-container elementor-column-gap-default\">\n\t\t\t\t\t<div class=\"elementor-column elementor-col-100 elementor-top-column elementor-element elementor-element-66dcf0e\" data-id=\"66dcf0e\" data-element_type=\"column\" data-e-type=\"column\">\n\t\t\t<div class=\"elementor-widget-wrap elementor-element-populated\">\n\t\t\t\t\t\t<div class=\"elementor-element elementor-element-e964b23 elementor-widget elementor-widget-accordion\" data-id=\"e964b23\" data-element_type=\"widget\" data-e-type=\"widget\" data-widget_type=\"accordion.default\">\n\t\t\t\t<div class=\"elementor-widget-container\">\n\t\t\t\t\t\t\t<div class=\"elementor-accordion\">\n\t\t\t\t\t\t\t<div class=\"elementor-accordion-item\">\n\t\t\t\t\t<div id=\"elementor-tab-title-2441\" class=\"elementor-tab-title\" data-tab=\"1\" role=\"button\" aria-controls=\"elementor-tab-content-2441\" aria-expanded=\"false\">\n\t\t\t\t\t\t\t\t\t\t\t\t\t<span class=\"elementor-accordion-icon elementor-accordion-icon-right\" aria-hidden=\"true\">\n\t\t\t\t\t\t\t\t\t\t\t\t\t\t\t<span class=\"elementor-accordion-icon-closed\"><i class=\"fas fa-plus\"><\/i><\/span>\n\t\t\t\t\t\t\t\t<span class=\"elementor-accordion-icon-opened\"><i class=\"fas fa-minus\"><\/i><\/span>\n\t\t\t\t\t\t\t\t\t\t\t\t\t\t<\/span>\n\t\t\t\t\t\t\t\t\t\t\t\t<a class=\"elementor-accordion-title\" tabindex=\"0\">I en n\u00f8dsituation<\/a>\n\t\t\t\t\t<\/div>\n\t\t\t\t\t<div id=\"elementor-tab-content-2441\" class=\"elementor-tab-content elementor-clearfix\" data-tab=\"1\" role=\"region\" aria-labelledby=\"elementor-tab-title-2441\"><p>Har du en medicinsk n\u00f8dsituation med dit k\u00e6ledyr?<\/p>\n<p>Bevar roen, s\u00e5 du kan tr\u00e6ffe de rigtige foranstaltninger.<\/p>\n<p>Nedenfor har vi listet nogle adresser og telefonnumre, hvor du hurtigt kan f\u00e5 hj\u00e6lp eller dyrl\u00e6ger\u00e5dgivning i en n\u00f8dsituation. <br>I mindre hastende tilf\u00e6lde vil din dyrl\u00e6ge eller n\u00e6rliggende dyreklinikker kunne hj\u00e6lpe dig inden for normal \u00e5bningstid.<\/p>\n<p><b>Dyrl\u00e6gevagt Bremerhaven: 0172 - 6 51 12 48<\/b><\/p>\n<p><b>Dyrl\u00e6geklinik Bremen: 0421 - 1 22 11<\/b><\/p>\n<p>Hvis du vil aflevere et fundet dyr til os, bedes du ringe til os i vores \u00e5bningstid p\u00e5 0471 - 8 32 57. Du kan l\u00e6gge en besked p\u00e5 vores telefonsvarer, og vi ringer tilbage senest n\u00e6ste dag.<\/p>\n<p>I hastetilf\u00e6lde bedes du kontakte f\u00f8lgende uden for vores \u00e5bningstid <b>Politiet p\u00e5 tlf. 0471 - 9 53 11 40 <\/b>eller <b><br>Brandv\u00e6sen p\u00e5 tlf. 0471 - 59 00<\/b> Bremerhaven. De vil derefter kontakte vores n\u00f8dtjeneste, hvis det er n\u00f8dvendigt.<\/p><\/div>\n\t\t\t\t<\/div>\n\t\t\t\t\t\t\t\t<\/div>\n\t\t\t\t\t\t<\/div>\n\t\t\t\t<\/div>\n\t\t\t\t<div class=\"elementor-element elementor-element-bb940d2 elementor-widget elementor-widget-accordion\" data-id=\"bb940d2\" data-element_type=\"widget\" data-e-type=\"widget\" data-widget_type=\"accordion.default\">\n\t\t\t\t<div class=\"elementor-widget-container\">\n\t\t\t\t\t\t\t<div class=\"elementor-accordion\">\n\t\t\t\t\t\t\t<div class=\"elementor-accordion-item\">\n\t\t\t\t\t<div id=\"elementor-tab-title-1961\" class=\"elementor-tab-title\" data-tab=\"1\" role=\"button\" aria-controls=\"elementor-tab-content-1961\" aria-expanded=\"false\">\n\t\t\t\t\t\t\t\t\t\t\t\t\t<span class=\"elementor-accordion-icon elementor-accordion-icon-right\" aria-hidden=\"true\">\n\t\t\t\t\t\t\t\t\t\t\t\t\t\t\t<span class=\"elementor-accordion-icon-closed\"><i class=\"fas fa-plus\"><\/i><\/span>\n\t\t\t\t\t\t\t\t<span class=\"elementor-accordion-icon-opened\"><i class=\"fas fa-minus\"><\/i><\/span>\n\t\t\t\t\t\t\t\t\t\t\t\t\t\t<\/span>\n\t\t\t\t\t\t\t\t\t\t\t\t<a class=\"elementor-accordion-title\" tabindex=\"0\">Vildt dyr fundet<\/a>\n\t\t\t\t\t<\/div>\n\t\t\t\t\t<div id=\"elementor-tab-content-1961\" class=\"elementor-tab-content elementor-clearfix\" data-tab=\"1\" role=\"region\" aria-labelledby=\"elementor-tab-title-1961\"><p>Hvis du gerne vil kontakte os om et fundet vildt dyr, vil vi gerne p\u00e5pege som en sikkerhedsforanstaltning, at\u00a0<strong><em>vi er ikke ansvarlige for vilde dyr<\/em><\/strong>. Vi beder om forst\u00e5else for, at vi hverken har indg\u00e5ende viden eller kapacitet til at tage os af egern, flagermus osv. Hvis det er et skadet dyr, vil vi st\u00f8tte dig i s\u00e5danne ekstraordin\u00e6re tilf\u00e6lde, s\u00e5 l\u00e6nge vores kapacitet tillader det. Vi vil naturligvis ogs\u00e5 hj\u00e6lpe dig med at finde et professionelt genhusningscenter.<\/p><p>Kontakt os p\u00e5 dyreinternatet p\u00e5 0471 - 8 32 57.<br \/>Uden for vores \u00e5bningstid kan du l\u00e6gge en besked p\u00e5 vores telefonsvarer. Du vil blive ringet op med det samme.<\/p><p>Det er desv\u00e6rre en ekstra opgave, som ikke kan klares sidel\u00f8bende med vores frivillige arbejde for dyrevelf\u00e6rd og driften af vores dyreinternat.<\/p><p>Vi \u00f8nsker dig al mulig succes og alt det bedste for din proteg\u00e9!<\/p><p><strong>Wildcats<\/strong><\/p><p>Hvis du giver os fritg\u00e5ende katte, kastrerer vi dem og sender dem tilbage til deres territorier.<\/p><\/div>\n\t\t\t\t<\/div>\n\t\t\t\t\t\t\t\t<\/div>\n\t\t\t\t\t\t<\/div>\n\t\t\t\t<\/div>\n\t\t\t\t\t<\/div>\n\t\t<\/div>\n\t\t\t\t\t<\/div>\n\t\t<\/section>\n\t\t\t\t<\/div>","protected":false},"excerpt":{"rendered":"<p>Im Notfall Sie haben einen medizinischen Notfall mit Ihrem Tier? Bewahren Sie Ruhe, damit Sie die richtigen Ma\u00dfnahmen ergreifen k\u00f6nnen. Nachfolgend haben wir einige Adressen und Telefonnummern aufgelistet, unter denen Sie im Notfall schnell Hilfe oder einen tier\u00e4rztlichen Rat erhalten k\u00f6nnen. In nicht so dringenden F\u00e4llen, kann Ihnen zu den \u00fcblichen Gesch\u00e4ftszeiten auch sicher Ihr [&hellip;]<\/p>\n","protected":false},"author":3,"featured_media":0,"parent":0,"menu_order":0,"comment_status":"closed","ping_status":"closed","template":"","meta":{"footnotes":""},"class_list":["post-2311","page","type-page","status-publish","hentry"],"_links":{"self":[{"href":"https:\/\/www.tierschutz-bremerhaven.eu\/da\/wp-json\/wp\/v2\/pages\/2311","targetHints":{"allow":["GET"]}}],"collection":[{"href":"https:\/\/www.tierschutz-bremerhaven.eu\/da\/wp-json\/wp\/v2\/pages"}],"about":[{"href":"https:\/\/www.tierschutz-bremerhaven.eu\/da\/wp-json\/wp\/v2\/types\/page"}],"author":[{"embeddable":true,"href":"https:\/\/www.tierschutz-bremerhaven.eu\/da\/wp-json\/wp\/v2\/users\/3"}],"replies":[{"embeddable":true,"href":"https:\/\/www.tierschutz-bremerhaven.eu\/da\/wp-json\/wp\/v2\/comments?post=2311"}],"version-history":[{"count":15,"href":"https:\/\/www.tierschutz-bremerhaven.eu\/da\/wp-json\/wp\/v2\/pages\/2311\/revisions"}],"predecessor-version":[{"id":4064,"href":"https:\/\/www.tierschutz-bremerhaven.eu\/da\/wp-json\/wp\/v2\/pages\/2311\/revisions\/4064"}],"wp:attachment":[{"href":"https:\/\/www.tierschutz-bremerhaven.eu\/da\/wp-json\/wp\/v2\/media?parent=2311"}],"curies":[{"name":"wp","href":"https:\/\/api.w.org\/{rel}","templated":true}]}}