{"id":2334,"date":"2021-05-25T08:21:35","date_gmt":"2021-05-25T08:21:35","guid":{"rendered":"https:\/\/tierschutz-bremerhaven.eu\/?page_id=2334"},"modified":"2023-09-27T07:54:38","modified_gmt":"2023-09-27T07:54:38","slug":"ungdomsskole","status":"publish","type":"page","link":"https:\/\/www.tierschutz-bremerhaven.eu\/da\/jugend-schule","title":{"rendered":"Ungdom og skole"},"content":{"rendered":"<div data-elementor-type=\"wp-page\" data-elementor-id=\"2334\" class=\"elementor elementor-2334\" data-elementor-post-type=\"page\">\n\t\t\t\t\t\t<section class=\"elementor-section elementor-top-section elementor-element elementor-element-001ccb4 elementor-section-boxed elementor-section-height-default elementor-section-height-default\" data-id=\"001ccb4\" data-element_type=\"section\" data-e-type=\"section\" data-settings=\"{&quot;background_background&quot;:&quot;classic&quot;}\">\n\t\t\t\t\t\t<div class=\"elementor-container elementor-column-gap-default\">\n\t\t\t\t\t<div class=\"elementor-column elementor-col-100 elementor-top-column elementor-element elementor-element-6b70233\" data-id=\"6b70233\" data-element_type=\"column\" data-e-type=\"column\">\n\t\t\t<div class=\"elementor-widget-wrap elementor-element-populated\">\n\t\t\t\t\t\t<div class=\"elementor-element elementor-element-4862873 elementor-widget elementor-widget-heading\" data-id=\"4862873\" data-element_type=\"widget\" data-e-type=\"widget\" data-widget_type=\"heading.default\">\n\t\t\t\t<div class=\"elementor-widget-container\">\n\t\t\t\t\t<h3 class=\"elementor-heading-title elementor-size-default\">Fremtidsdag \/ Praktik \/ AG<\/h3>\t\t\t\t<\/div>\n\t\t\t\t<\/div>\n\t\t\t\t<div class=\"elementor-element elementor-element-6c06c67 elementor-widget elementor-widget-text-editor\" data-id=\"6c06c67\" data-element_type=\"widget\" data-e-type=\"widget\" data-widget_type=\"text-editor.default\">\n\t\t\t\t<div class=\"elementor-widget-container\">\n\t\t\t\t\t\t\t\t\t<p>Tak for din begejstring for vores dyreinternat og din interesse, <b>Din<\/b> <strong>Future Day \/ Din praktikplads \/ Din AG\u00a0<\/strong>Vi er meget glade for at byde b\u00f8rn velkommen til at tilbringe tid sammen med os. I flere \u00e5r har b\u00f8rn benyttet sig af denne mulighed for at f\u00e5 en smagspr\u00f8ve p\u00e5, hvordan det er at v\u00e6re dyrepasser. Der venter jer interessante projekter. Du kan f.eks. fork\u00e6le vores firbenede venner med en g\u00e5tur, dyrke dyrefoder og fodre vores gnavere med det, organisere en indsamlingskampagne, lave leget\u00f8j til dyrene, l\u00e6re hverdagen p\u00e5 dyreinternatet at kende og meget mere.<\/p><p>F\u00f8lgende skoler tilbyder i \u00f8jeblikket deres elever et heldagsprogram: Carl von Ossietzky CVO skolecenter, Kreisgymnasium Weserm\u00fcnde, Paula-Modersohn-Schule, Schule am Leher Markt.<\/p><p><b>Den<\/b><strong>\u00a0<\/strong><strong>Future Day \/ praktikpladsen \/ AG'en\u00a0<\/strong>i<strong>\u00a0<\/strong><strong>Dyreinternat<\/strong> er et \u00f8nske for mange elever. Det er derfor meget vigtigt, at du tilmelder dig i god tid, da der er begr\u00e6nsede pladser.<\/p><p><strong>Du skal medbringe f\u00f8lgende:<\/strong><\/p><ul><li>Dokumenterne fra din skole<\/li><li>Dit vaccinationscertifikat\/vaccinationsbeskyttelse<\/li><li>Uf\u00f8lsomt t\u00f8j<\/li><li>K\u00e6rlighed til dyr<\/li><li>God humor<\/li><\/ul><p>Kontakt os p\u00e5 dyreinternatet p\u00e5 tlf: <a href=\"tel:047183257\">0471 - 8 32 57<\/a>. Uden for vores \u00e5bningstid kan du l\u00e6gge en besked p\u00e5 vores telefonsvarer. Du vil blive ringet op med det samme.<\/p><p>Bes\u00f8g p\u00e5 krisecentret er kun muligt efter forudg\u00e5ende aftale.<\/p><p>Vi takker for din forst\u00e5else og ser frem til dit bes\u00f8g!<\/p>\t\t\t\t\t\t\t\t<\/div>\n\t\t\t\t<\/div>\n\t\t\t\t<div class=\"elementor-element elementor-element-82516fd elementor-widget elementor-widget-heading\" data-id=\"82516fd\" data-element_type=\"widget\" data-e-type=\"widget\" data-widget_type=\"heading.default\">\n\t\t\t\t<div class=\"elementor-widget-container\">\n\t\t\t\t\t<h2 class=\"elementor-heading-title elementor-size-default\">Guidede ture for skoleklasser og ungdomsgrupper<\/h2>\t\t\t\t<\/div>\n\t\t\t\t<\/div>\n\t\t\t\t<div class=\"elementor-element elementor-element-5633557 elementor-widget elementor-widget-text-editor\" data-id=\"5633557\" data-element_type=\"widget\" data-e-type=\"widget\" data-widget_type=\"text-editor.default\">\n\t\t\t\t<div class=\"elementor-widget-container\">\n\t\t\t\t\t\t\t\t\t<p>Vil du gerne l\u00e6re det nye dyreinternat og dets nuv\u00e6rende beboere at kende? Det er ikke noget problem. Kom med p\u00e5 en af vores guidede ture. Det er gratis - men vi er altid glade for at modtage en donation til dyreinternatet.<\/p>\n<p>Rundvisningen p\u00e5 vores dyreinternat varer ca. 45 minutter og ledsages af b\u00e5de aktive medlemmer af organisationen og vores dyrepassere. Under bes\u00f8get f\u00e5r deltagerne en velkomsttale for at finde ud af, hvilke opgaver dyreinternatet udf\u00f8rer, og hvordan plejen og behandlingen af omkring 600 dyr i n\u00f8d h\u00e5ndteres hvert \u00e5r. Dyrev\u00e6rnets omr\u00e5de bliver ogs\u00e5 udforsket under den f\u00e6lles tur.<\/p>\n<p>Har du lyst til at bes\u00f8ge dyreinternatet med din skoleklasse\/b\u00f8rne- eller ungdomsgruppe? Grupper er ogs\u00e5 meget velkomne her.<\/p>\n<p><strong>Information om grupperejser:<\/strong><\/p>\n<ul>\n<li>Gruppe p\u00e5 maks. 10 personer<\/li>\n<li>Bes\u00f8g muligt i l\u00f8bet af ugen p\u00e5 \u00e5bne dage<\/li>\n<li>Mindst \u00e9n l\u00e6rer\/omsorgsperson til stede<\/li>\n<li>Minimumsalder for b\u00f8rn: 6 \u00e5r<\/li>\n<li>Evt. samtykkeerkl\u00e6ring fra deltagerne til, at foto- og videooptagelser m\u00e5 offentligg\u00f8res p\u00e5 foreningens hjemmeside og sociale medier.<\/li>\n<li>Tilmelding, hvis muligt, 3 uger f\u00f8r den \u00f8nskede dato\n<p><\/p><\/li>\n<\/ul>\n<p>Send din foresp\u00f8rgsel om rundvisninger p\u00e5 dyreinternater via e-mail til <a href=\"mailto:info@tierschutz-bremerhaven.de\"><u>info@tierschutz-bremerhaven.de<\/u><\/a><\/p>\n<p>Eller kontakt os p\u00e5 dyreinternatet p\u00e5 tlf: <a href=\"tel:047183257\">0471 - 8 32 57<\/a>. Uden for vores \u00e5bningstid kan du l\u00e6gge en besked p\u00e5 vores telefonsvarer. Du vil blive ringet op med det samme.<\/p>\n<p><br><\/p>\t\t\t\t\t\t\t\t<\/div>\n\t\t\t\t<\/div>\n\t\t\t\t\t<\/div>\n\t\t<\/div>\n\t\t\t\t\t<\/div>\n\t\t<\/section>\n\t\t\t\t<\/div>","protected":false},"excerpt":{"rendered":"<p>Zukunftstag \/ Praktikum \/ AG \u00dcber Eure Begeisterung f\u00fcr unser Tierheim und Euer Interesse, Euren Zukunftstag \/ Euer Praktikum \/ Euere AG\u00a0bei uns zu verbringen, freuen wir uns sehr. Bereits seit mehreren Jahren nutzen Kinder diese M\u00f6glichkeit, um in den Beruf des Tierpflegers reinzuschnuppern. Es warten interessante Projekt auf Dich. Du k\u00f6nntest z. B. unsere [&hellip;]<\/p>\n","protected":false},"author":3,"featured_media":0,"parent":0,"menu_order":0,"comment_status":"closed","ping_status":"closed","template":"","meta":{"footnotes":""},"class_list":["post-2334","page","type-page","status-publish","hentry"],"_links":{"self":[{"href":"https:\/\/www.tierschutz-bremerhaven.eu\/da\/wp-json\/wp\/v2\/pages\/2334","targetHints":{"allow":["GET"]}}],"collection":[{"href":"https:\/\/www.tierschutz-bremerhaven.eu\/da\/wp-json\/wp\/v2\/pages"}],"about":[{"href":"https:\/\/www.tierschutz-bremerhaven.eu\/da\/wp-json\/wp\/v2\/types\/page"}],"author":[{"embeddable":true,"href":"https:\/\/www.tierschutz-bremerhaven.eu\/da\/wp-json\/wp\/v2\/users\/3"}],"replies":[{"embeddable":true,"href":"https:\/\/www.tierschutz-bremerhaven.eu\/da\/wp-json\/wp\/v2\/comments?post=2334"}],"version-history":[{"count":94,"href":"https:\/\/www.tierschutz-bremerhaven.eu\/da\/wp-json\/wp\/v2\/pages\/2334\/revisions"}],"predecessor-version":[{"id":9019,"href":"https:\/\/www.tierschutz-bremerhaven.eu\/da\/wp-json\/wp\/v2\/pages\/2334\/revisions\/9019"}],"wp:attachment":[{"href":"https:\/\/www.tierschutz-bremerhaven.eu\/da\/wp-json\/wp\/v2\/media?parent=2334"}],"curies":[{"name":"wp","href":"https:\/\/api.w.org\/{rel}","templated":true}]}}