{"id":2602,"date":"2021-06-22T10:23:07","date_gmt":"2021-06-22T10:23:07","guid":{"rendered":"https:\/\/tierschutz-bremerhaven.eu\/?page_id=2602"},"modified":"2021-06-22T11:27:07","modified_gmt":"2021-06-22T11:27:07","slug":"nar-du-handler-online","status":"publish","type":"page","link":"https:\/\/www.tierschutz-bremerhaven.eu\/da\/beim-online-einkauf","title":{"rendered":"N\u00e5r du handler online"},"content":{"rendered":"<div data-elementor-type=\"wp-page\" data-elementor-id=\"2602\" class=\"elementor elementor-2602\" data-elementor-post-type=\"page\">\n\t\t\t\t\t\t<section class=\"elementor-section elementor-top-section elementor-element elementor-element-3f2c348 elementor-section-full_width elementor-section-height-default elementor-section-height-default\" data-id=\"3f2c348\" data-element_type=\"section\" data-e-type=\"section\" data-settings=\"{&quot;background_background&quot;:&quot;classic&quot;}\">\n\t\t\t\t\t\t<div class=\"elementor-container elementor-column-gap-default\">\n\t\t\t\t\t<div class=\"elementor-column elementor-col-100 elementor-top-column elementor-element elementor-element-2cef154\" data-id=\"2cef154\" data-element_type=\"column\" data-e-type=\"column\">\n\t\t\t<div class=\"elementor-widget-wrap elementor-element-populated\">\n\t\t\t\t\t\t<div class=\"elementor-element elementor-element-02a7822 elementor-widget elementor-widget-heading\" data-id=\"02a7822\" data-element_type=\"widget\" data-e-type=\"widget\" data-widget_type=\"heading.default\">\n\t\t\t\t<div class=\"elementor-widget-container\">\n\t\t\t\t\t<h2 class=\"elementor-heading-title elementor-size-default\">G\u00f8r noget godt med dine indk\u00f8b<\/h2>\t\t\t\t<\/div>\n\t\t\t\t<\/div>\n\t\t\t\t<div class=\"elementor-element elementor-element-7cc7aaa elementor-widget elementor-widget-text-editor\" data-id=\"7cc7aaa\" data-element_type=\"widget\" data-e-type=\"widget\" data-widget_type=\"text-editor.default\">\n\t\t\t\t<div class=\"elementor-widget-container\">\n\t\t\t\t\t\t\t\t\t<p>Kan du lide at shoppe? Helst online? Hvorfor ikke shoppe og g\u00f8re noget for en god sag p\u00e5 samme tid? N\u00e5r du handler i en af nedenst\u00e5ende webshops, hj\u00e6lper du samtidig Bremerhaven Dyrev\u00e6rn med at passe p\u00e5 foreningens mange proteg\u00e9er og giver dit bidrag til dyrevelf\u00e6rd. Det er shopping med en god fornemmelse.<\/p>\t\t\t\t\t\t\t\t<\/div>\n\t\t\t\t<\/div>\n\t\t\t\t<div class=\"elementor-element elementor-element-4893fd1 elementor-widget elementor-widget-image\" data-id=\"4893fd1\" data-element_type=\"widget\" data-e-type=\"widget\" data-widget_type=\"image.default\">\n\t\t\t\t<div class=\"elementor-widget-container\">\n\t\t\t\t\t\t\t\t\t\t\t\t\t\t\t<img decoding=\"async\" width=\"300\" height=\"86\" src=\"https:\/\/www.tierschutz-bremerhaven.eu\/wp-content\/uploads\/2021\/06\/Amazon-smile.jpg\" class=\"attachment-medium size-medium wp-image-2611\" alt=\"\" \/>\t\t\t\t\t\t\t\t\t\t\t\t\t\t\t<\/div>\n\t\t\t\t<\/div>\n\t\t\t\t<div class=\"elementor-element elementor-element-b195fe8 elementor-widget elementor-widget-text-editor\" data-id=\"b195fe8\" data-element_type=\"widget\" data-e-type=\"widget\" data-widget_type=\"text-editor.default\">\n\t\t\t\t<div class=\"elementor-widget-container\">\n\t\t\t\t\t\t\t\t\t<p>AmazonSmile er Amazons velg\u00f8renhedsprogram og en nem m\u00e5de for dig at st\u00f8tte Bremerhaven Dyrev\u00e6rn med hvert k\u00f8b. Du skal blot foretage dit n\u00e6ste onlinek\u00f8b via AmazonSmile og v\u00e6lge \"Tierschutzverein Bremerhaven\" som din organisation. Amazon vil videregive 0,5% af dit k\u00f8bsbel\u00f8b til os og dermed til vores proteg\u00e9er. Der er ingen ekstra omkostninger for dig.<\/p><p><strong>Klik her for at g\u00e5 til AmazonSmile<\/strong><\/p><p>AmazonSmile kan ogs\u00e5 bruges af Android- og iPhone-brugere i appen. For at g\u00f8re dette skal du \u00e5bne indstillingerne i din Amazon Shopping-app. Der kan du aktivere AmazonSmile og v\u00e6lge \"Tierschutzverein Bremerhaven\".<\/p>\t\t\t\t\t\t\t\t<\/div>\n\t\t\t\t<\/div>\n\t\t\t\t<div class=\"elementor-element elementor-element-e47f4ca elementor-widget elementor-widget-image\" data-id=\"e47f4ca\" data-element_type=\"widget\" data-e-type=\"widget\" data-widget_type=\"image.default\">\n\t\t\t\t<div class=\"elementor-widget-container\">\n\t\t\t\t\t\t\t\t\t\t\t\t\t\t\t<img fetchpriority=\"high\" decoding=\"async\" width=\"300\" height=\"300\" src=\"https:\/\/www.tierschutz-bremerhaven.eu\/wp-content\/uploads\/2021\/06\/gooding.jpg\" class=\"attachment-medium size-medium wp-image-2612\" alt=\"\" srcset=\"https:\/\/www.tierschutz-bremerhaven.eu\/wp-content\/uploads\/2021\/06\/gooding.jpg 300w, https:\/\/www.tierschutz-bremerhaven.eu\/wp-content\/uploads\/2021\/06\/gooding-150x150.jpg 150w\" sizes=\"(max-width: 300px) 100vw, 300px\" \/>\t\t\t\t\t\t\t\t\t\t\t\t\t\t\t<\/div>\n\t\t\t\t<\/div>\n\t\t\t\t<div class=\"elementor-element elementor-element-0d17d5f elementor-widget elementor-widget-text-editor\" data-id=\"0d17d5f\" data-element_type=\"widget\" data-e-type=\"widget\" data-widget_type=\"text-editor.default\">\n\t\t\t\t<div class=\"elementor-widget-container\">\n\t\t\t\t\t\t\t\t\t<p>Gooding giver dig mulighed for at st\u00f8tte Bremerhavens dyreinternat. Det s\u00e6rlige ved det er, at det ikke koster dig en \u00f8re ekstra, og du beh\u00f8ver ikke at registrere dig hos Gooding for at hj\u00e6lpe os. Du skal blot handle via Gooding i en af de i \u00f8jeblikket 1.767 tilsluttede onlinebutikker, s\u00e5 f\u00e5r Bremerhavens dyreinternat \u00f8konomisk st\u00f8tte.<\/p><p><strong>Klik her for at g\u00e5 til vores Gooding-side<\/strong><\/p>\t\t\t\t\t\t\t\t<\/div>\n\t\t\t\t<\/div>\n\t\t\t\t<div class=\"elementor-element elementor-element-fee7e34 elementor-widget elementor-widget-image\" data-id=\"fee7e34\" data-element_type=\"widget\" data-e-type=\"widget\" data-widget_type=\"image.default\">\n\t\t\t\t<div class=\"elementor-widget-container\">\n\t\t\t\t\t\t\t\t\t\t\t\t\t\t\t<img decoding=\"async\" width=\"150\" height=\"200\" src=\"https:\/\/www.tierschutz-bremerhaven.eu\/wp-content\/uploads\/2021\/06\/WeCanHelp.jpg\" class=\"attachment-medium size-medium wp-image-2613\" alt=\"\" \/>\t\t\t\t\t\t\t\t\t\t\t\t\t\t\t<\/div>\n\t\t\t\t<\/div>\n\t\t\t\t<div class=\"elementor-element elementor-element-9f5ae11 elementor-widget elementor-widget-text-editor\" data-id=\"9f5ae11\" data-element_type=\"widget\" data-e-type=\"widget\" data-widget_type=\"text-editor.default\">\n\t\t\t\t<div class=\"elementor-widget-container\">\n\t\t\t\t\t\t\t\t\t<p>WeCanHelp giver dig mulighed for at st\u00f8tte Bremerhaven Dyrev\u00e6rn. Det s\u00e6rlige ved det er, at det ikke koster dig en \u00f8re ekstra, og du beh\u00f8ver ikke at registrere dig hos WeCanHelp for at hj\u00e6lpe os. Du skal blot foretage fremtidige k\u00f8b via WeCanHelp i en af de i \u00f8jeblikket 1.720 tilsluttede onlinebutikker, og Bremerhavens dyreinternat vil modtage \u00f8konomisk st\u00f8tte.<\/p><p><strong>Klik her for at g\u00e5 til vores WeCanHelp-side<\/strong><\/p>\t\t\t\t\t\t\t\t<\/div>\n\t\t\t\t<\/div>\n\t\t\t\t\t<\/div>\n\t\t<\/div>\n\t\t\t\t\t<\/div>\n\t\t<\/section>\n\t\t\t\t<\/div>","protected":false},"excerpt":{"rendered":"<p>Beim Einkauf Gutes tun Sie shoppen gerne? Am liebsten online? Warum nicht einkaufen und dabei etwas f\u00fcr den guten Zweck tun? Wenn Sie bei einem der unten genannten Onlineshops einkaufen, helfen Sie gleichzeitig dem Tierschutzverein Bremerhaven seine vielen Sch\u00fctzlinge zu versorgen und leisten Ihren Beitrag zum Tierschutz. Das ist Shopping mit gutem Gef\u00fchl. AmazonSmile ist [&hellip;]<\/p>\n","protected":false},"author":3,"featured_media":0,"parent":0,"menu_order":0,"comment_status":"closed","ping_status":"closed","template":"","meta":{"footnotes":""},"class_list":["post-2602","page","type-page","status-publish","hentry"],"_links":{"self":[{"href":"https:\/\/www.tierschutz-bremerhaven.eu\/da\/wp-json\/wp\/v2\/pages\/2602","targetHints":{"allow":["GET"]}}],"collection":[{"href":"https:\/\/www.tierschutz-bremerhaven.eu\/da\/wp-json\/wp\/v2\/pages"}],"about":[{"href":"https:\/\/www.tierschutz-bremerhaven.eu\/da\/wp-json\/wp\/v2\/types\/page"}],"author":[{"embeddable":true,"href":"https:\/\/www.tierschutz-bremerhaven.eu\/da\/wp-json\/wp\/v2\/users\/3"}],"replies":[{"embeddable":true,"href":"https:\/\/www.tierschutz-bremerhaven.eu\/da\/wp-json\/wp\/v2\/comments?post=2602"}],"version-history":[{"count":10,"href":"https:\/\/www.tierschutz-bremerhaven.eu\/da\/wp-json\/wp\/v2\/pages\/2602\/revisions"}],"predecessor-version":[{"id":2616,"href":"https:\/\/www.tierschutz-bremerhaven.eu\/da\/wp-json\/wp\/v2\/pages\/2602\/revisions\/2616"}],"wp:attachment":[{"href":"https:\/\/www.tierschutz-bremerhaven.eu\/da\/wp-json\/wp\/v2\/media?parent=2602"}],"curies":[{"name":"wp","href":"https:\/\/api.w.org\/{rel}","templated":true}]}}