{"id":2617,"date":"2021-06-22T11:27:48","date_gmt":"2021-06-22T11:27:48","guid":{"rendered":"https:\/\/tierschutz-bremerhaven.eu\/?page_id=2617"},"modified":"2021-09-28T11:30:01","modified_gmt":"2021-09-28T11:30:01","slug":"maddonationsbokse","status":"publish","type":"page","link":"https:\/\/www.tierschutz-bremerhaven.eu\/da\/futterspendenboxen","title":{"rendered":"Donationsbokse til mad"},"content":{"rendered":"<div data-elementor-type=\"wp-page\" data-elementor-id=\"2617\" class=\"elementor elementor-2617\" data-elementor-post-type=\"page\">\n\t\t\t\t\t\t<section class=\"elementor-section elementor-top-section elementor-element elementor-element-3f2c348 elementor-section-boxed elementor-section-height-default elementor-section-height-default\" data-id=\"3f2c348\" data-element_type=\"section\" data-e-type=\"section\" data-settings=\"{&quot;background_background&quot;:&quot;classic&quot;}\">\n\t\t\t\t\t\t<div class=\"elementor-container elementor-column-gap-default\">\n\t\t\t\t\t<div class=\"elementor-column elementor-col-100 elementor-top-column elementor-element elementor-element-2cef154\" data-id=\"2cef154\" data-element_type=\"column\" data-e-type=\"column\">\n\t\t\t<div class=\"elementor-widget-wrap elementor-element-populated\">\n\t\t\t\t\t\t<div class=\"elementor-element elementor-element-02a7822 elementor-widget elementor-widget-heading\" data-id=\"02a7822\" data-element_type=\"widget\" data-e-type=\"widget\" data-widget_type=\"heading.default\">\n\t\t\t\t<div class=\"elementor-widget-container\">\n\t\t\t\t\t<h2 class=\"elementor-heading-title elementor-size-default\">Maddonationsbokse i supermarkeder<\/h2>\t\t\t\t<\/div>\n\t\t\t\t<\/div>\n\t\t\t\t<div class=\"elementor-element elementor-element-7cc7aaa elementor-widget elementor-widget-text-editor\" data-id=\"7cc7aaa\" data-element_type=\"widget\" data-e-type=\"widget\" data-widget_type=\"text-editor.default\">\n\t\t\t\t<div class=\"elementor-widget-container\">\n\t\t\t\t\t\t\t\t\t<p>Vi ville blive glade, hvis du ogs\u00e5 ville t\u00e6nke p\u00e5 vores internatdyr, n\u00e5r du k\u00f8ber ind, og hj\u00e6lpe med at fylde vores madkasser. Disse donationer indsamles regelm\u00e6ssigt og giver vores dyr variation i deres kost.<\/p>\n<p>Vi har placeret vores donationsbokse i indgangspartierne i f\u00f8lgende supermarkeder:<\/p>\n<ol>\n<li>DM Langen\/ Bremerhaven Rheinstr. \/ Bremerhaven Elbestr.<\/li>\n<li>\u00c6gte Spaden<\/li>\n<li>Fressnapf Spaden<\/li>\n<li>Foderhus<\/li>\n<li>Edeka: Schiffdorfer-Chaussee, Roter Sand, Weserstr., Georg-Seebeck-Str.<\/li>\n<li>Kaufland Wulsdorf<br><\/li>\n<\/ol>\n<p><br><\/p>\n<p>Vi gl\u00e6der os, n\u00e5r der kommer nye steder til, og vil selvf\u00f8lgelig ogs\u00e5 gerne takke butikschefen for at g\u00f8re det muligt.<\/p>\n<p>Hvis du ogs\u00e5 er interesseret i at oprette en maddonationsboks, bedes du kontakte os p\u00e5 0471 - 8 32 57. Uden for vores \u00e5bningstid kan du indtale en besked p\u00e5 vores telefonsvarer. Du vil blive ringet op med det samme.<\/p>\t\t\t\t\t\t\t\t<\/div>\n\t\t\t\t<\/div>\n\t\t\t\t\t<\/div>\n\t\t<\/div>\n\t\t\t\t\t<\/div>\n\t\t<\/section>\n\t\t\t\t<\/div>","protected":false},"excerpt":{"rendered":"<p>Futterspendenboxen in Superm\u00e4rkten Wir freuen uns, wenn Sie bei Ihrem Einkauf auch an unsere Tierheimtiere denken und helfen, unsere Futterboxen zu f\u00fcllen. Diese Spenden werden regelm\u00e4\u00dfig eingesammelt und bieten unseren Tieren Abwechslung auf dem Speiseplan. In den Eingangsbereichen folgender Superm\u00e4rkte haben wir unsere Spendenboxen aufgestellt: DM Langen\/ Bremerhaven Rheinstr. \/ Bremerhaven Elbestr. Real Spaden Fressnapf [&hellip;]<\/p>\n","protected":false},"author":3,"featured_media":0,"parent":0,"menu_order":0,"comment_status":"closed","ping_status":"closed","template":"","meta":{"footnotes":""},"class_list":["post-2617","page","type-page","status-publish","hentry"],"_links":{"self":[{"href":"https:\/\/www.tierschutz-bremerhaven.eu\/da\/wp-json\/wp\/v2\/pages\/2617","targetHints":{"allow":["GET"]}}],"collection":[{"href":"https:\/\/www.tierschutz-bremerhaven.eu\/da\/wp-json\/wp\/v2\/pages"}],"about":[{"href":"https:\/\/www.tierschutz-bremerhaven.eu\/da\/wp-json\/wp\/v2\/types\/page"}],"author":[{"embeddable":true,"href":"https:\/\/www.tierschutz-bremerhaven.eu\/da\/wp-json\/wp\/v2\/users\/3"}],"replies":[{"embeddable":true,"href":"https:\/\/www.tierschutz-bremerhaven.eu\/da\/wp-json\/wp\/v2\/comments?post=2617"}],"version-history":[{"count":25,"href":"https:\/\/www.tierschutz-bremerhaven.eu\/da\/wp-json\/wp\/v2\/pages\/2617\/revisions"}],"predecessor-version":[{"id":4950,"href":"https:\/\/www.tierschutz-bremerhaven.eu\/da\/wp-json\/wp\/v2\/pages\/2617\/revisions\/4950"}],"wp:attachment":[{"href":"https:\/\/www.tierschutz-bremerhaven.eu\/da\/wp-json\/wp\/v2\/media?parent=2617"}],"curies":[{"name":"wp","href":"https:\/\/api.w.org\/{rel}","templated":true}]}}