{"id":2632,"date":"2021-06-22T12:03:23","date_gmt":"2021-06-22T12:03:23","guid":{"rendered":"https:\/\/tierschutz-bremerhaven.eu\/?page_id=2632"},"modified":"2021-09-23T18:45:56","modified_gmt":"2021-09-23T18:45:56","slug":"donation-til-begivenhed","status":"publish","type":"page","link":"https:\/\/www.tierschutz-bremerhaven.eu\/da\/eventspende","title":{"rendered":"Donation til begivenhed"},"content":{"rendered":"<div data-elementor-type=\"wp-page\" data-elementor-id=\"2632\" class=\"elementor elementor-2632\" data-elementor-post-type=\"page\">\n\t\t\t\t\t\t<section class=\"elementor-section elementor-top-section elementor-element elementor-element-3f2c348 elementor-section-boxed elementor-section-height-default elementor-section-height-default\" data-id=\"3f2c348\" data-element_type=\"section\" data-e-type=\"section\" data-settings=\"{&quot;background_background&quot;:&quot;classic&quot;}\">\n\t\t\t\t\t\t<div class=\"elementor-container elementor-column-gap-default\">\n\t\t\t\t\t<div class=\"elementor-column elementor-col-100 elementor-top-column elementor-element elementor-element-2cef154\" data-id=\"2cef154\" data-element_type=\"column\" data-e-type=\"column\">\n\t\t\t<div class=\"elementor-widget-wrap elementor-element-populated\">\n\t\t\t\t\t\t<div class=\"elementor-element elementor-element-02a7822 elementor-widget elementor-widget-heading\" data-id=\"02a7822\" data-element_type=\"widget\" data-e-type=\"widget\" data-widget_type=\"heading.default\">\n\t\t\t\t<div class=\"elementor-widget-container\">\n\t\t\t\t\t<h2 class=\"elementor-heading-title elementor-size-default\">Donation til begivenhed<\/h2>\t\t\t\t<\/div>\n\t\t\t\t<\/div>\n\t\t\t\t<div class=\"elementor-element elementor-element-7cc7aaa elementor-widget elementor-widget-text-editor\" data-id=\"7cc7aaa\" data-element_type=\"widget\" data-e-type=\"widget\" data-widget_type=\"text-editor.default\">\n\t\t\t\t<div class=\"elementor-widget-container\">\n\t\t\t\t\t\t\t\t\t<p>Har du lyst til at st\u00f8tte os ved at samle penge ind til dyrene p\u00e5 Bremerhavens dyreinternat ved et s\u00e6rligt arrangement?<br \/>Du kan f.eks. bede dine venner og familie om at donere i stedet for en f\u00f8dselsdagsgave. Eller arrangere en tombola for os til f.eks. en gadefest. M\u00e5ske har du lyst til at starte en indsamlingskampagne for os sammen med dine kolleger.<\/p><p>Hvis du har lyst til at st\u00f8tte os, kan du kontakte os p\u00e5 dyreinternatet p\u00e5 tlf. <a href=\"tel:047183257\">0471 - 8 32 57<\/a>. Uden for vores \u00e5bningstid kan du l\u00e6gge en besked p\u00e5 vores telefonsvarer. Du vil blive ringet op med det samme.<\/p>\t\t\t\t\t\t\t\t<\/div>\n\t\t\t\t<\/div>\n\t\t\t\t\t<\/div>\n\t\t<\/div>\n\t\t\t\t\t<\/div>\n\t\t<\/section>\n\t\t\t\t<\/div>","protected":false},"excerpt":{"rendered":"<p>Eventspende M\u00f6chten Sie uns unterst\u00fctzen, indem Sie anl\u00e4sslich eines besonderen Events f\u00fcr die Tiere im Bremerhavener Tierheim sammeln?Zum Beispiel k\u00f6nnen Sie Ihre Freunde und Familie bitten, anstelle eines Geburtstagsgeschenks zu spenden. Oder z. B. bei einem Stra\u00dfenfest eine Tombola f\u00fcr uns organisieren. Vielleicht m\u00f6chten Sie mit Kollegen eine Sammelaktion f\u00fcr uns starten. Wenn Sie uns [&hellip;]<\/p>\n","protected":false},"author":3,"featured_media":0,"parent":0,"menu_order":0,"comment_status":"closed","ping_status":"closed","template":"","meta":{"footnotes":""},"class_list":["post-2632","page","type-page","status-publish","hentry"],"_links":{"self":[{"href":"https:\/\/www.tierschutz-bremerhaven.eu\/da\/wp-json\/wp\/v2\/pages\/2632","targetHints":{"allow":["GET"]}}],"collection":[{"href":"https:\/\/www.tierschutz-bremerhaven.eu\/da\/wp-json\/wp\/v2\/pages"}],"about":[{"href":"https:\/\/www.tierschutz-bremerhaven.eu\/da\/wp-json\/wp\/v2\/types\/page"}],"author":[{"embeddable":true,"href":"https:\/\/www.tierschutz-bremerhaven.eu\/da\/wp-json\/wp\/v2\/users\/3"}],"replies":[{"embeddable":true,"href":"https:\/\/www.tierschutz-bremerhaven.eu\/da\/wp-json\/wp\/v2\/comments?post=2632"}],"version-history":[{"count":27,"href":"https:\/\/www.tierschutz-bremerhaven.eu\/da\/wp-json\/wp\/v2\/pages\/2632\/revisions"}],"predecessor-version":[{"id":4354,"href":"https:\/\/www.tierschutz-bremerhaven.eu\/da\/wp-json\/wp\/v2\/pages\/2632\/revisions\/4354"}],"wp:attachment":[{"href":"https:\/\/www.tierschutz-bremerhaven.eu\/da\/wp-json\/wp\/v2\/media?parent=2632"}],"curies":[{"name":"wp","href":"https:\/\/api.w.org\/{rel}","templated":true}]}}