{"id":2720,"date":"2021-07-09T10:24:16","date_gmt":"2021-07-09T10:24:16","guid":{"rendered":"https:\/\/tierschutz-bremerhaven.eu\/?page_id=2720"},"modified":"2023-09-27T08:01:46","modified_gmt":"2023-09-27T08:01:46","slug":"guider","status":"publish","type":"page","link":"https:\/\/www.tierschutz-bremerhaven.eu\/da\/fuehrungen","title":{"rendered":"Guidede ture"},"content":{"rendered":"<div data-elementor-type=\"wp-page\" data-elementor-id=\"2720\" class=\"elementor elementor-2720\" data-elementor-post-type=\"page\">\n\t\t\t\t\t\t<section class=\"elementor-section elementor-top-section elementor-element elementor-element-324f483d elementor-section-boxed elementor-section-height-default elementor-section-height-default\" data-id=\"324f483d\" data-element_type=\"section\" data-e-type=\"section\" data-settings=\"{&quot;background_background&quot;:&quot;classic&quot;}\">\n\t\t\t\t\t\t<div class=\"elementor-container elementor-column-gap-default\">\n\t\t\t\t\t<div class=\"elementor-column elementor-col-100 elementor-top-column elementor-element elementor-element-698cb7d5\" data-id=\"698cb7d5\" data-element_type=\"column\" data-e-type=\"column\">\n\t\t\t<div class=\"elementor-widget-wrap elementor-element-populated\">\n\t\t\t\t\t\t<div class=\"elementor-element elementor-element-50f88142 elementor-widget elementor-widget-heading\" data-id=\"50f88142\" data-element_type=\"widget\" data-e-type=\"widget\" data-widget_type=\"heading.default\">\n\t\t\t\t<div class=\"elementor-widget-container\">\n\t\t\t\t\t<h2 class=\"elementor-heading-title elementor-size-default\">Guidede ture<\/h2>\t\t\t\t<\/div>\n\t\t\t\t<\/div>\n\t\t\t\t<div class=\"elementor-element elementor-element-6d2c1d39 elementor-widget elementor-widget-text-editor\" data-id=\"6d2c1d39\" data-element_type=\"widget\" data-e-type=\"widget\" data-widget_type=\"text-editor.default\">\n\t\t\t\t<div class=\"elementor-widget-container\">\n\t\t\t\t\t\t\t\t\t<p>Vil du gerne l\u00e6re det nye dyreinternat og dets nuv\u00e6rende beboere at kende? Det er ikke noget problem. Kom med p\u00e5 en af vores guidede ture. Det er gratis - men vi er altid glade for at modtage en donation til dyreinternatet.<\/p>\n<p>Rundvisningen p\u00e5 vores dyreinternat varer ca. 45 minutter og ledsages af b\u00e5de aktive medlemmer af organisationen og vores dyrepassere. Under bes\u00f8get f\u00e5r deltagerne en velkomsttale for at finde ud af, hvilke opgaver dyreinternatet udf\u00f8rer, og hvordan plejen og behandlingen af omkring 600 dyr i n\u00f8d h\u00e5ndteres hvert \u00e5r. Dyrev\u00e6rnets omr\u00e5de bliver ogs\u00e5 udforsket under den f\u00e6lles tur.<\/p>\n<p>Har du lyst til at bes\u00f8ge dyreinternatet med en gruppe, skoleklasse, b\u00f8rne- eller ungdomsgruppe? Grupper er meget velkomne her.<\/p>\n<p><strong>Information om grupperejser:<\/strong><\/p>\n<ul>\n<li>Gruppe p\u00e5 maks. 10 personer<\/li>\n<li>Bes\u00f8g muligt i l\u00f8bet af ugen p\u00e5 \u00e5bne dage om formiddagen<\/li>\n<li>Mindst \u00e9n l\u00e6rer\/omsorgsperson til stede<\/li>\n<li>Minimumsalder for b\u00f8rn: 6 \u00e5r<\/li>\n<li>Evt. samtykkeerkl\u00e6ring fra deltagerne til offentligg\u00f8relse af fotos p\u00e5 foreningens hjemmeside og sociale medier.<\/li>\n<li>Tilmelding, hvis muligt, 2 m\u00e5neder f\u00f8r den \u00f8nskede dato<br><br><\/li>\n<\/ul>\n<p>Send din foresp\u00f8rgsel om rundvisninger p\u00e5 dyreinternater via e-mail til <a href=\"mailto:info@tierschutz-bremerhaven.de\"><u>info@tierschutz-bremerhaven.de<\/u><\/a><\/p>\n<p>Eller kontakt os p\u00e5 dyreinternatet p\u00e5 tlf: <a href=\"tel:047183257\">0471 - 8 32 57<\/a>. Uden for vores \u00e5bningstid kan du l\u00e6gge en besked p\u00e5 vores telefonsvarer. Du vil blive ringet op med det samme.<\/p>\n<p><br><\/p>\t\t\t\t\t\t\t\t<\/div>\n\t\t\t\t<\/div>\n\t\t\t\t\t<\/div>\n\t\t<\/div>\n\t\t\t\t\t<\/div>\n\t\t<\/section>\n\t\t\t\t<\/div>","protected":false},"excerpt":{"rendered":"<p>F\u00fchrungen Sie m\u00f6chten das neue Tierheim und seine aktuellen Bewohner gerne mal n\u00e4her kennenlernen? Kein Problem. Kommen Sie zu einer unserer Besucherf\u00fchrungen. Diese sind kostenfrei \u2013 \u00fcber eine Spende f\u00fcrs Tierheim freuen wir uns aber immer. Die F\u00fchrung in unserem Tierheim dauert ca. 45 Minuten und wird sowohl von aktiven Vereinsmitgliedern als auch von unseren [&hellip;]<\/p>\n","protected":false},"author":3,"featured_media":0,"parent":0,"menu_order":0,"comment_status":"closed","ping_status":"closed","template":"","meta":{"footnotes":""},"class_list":["post-2720","page","type-page","status-publish","hentry"],"_links":{"self":[{"href":"https:\/\/www.tierschutz-bremerhaven.eu\/da\/wp-json\/wp\/v2\/pages\/2720","targetHints":{"allow":["GET"]}}],"collection":[{"href":"https:\/\/www.tierschutz-bremerhaven.eu\/da\/wp-json\/wp\/v2\/pages"}],"about":[{"href":"https:\/\/www.tierschutz-bremerhaven.eu\/da\/wp-json\/wp\/v2\/types\/page"}],"author":[{"embeddable":true,"href":"https:\/\/www.tierschutz-bremerhaven.eu\/da\/wp-json\/wp\/v2\/users\/3"}],"replies":[{"embeddable":true,"href":"https:\/\/www.tierschutz-bremerhaven.eu\/da\/wp-json\/wp\/v2\/comments?post=2720"}],"version-history":[{"count":21,"href":"https:\/\/www.tierschutz-bremerhaven.eu\/da\/wp-json\/wp\/v2\/pages\/2720\/revisions"}],"predecessor-version":[{"id":9022,"href":"https:\/\/www.tierschutz-bremerhaven.eu\/da\/wp-json\/wp\/v2\/pages\/2720\/revisions\/9022"}],"wp:attachment":[{"href":"https:\/\/www.tierschutz-bremerhaven.eu\/da\/wp-json\/wp\/v2\/media?parent=2720"}],"curies":[{"name":"wp","href":"https:\/\/api.w.org\/{rel}","templated":true}]}}