{"id":3531,"date":"2021-08-31T11:58:06","date_gmt":"2021-08-31T11:58:06","guid":{"rendered":"https:\/\/tierschutz-bremerhaven.eu\/?page_id=3531"},"modified":"2025-03-19T08:49:39","modified_gmt":"2025-03-19T07:49:39","slug":"nodsituation","status":"publish","type":"page","link":"https:\/\/www.tierschutz-bremerhaven.eu\/da\/notfall","title":{"rendered":"N\u00f8dsituation"},"content":{"rendered":"<div data-elementor-type=\"wp-page\" data-elementor-id=\"3531\" class=\"elementor elementor-3531\" data-elementor-post-type=\"page\">\n\t\t\t\t\t\t<section class=\"elementor-section elementor-top-section elementor-element elementor-element-ac38b57 elementor-section-boxed elementor-section-height-default elementor-section-height-default\" data-id=\"ac38b57\" data-element_type=\"section\" data-e-type=\"section\" data-settings=\"{&quot;background_background&quot;:&quot;classic&quot;}\">\n\t\t\t\t\t\t<div class=\"elementor-container elementor-column-gap-default\">\n\t\t\t\t\t<div class=\"elementor-column elementor-col-100 elementor-top-column elementor-element elementor-element-1e6934d\" data-id=\"1e6934d\" data-element_type=\"column\" data-e-type=\"column\">\n\t\t\t<div class=\"elementor-widget-wrap elementor-element-populated\">\n\t\t\t\t\t\t<div class=\"elementor-element elementor-element-f5d1208 elementor-widget elementor-widget-heading\" data-id=\"f5d1208\" data-element_type=\"widget\" data-e-type=\"widget\" data-widget_type=\"heading.default\">\n\t\t\t\t<div class=\"elementor-widget-container\">\n\t\t\t\t\t<h2 class=\"elementor-heading-title elementor-size-default\">I en n\u00f8dsituation<\/h2>\t\t\t\t<\/div>\n\t\t\t\t<\/div>\n\t\t\t\t<div class=\"elementor-element elementor-element-f72cc43 elementor-widget elementor-widget-text-editor\" data-id=\"f72cc43\" data-element_type=\"widget\" data-e-type=\"widget\" data-widget_type=\"text-editor.default\">\n\t\t\t\t<div class=\"elementor-widget-container\">\n\t\t\t\t\t\t\t\t\t<p>Har du en medicinsk n\u00f8dsituation med dit k\u00e6ledyr?<\/p><p>Bevar roen, s\u00e5 du kan tr\u00e6ffe de rigtige foranstaltninger.<\/p><p>Nedenfor har vi listet nogle adresser og telefonnumre, hvor du hurtigt kan f\u00e5 hj\u00e6lp eller dyrl\u00e6ger\u00e5dgivning i en n\u00f8dsituation.<br \/>I mindre hastende tilf\u00e6lde vil din dyrl\u00e6ge eller n\u00e6rliggende dyreklinikker kunne hj\u00e6lpe dig inden for normal \u00e5bningstid.<\/p><p><strong>Veterin\u00e6r n\u00f8dtjeneste: <a href=\"tel:01726511248\">0172 - 6 51 12 48<\/a><\/strong><\/p><p><strong>Dyrl\u00e6geklinik Bremen: <a href=\"tel:042112211\">0421 - 1 22 11<\/a><br \/><\/strong><\/p><p><strong>Posthausen dyrl\u00e6geklinik: <a href=\"tel:042112211\">04297 - 16 89 90\u00a0 <\/a><\/strong><\/p><p><a href=\"https:\/\/kleintiernotdienst-cuxland-bremerhaven.de\/\"><strong>https:\/\/kleintiernotdienst-cuxland-bremerhaven.de\/<\/strong><\/a><\/p><p>Hvis du gerne vil aflevere et fundet dyr til os, bedes du ringe til os i vores \u00e5bningstid p\u00e5 tlf. <a href=\"tel:047183257\">0471 - 8 32 57<\/a>. Du kan l\u00e6gge en besked p\u00e5 vores telefonsvarer, s\u00e5 ringer vi tilbage senest n\u00e6ste dag.<\/p><p>I <strong>hastesager<\/strong> uden for vores \u00e5bningstid, bedes du kontakte <strong>Bremerhaven politi <\/strong>under<strong> Tlf. <a href=\"tel:04719531140\">0471 \u2013 9 53 11 40<\/a><\/strong>. De vil derefter kontakte vores n\u00f8dtjeneste, hvis det er n\u00f8dvendigt.<\/p>\t\t\t\t\t\t\t\t<\/div>\n\t\t\t\t<\/div>\n\t\t\t\t\t<\/div>\n\t\t<\/div>\n\t\t\t\t\t<\/div>\n\t\t<\/section>\n\t\t\t\t<\/div>","protected":false},"excerpt":{"rendered":"<p>Im Notfall Sie haben einen medizinischen Notfall mit Ihrem Tier? Bewahren Sie Ruhe, damit Sie die richtigen Ma\u00dfnahmen ergreifen k\u00f6nnen. Nachfolgend haben wir einige Adressen und Telefonnummern aufgelistet, unter denen Sie im Notfall schnell Hilfe oder einen tier\u00e4rztlichen Rat erhalten k\u00f6nnen.In nicht so dringenden F\u00e4llen, kann Ihnen zu den \u00fcblichen Gesch\u00e4ftszeiten auch sicher Ihr Tierarzt [&hellip;]<\/p>\n","protected":false},"author":3,"featured_media":0,"parent":0,"menu_order":0,"comment_status":"closed","ping_status":"closed","template":"","meta":{"footnotes":""},"class_list":["post-3531","page","type-page","status-publish","hentry"],"_links":{"self":[{"href":"https:\/\/www.tierschutz-bremerhaven.eu\/da\/wp-json\/wp\/v2\/pages\/3531","targetHints":{"allow":["GET"]}}],"collection":[{"href":"https:\/\/www.tierschutz-bremerhaven.eu\/da\/wp-json\/wp\/v2\/pages"}],"about":[{"href":"https:\/\/www.tierschutz-bremerhaven.eu\/da\/wp-json\/wp\/v2\/types\/page"}],"author":[{"embeddable":true,"href":"https:\/\/www.tierschutz-bremerhaven.eu\/da\/wp-json\/wp\/v2\/users\/3"}],"replies":[{"embeddable":true,"href":"https:\/\/www.tierschutz-bremerhaven.eu\/da\/wp-json\/wp\/v2\/comments?post=3531"}],"version-history":[{"count":37,"href":"https:\/\/www.tierschutz-bremerhaven.eu\/da\/wp-json\/wp\/v2\/pages\/3531\/revisions"}],"predecessor-version":[{"id":11449,"href":"https:\/\/www.tierschutz-bremerhaven.eu\/da\/wp-json\/wp\/v2\/pages\/3531\/revisions\/11449"}],"wp:attachment":[{"href":"https:\/\/www.tierschutz-bremerhaven.eu\/da\/wp-json\/wp\/v2\/media?parent=3531"}],"curies":[{"name":"wp","href":"https:\/\/api.w.org\/{rel}","templated":true}]}}