{"id":4998,"date":"2021-09-29T06:11:39","date_gmt":"2021-09-29T06:11:39","guid":{"rendered":"https:\/\/tierschutz-bremerhaven.eu\/?page_id=4998"},"modified":"2024-01-21T14:51:52","modified_gmt":"2024-01-21T14:51:52","slug":"onskeliste","status":"publish","type":"page","link":"https:\/\/www.tierschutz-bremerhaven.eu\/da\/wunschliste","title":{"rendered":"\u00d8nskeliste"},"content":{"rendered":"<div data-elementor-type=\"wp-page\" data-elementor-id=\"4998\" class=\"elementor elementor-4998\" data-elementor-post-type=\"page\">\n\t\t\t\t\t\t<section class=\"elementor-section elementor-top-section elementor-element elementor-element-446d8cd4 elementor-section-boxed elementor-section-height-default elementor-section-height-default\" data-id=\"446d8cd4\" data-element_type=\"section\" data-e-type=\"section\" data-settings=\"{&quot;background_background&quot;:&quot;classic&quot;}\">\n\t\t\t\t\t\t<div class=\"elementor-container elementor-column-gap-default\">\n\t\t\t\t\t<div class=\"elementor-column elementor-col-100 elementor-top-column elementor-element elementor-element-30bbcca8\" data-id=\"30bbcca8\" data-element_type=\"column\" data-e-type=\"column\">\n\t\t\t<div class=\"elementor-widget-wrap elementor-element-populated\">\n\t\t\t\t\t\t<div class=\"elementor-element elementor-element-2d2d60cb elementor-widget elementor-widget-heading\" data-id=\"2d2d60cb\" data-element_type=\"widget\" data-e-type=\"widget\" data-widget_type=\"heading.default\">\n\t\t\t\t<div class=\"elementor-widget-container\">\n\t\t\t\t\t<h2 class=\"elementor-heading-title elementor-size-default\">\u00d8nskeliste<\/h2>\t\t\t\t<\/div>\n\t\t\t\t<\/div>\n\t\t\t\t<div class=\"elementor-element elementor-element-3ee5370 elementor-widget elementor-widget-text-editor\" data-id=\"3ee5370\" data-element_type=\"widget\" data-e-type=\"widget\" data-widget_type=\"text-editor.default\">\n\t\t\t\t<div class=\"elementor-widget-container\">\n\t\t\t\t\t\t\t\t\t<p>Vi bliver ofte spurgt, hvad vi har akut brug for p\u00e5 dyreinternatet. Se, om du kan undv\u00e6re nogle brugbare ting fra vores \u00f8nskeliste og kontakt os p\u00e5 dyreinternatet p\u00e5 tlf. <a href=\"tel:047183257\">0471 - 8 32 57<\/a>. Uden for vores \u00e5bningstid kan du l\u00e6gge en besked p\u00e5 vores telefonsvarer. Du vil blive ringet op med det samme. Mange tak for hj\u00e6lpen!<\/p>\t\t\t\t\t\t\t\t<\/div>\n\t\t\t\t<\/div>\n\t\t\t\t\t<\/div>\n\t\t<\/div>\n\t\t\t\t\t<\/div>\n\t\t<\/section>\n\t\t\t\t<section class=\"elementor-section elementor-top-section elementor-element elementor-element-6d0ec5e elementor-section-boxed elementor-section-height-default elementor-section-height-default\" data-id=\"6d0ec5e\" data-element_type=\"section\" data-e-type=\"section\">\n\t\t\t\t\t\t<div class=\"elementor-container elementor-column-gap-default\">\n\t\t\t\t\t<div class=\"elementor-column elementor-col-100 elementor-top-column elementor-element elementor-element-a6447a2\" data-id=\"a6447a2\" data-element_type=\"column\" data-e-type=\"column\">\n\t\t\t<div class=\"elementor-widget-wrap elementor-element-populated\">\n\t\t\t\t\t\t<div class=\"elementor-element elementor-element-b0f3d37 elementor-widget elementor-widget-image\" data-id=\"b0f3d37\" data-element_type=\"widget\" data-e-type=\"widget\" data-widget_type=\"image.default\">\n\t\t\t\t<div class=\"elementor-widget-container\">\n\t\t\t\t\t\t\t\t\t\t\t\t<figure class=\"wp-caption\">\n\t\t\t\t\t\t\t\t\t\t<img fetchpriority=\"high\" decoding=\"async\" width=\"1229\" height=\"1742\" src=\"https:\/\/www.tierschutz-bremerhaven.eu\/wp-content\/uploads\/2024\/01\/Wunschliste-Dezember-20233-002.jpg\" class=\"attachment-full size-full wp-image-9579\" alt=\"\" srcset=\"https:\/\/www.tierschutz-bremerhaven.eu\/wp-content\/uploads\/2024\/01\/Wunschliste-Dezember-20233-002.jpg 1229w, https:\/\/www.tierschutz-bremerhaven.eu\/wp-content\/uploads\/2024\/01\/Wunschliste-Dezember-20233-002-212x300.jpg 212w, https:\/\/www.tierschutz-bremerhaven.eu\/wp-content\/uploads\/2024\/01\/Wunschliste-Dezember-20233-002-722x1024.jpg 722w, https:\/\/www.tierschutz-bremerhaven.eu\/wp-content\/uploads\/2024\/01\/Wunschliste-Dezember-20233-002-768x1089.jpg 768w, https:\/\/www.tierschutz-bremerhaven.eu\/wp-content\/uploads\/2024\/01\/Wunschliste-Dezember-20233-002-1084x1536.jpg 1084w\" sizes=\"(max-width: 1229px) 100vw, 1229px\" \/>\t\t\t\t\t\t\t\t\t\t\t<figcaption class=\"widget-image-caption wp-caption-text\">\u00d8nskeliste december 2023<\/figcaption>\n\t\t\t\t\t\t\t\t\t\t<\/figure>\n\t\t\t\t\t\t\t\t\t<\/div>\n\t\t\t\t<\/div>\n\t\t\t\t\t<\/div>\n\t\t<\/div>\n\t\t\t\t\t<\/div>\n\t\t<\/section>\n\t\t\t\t<\/div>","protected":false},"excerpt":{"rendered":"<p>Wunschliste H\u00e4ufig werden wir gefragt, was wir im Tierheim dringend ben\u00f6tigen. Sehen Sie doch nach, ob Sie verwendbare Dinge von unserer Wunschliste entbehren k\u00f6nnen und melden Sie sich bei uns im Tierheim unter Tel. 0471 \u2013 8 32 57. Au\u00dferhalb unserer \u00d6ffnungszeiten k\u00f6nnen Sie eine Nachricht auf unserem Anrufbeantworter hinterlassen. Sie werden umgehend zur\u00fcckgerufen. Herzlichen [&hellip;]<\/p>\n","protected":false},"author":3,"featured_media":0,"parent":0,"menu_order":0,"comment_status":"closed","ping_status":"closed","template":"","meta":{"footnotes":""},"class_list":["post-4998","page","type-page","status-publish","hentry"],"_links":{"self":[{"href":"https:\/\/www.tierschutz-bremerhaven.eu\/da\/wp-json\/wp\/v2\/pages\/4998","targetHints":{"allow":["GET"]}}],"collection":[{"href":"https:\/\/www.tierschutz-bremerhaven.eu\/da\/wp-json\/wp\/v2\/pages"}],"about":[{"href":"https:\/\/www.tierschutz-bremerhaven.eu\/da\/wp-json\/wp\/v2\/types\/page"}],"author":[{"embeddable":true,"href":"https:\/\/www.tierschutz-bremerhaven.eu\/da\/wp-json\/wp\/v2\/users\/3"}],"replies":[{"embeddable":true,"href":"https:\/\/www.tierschutz-bremerhaven.eu\/da\/wp-json\/wp\/v2\/comments?post=4998"}],"version-history":[{"count":49,"href":"https:\/\/www.tierschutz-bremerhaven.eu\/da\/wp-json\/wp\/v2\/pages\/4998\/revisions"}],"predecessor-version":[{"id":9583,"href":"https:\/\/www.tierschutz-bremerhaven.eu\/da\/wp-json\/wp\/v2\/pages\/4998\/revisions\/9583"}],"wp:attachment":[{"href":"https:\/\/www.tierschutz-bremerhaven.eu\/da\/wp-json\/wp\/v2\/media?parent=4998"}],"curies":[{"name":"wp","href":"https:\/\/api.w.org\/{rel}","templated":true}]}}