{"id":2050,"date":"2021-04-30T07:52:23","date_gmt":"2021-04-30T07:52:23","guid":{"rendered":"https:\/\/tierschutz-bremerhaven.eu\/?page_id=2050"},"modified":"2024-09-06T15:06:28","modified_gmt":"2024-09-06T14:06:28","slug":"impressum","status":"publish","type":"page","link":"https:\/\/www.tierschutz-bremerhaven.eu\/de\/impressum","title":{"rendered":"Impressum"},"content":{"rendered":"\n\n\n<p>Tierschutz Bremerhaven e.V.<br>Viel\u00e4nder Weg 137<\/p>\n\n\n\n<p>27574 Bremerhaven&nbsp;<\/p>\n\n\n\n<p>Telefon:&nbsp;<a href=\"tel:047183257\">0471 8 32 57<\/a><br>Telefax:&nbsp;0471 9 81 26 76<\/p>\n\n\n\n<p>E-Mail:&nbsp;<a href=\"mailto:info@tierschutz-bremerhaven.eu\">info@tierschutz-bremerhaven.eu<\/a><br>URL: <a href=\"http:\/\/www.tierschutz-bremerhaven.eu\">www.tierschutz-bremerhaven.eu<\/a><\/p>\n\n\n\n<p>IBAN: DE&nbsp;49 2925 0000 0002&nbsp;0075 50<br>BIC: BRLADE21BRS<\/p>\n\n\n\n<p>Registergericht: Amtsgericht Bremen<br>Registernummer: 564 BHV<\/p>\n\n\n\n<p>USt-ID gem. \u00a7 27a UStG: &nbsp;DE 114709126<\/p>\n\n\n\n<p>Vertretungsberechtigt und f\u00fcr den Inhalt der Publikationen sowie im Sinne des RStV, \u00a7 55 Abs. 2 verantwortlich ist:<\/p>\n\n\n\n<p>Inga Albers Vorsitzende<\/p>\n\n\n\n<p>Die Vorsitzende ist auch \u00fcber die o.g. Postanschrift erreichbar.<\/p>\n\n\n\n<p><strong>Haftung f\u00fcr Inhalte<\/strong><\/p>\n\n\n\n<p>Als Dienstanbieter sind wir gem\u00e4\u00df \u00a7 7 Abs.1 TMG f\u00fcr eigene Inhalte auf diesen Seiten nach den allgemeinen Gesetzen verantwortlich. Nach \u00a7\u00a7 8 bis 10 TMG sind wir als Dienstanbieter jedoch nicht verpflichtet, \u00fcbermittelte oder gespeicherte fremde Informationen zu \u00fcberwachen oder nach Umst\u00e4nden zu forschen, die auf eine rechtswidrige T\u00e4tigkeit hinweisen.<\/p>\n\n\n\n<p>Verpflichtungen zur Entfernung oder Sperrung der Nutzung von Informationen nach den allgemeinen Gesetzen bleiben hiervon unber\u00fchrt. Eine diesbez\u00fcgliche Haftung ist jedoch erst ab dem Zeitpunkt der Kenntnis einer konkreten Rechtsverletzung m\u00f6glich. Bei Bekanntwerden von entsprechenden Rechtsverletzungen werden wir diese Inhalte umgehend entfernen. <\/p>\n\n\n\n<p><strong>Haftung f\u00fcr Links<\/strong><\/p>\n\n\n\n<p>Unser Angebot enth\u00e4lt Links zu externen Websites Dritter, auf deren Inhalte wir keinen Einfluss haben. Deshalb k\u00f6nnen wir f\u00fcr diese fremden Inhalte auch keine Gew\u00e4hr \u00fcbernehmen. F\u00fcr die Inhalte der verlinkten Seiten ist stets der jeweilige Anbieter oder Betreiber der Seiten verantwortlich. Die verlinkten Seiten wurden zum Zeitpunkt der Verlinkung auf m\u00f6gliche Rechtsverst\u00f6\u00dfe \u00fcberpr\u00fcft. Rechtswidrige Inhalte waren zum Zeitpunkt der Verlinkung nicht erkennbar.<\/p>\n\n\n\n<p>Eine permanente inhaltliche Kontrolle der verlinkten Seiten ist jedoch ohne konkrete Anhaltspunkte einer Rechtsverletzung nicht zumutbar. Bei Bekanntwerden von Rechtsverletzungen werden wir derartige Links umgehend entfernen.<\/p>\n\n\n\n<p><strong>Urheberrecht<\/strong><\/p>\n\n\n\n<p>Die durch die Seitenbetreiber erstellten Inhalte und Werke auf diesen Seiten unterliegen dem deutschen Urheberrecht. Die Vervielf\u00e4ltigung, Bearbeitung, Verbreitung und jede Art der Verwertung au\u00dferhalb der Grenzen des Urheberrechtes bed\u00fcrfen der schriftlichen Zustimmung des jeweiligen Autors bzw. Erstellers. Downloads und Kopien dieser Seite sind nur f\u00fcr den privaten, nicht kommerziellen Gebrauch gestattet.<\/p>\n\n\n\n<p>Soweit die Inhalte auf dieser Seite nicht vom Betreiber erstellt wurden, werden die Urheberrechte Dritter beachtet. Insbesondere werden Inhalte Dritter als solche gekennzeichnet. Sollten Sie trotzdem auf eine Urheberrechtsverletzung aufmerksam werden, bitten wir um einen entsprechenden Hinweis. Bei Bekanntwerden von Rechtsverletzungen werden wir derartige Inhalte umgehend entfernen.<\/p>\n\n\n\n<p>Aus Gr\u00fcnden der besseren Lesbarkeit wird auf die gleichzeitige Verwendung der Sprachformen m\u00e4nnlich, weiblich und divers (m\/w\/d) verzichtet. S\u00e4mtliche Personenbezeichnungen gelten gleicherma\u00dfen f\u00fcr alle Geschlechter.<\/p>\n\n\n\n<p><strong>Design und Programmierung<\/strong><\/p>\n\n\n\n<p>GROTE MEDIA GmbH<br>Kantstra\u00dfe 4<br>27568 Bremerhaven<br>Telefon: <a href=\"tel:0471983370\">0471 98 33 7-0<\/a><br><a href=\"mailto:info@grote-media.de\">info@grote-media.de<\/a><br><a href=\"https:\/\/grote-media.de\/\" target=\"_blank\" rel=\"noreferrer noopener\">www.grote-media.de<\/a><\/p>\n","protected":false},"excerpt":{"rendered":"<p>Tierschutz Bremerhaven e.V.Viel\u00e4nder Weg 137 27574 Bremerhaven&nbsp; Telefon:&nbsp;0471 8 32 57Telefax:&nbsp;0471 9 81 26 76 E-Mail:&nbsp;info@tierschutz-bremerhaven.euURL: www.tierschutz-bremerhaven.eu IBAN: DE&nbsp;49 2925 0000 0002&nbsp;0075 50BIC: BRLADE21BRS Registergericht: Amtsgericht BremenRegisternummer: 564 BHV USt-ID gem. \u00a7 27a UStG: &nbsp;DE 114709126 Vertretungsberechtigt und f\u00fcr den Inhalt der Publikationen sowie im Sinne des RStV, \u00a7 55 Abs. 2 verantwortlich ist: Inga [&hellip;]<\/p>\n","protected":false},"author":3,"featured_media":0,"parent":0,"menu_order":0,"comment_status":"closed","ping_status":"closed","template":"","meta":{"footnotes":""},"class_list":["post-2050","page","type-page","status-publish","hentry"],"_links":{"self":[{"href":"https:\/\/www.tierschutz-bremerhaven.eu\/de\/wp-json\/wp\/v2\/pages\/2050","targetHints":{"allow":["GET"]}}],"collection":[{"href":"https:\/\/www.tierschutz-bremerhaven.eu\/de\/wp-json\/wp\/v2\/pages"}],"about":[{"href":"https:\/\/www.tierschutz-bremerhaven.eu\/de\/wp-json\/wp\/v2\/types\/page"}],"author":[{"embeddable":true,"href":"https:\/\/www.tierschutz-bremerhaven.eu\/de\/wp-json\/wp\/v2\/users\/3"}],"replies":[{"embeddable":true,"href":"https:\/\/www.tierschutz-bremerhaven.eu\/de\/wp-json\/wp\/v2\/comments?post=2050"}],"version-history":[{"count":10,"href":"https:\/\/www.tierschutz-bremerhaven.eu\/de\/wp-json\/wp\/v2\/pages\/2050\/revisions"}],"predecessor-version":[{"id":10683,"href":"https:\/\/www.tierschutz-bremerhaven.eu\/de\/wp-json\/wp\/v2\/pages\/2050\/revisions\/10683"}],"wp:attachment":[{"href":"https:\/\/www.tierschutz-bremerhaven.eu\/de\/wp-json\/wp\/v2\/media?parent=2050"}],"curies":[{"name":"wp","href":"https:\/\/api.w.org\/{rel}","templated":true}]}}