{"id":2334,"date":"2021-05-25T08:21:35","date_gmt":"2021-05-25T08:21:35","guid":{"rendered":"https:\/\/tierschutz-bremerhaven.eu\/?page_id=2334"},"modified":"2023-09-27T07:54:38","modified_gmt":"2023-09-27T07:54:38","slug":"jugend-schule","status":"publish","type":"page","link":"https:\/\/www.tierschutz-bremerhaven.eu\/de\/jugend-schule","title":{"rendered":"Jugend &#038; Schule"},"content":{"rendered":"\n\n\t\t<div data-elementor-type=\"wp-page\" data-elementor-id=\"2334\" class=\"elementor elementor-2334\" data-elementor-post-type=\"page\">\n\t\t\t\t\t\t<section class=\"elementor-section elementor-top-section elementor-element elementor-element-001ccb4 elementor-section-boxed elementor-section-height-default elementor-section-height-default\" data-id=\"001ccb4\" data-element_type=\"section\" data-e-type=\"section\" data-settings=\"{&quot;background_background&quot;:&quot;classic&quot;}\">\n\t\t\t\t\t\t<div class=\"elementor-container elementor-column-gap-default\">\n\t\t\t\t\t<div class=\"elementor-column elementor-col-100 elementor-top-column elementor-element elementor-element-6b70233\" data-id=\"6b70233\" data-element_type=\"column\" data-e-type=\"column\">\n\t\t\t<div class=\"elementor-widget-wrap elementor-element-populated\">\n\t\t\t\t\t\t<div class=\"elementor-element elementor-element-4862873 elementor-widget elementor-widget-heading\" data-id=\"4862873\" data-element_type=\"widget\" data-e-type=\"widget\" data-widget_type=\"heading.default\">\n\t\t\t\t<div class=\"elementor-widget-container\">\n\t\t\t\t\t<h3 class=\"elementor-heading-title elementor-size-default\">Zukunftstag \/ Praktikum \/ AG<\/h3>\t\t\t\t<\/div>\n\t\t\t\t<\/div>\n\t\t\t\t<div class=\"elementor-element elementor-element-6c06c67 elementor-widget elementor-widget-text-editor\" data-id=\"6c06c67\" data-element_type=\"widget\" data-e-type=\"widget\" data-widget_type=\"text-editor.default\">\n\t\t\t\t<div class=\"elementor-widget-container\">\n\t\t\t\t\t\t\t\t\t<p>\u00dcber Eure Begeisterung f\u00fcr unser Tierheim und Euer Interesse, <b>Euren<\/b> <strong>Zukunftstag \/ Euer Praktikum \/ Euere AG\u00a0<\/strong>bei uns zu verbringen, freuen wir uns sehr. Bereits seit mehreren Jahren nutzen Kinder diese M\u00f6glichkeit, um in den Beruf des Tierpflegers reinzuschnuppern. Es warten interessante Projekt auf Dich. Du k\u00f6nntest z. B. unsere Vierbeiner mit einer Gassigeh-Runde verw\u00f6hnen, Tierfutter anbauen und an unsere Nager verf\u00fcttern, eine Spendenaktion organisieren, Tierspielzeug basteln, den Tierheimalltag kennenlernen u.v.m.<\/p><p>Folgende Schulen bieten Ihren Sch\u00fclern derzeit ein Ganztagsangebote an: Schulzentrum Carl von Ossietzky CVO, Kreisgymnasium Weserm\u00fcnde, Paula-Modersohn-Schule, Schule am Leher Markt.<\/p><p><b>Den<\/b><strong>\u00a0<\/strong><strong>Zukunftstag \/ das Praktikum \/ die AG\u00a0<\/strong>im<strong>\u00a0<\/strong><strong>Tierheim<\/strong> zu verbringen, ist der Wunsch sehr vieler Sch\u00fclerinnen und Sch\u00fcler. Deshalb ist es sehr wichtig, dass Ihr Euch rechtzeitig bei uns anmeldet, da die Pl\u00e4tze begrenzt sind.<\/p><p><strong>Folgendes musst Du mitbringen:<\/strong><\/p><ul><li>Die Unterlagen Deiner Schule<\/li><li>Dein Impfpass\/Impfschutz<\/li><li>Unempfindliche Kleidung<\/li><li>Tierliebe<\/li><li>Gute Laune<\/li><\/ul><p>Bitte melde Dich bei uns im Tierheim unter Tel.: <a href=\"tel:047183257\">0471 \u2013 8 32 57<\/a>. Au\u00dferhalb unserer \u00d6ffnungszeiten kannst Du eine Nachricht auf unserem Anrufbeantworter hinterlassen. Du wirst umgehend zur\u00fcckgerufen.<\/p><p>Tierheimbesuche sind nur mit vorheriger Terminvereinbarung m\u00f6glich.<\/p><p>Wir danken Dir f\u00fcr Dein Verst\u00e4ndnis und freuen uns auf Deinen Besuch!<\/p>\t\t\t\t\t\t\t\t<\/div>\n\t\t\t\t<\/div>\n\t\t\t\t<div class=\"elementor-element elementor-element-82516fd elementor-widget elementor-widget-heading\" data-id=\"82516fd\" data-element_type=\"widget\" data-e-type=\"widget\" data-widget_type=\"heading.default\">\n\t\t\t\t<div class=\"elementor-widget-container\">\n\t\t\t\t\t<h2 class=\"elementor-heading-title elementor-size-default\">F\u00fchrungen f\u00fcr Schulklassen und Jugendgruppen<\/h2>\t\t\t\t<\/div>\n\t\t\t\t<\/div>\n\t\t\t\t<div class=\"elementor-element elementor-element-5633557 elementor-widget elementor-widget-text-editor\" data-id=\"5633557\" data-element_type=\"widget\" data-e-type=\"widget\" data-widget_type=\"text-editor.default\">\n\t\t\t\t<div class=\"elementor-widget-container\">\n\t\t\t\t\t\t\t\t\t<p>Sie m\u00f6chten das neue Tierheim und seine aktuellen Bewohner gerne mal n\u00e4her kennenlernen? Kein Problem. Kommen Sie zu einer unserer Besucherf\u00fchrungen. Diese sind kostenfrei \u2013 \u00fcber eine Spende f\u00fcrs Tierheim freuen wir uns aber immer.<\/p>\n<p>Die F\u00fchrung in unserem Tierheim dauert ca. 45 Minuten und wird sowohl von aktiven Vereinsmitgliedern als auch von unseren Tierpflegern begleitet. W\u00e4hrend ihres Besuches erfahren die Teilnehmer bei der Begr\u00fc\u00dfungsrunde, welche Aufgaben das Tierheim erf\u00fcllt und wie die Betreuung und Versorgung von j\u00e4hrlich ca. 600 in Not geratenen Tiere bew\u00e4ltigt wird. Beim gemeinsamen Rundgang wird auch das Tierheimgel\u00e4nde erkundet.<\/p>\n<p>M\u00f6chten Sie mit Ihrer Schulklasse \/ einer Kinder- oder Jugendgruppe das Tierheim kennenlernen? Auch Gruppen sind bei uns herzlich willkommen.<\/p>\n<p><strong>Informationen zu den Gruppenf\u00fchrungen:<\/strong><\/p>\n<ul>\n<li>Gruppe von max. 10 Personen<\/li>\n<li>Besuch unter der Woche an ge\u00f6ffneten Tagen m\u00f6glich<\/li>\n<li>Mindestens ein Lehrer \/ Betreuer dabei<\/li>\n<li>Mindestalter der Kinder: 6 Jahre<\/li>\n<li>ggf. Einverst\u00e4ndniserkl\u00e4rung der Teilnehmer f\u00fcr Foto- und Videoaufnahmen, die auf der Internetseite und in den Sozialen Medien des Vereins ver\u00f6ffentlicht werden<\/li>\n<li>Anmeldung, wenn m\u00f6glich, 3 Wochen vor dem gew\u00fcnschten Termin\n<p><\/p><\/li>\n<\/ul>\n<p>Ihre Anfrage zu Tierheimf\u00fchrungen richten Sie bitte per E-Mail an <a href=\"mailto:info@tierschutz-bremerhaven.de\"><u>info@tierschutz-bremerhaven.de<\/u><\/a><\/p>\n<p>Oder melden Sie sich bei uns im Tierheim unter Tel.: <a href=\"tel:047183257\">0471 \u2013 8 32 57<\/a>. Au\u00dferhalb unserer \u00d6ffnungszeiten k\u00f6nnen Sie eine Nachricht auf unserem Anrufbeantworter hinterlassen. Sie werden umgehend zur\u00fcckgerufen.<\/p>\n<p><br><\/p>\t\t\t\t\t\t\t\t<\/div>\n\t\t\t\t<\/div>\n\t\t\t\t\t<\/div>\n\t\t<\/div>\n\t\t\t\t\t<\/div>\n\t\t<\/section>\n\t\t\t\t<\/div>\n\t\t","protected":false},"excerpt":{"rendered":"<p>Zukunftstag \/ Praktikum \/ AG \u00dcber Eure Begeisterung f\u00fcr unser Tierheim und Euer Interesse, Euren Zukunftstag \/ Euer Praktikum \/ Euere AG\u00a0bei uns zu verbringen, freuen wir uns sehr. Bereits seit mehreren Jahren nutzen Kinder diese M\u00f6glichkeit, um in den Beruf des Tierpflegers reinzuschnuppern. Es warten interessante Projekt auf Dich. Du k\u00f6nntest z. B. unsere [&hellip;]<\/p>\n","protected":false},"author":3,"featured_media":0,"parent":0,"menu_order":0,"comment_status":"closed","ping_status":"closed","template":"","meta":{"footnotes":""},"class_list":["post-2334","page","type-page","status-publish","hentry"],"_links":{"self":[{"href":"https:\/\/www.tierschutz-bremerhaven.eu\/de\/wp-json\/wp\/v2\/pages\/2334","targetHints":{"allow":["GET"]}}],"collection":[{"href":"https:\/\/www.tierschutz-bremerhaven.eu\/de\/wp-json\/wp\/v2\/pages"}],"about":[{"href":"https:\/\/www.tierschutz-bremerhaven.eu\/de\/wp-json\/wp\/v2\/types\/page"}],"author":[{"embeddable":true,"href":"https:\/\/www.tierschutz-bremerhaven.eu\/de\/wp-json\/wp\/v2\/users\/3"}],"replies":[{"embeddable":true,"href":"https:\/\/www.tierschutz-bremerhaven.eu\/de\/wp-json\/wp\/v2\/comments?post=2334"}],"version-history":[{"count":94,"href":"https:\/\/www.tierschutz-bremerhaven.eu\/de\/wp-json\/wp\/v2\/pages\/2334\/revisions"}],"predecessor-version":[{"id":9019,"href":"https:\/\/www.tierschutz-bremerhaven.eu\/de\/wp-json\/wp\/v2\/pages\/2334\/revisions\/9019"}],"wp:attachment":[{"href":"https:\/\/www.tierschutz-bremerhaven.eu\/de\/wp-json\/wp\/v2\/media?parent=2334"}],"curies":[{"name":"wp","href":"https:\/\/api.w.org\/{rel}","templated":true}]}}