{"id":2627,"date":"2021-06-22T12:00:10","date_gmt":"2021-06-22T12:00:10","guid":{"rendered":"https:\/\/tierschutz-bremerhaven.eu\/?page_id=2627"},"modified":"2021-11-01T12:35:51","modified_gmt":"2021-11-01T12:35:51","slug":"patenschaft","status":"publish","type":"page","link":"https:\/\/www.tierschutz-bremerhaven.eu\/de\/patenschaft","title":{"rendered":"Patenschaft"},"content":{"rendered":"\n\n\t\t<div data-elementor-type=\"wp-page\" data-elementor-id=\"2627\" class=\"elementor elementor-2627\" data-elementor-post-type=\"page\">\n\t\t\t\t\t\t<section class=\"elementor-section elementor-top-section elementor-element elementor-element-3f2c348 elementor-section-boxed elementor-section-height-default elementor-section-height-default\" data-id=\"3f2c348\" data-element_type=\"section\" data-e-type=\"section\" data-settings=\"{&quot;background_background&quot;:&quot;classic&quot;}\">\n\t\t\t\t\t\t<div class=\"elementor-container elementor-column-gap-default\">\n\t\t\t\t\t<div class=\"elementor-column elementor-col-100 elementor-top-column elementor-element elementor-element-2cef154\" data-id=\"2cef154\" data-element_type=\"column\" data-e-type=\"column\">\n\t\t\t<div class=\"elementor-widget-wrap elementor-element-populated\">\n\t\t\t\t\t\t<div class=\"elementor-element elementor-element-02a7822 elementor-widget elementor-widget-heading\" data-id=\"02a7822\" data-element_type=\"widget\" data-e-type=\"widget\" data-widget_type=\"heading.default\">\n\t\t\t\t<div class=\"elementor-widget-container\">\n\t\t\t\t\t<h2 class=\"elementor-heading-title elementor-size-default\">Patenschaft<\/h2>\t\t\t\t<\/div>\n\t\t\t\t<\/div>\n\t\t\t\t<div class=\"elementor-element elementor-element-7cc7aaa elementor-widget elementor-widget-text-editor\" data-id=\"7cc7aaa\" data-element_type=\"widget\" data-e-type=\"widget\" data-widget_type=\"text-editor.default\">\n\t\t\t\t<div class=\"elementor-widget-container\">\n\t\t\t\t\t\t\t\t\t<p>Unterst\u00fctzen Sie das Tierheim Bremerhaven und seine Tiere mit einer Patenschaft. Bereits ab 10 Euro im Monat k\u00f6nnen Sie sehr viel f\u00fcr unsere Tiere tun und helfen uns, unsere Tierheimbewohner zu versorgen \u2013 mit Futter, Medizin und Liebe.<\/p>\n<p>M\u00f6chten Sie jemanden mit einer Tierpatenschaft beschenken? Diese Person, die Sie beschenken m\u00f6chten, hat ein Lieblingstier? Verschenken Sie eine Tierpatenschaft und helfen Sie uns bei der Versorgung des Tieres.<\/p>\n<p><strong>Die monatlichen Beitr\u00e4ge f\u00fcr eine Tierpatenschaft f\u00fcr eine bestimmte Tiergruppe betragen:<\/strong><\/p>\n<ul>\n<li>10 Euro f\u00fcr Kleintiere<\/li>\n<li>20 Euro f\u00fcr Katzen<\/li>\n<li>25 Euro f\u00fcr Hunde, Schweine, Ziegen, Schafen<\/li>\n<li>30 Euro f\u00fcr Pferde<\/li>\n<\/ul>\n<p><br><\/p><p>Wenn Sie m\u00f6chten, k\u00f6nnen Sie selbstverst\u00e4ndlich auch gerne mehr geben. Herzlichen Dank!<\/p>\n<p>Bei Interesse melden Sie sich bitte bei uns im Tierheim unter Tel. <a href=\"tel:047183257\">0471 &#8211; 8 32 57<\/a>. Au\u00dferhalb unserer \u00d6ffnungszeiten k\u00f6nnen Sie eine Nachricht auf unserem Anrufbeantworter hinterlassen. Sie werden umgehend zur\u00fcckgerufen.<\/p>\t\t\t\t\t\t\t\t<\/div>\n\t\t\t\t<\/div>\n\t\t\t\t\t<\/div>\n\t\t<\/div>\n\t\t\t\t\t<\/div>\n\t\t<\/section>\n\t\t\t\t<\/div>\n\t\t","protected":false},"excerpt":{"rendered":"<p>Patenschaft Unterst\u00fctzen Sie das Tierheim Bremerhaven und seine Tiere mit einer Patenschaft. Bereits ab 10 Euro im Monat k\u00f6nnen Sie sehr viel f\u00fcr unsere Tiere tun und helfen uns, unsere Tierheimbewohner zu versorgen \u2013 mit Futter, Medizin und Liebe. M\u00f6chten Sie jemanden mit einer Tierpatenschaft beschenken? Diese Person, die Sie beschenken m\u00f6chten, hat ein Lieblingstier? [&hellip;]<\/p>\n","protected":false},"author":3,"featured_media":0,"parent":0,"menu_order":0,"comment_status":"closed","ping_status":"closed","template":"","meta":{"footnotes":""},"class_list":["post-2627","page","type-page","status-publish","hentry"],"_links":{"self":[{"href":"https:\/\/www.tierschutz-bremerhaven.eu\/de\/wp-json\/wp\/v2\/pages\/2627","targetHints":{"allow":["GET"]}}],"collection":[{"href":"https:\/\/www.tierschutz-bremerhaven.eu\/de\/wp-json\/wp\/v2\/pages"}],"about":[{"href":"https:\/\/www.tierschutz-bremerhaven.eu\/de\/wp-json\/wp\/v2\/types\/page"}],"author":[{"embeddable":true,"href":"https:\/\/www.tierschutz-bremerhaven.eu\/de\/wp-json\/wp\/v2\/users\/3"}],"replies":[{"embeddable":true,"href":"https:\/\/www.tierschutz-bremerhaven.eu\/de\/wp-json\/wp\/v2\/comments?post=2627"}],"version-history":[{"count":28,"href":"https:\/\/www.tierschutz-bremerhaven.eu\/de\/wp-json\/wp\/v2\/pages\/2627\/revisions"}],"predecessor-version":[{"id":5545,"href":"https:\/\/www.tierschutz-bremerhaven.eu\/de\/wp-json\/wp\/v2\/pages\/2627\/revisions\/5545"}],"wp:attachment":[{"href":"https:\/\/www.tierschutz-bremerhaven.eu\/de\/wp-json\/wp\/v2\/media?parent=2627"}],"curies":[{"name":"wp","href":"https:\/\/api.w.org\/{rel}","templated":true}]}}