{"id":2640,"date":"2021-06-22T12:05:59","date_gmt":"2021-06-22T12:05:59","guid":{"rendered":"https:\/\/tierschutz-bremerhaven.eu\/?page_id=2640"},"modified":"2023-07-19T06:25:55","modified_gmt":"2023-07-19T06:25:55","slug":"sachspende","status":"publish","type":"page","link":"https:\/\/www.tierschutz-bremerhaven.eu\/de\/sachspende","title":{"rendered":"Sachspende"},"content":{"rendered":"\n\n\t\t<div data-elementor-type=\"wp-page\" data-elementor-id=\"2640\" class=\"elementor elementor-2640\" data-elementor-post-type=\"page\">\n\t\t\t\t\t\t<section class=\"elementor-section elementor-top-section elementor-element elementor-element-3f2c348 elementor-section-boxed elementor-section-height-default elementor-section-height-default\" data-id=\"3f2c348\" data-element_type=\"section\" data-e-type=\"section\" data-settings=\"{&quot;background_background&quot;:&quot;classic&quot;}\">\n\t\t\t\t\t\t<div class=\"elementor-container elementor-column-gap-default\">\n\t\t\t\t\t<div class=\"elementor-column elementor-col-100 elementor-top-column elementor-element elementor-element-2cef154\" data-id=\"2cef154\" data-element_type=\"column\" data-e-type=\"column\">\n\t\t\t<div class=\"elementor-widget-wrap elementor-element-populated\">\n\t\t\t\t\t\t<div class=\"elementor-element elementor-element-02a7822 elementor-widget elementor-widget-heading\" data-id=\"02a7822\" data-element_type=\"widget\" data-e-type=\"widget\" data-widget_type=\"heading.default\">\n\t\t\t\t<div class=\"elementor-widget-container\">\n\t\t\t\t\t<h2 class=\"elementor-heading-title elementor-size-default\">Sachspende<\/h2>\t\t\t\t<\/div>\n\t\t\t\t<\/div>\n\t\t\t\t<div class=\"elementor-element elementor-element-7cc7aaa elementor-widget elementor-widget-text-editor\" data-id=\"7cc7aaa\" data-element_type=\"widget\" data-e-type=\"widget\" data-widget_type=\"text-editor.default\">\n\t\t\t\t<div class=\"elementor-widget-container\">\n\t\t\t\t\t\t\t\t\t<p>Das Tierheim Bremerhaven freut sich \u00fcber <b>jede<\/b> Zuwendung! Wir finanzieren uns fast ausschlie\u00dflich durch Spenden und freuen uns sehr \u00fcber Ihre Unterst\u00fctzung.<\/p>\n<p>Ob Kauknochen, Katzenbettchen, oder Kaninchenh\u00f6hle \u2013 helfen Sie mit, unsere Tierheimsch\u00fctzlinge gut zu versorgen und ihnen vielleicht auch einmal einen besonderen Wunsch zu erf\u00fcllen.<br>Wir freuen uns \u00fcber Tierfutter, Tierzubeh\u00f6r, Handt\u00fccher und Decken. Herk\u00f6mmliche Flohmarktartikel nehmen wir aus Platzgr\u00fcnden nicht an. Welche Dinge im Tierheim Bremerhaven aktuell besonders gebraucht werden, haben wir f\u00fcr Sie in unserer \u201eWunschliste\u201c zusammengefasst.<\/p>\n<p>Am Haupteingang des Tierheims befindet sich ein rotes Spendenh\u00e4uschen. Hier k\u00f6nnen Sie zu jeder Zeit Ihre Spende ablegen. Selbstverst\u00e4ndlich wird unser Spendenh\u00e4uschen t\u00e4glich geleert. Bitte \u00fcbergeben Sie uns nur Sachspenden, die wir auch wirklich verwenden k\u00f6nnen. Defekte oder auch stark verschmutzte Dinge k\u00f6nnen wir aus hygienischen Gr\u00fcnden ebenso wenig verwenden, wie bereits ge\u00f6ffnetes Futter. Danke f\u00fcr Ihr Verst\u00e4ndnis.<\/p>\n<p>Bei Sachspenden kann eine Spendenbest\u00e4tigung nur ausgestellt werden, wenn die Artikel neu sind und der Original-Einkaufsbeleg mit Einkaufspreis vorliegt. Wenn Sie eine Sachspendenbescheinigung w\u00fcnschen, wenden Sie sich bitte an unsere MitarbeiterInnen in der Anmeldung, oder hinterlassen Sie einen Hinweis in unserem Briefkasten.<\/p>\n<p><strong>Herzlichen Dank f\u00fcr Ihre Hilfe!<br><\/strong><br>Bei R\u00fcckfragen melden Sie sich bitte bei uns im Tierheim unter Tel. <a href=\"tel:047183257\">0471 &#8211; 8 32 57<\/a>. Au\u00dferhalb unserer \u00d6ffnungszeiten k\u00f6nnen Sie eine Nachricht auf unserem Anrufbeantworter hinterlassen. Sie werden umgehend zur\u00fcckgerufen.<\/p>\t\t\t\t\t\t\t\t<\/div>\n\t\t\t\t<\/div>\n\t\t\t\t<div class=\"elementor-element elementor-element-6e99d73 elementor-widget elementor-widget-heading\" data-id=\"6e99d73\" data-element_type=\"widget\" data-e-type=\"widget\" data-widget_type=\"heading.default\">\n\t\t\t\t<div class=\"elementor-widget-container\">\n\t\t\t\t\t<h2 class=\"elementor-heading-title elementor-size-default\">Sachspende \u00fcber amazon<\/h2>\t\t\t\t<\/div>\n\t\t\t\t<\/div>\n\t\t\t\t<section class=\"elementor-section elementor-inner-section elementor-element elementor-element-152abfe elementor-section-content-middle elementor-section-boxed elementor-section-height-default elementor-section-height-default\" data-id=\"152abfe\" data-element_type=\"section\" data-e-type=\"section\">\n\t\t\t\t\t\t<div class=\"elementor-container elementor-column-gap-no\">\n\t\t\t\t\t<div class=\"elementor-column elementor-col-50 elementor-inner-column elementor-element elementor-element-1f0028b\" data-id=\"1f0028b\" data-element_type=\"column\" data-e-type=\"column\">\n\t\t\t<div class=\"elementor-widget-wrap elementor-element-populated\">\n\t\t\t\t\t\t<div class=\"elementor-element elementor-element-dc062c4 elementor-widget elementor-widget-image\" data-id=\"dc062c4\" data-element_type=\"widget\" data-e-type=\"widget\" data-widget_type=\"image.default\">\n\t\t\t\t<div class=\"elementor-widget-container\">\n\t\t\t\t\t\t\t\t\t\t\t\t\t\t\t\t<a href=\"https:\/\/www.amazon.de\/hz\/wishlist\/ls\/38YS7AHGU91G8?fbclid=IwAR3JGQdBqoeOUbr9tfflwvKsH-ubZR5uq1GhugoVebp6QwmJX8yYQtu2sdM\" target=\"_blank\">\n\t\t\t\t\t\t\t<img decoding=\"async\" width=\"150\" height=\"78\" src=\"https:\/\/www.tierschutz-bremerhaven.eu\/wp-content\/uploads\/2021\/09\/amazon_button.jpg\" class=\"attachment-large size-large wp-image-3954\" alt=\"\" \/>\t\t\t\t\t\t\t\t<\/a>\n\t\t\t\t\t\t\t\t\t\t\t\t\t\t\t<\/div>\n\t\t\t\t<\/div>\n\t\t\t\t\t<\/div>\n\t\t<\/div>\n\t\t\t\t<div class=\"elementor-column elementor-col-50 elementor-inner-column elementor-element elementor-element-167e860\" data-id=\"167e860\" data-element_type=\"column\" data-e-type=\"column\">\n\t\t\t<div class=\"elementor-widget-wrap elementor-element-populated\">\n\t\t\t\t\t\t<div class=\"elementor-element elementor-element-556736e elementor-widget elementor-widget-text-editor\" data-id=\"556736e\" data-element_type=\"widget\" data-e-type=\"widget\" data-widget_type=\"text-editor.default\">\n\t\t\t\t<div class=\"elementor-widget-container\">\n\t\t\t\t\t\t\t\t\t<p>Bitte auf den Button klicken!<\/p>\t\t\t\t\t\t\t\t<\/div>\n\t\t\t\t<\/div>\n\t\t\t\t\t<\/div>\n\t\t<\/div>\n\t\t\t\t\t<\/div>\n\t\t<\/section>\n\t\t\t\t<div class=\"elementor-element elementor-element-417f8fd elementor-widget elementor-widget-heading\" data-id=\"417f8fd\" data-element_type=\"widget\" data-e-type=\"widget\" data-widget_type=\"heading.default\">\n\t\t\t\t<div class=\"elementor-widget-container\">\n\t\t\t\t\t<h2 class=\"elementor-heading-title elementor-size-default\">Sachspende \u00fcber zookauf Bremen-Aumund<\/h2>\t\t\t\t<\/div>\n\t\t\t\t<\/div>\n\t\t\t\t<section class=\"elementor-section elementor-inner-section elementor-element elementor-element-f91e462 elementor-section-content-middle elementor-section-boxed elementor-section-height-default elementor-section-height-default\" data-id=\"f91e462\" data-element_type=\"section\" data-e-type=\"section\">\n\t\t\t\t\t\t<div class=\"elementor-container elementor-column-gap-no\">\n\t\t\t\t\t<div class=\"elementor-column elementor-col-50 elementor-inner-column elementor-element elementor-element-0627216\" data-id=\"0627216\" data-element_type=\"column\" data-e-type=\"column\">\n\t\t\t<div class=\"elementor-widget-wrap elementor-element-populated\">\n\t\t\t\t\t\t<div class=\"elementor-element elementor-element-fd8e0cc elementor-widget elementor-widget-image\" data-id=\"fd8e0cc\" data-element_type=\"widget\" data-e-type=\"widget\" data-widget_type=\"image.default\">\n\t\t\t\t<div class=\"elementor-widget-container\">\n\t\t\t\t\t\t\t\t\t\t\t\t\t\t\t\t<a href=\"https:\/\/www.zookauf-aumund.de\/publicwish\/JcwblERvHYw5O42d?utm_source=wishlist&#038;utm_medium=referral&#038;utm_campaign=JcwblERvHYw5O42d\" target=\"_blank\">\n\t\t\t\t\t\t\t<img decoding=\"async\" width=\"150\" height=\"78\" src=\"https:\/\/www.tierschutz-bremerhaven.eu\/wp-content\/uploads\/2023\/07\/zookauf_logo-web.png\" class=\"attachment-large size-large wp-image-8707\" alt=\"\" \/>\t\t\t\t\t\t\t\t<\/a>\n\t\t\t\t\t\t\t\t\t\t\t\t\t\t\t<\/div>\n\t\t\t\t<\/div>\n\t\t\t\t\t<\/div>\n\t\t<\/div>\n\t\t\t\t<div class=\"elementor-column elementor-col-50 elementor-inner-column elementor-element elementor-element-45ef8b9\" data-id=\"45ef8b9\" data-element_type=\"column\" data-e-type=\"column\">\n\t\t\t<div class=\"elementor-widget-wrap elementor-element-populated\">\n\t\t\t\t\t\t<div class=\"elementor-element elementor-element-e32fbd4 elementor-widget elementor-widget-text-editor\" data-id=\"e32fbd4\" data-element_type=\"widget\" data-e-type=\"widget\" data-widget_type=\"text-editor.default\">\n\t\t\t\t<div class=\"elementor-widget-container\">\n\t\t\t\t\t\t\t\t\t<p>Bitte auf den Button klicken!<\/p>\t\t\t\t\t\t\t\t<\/div>\n\t\t\t\t<\/div>\n\t\t\t\t\t<\/div>\n\t\t<\/div>\n\t\t\t\t\t<\/div>\n\t\t<\/section>\n\t\t\t\t\t<\/div>\n\t\t<\/div>\n\t\t\t\t\t<\/div>\n\t\t<\/section>\n\t\t\t\t<\/div>\n\t\t","protected":false},"excerpt":{"rendered":"<p>Sachspende Das Tierheim Bremerhaven freut sich \u00fcber jede Zuwendung! Wir finanzieren uns fast ausschlie\u00dflich durch Spenden und freuen uns sehr \u00fcber Ihre Unterst\u00fctzung. Ob Kauknochen, Katzenbettchen, oder Kaninchenh\u00f6hle \u2013 helfen Sie mit, unsere Tierheimsch\u00fctzlinge gut zu versorgen und ihnen vielleicht auch einmal einen besonderen Wunsch zu erf\u00fcllen.Wir freuen uns \u00fcber Tierfutter, Tierzubeh\u00f6r, Handt\u00fccher und Decken. [&hellip;]<\/p>\n","protected":false},"author":3,"featured_media":0,"parent":0,"menu_order":0,"comment_status":"closed","ping_status":"closed","template":"","meta":{"footnotes":""},"class_list":["post-2640","page","type-page","status-publish","hentry"],"_links":{"self":[{"href":"https:\/\/www.tierschutz-bremerhaven.eu\/de\/wp-json\/wp\/v2\/pages\/2640","targetHints":{"allow":["GET"]}}],"collection":[{"href":"https:\/\/www.tierschutz-bremerhaven.eu\/de\/wp-json\/wp\/v2\/pages"}],"about":[{"href":"https:\/\/www.tierschutz-bremerhaven.eu\/de\/wp-json\/wp\/v2\/types\/page"}],"author":[{"embeddable":true,"href":"https:\/\/www.tierschutz-bremerhaven.eu\/de\/wp-json\/wp\/v2\/users\/3"}],"replies":[{"embeddable":true,"href":"https:\/\/www.tierschutz-bremerhaven.eu\/de\/wp-json\/wp\/v2\/comments?post=2640"}],"version-history":[{"count":154,"href":"https:\/\/www.tierschutz-bremerhaven.eu\/de\/wp-json\/wp\/v2\/pages\/2640\/revisions"}],"predecessor-version":[{"id":8716,"href":"https:\/\/www.tierschutz-bremerhaven.eu\/de\/wp-json\/wp\/v2\/pages\/2640\/revisions\/8716"}],"wp:attachment":[{"href":"https:\/\/www.tierschutz-bremerhaven.eu\/de\/wp-json\/wp\/v2\/media?parent=2640"}],"curies":[{"name":"wp","href":"https:\/\/api.w.org\/{rel}","templated":true}]}}