{"id":2720,"date":"2021-07-09T10:24:16","date_gmt":"2021-07-09T10:24:16","guid":{"rendered":"https:\/\/tierschutz-bremerhaven.eu\/?page_id=2720"},"modified":"2023-09-27T08:01:46","modified_gmt":"2023-09-27T08:01:46","slug":"fuehrungen","status":"publish","type":"page","link":"https:\/\/www.tierschutz-bremerhaven.eu\/de\/fuehrungen","title":{"rendered":"F\u00fchrungen"},"content":{"rendered":"\n\n\t\t<div data-elementor-type=\"wp-page\" data-elementor-id=\"2720\" class=\"elementor elementor-2720\" data-elementor-post-type=\"page\">\n\t\t\t\t\t\t<section class=\"elementor-section elementor-top-section elementor-element elementor-element-324f483d elementor-section-boxed elementor-section-height-default elementor-section-height-default\" data-id=\"324f483d\" data-element_type=\"section\" data-e-type=\"section\" data-settings=\"{&quot;background_background&quot;:&quot;classic&quot;}\">\n\t\t\t\t\t\t<div class=\"elementor-container elementor-column-gap-default\">\n\t\t\t\t\t<div class=\"elementor-column elementor-col-100 elementor-top-column elementor-element elementor-element-698cb7d5\" data-id=\"698cb7d5\" data-element_type=\"column\" data-e-type=\"column\">\n\t\t\t<div class=\"elementor-widget-wrap elementor-element-populated\">\n\t\t\t\t\t\t<div class=\"elementor-element elementor-element-50f88142 elementor-widget elementor-widget-heading\" data-id=\"50f88142\" data-element_type=\"widget\" data-e-type=\"widget\" data-widget_type=\"heading.default\">\n\t\t\t\t<div class=\"elementor-widget-container\">\n\t\t\t\t\t<h2 class=\"elementor-heading-title elementor-size-default\">F\u00fchrungen<\/h2>\t\t\t\t<\/div>\n\t\t\t\t<\/div>\n\t\t\t\t<div class=\"elementor-element elementor-element-6d2c1d39 elementor-widget elementor-widget-text-editor\" data-id=\"6d2c1d39\" data-element_type=\"widget\" data-e-type=\"widget\" data-widget_type=\"text-editor.default\">\n\t\t\t\t<div class=\"elementor-widget-container\">\n\t\t\t\t\t\t\t\t\t<p>Sie m\u00f6chten das neue Tierheim und seine aktuellen Bewohner gerne mal n\u00e4her kennenlernen? Kein Problem. Kommen Sie zu einer unserer Besucherf\u00fchrungen. Diese sind kostenfrei \u2013 \u00fcber eine Spende f\u00fcrs Tierheim freuen wir uns aber immer.<\/p>\n<p>Die F\u00fchrung in unserem Tierheim dauert ca. 45 Minuten und wird sowohl von aktiven Vereinsmitgliedern als auch von unseren Tierpflegern begleitet. W\u00e4hrend ihres Besuches erfahren die Teilnehmer bei der Begr\u00fc\u00dfungsrunde, welche Aufgaben das Tierheim erf\u00fcllt und wie die Betreuung und Versorgung von j\u00e4hrlich ca. 600 in Not geratenen Tiere bew\u00e4ltigt wird. Beim gemeinsamen Rundgang wird auch das Tierheimgel\u00e4nde erkundet.<\/p>\n<p>M\u00f6chten Sie mit einer Gruppe, Schulklasse \/ einer Kinder- oder Jugendgruppe das Tierheim kennenlernen? Gruppen sind bei uns herzlich willkommen.<\/p>\n<p><strong>Informationen zu den Gruppenf\u00fchrungen:<\/strong><\/p>\n<ul>\n<li>Gruppe von max. 10 Personen<\/li>\n<li>Besuch unter der Woche an ge\u00f6ffneten Tagen vormittags m\u00f6glich<\/li>\n<li>Mindestens ein Lehrer \/ Betreuer dabei<\/li>\n<li>Mindestalter der Kinder: 6 Jahre<\/li>\n<li>ggf. Einverst\u00e4ndniserkl\u00e4rung der Teilnehmer f\u00fcr Fotos, die auf der Internetseite und in den Sozialen Medien des Vereins ver\u00f6ffentlicht werden<\/li>\n<li>Anmeldung, wenn m\u00f6glich, 2 Monate vor dem gew\u00fcnschten Termin<br><br><\/li>\n<\/ul>\n<p>Ihre Anfrage zu Tierheimf\u00fchrungen richten Sie bitte per E-Mail an <a href=\"mailto:info@tierschutz-bremerhaven.de\"><u>info@tierschutz-bremerhaven.de<\/u><\/a><\/p>\n<p>Oder melden Sie sich bei uns im Tierheim unter Tel.: <a href=\"tel:047183257\">0471 \u2013 8 32 57<\/a>. Au\u00dferhalb unserer \u00d6ffnungszeiten k\u00f6nnen Sie eine Nachricht auf unserem Anrufbeantworter hinterlassen. Sie werden umgehend zur\u00fcckgerufen.<\/p>\n<p><br><\/p>\t\t\t\t\t\t\t\t<\/div>\n\t\t\t\t<\/div>\n\t\t\t\t\t<\/div>\n\t\t<\/div>\n\t\t\t\t\t<\/div>\n\t\t<\/section>\n\t\t\t\t<\/div>\n\t\t","protected":false},"excerpt":{"rendered":"<p>F\u00fchrungen Sie m\u00f6chten das neue Tierheim und seine aktuellen Bewohner gerne mal n\u00e4her kennenlernen? Kein Problem. Kommen Sie zu einer unserer Besucherf\u00fchrungen. Diese sind kostenfrei \u2013 \u00fcber eine Spende f\u00fcrs Tierheim freuen wir uns aber immer. Die F\u00fchrung in unserem Tierheim dauert ca. 45 Minuten und wird sowohl von aktiven Vereinsmitgliedern als auch von unseren [&hellip;]<\/p>\n","protected":false},"author":3,"featured_media":0,"parent":0,"menu_order":0,"comment_status":"closed","ping_status":"closed","template":"","meta":{"footnotes":""},"class_list":["post-2720","page","type-page","status-publish","hentry"],"_links":{"self":[{"href":"https:\/\/www.tierschutz-bremerhaven.eu\/de\/wp-json\/wp\/v2\/pages\/2720","targetHints":{"allow":["GET"]}}],"collection":[{"href":"https:\/\/www.tierschutz-bremerhaven.eu\/de\/wp-json\/wp\/v2\/pages"}],"about":[{"href":"https:\/\/www.tierschutz-bremerhaven.eu\/de\/wp-json\/wp\/v2\/types\/page"}],"author":[{"embeddable":true,"href":"https:\/\/www.tierschutz-bremerhaven.eu\/de\/wp-json\/wp\/v2\/users\/3"}],"replies":[{"embeddable":true,"href":"https:\/\/www.tierschutz-bremerhaven.eu\/de\/wp-json\/wp\/v2\/comments?post=2720"}],"version-history":[{"count":21,"href":"https:\/\/www.tierschutz-bremerhaven.eu\/de\/wp-json\/wp\/v2\/pages\/2720\/revisions"}],"predecessor-version":[{"id":9022,"href":"https:\/\/www.tierschutz-bremerhaven.eu\/de\/wp-json\/wp\/v2\/pages\/2720\/revisions\/9022"}],"wp:attachment":[{"href":"https:\/\/www.tierschutz-bremerhaven.eu\/de\/wp-json\/wp\/v2\/media?parent=2720"}],"curies":[{"name":"wp","href":"https:\/\/api.w.org\/{rel}","templated":true}]}}