{"id":3933,"date":"2021-09-22T09:40:28","date_gmt":"2021-09-22T09:40:28","guid":{"rendered":"https:\/\/tierschutz-bremerhaven.eu\/?page_id=3933"},"modified":"2021-09-24T17:06:37","modified_gmt":"2021-09-24T17:06:37","slug":"geldspende-paypal","status":"publish","type":"page","link":"https:\/\/www.tierschutz-bremerhaven.eu\/de\/geldspende-paypal","title":{"rendered":"Geldspende Paypal"},"content":{"rendered":"\n\n\t\t<div data-elementor-type=\"wp-page\" data-elementor-id=\"3933\" class=\"elementor elementor-3933\" data-elementor-post-type=\"page\">\n\t\t\t\t\t\t<section class=\"elementor-section elementor-top-section elementor-element elementor-element-3f2c348 elementor-section-boxed elementor-section-height-default elementor-section-height-default\" data-id=\"3f2c348\" data-element_type=\"section\" data-e-type=\"section\" data-settings=\"{&quot;background_background&quot;:&quot;classic&quot;}\">\n\t\t\t\t\t\t<div class=\"elementor-container elementor-column-gap-default\">\n\t\t\t\t\t<div class=\"elementor-column elementor-col-100 elementor-top-column elementor-element elementor-element-2cef154\" data-id=\"2cef154\" data-element_type=\"column\" data-e-type=\"column\">\n\t\t\t<div class=\"elementor-widget-wrap elementor-element-populated\">\n\t\t\t\t\t\t<div class=\"elementor-element elementor-element-02a7822 elementor-widget elementor-widget-heading\" data-id=\"02a7822\" data-element_type=\"widget\" data-e-type=\"widget\" data-widget_type=\"heading.default\">\n\t\t\t\t<div class=\"elementor-widget-container\">\n\t\t\t\t\t<h2 class=\"elementor-heading-title elementor-size-default\">Geldspende<\/h2>\t\t\t\t<\/div>\n\t\t\t\t<\/div>\n\t\t\t\t<div class=\"elementor-element elementor-element-7cc7aaa elementor-widget elementor-widget-text-editor\" data-id=\"7cc7aaa\" data-element_type=\"widget\" data-e-type=\"widget\" data-widget_type=\"text-editor.default\">\n\t\t\t\t<div class=\"elementor-widget-container\">\n\t\t\t\t\t\t\t\t\t<p>Als gemeinn\u00fctziger Verein sind wir f\u00fcr die Unterhaltung des Tierheims auf Spenden angewiesen, die selbstverst\u00e4ndlich steuerlich abzugsf\u00e4hig sind. Ab 200 Euro Spende erhalten Sie automatisch eine Spendenbescheinigung zugesandt. Sollten Sie bei niedrigeren Betr\u00e4gen ein Bescheinigung w\u00fcnschen, ist dies nat\u00fcrlich auch m\u00f6glich.<br><br><b>Unser Spendenkonto.<br>IBAN: DE49 2925 0000 0002 0075 50<br>BIC: BRLADE21BRS<\/b><\/p>\n<p>Bitte melden Sie sich bei uns im Tierheim unter Tel. <a href=\"tel:047183257\">0471 &#8211; 8 32 57<\/a>. Au\u00dferhalb unserer \u00d6ffnungszeiten k\u00f6nnen Sie eine Nachricht auf unserem Anrufbeantworter hinterlassen. Sie werden umgehend zur\u00fcckgerufen.<\/p>\t\t\t\t\t\t\t\t<\/div>\n\t\t\t\t<\/div>\n\t\t\t\t\t<\/div>\n\t\t<\/div>\n\t\t\t\t\t<\/div>\n\t\t<\/section>\n\t\t\t\t<section class=\"elementor-section elementor-top-section elementor-element elementor-element-da5358f elementor-section-boxed elementor-section-height-default elementor-section-height-default\" data-id=\"da5358f\" data-element_type=\"section\" data-e-type=\"section\" data-settings=\"{&quot;background_background&quot;:&quot;classic&quot;}\">\n\t\t\t\t\t\t<div class=\"elementor-container elementor-column-gap-default\">\n\t\t\t\t\t<div class=\"elementor-column elementor-col-100 elementor-top-column elementor-element elementor-element-0ff32a7\" data-id=\"0ff32a7\" data-element_type=\"column\" data-e-type=\"column\">\n\t\t\t<div class=\"elementor-widget-wrap elementor-element-populated\">\n\t\t\t\t\t\t<div class=\"elementor-element elementor-element-ffa17c1 elementor-widget elementor-widget-image\" data-id=\"ffa17c1\" data-element_type=\"widget\" data-e-type=\"widget\" data-widget_type=\"image.default\">\n\t\t\t\t<div class=\"elementor-widget-container\">\n\t\t\t\t\t\t\t\t\t\t\t\t\t\t\t<img fetchpriority=\"high\" decoding=\"async\" width=\"300\" height=\"186\" src=\"https:\/\/www.tierschutz-bremerhaven.eu\/wp-content\/uploads\/2021\/04\/guinea-pigs-in-studio-PY3DV49-300x186.jpg\" class=\"attachment-medium size-medium wp-image-1253\" alt=\"\" srcset=\"https:\/\/www.tierschutz-bremerhaven.eu\/wp-content\/uploads\/2021\/04\/guinea-pigs-in-studio-PY3DV49-300x186.jpg 300w, https:\/\/www.tierschutz-bremerhaven.eu\/wp-content\/uploads\/2021\/04\/guinea-pigs-in-studio-PY3DV49-1024x633.jpg 1024w, https:\/\/www.tierschutz-bremerhaven.eu\/wp-content\/uploads\/2021\/04\/guinea-pigs-in-studio-PY3DV49-768x475.jpg 768w, https:\/\/www.tierschutz-bremerhaven.eu\/wp-content\/uploads\/2021\/04\/guinea-pigs-in-studio-PY3DV49-1536x950.jpg 1536w, https:\/\/www.tierschutz-bremerhaven.eu\/wp-content\/uploads\/2021\/04\/guinea-pigs-in-studio-PY3DV49-2048x1266.jpg 2048w\" sizes=\"(max-width: 300px) 100vw, 300px\" \/>\t\t\t\t\t\t\t\t\t\t\t\t\t\t\t<\/div>\n\t\t\t\t<\/div>\n\t\t\t\t<div class=\"elementor-element elementor-element-ffab368 elementor-widget elementor-widget-heading\" data-id=\"ffab368\" data-element_type=\"widget\" data-e-type=\"widget\" data-widget_type=\"heading.default\">\n\t\t\t\t<div class=\"elementor-widget-container\">\n\t\t\t\t\t<h2 class=\"elementor-heading-title elementor-size-default\">Geldspende \u00fcber Paypal<\/h2>\t\t\t\t<\/div>\n\t\t\t\t<\/div>\n\t\t\t\t<div class=\"elementor-element elementor-element-f1ed290 elementor-widget elementor-widget-text-editor\" data-id=\"f1ed290\" data-element_type=\"widget\" data-e-type=\"widget\" data-widget_type=\"text-editor.default\">\n\t\t\t\t<div class=\"elementor-widget-container\">\n\t\t\t\t\t\t\t\t\t<p>Sie m\u00f6chten uns unterst\u00fctzen und uns \u00fcber Paypal Geld spenden? Klicken Sie einfach hier:<\/p>\t\t\t\t\t\t\t\t<\/div>\n\t\t\t\t<\/div>\n\t\t\t\t<div class=\"elementor-element elementor-element-ab38912 elementor-widget elementor-widget-paypal-button\" data-id=\"ab38912\" data-element_type=\"widget\" data-e-type=\"widget\" data-settings=\"{&quot;merchant_account&quot;:&quot;simple&quot;}\" data-widget_type=\"paypal-button.default\">\n\t\t\t\t<div class=\"elementor-widget-container\">\n\t\t\t\t\t\t\t\t\t<div class=\"elementor-button-wrapper\">\n\t\t\t\t\t\t\t<form action=\"https:\/\/www.paypal.com\/cgi-bin\/webscr\" method=\"post\" target=\"_blank\">\n\t\t\t<input type=\"hidden\" name=\"cmd\" value=\"_donations\" \/>\n\t\t\t<input type=\"hidden\" name=\"business\" value=\"info@tierschutz-bremerhaven.eu\" \/>\n\t\t\t<input type=\"hidden\" name=\"lc\" value=\"US\" \/>\n\t\t\t<input type=\"hidden\" name=\"item_name\" value=\"\" \/>\n\t\t\t<input type=\"hidden\" name=\"item_number\" value=\"\" \/>\n\t\t\t<input type=\"hidden\" name=\"currency_code\" value=\"EUR\" \/>\n\t\t\t<input type=\"hidden\" name=\"amount\" value=\"\" \/>\n\t\t\t<input type=\"hidden\" name=\"no_note\" value=\"1\">\n\n\t\t\t\t\t<button class=\"elementor-button elementor-size-sm elementor-paypal-legacy elementor-payment-button\" role=\"button\" type=\"submit\">\n\t\t\t\t\t<span class=\"elementor-button-content-wrapper\">\n\t\t\t\t\t\t<span class=\"elementor-button-icon\">\n\t\t\t\t<i aria-hidden=\"true\" class=\"fab fa-paypal\"><\/i>\t\t\t<\/span>\n\t\t\t\t\t\t\t\t\t<span class=\"elementor-button-text\">Jetzt spenden<\/span>\n\t\t\t\t\t<\/span>\n\t\t\t\t<\/button>\n\t\t\t\t<\/form>\n\t\t\t\t\t\t<\/div>\n\t\t\t\t\t\t\t\t<\/div>\n\t\t\t\t<\/div>\n\t\t\t\t\t<\/div>\n\t\t<\/div>\n\t\t\t\t\t<\/div>\n\t\t<\/section>\n\t\t\t\t<\/div>\n\t\t","protected":false},"excerpt":{"rendered":"<p>Geldspende Als gemeinn\u00fctziger Verein sind wir f\u00fcr die Unterhaltung des Tierheims auf Spenden angewiesen, die selbstverst\u00e4ndlich steuerlich abzugsf\u00e4hig sind. Ab 200 Euro Spende erhalten Sie automatisch eine Spendenbescheinigung zugesandt. Sollten Sie bei niedrigeren Betr\u00e4gen ein Bescheinigung w\u00fcnschen, ist dies nat\u00fcrlich auch m\u00f6glich. Unser Spendenkonto.IBAN: DE49 2925 0000 0002 0075 50BIC: BRLADE21BRS Bitte melden Sie sich [&hellip;]<\/p>\n","protected":false},"author":3,"featured_media":0,"parent":0,"menu_order":0,"comment_status":"closed","ping_status":"closed","template":"","meta":{"footnotes":""},"class_list":["post-3933","page","type-page","status-publish","hentry"],"_links":{"self":[{"href":"https:\/\/www.tierschutz-bremerhaven.eu\/de\/wp-json\/wp\/v2\/pages\/3933","targetHints":{"allow":["GET"]}}],"collection":[{"href":"https:\/\/www.tierschutz-bremerhaven.eu\/de\/wp-json\/wp\/v2\/pages"}],"about":[{"href":"https:\/\/www.tierschutz-bremerhaven.eu\/de\/wp-json\/wp\/v2\/types\/page"}],"author":[{"embeddable":true,"href":"https:\/\/www.tierschutz-bremerhaven.eu\/de\/wp-json\/wp\/v2\/users\/3"}],"replies":[{"embeddable":true,"href":"https:\/\/www.tierschutz-bremerhaven.eu\/de\/wp-json\/wp\/v2\/comments?post=3933"}],"version-history":[{"count":8,"href":"https:\/\/www.tierschutz-bremerhaven.eu\/de\/wp-json\/wp\/v2\/pages\/3933\/revisions"}],"predecessor-version":[{"id":4706,"href":"https:\/\/www.tierschutz-bremerhaven.eu\/de\/wp-json\/wp\/v2\/pages\/3933\/revisions\/4706"}],"wp:attachment":[{"href":"https:\/\/www.tierschutz-bremerhaven.eu\/de\/wp-json\/wp\/v2\/media?parent=3933"}],"curies":[{"name":"wp","href":"https:\/\/api.w.org\/{rel}","templated":true}]}}