{"id":4131,"date":"2021-09-23T08:09:16","date_gmt":"2021-09-23T08:09:16","guid":{"rendered":"https:\/\/tierschutz-bremerhaven.eu\/?page_id=4131"},"modified":"2021-09-27T08:37:14","modified_gmt":"2021-09-27T08:37:14","slug":"gaestebuch","status":"publish","type":"page","link":"https:\/\/www.tierschutz-bremerhaven.eu\/de\/aktuelles\/gaestebuch","title":{"rendered":"G\u00e4stebuch"},"content":{"rendered":"\n\n\t\t<div data-elementor-type=\"wp-page\" data-elementor-id=\"4131\" class=\"elementor elementor-4131\" data-elementor-post-type=\"page\">\n\t\t\t\t\t\t<section class=\"elementor-section elementor-top-section elementor-element elementor-element-a1c6fb4 elementor-section-boxed elementor-section-height-default elementor-section-height-default\" data-id=\"a1c6fb4\" data-element_type=\"section\" data-e-type=\"section\">\n\t\t\t\t\t\t<div class=\"elementor-container elementor-column-gap-default\">\n\t\t\t\t\t<div class=\"elementor-column elementor-col-100 elementor-top-column elementor-element elementor-element-172e4eb\" data-id=\"172e4eb\" data-element_type=\"column\" data-e-type=\"column\">\n\t\t\t<div class=\"elementor-widget-wrap elementor-element-populated\">\n\t\t\t\t\t\t<div class=\"elementor-element elementor-element-e6dee8b elementor-widget elementor-widget-heading\" data-id=\"e6dee8b\" data-element_type=\"widget\" data-e-type=\"widget\" data-widget_type=\"heading.default\">\n\t\t\t\t<div class=\"elementor-widget-container\">\n\t\t\t\t\t<h2 class=\"elementor-heading-title elementor-size-default\">G\u00e4stebuch<\/h2>\t\t\t\t<\/div>\n\t\t\t\t<\/div>\n\t\t\t\t<div class=\"elementor-element elementor-element-90137e2 elementor-widget elementor-widget-text-editor\" data-id=\"90137e2\" data-element_type=\"widget\" data-e-type=\"widget\" data-widget_type=\"text-editor.default\">\n\t\t\t\t<div class=\"elementor-widget-container\">\n\t\t\t\t\t\t\t\t\t<p>Hinterlassen Sie uns gerne Anregungen, Kritik oder Lob. Schreiben Sie uns einfach eine Rezension. Wir freuen uns \u00fcber jede Nachricht.<\/p>\t\t\t\t\t\t\t\t<\/div>\n\t\t\t\t<\/div>\n\t\t\t\t<div class=\"elementor-element elementor-element-20b3fa1 elementor-widget elementor-widget-shortcode\" data-id=\"20b3fa1\" data-element_type=\"widget\" data-e-type=\"widget\" data-widget_type=\"shortcode.default\">\n\t\t\t\t<div class=\"elementor-widget-container\">\n\t\t\t\t\t\t\t<div class=\"elementor-shortcode\"><div class=\"gwolle-gb\"><div class=\"gwolle-gb-messages-top-container\"><\/div>\n\t\t\t<div class=\"gwolle-gb-write-button\">\n\t\t\t\t<input type=\"button\" name=\"gwolle-gb-write-button\" class=\"button btn btn-default \" value=\"Neuen Eintrag schreiben\" aria-expanded=\"false\" \/>\n\t\t\t<\/div>\n\t\t\t<form action=\"#\" method=\"POST\" class=\"gwolle-gb-write gwolle-gb-hide gwolle-gb-float gwolle-gb-form-ajax gwolle-gb-ajax gwolle-gb-not-logged-in\">\n\t\t\t\t<h3>Einen neuen Eintrag f\u00fcr das G\u00e4stebuch schreiben<\/h3>\n\t\t\t\t<button type=\"button\" class=\"gb-notice-dismiss\">x<span class=\"screen-reader-text\">Dieses Formular ausblenden<\/span><\/button>\n\t\t\t\n\t\t\t\t<input type=\"hidden\" name=\"gwolle_gb_function\" class=\"gwolle_gb_function\" value=\"add_entry\" \/><input type=\"hidden\" name=\"gwolle_gb_book_id\" class=\"gwolle_gb_book_id\" value=\"1\" \/><div class=\"gwolle_gb_f47222b44f8dde32cd21e617997febd7\">\n\t\t\t\t<div class=\"label\"><label for=\"gwolle_gb_f47222b44f8dde32cd21e617997febd7-1\" class=\"text-info\">Name <span class=\"required\">*<\/span><\/label><\/div>\n\t\t\t\t<div class=\"input\"><input class=\"wp-exclude-emoji gwolle_gb_f47222b44f8dde32cd21e617997febd7\" value=\"\" type=\"text\" id=\"gwolle_gb_f47222b44f8dde32cd21e617997febd7-1\" name=\"gwolle_gb_f47222b44f8dde32cd21e617997febd7\" required \/><\/div>\n\t\t\t\t<div class=\"clearBoth\">&nbsp;<\/div>\n\t\t\t<\/div><div class=\"gwolle_gb_2cede64b92dd7b0c795a2a271c043e66\">\n\t\t\t\t<div class=\"label\"><label for=\"gwolle_gb_2cede64b92dd7b0c795a2a271c043e66-1\" class=\"text-info\">E-Mail <span class=\"required\">*<\/span><\/label><\/div>\n\t\t\t\t<div class=\"input\"><input class=\"gwolle_gb_2cede64b92dd7b0c795a2a271c043e66\" value=\"\" type=\"email\" id=\"gwolle_gb_2cede64b92dd7b0c795a2a271c043e66-1\" name=\"gwolle_gb_2cede64b92dd7b0c795a2a271c043e66\" required \/><\/div>\n\t\t\t\t<div class=\"clearBoth\">&nbsp;<\/div>\n\t\t\t<\/div>\n\t\t\t<div class=\"gwolle_gb_1254edfdc068dab05dbe071d01159bd0\" style=\"display:none;overflow:hidden;\" hidden=\"true\" aria-hidden=\"true\">\n\t\t\t\t<div class=\"label\">\n\t\t\t\t\t<label for=\"gwolle_gb_1254edfdc068dab05dbe071d01159bd0-1\" class=\"text-primary\">Hier nichts eingeben<\/label>\n\t\t\t\t\t<label for=\"gwolle_gb_b32a61d1500a793fcd7fad6383cc9e6d-1\" class=\"text-primary\">Hier nichts eingeben<\/label>\n\t\t\t\t<\/div>\n\t\t\t\t<div class=\"input\">\n\t\t\t\t\t<input value=\"23\" type=\"text\" id=\"gwolle_gb_1254edfdc068dab05dbe071d01159bd0-1\" name=\"gwolle_gb_1254edfdc068dab05dbe071d01159bd0\" class=\"gwolle_gb_1254edfdc068dab05dbe071d01159bd0\" style=\"transform: translateY(10000px);\" \/>\n\t\t\t\t\t<input value=\"\" type=\"text\" name=\"gwolle_gb_b32a61d1500a793fcd7fad6383cc9e6d\" id=\"gwolle_gb_b32a61d1500a793fcd7fad6383cc9e6d-1\" class=\"gwolle_gb_b32a61d1500a793fcd7fad6383cc9e6d\" style=\"transform: translateY(10000px);\" \/>\n\t\t\t\t<\/div>\n\t\t\t\t<div class=\"clearBoth\"><\/div>\n\t\t\t<\/div>\n\t\t\t<div class=\"gwolle_gb_1c1757028662fd8cb161213f60be5b74\" style=\"display:none;overflow:hidden;\" hidden=\"true\" aria-hidden=\"true\">\n\t\t\t\t<div class=\"label\">\n\t\t\t\t\t<label for=\"gwolle_gb_1c1757028662fd8cb161213f60be5b74-1\" class=\"text-primary\">Hier nichts eingeben<\/label>\n\t\t\t\t\t<label for=\"gwolle_gb_faa239614d0ac56d0ca4298bfc6117ad-1\" class=\"text-primary\">Hier nichts eingeben<\/label>\n\t\t\t\t<\/div>\n\t\t\t\t<div class=\"input\">\n\t\t\t\t\t<input value=\"27268\" type=\"text\" id=\"gwolle_gb_1c1757028662fd8cb161213f60be5b74-1\" name=\"gwolle_gb_1c1757028662fd8cb161213f60be5b74\" class=\"gwolle_gb_1c1757028662fd8cb161213f60be5b74\" style=\"transform: translateY(10000px);\" \/>\n\t\t\t\t\t<input value=\"27268\" type=\"text\"id=\"gwolle_gb_faa239614d0ac56d0ca4298bfc6117ad-1\" name=\"gwolle_gb_faa239614d0ac56d0ca4298bfc6117ad\" class=\"gwolle_gb_faa239614d0ac56d0ca4298bfc6117ad\" style=\"transform: translateY(10000px);\" \/>\n\t\t\t\t<\/div>\n\t\t\t\t<div class=\"clearBoth\"><\/div>\n\t\t\t<\/div><div class=\"gwolle_gb_content\">\n\t\t\t\t<div class=\"label\"><label for=\"gwolle_gb_content-1\" class=\"text-info\">G\u00e4stebucheintrag <span class=\"required\">*<\/span><\/label><\/div>\n\t\t\t\t<div class=\"input\"><textarea id=\"gwolle_gb_content-1\" name=\"gwolle_gb_content\" class=\"gwolle_gb_content wp-exclude-emoji\" required ><\/textarea><\/div>\n\t\t\t\t\t<div class=\"clearBoth\">&nbsp;<\/div>\n\t\t\t\t<\/div>\n\t\t\t\t<div class=\"gwolle_gb_privacy gwolle-gb-privacy\">\n\t\t\t\t\t<div class=\"label\"><label for=\"gwolle_gb_privacy-1\" class=\"text-info\">I accept the <a href=\"https:\/\/www.tierschutz-bremerhaven.eu\/de\/datenschutz\" title=\"Datenschutzerk\u00e4rung lesen\" target=\"_blank\">Privacy Policy<\/a> <span class=\"required\">*<\/span><\/label><\/div>\n\t\t\t\t\t<div class=\"input\"><input type=\"checkbox\" id=\"gwolle_gb_privacy-1\" name=\"gwolle_gb_privacy\" class=\"gwolle_gb_privacy\" required \/><\/div>\n\t\t\t\t\t<div class=\"clearBoth\">&nbsp;<\/div>\n\t\t\t\t<\/div><input type=\"hidden\" class=\"gwolle_gb_5db1ecd880f9950fbeea27a4179f2d16\" id=\"gwolle_gb_5db1ecd880f9950fbeea27a4179f2d16-1\" name=\"gwolle_gb_5db1ecd880f9950fbeea27a4179f2d16\" value=\"0018b09366\" \/>\n\t\t\t<div class=\"gwolle-gb-messages-bottom-container\"><\/div>\n\n\t\t\t<noscript><div class=\"no-js\">Warnung: Dieses Formular kann nur verwendet werden, wenn in deinem Browser JavaScript aktiviert ist.<\/div><\/noscript>\n\n\t\t\t<div class=\"gwolle_gb_submit gwolle-gb-submit\">\n\t\t\t\t<div class=\"label gwolle-gb-invisible text-muted\">&nbsp;<\/div>\n\t\t\t\t<div class=\"input\">\n\t\t\t\t\t<input type=\"submit\" name=\"gwolle_gb_submit\" class=\"gwolle_gb_submit button btn btn-primary \" value=\"Absenden\" \/>\n\t\t\t\t\t<span class=\"gwolle_gb_submit_ajax_icon gwolle-gb-submit-ajax-icon\"><\/span>\n\t\t\t\n\t\t\t\t<\/div>\n\t\t\t\t<div class=\"clearBoth\">&nbsp;<\/div>\n\t\t\t<\/div>\n\n\t\t\t<div class=\"gwolle_gb_notice gwolle-gb-notice\">\n\t\t\t\tMit * gekennzeichnete Felder sind erforderlich. Deine E-Mail-Adresse wird nicht ver\u00f6ffentlicht.<br \/>\r\nEs ist m\u00f6glich, dass dein Eintrag im G\u00e4stebuch erst sichtbar ist, nachdem wir ihn \u00fcberpr\u00fcft haben.\n\t\t\t<\/div><\/form><div class=\"gwolle-gb-read gwolle-gb-ajax gwolle-gb-entries-list\" data-book_id=\"1\" data-page_id=\"1\">\n\t\t<div id=\"gwolle-gb-total\" class=\"gwolle-gb-total\">6 Eintr\u00e4ge<\/div><!-- Gwolle-GB Entry: Default Template Loaded -->\n\t\t\t\t<div class=\"gb-entry gb-entry_22 gb-entry-count_1 gwolle-gb-uneven gwolle-gb-first\" id=\"gb-entry_22\" data-entry_id=\"22\">\n\t\t\t\t<article>\n\t\t\t\t\t<div class=\"gb-author-info\">\n\t\t\t\t\t\t<span class=\"gb-author-name\">Nicole\n\t\t\t\t\t\t<\/span>\n\t\t\t\t\t\t<span class=\"gb-datetime\">\n\t\t\t\t\t\t\t<span class=\"gb-date\"><span class=\"gb-date-wrote-text\"> schrieb am<\/span><span class=\"gb-date-text\"> 18. Januar 2025<\/span>\n\t\t\t\t\t\t\t<\/span>\n\t\t\t\t\t\t<\/span> \n\t\t\t\t\t<\/div>\n\t\t\t\t\t<div class=\"gb-entry-content\">Liebes Tierheim Team<br \/>\nWir haben bei euch unseren RAMBO gefunden. <br \/>\nEr ist ein sehr lieber Hund und ein kuschel Schatz. <br \/>\nWir sind euch so dankbar das wir in ein neues zuhause geben d\u00fcrfen. <br \/>\nLiebe tatzen gr\u00fc\u00dfe von RAMBO und seiner neuen Familie\n\t\t\t\t\t<\/div>\n\t\t\t\t<\/article>\n\t\t\t<\/div>\n\t\t\t<div class=\"gb-entry gb-entry_21 gb-entry-count_2 gwolle-gb-even\" id=\"gb-entry_21\" data-entry_id=\"21\">\n\t\t\t\t<article>\n\t\t\t\t\t<div class=\"gb-author-info\">\n\t\t\t\t\t\t<span class=\"gb-author-name\">Dirk Str\u00fccker\n\t\t\t\t\t\t<\/span>\n\t\t\t\t\t\t<span class=\"gb-datetime\">\n\t\t\t\t\t\t\t<span class=\"gb-date\"><span class=\"gb-date-wrote-text\"> schrieb am<\/span><span class=\"gb-date-text\"> 20. November 2024<\/span>\n\t\t\t\t\t\t\t<\/span>\n\t\t\t\t\t\t<\/span> \n\t\t\t\t\t<\/div>\n\t\t\t\t\t<div class=\"gb-entry-content\">Nun ist Tiffy (ehemals Garfield) schon ein Jahr bei mir. Er ist ein ganz toller kater und ich freue mich jeden Tag, dass er da ist.<br \/>\nNochmals vielen Dank und alles gute f\u00fcr eure weitere Arbeit.\n\t\t\t\t\t<\/div>\n\t\t\t\t<\/article>\n\t\t\t<\/div>\n\t\t\t<div class=\"gb-entry gb-entry_18 gb-entry-count_3 gwolle-gb-uneven\" id=\"gb-entry_18\" data-entry_id=\"18\">\n\t\t\t\t<article>\n\t\t\t\t\t<div class=\"gb-author-info\">\n\t\t\t\t\t\t<span class=\"gb-author-name\">Giuliana\n\t\t\t\t\t\t<\/span>\n\t\t\t\t\t\t<span class=\"gb-datetime\">\n\t\t\t\t\t\t\t<span class=\"gb-date\"><span class=\"gb-date-wrote-text\"> schrieb am<\/span><span class=\"gb-date-text\"> 23. Oktober 2024<\/span>\n\t\t\t\t\t\t\t<\/span>\n\t\t\t\t\t\t<\/span> \n\t\t\t\t\t<\/div>\n\t\t\t\t\t<div class=\"gb-entry-content\">Wir haben unsere tolle H\u00fcndin Heidi bei euch gefunden. Und sie uns. Ihr macht tolle Arbeit und wir finden die Abl\u00e4ufe und das kennenlernen super! Man merkt, dass ihr euch M\u00fche gebt um das perfekte Zuhause f\u00fcr die Tiere zu finden! Kein Tier wird einfach schnell \u201eunter die Haube\u201c gebracht um Platz zu schaffen. Es ist ein super Prozess f\u00fcr Mensch und Tier um herauszufinden ob man zueinander passt. Wir sind so gl\u00fccklich mit unserer H\u00fcndin und wollten einfach nochmal Danke sagen!\n\t\t\t\t\t<\/div>\n\t\t\t\t<\/article>\n\t\t\t<\/div>\n\t\t\t<div class=\"gb-entry gb-entry_12 gb-entry-count_4 gwolle-gb-even\" id=\"gb-entry_12\" data-entry_id=\"12\">\n\t\t\t\t<article>\n\t\t\t\t\t<div class=\"gb-author-info\">\n\t\t\t\t\t\t<span class=\"gb-author-name\">Uta Bensel\n\t\t\t\t\t\t<\/span>\n\t\t\t\t\t\t<span class=\"gb-datetime\">\n\t\t\t\t\t\t\t<span class=\"gb-date\"><span class=\"gb-date-wrote-text\"> schrieb am<\/span><span class=\"gb-date-text\"> 25. Januar 2022<\/span>\n\t\t\t\t\t\t\t<\/span>\n\t\t\t\t\t\t<\/span> \n\t\t\t\t\t<\/div>\n\t\t\t\t\t<div class=\"gb-entry-content\">Sehr gelungen - die neue HP!\n\t\t\t\t\t<\/div>\n\t\t\t\t<\/article>\n\t\t\t<\/div>\n\t\t\t<div class=\"gb-entry gb-entry_11 gb-entry-count_5 gwolle-gb-uneven\" id=\"gb-entry_11\" data-entry_id=\"11\">\n\t\t\t\t<article>\n\t\t\t\t\t<div class=\"gb-author-info\">\n\t\t\t\t\t\t<span class=\"gb-author-name\">Silvia Troike\n\t\t\t\t\t\t<\/span>\n\t\t\t\t\t\t<span class=\"gb-datetime\">\n\t\t\t\t\t\t\t<span class=\"gb-date\"><span class=\"gb-date-wrote-text\"> schrieb am<\/span><span class=\"gb-date-text\"> 25. Januar 2022<\/span>\n\t\t\t\t\t\t\t<\/span>\n\t\t\t\t\t\t<\/span> \n\t\t\t\t\t<\/div>\n\t\t\t\t\t<div class=\"gb-entry-content\">\ud83c\udf40\ud83c\udf40\ud83d\udc4d\ud83d\udc4d\u2764\ufe0f herzlichen Gl\u00fcckwunsch zur neuen Homepage...es gr\u00fcsst euch alle der Kusco \ud83d\udc15\u2764\ufe0f\u2764\ufe0f\u2764\ufe0f und seine Menschen...ER ist sooo gl\u00fccklich hier.. Ein Schatz auf vier Pfoten...\ud83d\udc15\u2764\ufe0f\ud83c\udf40\n\t\t\t\t\t<\/div>\n\t\t\t\t<\/article>\n\t\t\t<\/div>\n\t\t\t<div class=\"gb-entry gb-entry_10 gb-entry-count_6 gwolle-gb-even\" id=\"gb-entry_10\" data-entry_id=\"10\">\n\t\t\t\t<article>\n\t\t\t\t\t<div class=\"gb-author-info\">\n\t\t\t\t\t\t<span class=\"gb-author-name\">Sabine Rimkus\n\t\t\t\t\t\t<\/span>\n\t\t\t\t\t\t<span class=\"gb-datetime\">\n\t\t\t\t\t\t\t<span class=\"gb-date\"><span class=\"gb-date-wrote-text\"> schrieb am<\/span><span class=\"gb-date-text\"> 24. Januar 2022<\/span>\n\t\t\t\t\t\t\t<\/span>\n\t\t\t\t\t\t<\/span> \n\t\t\t\t\t<\/div>\n\t\t\t\t\t<div class=\"gb-entry-content\">Herzlichen Gl\u00fcckwunsch zur neuen Homepage!\n\t\t\t\t\t<\/div>\n\t\t\t\t<\/article>\n\t\t\t<\/div>\n\t\t\t<\/div><\/div><\/div>\n\t\t\t\t\t\t<\/div>\n\t\t\t\t<\/div>\n\t\t\t\t\t<\/div>\n\t\t<\/div>\n\t\t\t\t\t<\/div>\n\t\t<\/section>\n\t\t\t\t<\/div>\n\t\t","protected":false},"excerpt":{"rendered":"<p>G\u00e4stebuch Hinterlassen Sie uns gerne Anregungen, Kritik oder Lob. Schreiben Sie uns einfach eine Rezension. Wir freuen uns \u00fcber jede Nachricht.<\/p>\n","protected":false},"author":3,"featured_media":0,"parent":2980,"menu_order":0,"comment_status":"closed","ping_status":"closed","template":"","meta":{"footnotes":""},"class_list":["post-4131","page","type-page","status-publish","hentry"],"_links":{"self":[{"href":"https:\/\/www.tierschutz-bremerhaven.eu\/de\/wp-json\/wp\/v2\/pages\/4131","targetHints":{"allow":["GET"]}}],"collection":[{"href":"https:\/\/www.tierschutz-bremerhaven.eu\/de\/wp-json\/wp\/v2\/pages"}],"about":[{"href":"https:\/\/www.tierschutz-bremerhaven.eu\/de\/wp-json\/wp\/v2\/types\/page"}],"author":[{"embeddable":true,"href":"https:\/\/www.tierschutz-bremerhaven.eu\/de\/wp-json\/wp\/v2\/users\/3"}],"replies":[{"embeddable":true,"href":"https:\/\/www.tierschutz-bremerhaven.eu\/de\/wp-json\/wp\/v2\/comments?post=4131"}],"version-history":[{"count":31,"href":"https:\/\/www.tierschutz-bremerhaven.eu\/de\/wp-json\/wp\/v2\/pages\/4131\/revisions"}],"predecessor-version":[{"id":4761,"href":"https:\/\/www.tierschutz-bremerhaven.eu\/de\/wp-json\/wp\/v2\/pages\/4131\/revisions\/4761"}],"up":[{"embeddable":true,"href":"https:\/\/www.tierschutz-bremerhaven.eu\/de\/wp-json\/wp\/v2\/pages\/2980"}],"wp:attachment":[{"href":"https:\/\/www.tierschutz-bremerhaven.eu\/de\/wp-json\/wp\/v2\/media?parent=4131"}],"curies":[{"name":"wp","href":"https:\/\/api.w.org\/{rel}","templated":true}]}}