{"id":1799,"date":"2021-04-29T14:18:03","date_gmt":"2021-04-29T14:18:03","guid":{"rendered":"https:\/\/tierschutz-bremerhaven.eu\/?page_id=1799"},"modified":"2021-04-29T14:18:36","modified_gmt":"2021-04-29T14:18:36","slug":"care-centre","status":"publish","type":"page","link":"https:\/\/www.tierschutz-bremerhaven.eu\/en\/pflegestelle","title":{"rendered":"Foster home"},"content":{"rendered":"<div data-elementor-type=\"wp-page\" data-elementor-id=\"1799\" class=\"elementor elementor-1799\" data-elementor-post-type=\"page\">\n\t\t\t\t\t\t<section class=\"elementor-section elementor-top-section elementor-element elementor-element-3f2c348 elementor-section-full_width elementor-section-height-default elementor-section-height-default\" data-id=\"3f2c348\" data-element_type=\"section\" data-e-type=\"section\" data-settings=\"{&quot;background_background&quot;:&quot;classic&quot;}\">\n\t\t\t\t\t\t<div class=\"elementor-container elementor-column-gap-default\">\n\t\t\t\t\t<div class=\"elementor-column elementor-col-100 elementor-top-column elementor-element elementor-element-2cef154\" data-id=\"2cef154\" data-element_type=\"column\" data-e-type=\"column\">\n\t\t\t<div class=\"elementor-widget-wrap elementor-element-populated\">\n\t\t\t\t\t\t<div class=\"elementor-element elementor-element-02a7822 elementor-widget elementor-widget-heading\" data-id=\"02a7822\" data-element_type=\"widget\" data-e-type=\"widget\" data-widget_type=\"heading.default\">\n\t\t\t\t<div class=\"elementor-widget-container\">\n\t\t\t\t\t<h2 class=\"elementor-heading-title elementor-size-default\">In an emergency<\/h2>\t\t\t\t<\/div>\n\t\t\t\t<\/div>\n\t\t\t\t<div class=\"elementor-element elementor-element-7cc7aaa elementor-widget elementor-widget-text-editor\" data-id=\"7cc7aaa\" data-element_type=\"widget\" data-e-type=\"widget\" data-widget_type=\"text-editor.default\">\n\t\t\t\t<div class=\"elementor-widget-container\">\n\t\t\t\t\t\t\t\t\t<p>We are looking for people with heart, mind and love for animals, but who, for whatever reason, do not want to keep an animal permanently.<\/p><p>However, you can still do a good deed by taking an animal from our shelter that we would like to give a temporary home for a variety of reasons.<\/p><p>It happens again and again that some animals do not feel comfortable at all in everyday life at the animal shelter. Old and sick animals have a particularly difficult time at the shelter. If we are lucky, we always find kind people who take in such pets temporarily and give them the care and security they need. They look after the animals until they can be permanently rehomed to their new owners. Of course, we would be particularly pleased if you could imagine giving old or sick animals a home for the last stage of their lives.<\/p><p>If you would like to support one of our foster children for a while, please contact us at the shelter on 0471 - 8 32 57 or by e-mail:\u00a0<a href=\"mailto:info@tierschutz-bremerhaven.de\">info@tierschutz-bremerhaven.de<\/a><br \/>Outside our opening hours, you can leave a message on our answering machine. You will be called back immediately.<\/p>\t\t\t\t\t\t\t\t<\/div>\n\t\t\t\t<\/div>\n\t\t\t\t\t<\/div>\n\t\t<\/div>\n\t\t\t\t\t<\/div>\n\t\t<\/section>\n\t\t\t\t<\/div>","protected":false},"excerpt":{"rendered":"<p>Im Notfall Wir suchen Menschen mit Herz, Verstand und Tierliebe, die aber, aus welchen Gr\u00fcnden auch immer, kein Tier auf Dauer halten m\u00f6chten. Sie k\u00f6nnen aber trotzdem ein gutes Werk tun: Sie nehmen ein Tier aus unserem Tierheim, das wir aus den verschiedensten Gr\u00fcnden in ein Zuhause auf Zeit geben m\u00f6chten. Es kommt immer wieder [&hellip;]<\/p>\n","protected":false},"author":3,"featured_media":0,"parent":0,"menu_order":0,"comment_status":"closed","ping_status":"closed","template":"","meta":{"footnotes":""},"class_list":["post-1799","page","type-page","status-publish","hentry"],"_links":{"self":[{"href":"https:\/\/www.tierschutz-bremerhaven.eu\/en\/wp-json\/wp\/v2\/pages\/1799","targetHints":{"allow":["GET"]}}],"collection":[{"href":"https:\/\/www.tierschutz-bremerhaven.eu\/en\/wp-json\/wp\/v2\/pages"}],"about":[{"href":"https:\/\/www.tierschutz-bremerhaven.eu\/en\/wp-json\/wp\/v2\/types\/page"}],"author":[{"embeddable":true,"href":"https:\/\/www.tierschutz-bremerhaven.eu\/en\/wp-json\/wp\/v2\/users\/3"}],"replies":[{"embeddable":true,"href":"https:\/\/www.tierschutz-bremerhaven.eu\/en\/wp-json\/wp\/v2\/comments?post=1799"}],"version-history":[{"count":3,"href":"https:\/\/www.tierschutz-bremerhaven.eu\/en\/wp-json\/wp\/v2\/pages\/1799\/revisions"}],"predecessor-version":[{"id":1802,"href":"https:\/\/www.tierschutz-bremerhaven.eu\/en\/wp-json\/wp\/v2\/pages\/1799\/revisions\/1802"}],"wp:attachment":[{"href":"https:\/\/www.tierschutz-bremerhaven.eu\/en\/wp-json\/wp\/v2\/media?parent=1799"}],"curies":[{"name":"wp","href":"https:\/\/api.w.org\/{rel}","templated":true}]}}