{"id":1824,"date":"2021-04-29T14:22:50","date_gmt":"2021-04-29T14:22:50","guid":{"rendered":"https:\/\/tierschutz-bremerhaven.eu\/?page_id=1824"},"modified":"2021-10-08T12:26:14","modified_gmt":"2021-10-08T12:26:14","slug":"wild-animal-found","status":"publish","type":"page","link":"https:\/\/www.tierschutz-bremerhaven.eu\/en\/wildtier-gefunden","title":{"rendered":"Wild animal found"},"content":{"rendered":"<div data-elementor-type=\"wp-page\" data-elementor-id=\"1824\" class=\"elementor elementor-1824\" data-elementor-post-type=\"page\">\n\t\t\t\t\t\t<section class=\"elementor-section elementor-top-section elementor-element elementor-element-3f2c348 elementor-section-boxed elementor-section-height-default elementor-section-height-default\" data-id=\"3f2c348\" data-element_type=\"section\" data-e-type=\"section\" data-settings=\"{&quot;background_background&quot;:&quot;classic&quot;}\">\n\t\t\t\t\t\t<div class=\"elementor-container elementor-column-gap-default\">\n\t\t\t\t\t<div class=\"elementor-column elementor-col-100 elementor-top-column elementor-element elementor-element-2cef154\" data-id=\"2cef154\" data-element_type=\"column\" data-e-type=\"column\">\n\t\t\t<div class=\"elementor-widget-wrap elementor-element-populated\">\n\t\t\t\t\t\t<div class=\"elementor-element elementor-element-02a7822 elementor-widget elementor-widget-heading\" data-id=\"02a7822\" data-element_type=\"widget\" data-e-type=\"widget\" data-widget_type=\"heading.default\">\n\t\t\t\t<div class=\"elementor-widget-container\">\n\t\t\t\t\t<h2 class=\"elementor-heading-title elementor-size-default\">Wild animal found<\/h2>\t\t\t\t<\/div>\n\t\t\t\t<\/div>\n\t\t\t\t<div class=\"elementor-element elementor-element-7cc7aaa elementor-widget elementor-widget-text-editor\" data-id=\"7cc7aaa\" data-element_type=\"widget\" data-e-type=\"widget\" data-widget_type=\"text-editor.default\">\n\t\t\t\t<div class=\"elementor-widget-container\">\n\t\t\t\t\t\t\t\t\t<p>If you would like to contact us about a found wild animal, we would like to point out as a precaution that&nbsp;<strong><em>we are not responsible for wild animals<\/em><\/strong>. Please understand that we have neither the in-depth knowledge nor the capacity to take in and care for squirrels, bats, etc. If it is an injured animal, we will support you in such exceptional cases, as long as our capacity allows. Of course, we will also help you to find a professional rehoming centre. <br><br>Unfortunately, this is an additional task that cannot be managed alongside our work for animal welfare and our animal shelter operations.<br><\/p>\n<p>Road users who cause an accident involving hoofed game (e.g. roe deer, red deer, fallow deer, wild boar) are obliged to report it to the relevant police station.<\/p>\n<p>You can reach us at the animal shelter on tel: <a href=\"tel:047183257\">0471 - 8 32 57<\/a>. Outside our opening hours, please contact the police.<\/p><br><p><\/p>\t\t\t\t\t\t\t\t<\/div>\n\t\t\t\t<\/div>\n\t\t\t\t\t<\/div>\n\t\t<\/div>\n\t\t\t\t\t<\/div>\n\t\t<\/section>\n\t\t\t\t<\/div>","protected":false},"excerpt":{"rendered":"<p>Wildtier gefunden Wenn Sie sich wegen eines gefundenen Wildtieres an uns wenden m\u00f6chten, weisen wir vorsorglich darauf hin, dass&nbsp;wir f\u00fcr Wildtiere nicht zust\u00e4ndig sind. Bitte haben Sie Verst\u00e4ndnis daf\u00fcr, dass wir weder \u00fcber das fundierte Wissen noch \u00fcber die Kapazit\u00e4ten f\u00fcr Aufnahme und Pflege von Eichh\u00f6rnchen, Fledermaus etc. verf\u00fcgen. Sollte es sich um ein verletztes [&hellip;]<\/p>\n","protected":false},"author":3,"featured_media":0,"parent":0,"menu_order":0,"comment_status":"closed","ping_status":"closed","template":"","meta":{"footnotes":""},"class_list":["post-1824","page","type-page","status-publish","hentry"],"_links":{"self":[{"href":"https:\/\/www.tierschutz-bremerhaven.eu\/en\/wp-json\/wp\/v2\/pages\/1824","targetHints":{"allow":["GET"]}}],"collection":[{"href":"https:\/\/www.tierschutz-bremerhaven.eu\/en\/wp-json\/wp\/v2\/pages"}],"about":[{"href":"https:\/\/www.tierschutz-bremerhaven.eu\/en\/wp-json\/wp\/v2\/types\/page"}],"author":[{"embeddable":true,"href":"https:\/\/www.tierschutz-bremerhaven.eu\/en\/wp-json\/wp\/v2\/users\/3"}],"replies":[{"embeddable":true,"href":"https:\/\/www.tierschutz-bremerhaven.eu\/en\/wp-json\/wp\/v2\/comments?post=1824"}],"version-history":[{"count":15,"href":"https:\/\/www.tierschutz-bremerhaven.eu\/en\/wp-json\/wp\/v2\/pages\/1824\/revisions"}],"predecessor-version":[{"id":5339,"href":"https:\/\/www.tierschutz-bremerhaven.eu\/en\/wp-json\/wp\/v2\/pages\/1824\/revisions\/5339"}],"wp:attachment":[{"href":"https:\/\/www.tierschutz-bremerhaven.eu\/en\/wp-json\/wp\/v2\/media?parent=1824"}],"curies":[{"name":"wp","href":"https:\/\/api.w.org\/{rel}","templated":true}]}}