{"id":2233,"date":"2021-05-22T07:43:51","date_gmt":"2021-05-22T07:43:51","guid":{"rendered":"https:\/\/tierschutz-bremerhaven.eu\/?page_id=2233"},"modified":"2021-10-08T11:33:25","modified_gmt":"2021-10-08T11:33:25","slug":"german-animal-welfare-organisation-e-v","status":"publish","type":"page","link":"https:\/\/www.tierschutz-bremerhaven.eu\/en\/deutscher-tierschutzbund-e-v","title":{"rendered":"German Animal Welfare Association"},"content":{"rendered":"<div data-elementor-type=\"wp-page\" data-elementor-id=\"2233\" class=\"elementor elementor-2233\" data-elementor-post-type=\"page\">\n\t\t\t\t\t\t<section class=\"elementor-section elementor-top-section elementor-element elementor-element-d4d01e4 elementor-section-full_width elementor-section-height-default elementor-section-height-default\" data-id=\"d4d01e4\" data-element_type=\"section\" data-e-type=\"section\" data-settings=\"{&quot;background_background&quot;:&quot;classic&quot;}\">\n\t\t\t\t\t\t<div class=\"elementor-container elementor-column-gap-default\">\n\t\t\t\t\t<div class=\"elementor-column elementor-col-100 elementor-top-column elementor-element elementor-element-bd2a910\" data-id=\"bd2a910\" data-element_type=\"column\" data-e-type=\"column\">\n\t\t\t<div class=\"elementor-widget-wrap elementor-element-populated\">\n\t\t\t\t\t\t<div class=\"elementor-element elementor-element-ab1aa74 elementor-widget elementor-widget-jet-listing-dynamic-image\" data-id=\"ab1aa74\" data-element_type=\"widget\" data-e-type=\"widget\" data-widget_type=\"jet-listing-dynamic-image.default\">\n\t\t\t\t<div class=\"elementor-widget-container\">\n\t\t\t\t\t<div class=\"jet-listing jet-listing-dynamic-image\" ><img fetchpriority=\"high\" decoding=\"async\" width=\"2560\" height=\"1150\" src=\"https:\/\/www.tierschutz-bremerhaven.eu\/wp-content\/uploads\/2021\/03\/group-of-dogs-and-cats-sitting-PW8VPEP-scaled.jpg\" class=\"jet-listing-dynamic-image__img attachment-full size-full wp-post-image\" alt=\"Group of dogs and cats sitting in front of white background\" srcset=\"https:\/\/www.tierschutz-bremerhaven.eu\/wp-content\/uploads\/2021\/03\/group-of-dogs-and-cats-sitting-PW8VPEP-scaled.jpg 2560w, https:\/\/www.tierschutz-bremerhaven.eu\/wp-content\/uploads\/2021\/03\/group-of-dogs-and-cats-sitting-PW8VPEP-300x135.jpg 300w, https:\/\/www.tierschutz-bremerhaven.eu\/wp-content\/uploads\/2021\/03\/group-of-dogs-and-cats-sitting-PW8VPEP-1024x460.jpg 1024w, https:\/\/www.tierschutz-bremerhaven.eu\/wp-content\/uploads\/2021\/03\/group-of-dogs-and-cats-sitting-PW8VPEP-768x345.jpg 768w, https:\/\/www.tierschutz-bremerhaven.eu\/wp-content\/uploads\/2021\/03\/group-of-dogs-and-cats-sitting-PW8VPEP-1536x690.jpg 1536w, https:\/\/www.tierschutz-bremerhaven.eu\/wp-content\/uploads\/2021\/03\/group-of-dogs-and-cats-sitting-PW8VPEP-2048x920.jpg 2048w\" sizes=\"(max-width: 2560px) 100vw, 2560px\" loading=\"eager\" \/><\/div>\t\t\t\t<\/div>\n\t\t\t\t<\/div>\n\t\t\t\t<div class=\"elementor-element elementor-element-b59dc3b elementor-widget elementor-widget-heading\" data-id=\"b59dc3b\" data-element_type=\"widget\" data-e-type=\"widget\" data-widget_type=\"heading.default\">\n\t\t\t\t<div class=\"elementor-widget-container\">\n\t\t\t\t\t<h2 class=\"elementor-heading-title elementor-size-default\">German Animal Welfare Association<\/h2>\t\t\t\t<\/div>\n\t\t\t\t<\/div>\n\t\t\t\t<div class=\"elementor-element elementor-element-f73883f elementor-widget elementor-widget-text-editor\" data-id=\"f73883f\" data-element_type=\"widget\" data-e-type=\"widget\" data-widget_type=\"text-editor.default\">\n\t\t\t\t<div class=\"elementor-widget-container\">\n\t\t\t\t\t\t\t\t\t<p>Under the motto \"Animal welfare with heart and mind\", the German Animal Welfare Association has been fighting for the protection of animals in agriculture since 1881, campaigning against animal testing and supporting practical animal welfare work. Nationally, internationally and politically at federal and EU level.<\/p>\n<p>The vision is a society that respects all animals as fellow creatures, shows them compassion and respect and protects them from unnecessary suffering, pain and fear.<\/p>\n<p>As an umbrella organisation, the German Animal Welfare Association now has 16 regional associations and around 740 animal welfare associations with over 550 animal shelters and rescue centres. This makes it Europe's largest animal and nature conservation umbrella organisation. It represents the interests of more than 800,000 animal welfare activists from all parts of Germany.<\/p>\n<p>Animal shelters help, but are also dependent on help themselves. The German Animal Welfare Association supports affiliated organisations when, for example, many animals from animal hoarding cases or sick puppies from illegal trade need to be cared for at once, but also when there is a lack of money for urgent renovations.<\/p>\n<p>Only together can we create a better world for animals.<\/p>\t\t\t\t\t\t\t\t<\/div>\n\t\t\t\t<\/div>\n\t\t\t\t\t<\/div>\n\t\t<\/div>\n\t\t\t\t\t<\/div>\n\t\t<\/section>\n\t\t\t\t<\/div>","protected":false},"excerpt":{"rendered":"<p>Deutscher Tierschutzbund e.V. Unter dem Motto \u201eTierschutz mit Herz und Verstand\u201c k\u00e4mpft der Deutsche Tierschutzbund, seit 1881 unter anderem f\u00fcr den Schutz der Tiere in der Landwirtschaft, macht sich gegen Tierversuche stark und unterst\u00fctzt die praktische Tierschutzarbeit. National, international sowie politisch auf Bundes- und EU-Ebene. Die Vision ist eine Gesellschaft, die alle Tiere als Mitgesch\u00f6pfe [&hellip;]<\/p>\n","protected":false},"author":3,"featured_media":792,"parent":0,"menu_order":0,"comment_status":"closed","ping_status":"closed","template":"","meta":{"footnotes":""},"class_list":["post-2233","page","type-page","status-publish","has-post-thumbnail","hentry"],"_links":{"self":[{"href":"https:\/\/www.tierschutz-bremerhaven.eu\/en\/wp-json\/wp\/v2\/pages\/2233","targetHints":{"allow":["GET"]}}],"collection":[{"href":"https:\/\/www.tierschutz-bremerhaven.eu\/en\/wp-json\/wp\/v2\/pages"}],"about":[{"href":"https:\/\/www.tierschutz-bremerhaven.eu\/en\/wp-json\/wp\/v2\/types\/page"}],"author":[{"embeddable":true,"href":"https:\/\/www.tierschutz-bremerhaven.eu\/en\/wp-json\/wp\/v2\/users\/3"}],"replies":[{"embeddable":true,"href":"https:\/\/www.tierschutz-bremerhaven.eu\/en\/wp-json\/wp\/v2\/comments?post=2233"}],"version-history":[{"count":27,"href":"https:\/\/www.tierschutz-bremerhaven.eu\/en\/wp-json\/wp\/v2\/pages\/2233\/revisions"}],"predecessor-version":[{"id":5320,"href":"https:\/\/www.tierschutz-bremerhaven.eu\/en\/wp-json\/wp\/v2\/pages\/2233\/revisions\/5320"}],"wp:featuredmedia":[{"embeddable":true,"href":"https:\/\/www.tierschutz-bremerhaven.eu\/en\/wp-json\/wp\/v2\/media\/792"}],"wp:attachment":[{"href":"https:\/\/www.tierschutz-bremerhaven.eu\/en\/wp-json\/wp\/v2\/media?parent=2233"}],"curies":[{"name":"wp","href":"https:\/\/api.w.org\/{rel}","templated":true}]}}