{"id":1817,"date":"2021-04-29T14:21:22","date_gmt":"2021-04-29T14:21:22","guid":{"rendered":"https:\/\/tierschutz-bremerhaven.eu\/?page_id=1817"},"modified":"2021-06-22T12:07:28","modified_gmt":"2021-06-22T12:07:28","slug":"walker","status":"publish","type":"page","link":"https:\/\/www.tierschutz-bremerhaven.eu\/es\/gassi-geher","title":{"rendered":"Paseador de perros"},"content":{"rendered":"<div data-elementor-type=\"wp-page\" data-elementor-id=\"1817\" class=\"elementor elementor-1817\" data-elementor-post-type=\"page\">\n\t\t\t\t\t\t<section class=\"elementor-section elementor-top-section elementor-element elementor-element-3f2c348 elementor-section-full_width elementor-section-height-default elementor-section-height-default\" data-id=\"3f2c348\" data-element_type=\"section\" data-e-type=\"section\" data-settings=\"{&quot;background_background&quot;:&quot;classic&quot;}\">\n\t\t\t\t\t\t<div class=\"elementor-container elementor-column-gap-default\">\n\t\t\t\t\t<div class=\"elementor-column elementor-col-100 elementor-top-column elementor-element elementor-element-2cef154\" data-id=\"2cef154\" data-element_type=\"column\" data-e-type=\"column\">\n\t\t\t<div class=\"elementor-widget-wrap elementor-element-populated\">\n\t\t\t\t\t\t<div class=\"elementor-element elementor-element-02a7822 elementor-widget elementor-widget-heading\" data-id=\"02a7822\" data-element_type=\"widget\" data-e-type=\"widget\" data-widget_type=\"heading.default\">\n\t\t\t\t<div class=\"elementor-widget-container\">\n\t\t\t\t\t<h2 class=\"elementor-heading-title elementor-size-default\">Paseador de perros<\/h2>\t\t\t\t<\/div>\n\t\t\t\t<\/div>\n\t\t\t\t<div class=\"elementor-element elementor-element-7cc7aaa elementor-widget elementor-widget-text-editor\" data-id=\"7cc7aaa\" data-element_type=\"widget\" data-e-type=\"widget\" data-widget_type=\"text-editor.default\">\n\t\t\t\t<div class=\"elementor-widget-container\">\n\t\t\t\t\t\t\t\t\t<p>En nuestras nuevas instalaciones hay dos grandes corrales que, por supuesto, nuestros perros pueden utilizar con regularidad.<\/p><p>Si quieres mimar a nuestros perros con un paseo extra, ponte en contacto con nosotros.<\/p><p>Esto es algo especial para nuestros perros, ya que reciben toda la atenci\u00f3n de una sola persona y experimentan mucha variedad en los paseos.<\/p><p>Para ello, es obligatorio ser miembro de la asociaci\u00f3n, ya que necesitamos sus datos de contacto y, a continuaci\u00f3n, disfrutar\u00e1 de cobertura de seguro a trav\u00e9s de la asociaci\u00f3n.<\/p><p>Nos complace que los ni\u00f1os acompa\u00f1en a nuestros perros en estos paseos. Por razones de seguridad, sin embargo, esto s\u00f3lo es posible cuando van acompa\u00f1ados por un adulto.<\/p><p>Ahora s\u00f3lo tiene que concertar una cita con nosotros y familiarizarse con nuestras normas de paseo, que le explicar\u00e1n nuestros cuidadores de animales. Esta informaci\u00f3n es por su propia seguridad y la de su perro.<\/p><p>Si hace demasiado calor o demasiado fr\u00edo, puede que tengamos que cancelar el paseo por el bien de los animales. Pero entonces esperan con m\u00e1s ganas la pr\u00f3xima vez. \u00a0<\/p><p>Nuestros horarios de paseo son los martes, mi\u00e9rcoles, viernes y s\u00e1bados de 10.00 a 14.00 horas y los domingos de 13.00 a 16.00 horas.<\/p><p>P\u00f3ngase en contacto con nosotros en el refugio de animales en el Tel.: 0471 - 8 32 57<br \/>Fuera de nuestro horario de atenci\u00f3n al p\u00fablico, puede dejar un mensaje en nuestro contestador autom\u00e1tico. Le devolveremos la llamada inmediatamente.<\/p>\t\t\t\t\t\t\t\t<\/div>\n\t\t\t\t<\/div>\n\t\t\t\t\t<\/div>\n\t\t<\/div>\n\t\t\t\t\t<\/div>\n\t\t<\/section>\n\t\t\t\t<\/div>","protected":false},"excerpt":{"rendered":"<p>Gassi-Geher Auf unserem neuen Gel\u00e4nde befinden sich zwei gro\u00dfe Ausl\u00e4ufe, die unsere Hunde nat\u00fcrlich regelm\u00e4\u00dfig nutzen k\u00f6nnen. Wenn Sie unseren aber Hunden mit einem zus\u00e4tzlichen Spaziergang verw\u00f6hnen m\u00f6chten, sprechen Sie uns gerne an. F\u00fcr unsere Hunde ist dies etwas Besonderes, da sie von einer einzelnen Person die ganze Aufmerksamkeit erhalten und auf den Spazierg\u00e4ngen viel [&hellip;]<\/p>\n","protected":false},"author":3,"featured_media":0,"parent":0,"menu_order":0,"comment_status":"closed","ping_status":"closed","template":"","meta":{"footnotes":""},"class_list":["post-1817","page","type-page","status-publish","hentry"],"_links":{"self":[{"href":"https:\/\/www.tierschutz-bremerhaven.eu\/es\/wp-json\/wp\/v2\/pages\/1817","targetHints":{"allow":["GET"]}}],"collection":[{"href":"https:\/\/www.tierschutz-bremerhaven.eu\/es\/wp-json\/wp\/v2\/pages"}],"about":[{"href":"https:\/\/www.tierschutz-bremerhaven.eu\/es\/wp-json\/wp\/v2\/types\/page"}],"author":[{"embeddable":true,"href":"https:\/\/www.tierschutz-bremerhaven.eu\/es\/wp-json\/wp\/v2\/users\/3"}],"replies":[{"embeddable":true,"href":"https:\/\/www.tierschutz-bremerhaven.eu\/es\/wp-json\/wp\/v2\/comments?post=1817"}],"version-history":[{"count":3,"href":"https:\/\/www.tierschutz-bremerhaven.eu\/es\/wp-json\/wp\/v2\/pages\/1817\/revisions"}],"predecessor-version":[{"id":1823,"href":"https:\/\/www.tierschutz-bremerhaven.eu\/es\/wp-json\/wp\/v2\/pages\/1817\/revisions\/1823"}],"wp:attachment":[{"href":"https:\/\/www.tierschutz-bremerhaven.eu\/es\/wp-json\/wp\/v2\/media?parent=1817"}],"curies":[{"name":"wp","href":"https:\/\/api.w.org\/{rel}","templated":true}]}}