{"id":2233,"date":"2021-05-22T07:43:51","date_gmt":"2021-05-22T07:43:51","guid":{"rendered":"https:\/\/tierschutz-bremerhaven.eu\/?page_id=2233"},"modified":"2021-10-08T11:33:25","modified_gmt":"2021-10-08T11:33:25","slug":"organizacion-alemana-para-el-bienestar-de-los-animales-e-v","status":"publish","type":"page","link":"https:\/\/www.tierschutz-bremerhaven.eu\/es\/deutscher-tierschutzbund-e-v","title":{"rendered":"Asociaci\u00f3n Alemana para el Bienestar Animal"},"content":{"rendered":"<div data-elementor-type=\"wp-page\" data-elementor-id=\"2233\" class=\"elementor elementor-2233\" data-elementor-post-type=\"page\">\n\t\t\t\t\t\t<section class=\"elementor-section elementor-top-section elementor-element elementor-element-d4d01e4 elementor-section-full_width elementor-section-height-default elementor-section-height-default\" data-id=\"d4d01e4\" data-element_type=\"section\" data-e-type=\"section\" data-settings=\"{&quot;background_background&quot;:&quot;classic&quot;}\">\n\t\t\t\t\t\t<div class=\"elementor-container elementor-column-gap-default\">\n\t\t\t\t\t<div class=\"elementor-column elementor-col-100 elementor-top-column elementor-element elementor-element-bd2a910\" data-id=\"bd2a910\" data-element_type=\"column\" data-e-type=\"column\">\n\t\t\t<div class=\"elementor-widget-wrap elementor-element-populated\">\n\t\t\t\t\t\t<div class=\"elementor-element elementor-element-ab1aa74 elementor-widget elementor-widget-jet-listing-dynamic-image\" data-id=\"ab1aa74\" data-element_type=\"widget\" data-e-type=\"widget\" data-widget_type=\"jet-listing-dynamic-image.default\">\n\t\t\t\t<div class=\"elementor-widget-container\">\n\t\t\t\t\t<div class=\"jet-listing jet-listing-dynamic-image\" ><img fetchpriority=\"high\" decoding=\"async\" width=\"2560\" height=\"1150\" src=\"https:\/\/www.tierschutz-bremerhaven.eu\/wp-content\/uploads\/2021\/03\/group-of-dogs-and-cats-sitting-PW8VPEP-scaled.jpg\" class=\"jet-listing-dynamic-image__img attachment-full size-full wp-post-image\" alt=\"Grupo de perros y gatos sentados delante de un fondo blanco\" srcset=\"https:\/\/www.tierschutz-bremerhaven.eu\/wp-content\/uploads\/2021\/03\/group-of-dogs-and-cats-sitting-PW8VPEP-scaled.jpg 2560w, https:\/\/www.tierschutz-bremerhaven.eu\/wp-content\/uploads\/2021\/03\/group-of-dogs-and-cats-sitting-PW8VPEP-300x135.jpg 300w, https:\/\/www.tierschutz-bremerhaven.eu\/wp-content\/uploads\/2021\/03\/group-of-dogs-and-cats-sitting-PW8VPEP-1024x460.jpg 1024w, https:\/\/www.tierschutz-bremerhaven.eu\/wp-content\/uploads\/2021\/03\/group-of-dogs-and-cats-sitting-PW8VPEP-768x345.jpg 768w, https:\/\/www.tierschutz-bremerhaven.eu\/wp-content\/uploads\/2021\/03\/group-of-dogs-and-cats-sitting-PW8VPEP-1536x690.jpg 1536w, https:\/\/www.tierschutz-bremerhaven.eu\/wp-content\/uploads\/2021\/03\/group-of-dogs-and-cats-sitting-PW8VPEP-2048x920.jpg 2048w\" sizes=\"(max-width: 2560px) 100vw, 2560px\" loading=\"eager\" \/><\/div>\t\t\t\t<\/div>\n\t\t\t\t<\/div>\n\t\t\t\t<div class=\"elementor-element elementor-element-b59dc3b elementor-widget elementor-widget-heading\" data-id=\"b59dc3b\" data-element_type=\"widget\" data-e-type=\"widget\" data-widget_type=\"heading.default\">\n\t\t\t\t<div class=\"elementor-widget-container\">\n\t\t\t\t\t<h2 class=\"elementor-heading-title elementor-size-default\">Asociaci\u00f3n Alemana para el Bienestar Animal<\/h2>\t\t\t\t<\/div>\n\t\t\t\t<\/div>\n\t\t\t\t<div class=\"elementor-element elementor-element-f73883f elementor-widget elementor-widget-text-editor\" data-id=\"f73883f\" data-element_type=\"widget\" data-e-type=\"widget\" data-widget_type=\"text-editor.default\">\n\t\t\t\t<div class=\"elementor-widget-container\">\n\t\t\t\t\t\t\t\t\t<p>Bajo el lema \"Bienestar animal con coraz\u00f3n y mente\", la Asociaci\u00f3n Alemana para el Bienestar Animal lleva luchando por la protecci\u00f3n de los animales en la agricultura desde 1881, haciendo campa\u00f1a contra los ensayos con animales y apoyando el trabajo pr\u00e1ctico de bienestar animal. A nivel nacional, internacional y pol\u00edtico en el \u00e1mbito federal y de la UE.<\/p>\n<p>La visi\u00f3n es una sociedad que respete a todos los animales como semejantes, les muestre compasi\u00f3n y respeto y los proteja del sufrimiento, el dolor y el miedo innecesarios.<\/p>\n<p>Como organizaci\u00f3n coordinadora, la Asociaci\u00f3n Alemana para la Protecci\u00f3n de los Animales cuenta actualmente con 16 asociaciones regionales y unas 740 asociaciones de protecci\u00f3n de los animales con m\u00e1s de 550 refugios y centros de rescate de animales. Esto la convierte en la mayor organizaci\u00f3n europea de protecci\u00f3n de los animales y la naturaleza. Representa los intereses de m\u00e1s de 800.000 defensores de los animales de toda Alemania.<\/p>\n<p>Los refugios de animales ayudan, pero tambi\u00e9n dependen ellos mismos de la ayuda. La Asociaci\u00f3n Alemana para el Bienestar Animal apoya a las organizaciones afiliadas cuando, por ejemplo, hay que atender a la vez a muchos animales procedentes de casos de acaparamiento o a cachorros enfermos procedentes del comercio ilegal, pero tambi\u00e9n cuando falta dinero para renovaciones urgentes.<\/p>\n<p>S\u00f3lo juntos podremos crear un mundo mejor para los animales.<\/p>\t\t\t\t\t\t\t\t<\/div>\n\t\t\t\t<\/div>\n\t\t\t\t\t<\/div>\n\t\t<\/div>\n\t\t\t\t\t<\/div>\n\t\t<\/section>\n\t\t\t\t<\/div>","protected":false},"excerpt":{"rendered":"<p>Deutscher Tierschutzbund e.V. Unter dem Motto \u201eTierschutz mit Herz und Verstand\u201c k\u00e4mpft der Deutsche Tierschutzbund, seit 1881 unter anderem f\u00fcr den Schutz der Tiere in der Landwirtschaft, macht sich gegen Tierversuche stark und unterst\u00fctzt die praktische Tierschutzarbeit. National, international sowie politisch auf Bundes- und EU-Ebene. Die Vision ist eine Gesellschaft, die alle Tiere als Mitgesch\u00f6pfe [&hellip;]<\/p>\n","protected":false},"author":3,"featured_media":792,"parent":0,"menu_order":0,"comment_status":"closed","ping_status":"closed","template":"","meta":{"footnotes":""},"class_list":["post-2233","page","type-page","status-publish","has-post-thumbnail","hentry"],"_links":{"self":[{"href":"https:\/\/www.tierschutz-bremerhaven.eu\/es\/wp-json\/wp\/v2\/pages\/2233","targetHints":{"allow":["GET"]}}],"collection":[{"href":"https:\/\/www.tierschutz-bremerhaven.eu\/es\/wp-json\/wp\/v2\/pages"}],"about":[{"href":"https:\/\/www.tierschutz-bremerhaven.eu\/es\/wp-json\/wp\/v2\/types\/page"}],"author":[{"embeddable":true,"href":"https:\/\/www.tierschutz-bremerhaven.eu\/es\/wp-json\/wp\/v2\/users\/3"}],"replies":[{"embeddable":true,"href":"https:\/\/www.tierschutz-bremerhaven.eu\/es\/wp-json\/wp\/v2\/comments?post=2233"}],"version-history":[{"count":27,"href":"https:\/\/www.tierschutz-bremerhaven.eu\/es\/wp-json\/wp\/v2\/pages\/2233\/revisions"}],"predecessor-version":[{"id":5320,"href":"https:\/\/www.tierschutz-bremerhaven.eu\/es\/wp-json\/wp\/v2\/pages\/2233\/revisions\/5320"}],"wp:featuredmedia":[{"embeddable":true,"href":"https:\/\/www.tierschutz-bremerhaven.eu\/es\/wp-json\/wp\/v2\/media\/792"}],"wp:attachment":[{"href":"https:\/\/www.tierschutz-bremerhaven.eu\/es\/wp-json\/wp\/v2\/media?parent=2233"}],"curies":[{"name":"wp","href":"https:\/\/api.w.org\/{rel}","templated":true}]}}