{"id":2311,"date":"2021-05-24T06:30:04","date_gmt":"2021-05-24T06:30:04","guid":{"rendered":"https:\/\/tierschutz-bremerhaven.eu\/?page_id=2311"},"modified":"2021-09-22T15:51:38","modified_gmt":"2021-09-22T15:51:38","slug":"ser","status":"publish","type":"page","link":"https:\/\/www.tierschutz-bremerhaven.eu\/es\/ser","title":{"rendered":"Ser"},"content":{"rendered":"<div data-elementor-type=\"wp-page\" data-elementor-id=\"2311\" class=\"elementor elementor-2311\" data-elementor-post-type=\"page\">\n\t\t\t\t\t\t<section class=\"elementor-section elementor-top-section elementor-element elementor-element-dde3447 elementor-section-boxed elementor-section-height-default elementor-section-height-default\" data-id=\"dde3447\" data-element_type=\"section\" data-e-type=\"section\">\n\t\t\t\t\t\t<div class=\"elementor-container elementor-column-gap-default\">\n\t\t\t\t\t<div class=\"elementor-column elementor-col-100 elementor-top-column elementor-element elementor-element-66dcf0e\" data-id=\"66dcf0e\" data-element_type=\"column\" data-e-type=\"column\">\n\t\t\t<div class=\"elementor-widget-wrap elementor-element-populated\">\n\t\t\t\t\t\t<div class=\"elementor-element elementor-element-e964b23 elementor-widget elementor-widget-accordion\" data-id=\"e964b23\" data-element_type=\"widget\" data-e-type=\"widget\" data-widget_type=\"accordion.default\">\n\t\t\t\t<div class=\"elementor-widget-container\">\n\t\t\t\t\t\t\t<div class=\"elementor-accordion\">\n\t\t\t\t\t\t\t<div class=\"elementor-accordion-item\">\n\t\t\t\t\t<div id=\"elementor-tab-title-2441\" class=\"elementor-tab-title\" data-tab=\"1\" role=\"button\" aria-controls=\"elementor-tab-content-2441\" aria-expanded=\"false\">\n\t\t\t\t\t\t\t\t\t\t\t\t\t<span class=\"elementor-accordion-icon elementor-accordion-icon-right\" aria-hidden=\"true\">\n\t\t\t\t\t\t\t\t\t\t\t\t\t\t\t<span class=\"elementor-accordion-icon-closed\"><i class=\"fas fa-plus\"><\/i><\/span>\n\t\t\t\t\t\t\t\t<span class=\"elementor-accordion-icon-opened\"><i class=\"fas fa-minus\"><\/i><\/span>\n\t\t\t\t\t\t\t\t\t\t\t\t\t\t<\/span>\n\t\t\t\t\t\t\t\t\t\t\t\t<a class=\"elementor-accordion-title\" tabindex=\"0\">En caso de emergencia<\/a>\n\t\t\t\t\t<\/div>\n\t\t\t\t\t<div id=\"elementor-tab-content-2441\" class=\"elementor-tab-content elementor-clearfix\" data-tab=\"1\" role=\"region\" aria-labelledby=\"elementor-tab-title-2441\"><p>\u00bfTiene una urgencia m\u00e9dica con su mascota?<\/p>\n<p>Mant\u00e9n la calma para poder tomar las medidas adecuadas.<\/p>\n<p>A continuaci\u00f3n le indicamos algunas direcciones y n\u00fameros de tel\u00e9fono donde puede obtener ayuda o asesoramiento veterinario r\u00e1pidamente en caso de urgencia. <br>En casos menos urgentes, su veterinario o las cl\u00ednicas veterinarias cercanas podr\u00e1n ayudarle durante el horario laboral normal.<\/p>\n<p><b>Servicio veterinario de urgencia Bremerhaven: 0172 - 6 51 12 48<\/b><\/p>\n<p><b>Cl\u00ednica veterinaria Bremen: 0421 - 1 22 11<\/b><\/p>\n<p>Si desea traernos un animal encontrado, ll\u00e1menos en horario de oficina al 0471 - 8 32 57. Puede dejar un mensaje en nuestro contestador y le devolveremos la llamada al d\u00eda siguiente como muy tarde.<\/p>\n<p>En casos urgentes, p\u00f3ngase en contacto con las siguientes personas fuera de nuestro horario laboral <b>Polic\u00eda bajo el Tel. 0471 - 9 53 11 40 <\/b>o <b><br>Bomberos, tel. 0471 - 59 00<\/b> Bremerhaven. En caso necesario, se pondr\u00e1n en contacto con nuestro servicio de urgencias.<\/p><\/div>\n\t\t\t\t<\/div>\n\t\t\t\t\t\t\t\t<\/div>\n\t\t\t\t\t\t<\/div>\n\t\t\t\t<\/div>\n\t\t\t\t<div class=\"elementor-element elementor-element-bb940d2 elementor-widget elementor-widget-accordion\" data-id=\"bb940d2\" data-element_type=\"widget\" data-e-type=\"widget\" data-widget_type=\"accordion.default\">\n\t\t\t\t<div class=\"elementor-widget-container\">\n\t\t\t\t\t\t\t<div class=\"elementor-accordion\">\n\t\t\t\t\t\t\t<div class=\"elementor-accordion-item\">\n\t\t\t\t\t<div id=\"elementor-tab-title-1961\" class=\"elementor-tab-title\" data-tab=\"1\" role=\"button\" aria-controls=\"elementor-tab-content-1961\" aria-expanded=\"false\">\n\t\t\t\t\t\t\t\t\t\t\t\t\t<span class=\"elementor-accordion-icon elementor-accordion-icon-right\" aria-hidden=\"true\">\n\t\t\t\t\t\t\t\t\t\t\t\t\t\t\t<span class=\"elementor-accordion-icon-closed\"><i class=\"fas fa-plus\"><\/i><\/span>\n\t\t\t\t\t\t\t\t<span class=\"elementor-accordion-icon-opened\"><i class=\"fas fa-minus\"><\/i><\/span>\n\t\t\t\t\t\t\t\t\t\t\t\t\t\t<\/span>\n\t\t\t\t\t\t\t\t\t\t\t\t<a class=\"elementor-accordion-title\" tabindex=\"0\">Animal salvaje encontrado<\/a>\n\t\t\t\t\t<\/div>\n\t\t\t\t\t<div id=\"elementor-tab-content-1961\" class=\"elementor-tab-content elementor-clearfix\" data-tab=\"1\" role=\"region\" aria-labelledby=\"elementor-tab-title-1961\"><p>Si desea ponerse en contacto con nosotros en relaci\u00f3n con un animal salvaje encontrado, le recordamos como precauci\u00f3n que\u00a0<strong><em>no nos hacemos responsables de los animales salvajes<\/em><\/strong>. Por favor, comprenda que no tenemos ni los conocimientos profundos ni la capacidad para acoger y cuidar ardillas, murci\u00e9lagos, etc. Si se trata de un animal herido, le ayudaremos en estos casos excepcionales, siempre que nuestra capacidad lo permita. Por supuesto, tambi\u00e9n le ayudaremos a encontrar un centro de acogida profesional.<\/p><p>P\u00f3ngase en contacto con nosotros en el refugio de animales en el 0471 - 8 32 57.<br \/>Fuera de nuestro horario de atenci\u00f3n al p\u00fablico, puede dejar un mensaje en nuestro contestador autom\u00e1tico. Le devolveremos la llamada inmediatamente.<\/p><p>Desgraciadamente, se trata de una tarea adicional que no puede llevarse a cabo junto con nuestro trabajo voluntario en favor del bienestar animal y el funcionamiento de nuestro refugio de animales.<\/p><p>Le deseamos mucho \u00e9xito y todo lo mejor para su protegido.<\/p><p><strong>Wildcats<\/strong><\/p><p>Si nos trae gatos vagabundos, los esterilizaremos y los devolveremos a sus territorios.<\/p><\/div>\n\t\t\t\t<\/div>\n\t\t\t\t\t\t\t\t<\/div>\n\t\t\t\t\t\t<\/div>\n\t\t\t\t<\/div>\n\t\t\t\t\t<\/div>\n\t\t<\/div>\n\t\t\t\t\t<\/div>\n\t\t<\/section>\n\t\t\t\t<\/div>","protected":false},"excerpt":{"rendered":"<p>Im Notfall Sie haben einen medizinischen Notfall mit Ihrem Tier? Bewahren Sie Ruhe, damit Sie die richtigen Ma\u00dfnahmen ergreifen k\u00f6nnen. Nachfolgend haben wir einige Adressen und Telefonnummern aufgelistet, unter denen Sie im Notfall schnell Hilfe oder einen tier\u00e4rztlichen Rat erhalten k\u00f6nnen. In nicht so dringenden F\u00e4llen, kann Ihnen zu den \u00fcblichen Gesch\u00e4ftszeiten auch sicher Ihr [&hellip;]<\/p>\n","protected":false},"author":3,"featured_media":0,"parent":0,"menu_order":0,"comment_status":"closed","ping_status":"closed","template":"","meta":{"footnotes":""},"class_list":["post-2311","page","type-page","status-publish","hentry"],"_links":{"self":[{"href":"https:\/\/www.tierschutz-bremerhaven.eu\/es\/wp-json\/wp\/v2\/pages\/2311","targetHints":{"allow":["GET"]}}],"collection":[{"href":"https:\/\/www.tierschutz-bremerhaven.eu\/es\/wp-json\/wp\/v2\/pages"}],"about":[{"href":"https:\/\/www.tierschutz-bremerhaven.eu\/es\/wp-json\/wp\/v2\/types\/page"}],"author":[{"embeddable":true,"href":"https:\/\/www.tierschutz-bremerhaven.eu\/es\/wp-json\/wp\/v2\/users\/3"}],"replies":[{"embeddable":true,"href":"https:\/\/www.tierschutz-bremerhaven.eu\/es\/wp-json\/wp\/v2\/comments?post=2311"}],"version-history":[{"count":15,"href":"https:\/\/www.tierschutz-bremerhaven.eu\/es\/wp-json\/wp\/v2\/pages\/2311\/revisions"}],"predecessor-version":[{"id":4064,"href":"https:\/\/www.tierschutz-bremerhaven.eu\/es\/wp-json\/wp\/v2\/pages\/2311\/revisions\/4064"}],"wp:attachment":[{"href":"https:\/\/www.tierschutz-bremerhaven.eu\/es\/wp-json\/wp\/v2\/media?parent=2311"}],"curies":[{"name":"wp","href":"https:\/\/api.w.org\/{rel}","templated":true}]}}