{"id":2640,"date":"2021-06-22T12:05:59","date_gmt":"2021-06-22T12:05:59","guid":{"rendered":"https:\/\/tierschutz-bremerhaven.eu\/?page_id=2640"},"modified":"2023-07-19T06:25:55","modified_gmt":"2023-07-19T06:25:55","slug":"donacion-en-especie","status":"publish","type":"page","link":"https:\/\/www.tierschutz-bremerhaven.eu\/es\/sachspende","title":{"rendered":"Donaci\u00f3n en especie"},"content":{"rendered":"<div data-elementor-type=\"wp-page\" data-elementor-id=\"2640\" class=\"elementor elementor-2640\" data-elementor-post-type=\"page\">\n\t\t\t\t\t\t<section class=\"elementor-section elementor-top-section elementor-element elementor-element-3f2c348 elementor-section-boxed elementor-section-height-default elementor-section-height-default\" data-id=\"3f2c348\" data-element_type=\"section\" data-e-type=\"section\" data-settings=\"{&quot;background_background&quot;:&quot;classic&quot;}\">\n\t\t\t\t\t\t<div class=\"elementor-container elementor-column-gap-default\">\n\t\t\t\t\t<div class=\"elementor-column elementor-col-100 elementor-top-column elementor-element elementor-element-2cef154\" data-id=\"2cef154\" data-element_type=\"column\" data-e-type=\"column\">\n\t\t\t<div class=\"elementor-widget-wrap elementor-element-populated\">\n\t\t\t\t\t\t<div class=\"elementor-element elementor-element-02a7822 elementor-widget elementor-widget-heading\" data-id=\"02a7822\" data-element_type=\"widget\" data-e-type=\"widget\" data-widget_type=\"heading.default\">\n\t\t\t\t<div class=\"elementor-widget-container\">\n\t\t\t\t\t<h2 class=\"elementor-heading-title elementor-size-default\">Donaci\u00f3n en especie<\/h2>\t\t\t\t<\/div>\n\t\t\t\t<\/div>\n\t\t\t\t<div class=\"elementor-element elementor-element-7cc7aaa elementor-widget elementor-widget-text-editor\" data-id=\"7cc7aaa\" data-element_type=\"widget\" data-e-type=\"widget\" data-widget_type=\"text-editor.default\">\n\t\t\t\t<div class=\"elementor-widget-container\">\n\t\t\t\t\t\t\t\t\t<p>El refugio de animales de Bremerhaven est\u00e1 contento por <b>cada<\/b> Donaciones Nos financiamos casi exclusivamente con donativos y estamos muy agradecidos por su apoyo.<\/p>\n<p>Ya sea un hueso para masticar, una cama para gatos o una cueva para conejos, ay\u00fadenos a cuidar bien de nuestras mascotas de refugio y quiz\u00e1s a cumplir un deseo especial para ellas.<br>Estamos encantados de recibir comida para mascotas, accesorios para mascotas, toallas y mantas. No aceptamos art\u00edculos convencionales de mercadillo por falta de espacio. En nuestra \"lista de deseos\" hemos resumido los art\u00edculos que m\u00e1s se necesitan actualmente en el refugio de animales de Bremerhaven.<\/p>\n<p>Hay una caja roja para donativos en la entrada principal del refugio de animales. Puede dejar aqu\u00ed su donativo en cualquier momento. Por supuesto, nuestra caja de donativos se vac\u00eda a diario. Por favor, entr\u00e9guenos s\u00f3lo donativos en especie que realmente podamos utilizar. Por razones de higiene, no podemos utilizar art\u00edculos defectuosos o muy sucios ni alimentos que ya hayan sido abiertos. Gracias por su comprensi\u00f3n.<\/p>\n<p>En el caso de las donaciones en especie, s\u00f3lo se puede expedir un recibo de donaci\u00f3n si los art\u00edculos son nuevos y se dispone de la factura de compra original con el precio de compra. Si desea un recibo de donaci\u00f3n, p\u00f3ngase en contacto con nuestro personal en el mostrador de inscripci\u00f3n o deje una nota en nuestro buz\u00f3n.<\/p>\n<p><strong>Muchas gracias por su ayuda.<br><\/strong><br>Si tiene alguna pregunta, p\u00f3ngase en contacto con nosotros en el refugio de animales Tel. <a href=\"tel:047183257\">0471 \u2013 8 32 57<\/a>. Fuera de nuestro horario de atenci\u00f3n al p\u00fablico puede dejar un mensaje en nuestro contestador autom\u00e1tico. Le devolveremos la llamada inmediatamente.<\/p>\t\t\t\t\t\t\t\t<\/div>\n\t\t\t\t<\/div>\n\t\t\t\t<div class=\"elementor-element elementor-element-6e99d73 elementor-widget elementor-widget-heading\" data-id=\"6e99d73\" data-element_type=\"widget\" data-e-type=\"widget\" data-widget_type=\"heading.default\">\n\t\t\t\t<div class=\"elementor-widget-container\">\n\t\t\t\t\t<h2 class=\"elementor-heading-title elementor-size-default\">Donaci\u00f3n en especie a trav\u00e9s de amazon<\/h2>\t\t\t\t<\/div>\n\t\t\t\t<\/div>\n\t\t\t\t<section class=\"elementor-section elementor-inner-section elementor-element elementor-element-152abfe elementor-section-content-middle elementor-section-boxed elementor-section-height-default elementor-section-height-default\" data-id=\"152abfe\" data-element_type=\"section\" data-e-type=\"section\">\n\t\t\t\t\t\t<div class=\"elementor-container elementor-column-gap-no\">\n\t\t\t\t\t<div class=\"elementor-column elementor-col-50 elementor-inner-column elementor-element elementor-element-1f0028b\" data-id=\"1f0028b\" data-element_type=\"column\" data-e-type=\"column\">\n\t\t\t<div class=\"elementor-widget-wrap elementor-element-populated\">\n\t\t\t\t\t\t<div class=\"elementor-element elementor-element-dc062c4 elementor-widget elementor-widget-image\" data-id=\"dc062c4\" data-element_type=\"widget\" data-e-type=\"widget\" data-widget_type=\"image.default\">\n\t\t\t\t<div class=\"elementor-widget-container\">\n\t\t\t\t\t\t\t\t\t\t\t\t\t\t\t\t<a href=\"https:\/\/www.amazon.de\/hz\/wishlist\/ls\/38YS7AHGU91G8?fbclid=IwAR3JGQdBqoeOUbr9tfflwvKsH-ubZR5uq1GhugoVebp6QwmJX8yYQtu2sdM\" target=\"_blank\">\n\t\t\t\t\t\t\t<img decoding=\"async\" width=\"150\" height=\"78\" src=\"https:\/\/www.tierschutz-bremerhaven.eu\/wp-content\/uploads\/2021\/09\/amazon_button.jpg\" class=\"attachment-large size-large wp-image-3954\" alt=\"\" \/>\t\t\t\t\t\t\t\t<\/a>\n\t\t\t\t\t\t\t\t\t\t\t\t\t\t\t<\/div>\n\t\t\t\t<\/div>\n\t\t\t\t\t<\/div>\n\t\t<\/div>\n\t\t\t\t<div class=\"elementor-column elementor-col-50 elementor-inner-column elementor-element elementor-element-167e860\" data-id=\"167e860\" data-element_type=\"column\" data-e-type=\"column\">\n\t\t\t<div class=\"elementor-widget-wrap elementor-element-populated\">\n\t\t\t\t\t\t<div class=\"elementor-element elementor-element-556736e elementor-widget elementor-widget-text-editor\" data-id=\"556736e\" data-element_type=\"widget\" data-e-type=\"widget\" data-widget_type=\"text-editor.default\">\n\t\t\t\t<div class=\"elementor-widget-container\">\n\t\t\t\t\t\t\t\t\t<p>Haga clic en el bot\u00f3n.<\/p>\t\t\t\t\t\t\t\t<\/div>\n\t\t\t\t<\/div>\n\t\t\t\t\t<\/div>\n\t\t<\/div>\n\t\t\t\t\t<\/div>\n\t\t<\/section>\n\t\t\t\t<div class=\"elementor-element elementor-element-417f8fd elementor-widget elementor-widget-heading\" data-id=\"417f8fd\" data-element_type=\"widget\" data-e-type=\"widget\" data-widget_type=\"heading.default\">\n\t\t\t\t<div class=\"elementor-widget-container\">\n\t\t\t\t\t<h2 class=\"elementor-heading-title elementor-size-default\">Donaci\u00f3n en especie a trav\u00e9s de zookauf Bremen-Aumund<\/h2>\t\t\t\t<\/div>\n\t\t\t\t<\/div>\n\t\t\t\t<section class=\"elementor-section elementor-inner-section elementor-element elementor-element-f91e462 elementor-section-content-middle elementor-section-boxed elementor-section-height-default elementor-section-height-default\" data-id=\"f91e462\" data-element_type=\"section\" data-e-type=\"section\">\n\t\t\t\t\t\t<div class=\"elementor-container elementor-column-gap-no\">\n\t\t\t\t\t<div class=\"elementor-column elementor-col-50 elementor-inner-column elementor-element elementor-element-0627216\" data-id=\"0627216\" data-element_type=\"column\" data-e-type=\"column\">\n\t\t\t<div class=\"elementor-widget-wrap elementor-element-populated\">\n\t\t\t\t\t\t<div class=\"elementor-element elementor-element-fd8e0cc elementor-widget elementor-widget-image\" data-id=\"fd8e0cc\" data-element_type=\"widget\" data-e-type=\"widget\" data-widget_type=\"image.default\">\n\t\t\t\t<div class=\"elementor-widget-container\">\n\t\t\t\t\t\t\t\t\t\t\t\t\t\t\t\t<a href=\"https:\/\/www.zookauf-aumund.de\/publicwish\/JcwblERvHYw5O42d?utm_source=wishlist&#038;utm_medium=referral&#038;utm_campaign=JcwblERvHYw5O42d\" target=\"_blank\">\n\t\t\t\t\t\t\t<img decoding=\"async\" width=\"150\" height=\"78\" src=\"https:\/\/www.tierschutz-bremerhaven.eu\/wp-content\/uploads\/2023\/07\/zookauf_logo-web.png\" class=\"attachment-large size-large wp-image-8707\" alt=\"\" \/>\t\t\t\t\t\t\t\t<\/a>\n\t\t\t\t\t\t\t\t\t\t\t\t\t\t\t<\/div>\n\t\t\t\t<\/div>\n\t\t\t\t\t<\/div>\n\t\t<\/div>\n\t\t\t\t<div class=\"elementor-column elementor-col-50 elementor-inner-column elementor-element elementor-element-45ef8b9\" data-id=\"45ef8b9\" data-element_type=\"column\" data-e-type=\"column\">\n\t\t\t<div class=\"elementor-widget-wrap elementor-element-populated\">\n\t\t\t\t\t\t<div class=\"elementor-element elementor-element-e32fbd4 elementor-widget elementor-widget-text-editor\" data-id=\"e32fbd4\" data-element_type=\"widget\" data-e-type=\"widget\" data-widget_type=\"text-editor.default\">\n\t\t\t\t<div class=\"elementor-widget-container\">\n\t\t\t\t\t\t\t\t\t<p>Haga clic en el bot\u00f3n.<\/p>\t\t\t\t\t\t\t\t<\/div>\n\t\t\t\t<\/div>\n\t\t\t\t\t<\/div>\n\t\t<\/div>\n\t\t\t\t\t<\/div>\n\t\t<\/section>\n\t\t\t\t\t<\/div>\n\t\t<\/div>\n\t\t\t\t\t<\/div>\n\t\t<\/section>\n\t\t\t\t<\/div>","protected":false},"excerpt":{"rendered":"<p>Sachspende Das Tierheim Bremerhaven freut sich \u00fcber jede Zuwendung! Wir finanzieren uns fast ausschlie\u00dflich durch Spenden und freuen uns sehr \u00fcber Ihre Unterst\u00fctzung. Ob Kauknochen, Katzenbettchen, oder Kaninchenh\u00f6hle \u2013 helfen Sie mit, unsere Tierheimsch\u00fctzlinge gut zu versorgen und ihnen vielleicht auch einmal einen besonderen Wunsch zu erf\u00fcllen.Wir freuen uns \u00fcber Tierfutter, Tierzubeh\u00f6r, Handt\u00fccher und Decken. [&hellip;]<\/p>\n","protected":false},"author":3,"featured_media":0,"parent":0,"menu_order":0,"comment_status":"closed","ping_status":"closed","template":"","meta":{"footnotes":""},"class_list":["post-2640","page","type-page","status-publish","hentry"],"_links":{"self":[{"href":"https:\/\/www.tierschutz-bremerhaven.eu\/es\/wp-json\/wp\/v2\/pages\/2640","targetHints":{"allow":["GET"]}}],"collection":[{"href":"https:\/\/www.tierschutz-bremerhaven.eu\/es\/wp-json\/wp\/v2\/pages"}],"about":[{"href":"https:\/\/www.tierschutz-bremerhaven.eu\/es\/wp-json\/wp\/v2\/types\/page"}],"author":[{"embeddable":true,"href":"https:\/\/www.tierschutz-bremerhaven.eu\/es\/wp-json\/wp\/v2\/users\/3"}],"replies":[{"embeddable":true,"href":"https:\/\/www.tierschutz-bremerhaven.eu\/es\/wp-json\/wp\/v2\/comments?post=2640"}],"version-history":[{"count":154,"href":"https:\/\/www.tierschutz-bremerhaven.eu\/es\/wp-json\/wp\/v2\/pages\/2640\/revisions"}],"predecessor-version":[{"id":8716,"href":"https:\/\/www.tierschutz-bremerhaven.eu\/es\/wp-json\/wp\/v2\/pages\/2640\/revisions\/8716"}],"wp:attachment":[{"href":"https:\/\/www.tierschutz-bremerhaven.eu\/es\/wp-json\/wp\/v2\/media?parent=2640"}],"curies":[{"name":"wp","href":"https:\/\/api.w.org\/{rel}","templated":true}]}}