{"id":2811,"date":"2021-07-23T06:18:20","date_gmt":"2021-07-23T06:18:20","guid":{"rendered":"https:\/\/tierschutz-bremerhaven.eu\/?page_id=2811"},"modified":"2021-09-24T16:54:49","modified_gmt":"2021-09-24T16:54:49","slug":"donacion-de-dinero","status":"publish","type":"page","link":"https:\/\/www.tierschutz-bremerhaven.eu\/es\/geldspende","title":{"rendered":"Donaci\u00f3n en met\u00e1lico"},"content":{"rendered":"<div data-elementor-type=\"wp-page\" data-elementor-id=\"2811\" class=\"elementor elementor-2811\" data-elementor-post-type=\"page\">\n\t\t\t\t\t\t<section class=\"elementor-section elementor-top-section elementor-element elementor-element-3f2c348 elementor-section-boxed elementor-section-height-default elementor-section-height-default\" data-id=\"3f2c348\" data-element_type=\"section\" data-e-type=\"section\" data-settings=\"{&quot;background_background&quot;:&quot;classic&quot;}\">\n\t\t\t\t\t\t<div class=\"elementor-container elementor-column-gap-default\">\n\t\t\t\t\t<div class=\"elementor-column elementor-col-100 elementor-top-column elementor-element elementor-element-2cef154\" data-id=\"2cef154\" data-element_type=\"column\" data-e-type=\"column\">\n\t\t\t<div class=\"elementor-widget-wrap elementor-element-populated\">\n\t\t\t\t\t\t<div class=\"elementor-element elementor-element-02a7822 elementor-widget elementor-widget-heading\" data-id=\"02a7822\" data-element_type=\"widget\" data-e-type=\"widget\" data-widget_type=\"heading.default\">\n\t\t\t\t<div class=\"elementor-widget-container\">\n\t\t\t\t\t<h2 class=\"elementor-heading-title elementor-size-default\">Donaci\u00f3n en met\u00e1lico<\/h2>\t\t\t\t<\/div>\n\t\t\t\t<\/div>\n\t\t\t\t<div class=\"elementor-element elementor-element-7cc7aaa elementor-widget elementor-widget-text-editor\" data-id=\"7cc7aaa\" data-element_type=\"widget\" data-e-type=\"widget\" data-widget_type=\"text-editor.default\">\n\t\t\t\t<div class=\"elementor-widget-container\">\n\t\t\t\t\t\t\t\t\t<p>Como organizaci\u00f3n sin \u00e1nimo de lucro, dependemos de las donaciones para gestionar el refugio de animales, que por supuesto son deducibles de impuestos. Si dona 200 euros o m\u00e1s, recibir\u00e1 autom\u00e1ticamente un recibo de donaci\u00f3n. Si desea un recibo por un importe inferior, tambi\u00e9n es posible.&nbsp;<br><br><b>Nuestra cuenta de donaciones:<br>Caja de Ahorros Weser-Elbe<br>IBAN: DE49 2925 0000 0002 0075 50<br>BIC: BRLADE21BRS<\/b><\/p>\n<p>P\u00f3ngase en contacto con nosotros en el refugio de animales en el Tel. <a href=\"tel:047183257\">0471 \u2013 8 32 57<\/a>. Fuera de nuestro horario de atenci\u00f3n al p\u00fablico puede dejar un mensaje en nuestro contestador autom\u00e1tico. Le devolveremos la llamada inmediatamente.<\/p>\t\t\t\t\t\t\t\t<\/div>\n\t\t\t\t<\/div>\n\t\t\t\t\t<\/div>\n\t\t<\/div>\n\t\t\t\t\t<\/div>\n\t\t<\/section>\n\t\t\t\t<\/div>","protected":false},"excerpt":{"rendered":"<p>Geldspende Als gemeinn\u00fctziger Verein sind wir f\u00fcr die Unterhaltung des Tierheims auf Spenden angewiesen, die selbstverst\u00e4ndlich steuerlich abzugsf\u00e4hig sind. Ab 200 Euro Spende erhalten Sie automatisch eine Spendenbescheinigung zugesandt. Sollten Sie bei niedrigeren Betr\u00e4gen ein Bescheinigung w\u00fcnschen, ist dies nat\u00fcrlich auch m\u00f6glich.&nbsp; Unser Spendenkonto:Weser-Elbe SparkasseIBAN: DE49 2925 0000 0002 0075 50BIC: BRLADE21BRS Bitte melden Sie [&hellip;]<\/p>\n","protected":false},"author":3,"featured_media":0,"parent":0,"menu_order":0,"comment_status":"closed","ping_status":"closed","template":"","meta":{"footnotes":""},"class_list":["post-2811","page","type-page","status-publish","hentry"],"_links":{"self":[{"href":"https:\/\/www.tierschutz-bremerhaven.eu\/es\/wp-json\/wp\/v2\/pages\/2811","targetHints":{"allow":["GET"]}}],"collection":[{"href":"https:\/\/www.tierschutz-bremerhaven.eu\/es\/wp-json\/wp\/v2\/pages"}],"about":[{"href":"https:\/\/www.tierschutz-bremerhaven.eu\/es\/wp-json\/wp\/v2\/types\/page"}],"author":[{"embeddable":true,"href":"https:\/\/www.tierschutz-bremerhaven.eu\/es\/wp-json\/wp\/v2\/users\/3"}],"replies":[{"embeddable":true,"href":"https:\/\/www.tierschutz-bremerhaven.eu\/es\/wp-json\/wp\/v2\/comments?post=2811"}],"version-history":[{"count":67,"href":"https:\/\/www.tierschutz-bremerhaven.eu\/es\/wp-json\/wp\/v2\/pages\/2811\/revisions"}],"predecessor-version":[{"id":4701,"href":"https:\/\/www.tierschutz-bremerhaven.eu\/es\/wp-json\/wp\/v2\/pages\/2811\/revisions\/4701"}],"wp:attachment":[{"href":"https:\/\/www.tierschutz-bremerhaven.eu\/es\/wp-json\/wp\/v2\/media?parent=2811"}],"curies":[{"name":"wp","href":"https:\/\/api.w.org\/{rel}","templated":true}]}}