{"id":4131,"date":"2021-09-23T08:09:16","date_gmt":"2021-09-23T08:09:16","guid":{"rendered":"https:\/\/tierschutz-bremerhaven.eu\/?page_id=4131"},"modified":"2021-09-27T08:37:14","modified_gmt":"2021-09-27T08:37:14","slug":"libro-de-visitas","status":"publish","type":"page","link":"https:\/\/www.tierschutz-bremerhaven.eu\/es\/aktuelles\/gaestebuch","title":{"rendered":"Libro de visitas"},"content":{"rendered":"<div data-elementor-type=\"wp-page\" data-elementor-id=\"4131\" class=\"elementor elementor-4131\" data-elementor-post-type=\"page\">\n\t\t\t\t\t\t<section class=\"elementor-section elementor-top-section elementor-element elementor-element-a1c6fb4 elementor-section-boxed elementor-section-height-default elementor-section-height-default\" data-id=\"a1c6fb4\" data-element_type=\"section\" data-e-type=\"section\">\n\t\t\t\t\t\t<div class=\"elementor-container elementor-column-gap-default\">\n\t\t\t\t\t<div class=\"elementor-column elementor-col-100 elementor-top-column elementor-element elementor-element-172e4eb\" data-id=\"172e4eb\" data-element_type=\"column\" data-e-type=\"column\">\n\t\t\t<div class=\"elementor-widget-wrap elementor-element-populated\">\n\t\t\t\t\t\t<div class=\"elementor-element elementor-element-e6dee8b elementor-widget elementor-widget-heading\" data-id=\"e6dee8b\" data-element_type=\"widget\" data-e-type=\"widget\" data-widget_type=\"heading.default\">\n\t\t\t\t<div class=\"elementor-widget-container\">\n\t\t\t\t\t<h2 class=\"elementor-heading-title elementor-size-default\">Libro de visitas<\/h2>\t\t\t\t<\/div>\n\t\t\t\t<\/div>\n\t\t\t\t<div class=\"elementor-element elementor-element-90137e2 elementor-widget elementor-widget-text-editor\" data-id=\"90137e2\" data-element_type=\"widget\" data-e-type=\"widget\" data-widget_type=\"text-editor.default\">\n\t\t\t\t<div class=\"elementor-widget-container\">\n\t\t\t\t\t\t\t\t\t<p>No dude en hacernos llegar sus sugerencias, cr\u00edticas o elogios. Simplemente escr\u00edbanos una rese\u00f1a. Estaremos encantados de recibir sus mensajes.<\/p>\t\t\t\t\t\t\t\t<\/div>\n\t\t\t\t<\/div>\n\t\t\t\t<div class=\"elementor-element elementor-element-20b3fa1 elementor-widget elementor-widget-shortcode\" data-id=\"20b3fa1\" data-element_type=\"widget\" data-e-type=\"widget\" data-widget_type=\"shortcode.default\">\n\t\t\t\t<div class=\"elementor-widget-container\">\n\t\t\t\t\t\t\t<div class=\"elementor-shortcode\"><div class=\"gwolle-gb\"><div class=\"gwolle-gb-messages-top-container\"><\/div>\n\t\t\t<div class=\"gwolle-gb-write-button\">\n\t\t\t\t<input type=\"button\" name=\"gwolle-gb-write-button\" class=\"button btn btn-default\" value=\"Escribe una nueva entrada.\" aria-expanded=\"false\" \/>\n\t\t\t<\/div>\n\t\t\t<form action=\"#\" method=\"POST\" class=\"gwolle-gb-write gwolle-gb-hide gwolle-gb-float gwolle-gb-form-ajax gwolle-gb-ajax gwolle-gb-not-logged-in\" data-trp-original-action=\"#\">\n\t\t\t\t<h3>Escribir una nueva entrada para el libro de visitas<\/h3>\n\t\t\t\t<button type=\"button\" class=\"gb-notice-dismiss\">x<span class=\"screen-reader-text\">Ocultar este formulario.<\/span><\/button>\n\t\t\t\n\t\t\t\t<input type=\"hidden\" name=\"gwolle_gb_function\" class=\"gwolle_gb_function\" value=\"add_entry\" \/><input type=\"hidden\" name=\"gwolle_gb_book_id\" class=\"gwolle_gb_book_id\" value=\"1\" \/><div class=\"gwolle_gb_f47222b44f8dde32cd21e617997febd7\">\n\t\t\t\t<div class=\"label\"><label for=\"gwolle_gb_f47222b44f8dde32cd21e617997febd7-1\" class=\"text-info\">Nombre <span class=\"required\">*<\/span><\/label><\/div>\n\t\t\t\t<div class=\"input\"><input class=\"wp-exclude-emoji gwolle_gb_f47222b44f8dde32cd21e617997febd7\" value=\"\" type=\"text\" id=\"gwolle_gb_f47222b44f8dde32cd21e617997febd7-1\" name=\"gwolle_gb_f47222b44f8dde32cd21e617997febd7\" required \/><\/div>\n\t\t\t\t<div class=\"clearBoth\">&nbsp;<\/div>\n\t\t\t<\/div><div class=\"gwolle_gb_2cede64b92dd7b0c795a2a271c043e66\">\n\t\t\t\t<div class=\"label\"><label for=\"gwolle_gb_2cede64b92dd7b0c795a2a271c043e66-1\" class=\"text-info\">correo electr\u00f3nico <span class=\"required\">*<\/span><\/label><\/div>\n\t\t\t\t<div class=\"input\"><input class=\"gwolle_gb_2cede64b92dd7b0c795a2a271c043e66\" value=\"\" type=\"email\" id=\"gwolle_gb_2cede64b92dd7b0c795a2a271c043e66-1\" name=\"gwolle_gb_2cede64b92dd7b0c795a2a271c043e66\" required \/><\/div>\n\t\t\t\t<div class=\"clearBoth\">&nbsp;<\/div>\n\t\t\t<\/div>\n\t\t\t<div class=\"gwolle_gb_1254edfdc068dab05dbe071d01159bd0\" style=\"display:none;overflow:hidden;\" hidden=\"true\" aria-hidden=\"true\">\n\t\t\t\t<div class=\"label\">\n\t\t\t\t\t<label for=\"gwolle_gb_1254edfdc068dab05dbe071d01159bd0-1\" class=\"text-primary\">No toque esto<\/label>\n\t\t\t\t\t<label for=\"gwolle_gb_b32a61d1500a793fcd7fad6383cc9e6d-1\" class=\"text-primary\">No toque esto<\/label>\n\t\t\t\t<\/div>\n\t\t\t\t<div class=\"input\">\n\t\t\t\t\t<input value=\"23\" type=\"text\" id=\"gwolle_gb_1254edfdc068dab05dbe071d01159bd0-1\" name=\"gwolle_gb_1254edfdc068dab05dbe071d01159bd0\" class=\"gwolle_gb_1254edfdc068dab05dbe071d01159bd0\" style=\"transform: translateY(10000px);\" \/>\n\t\t\t\t\t<input value=\"\" type=\"text\" name=\"gwolle_gb_b32a61d1500a793fcd7fad6383cc9e6d\" id=\"gwolle_gb_b32a61d1500a793fcd7fad6383cc9e6d-1\" class=\"gwolle_gb_b32a61d1500a793fcd7fad6383cc9e6d\" style=\"transform: translateY(10000px);\" \/>\n\t\t\t\t<\/div>\n\t\t\t\t<div class=\"clearBoth\"><\/div>\n\t\t\t<\/div>\n\t\t\t<div class=\"gwolle_gb_1c1757028662fd8cb161213f60be5b74\" style=\"display:none;overflow:hidden;\" hidden=\"true\" aria-hidden=\"true\">\n\t\t\t\t<div class=\"label\">\n\t\t\t\t\t<label for=\"gwolle_gb_1c1757028662fd8cb161213f60be5b74-1\" class=\"text-primary\">No toque esto<\/label>\n\t\t\t\t\t<label for=\"gwolle_gb_faa239614d0ac56d0ca4298bfc6117ad-1\" class=\"text-primary\">No toque esto<\/label>\n\t\t\t\t<\/div>\n\t\t\t\t<div class=\"input\">\n\t\t\t\t\t<input value=\"88083\" type=\"text\" id=\"gwolle_gb_1c1757028662fd8cb161213f60be5b74-1\" name=\"gwolle_gb_1c1757028662fd8cb161213f60be5b74\" class=\"gwolle_gb_1c1757028662fd8cb161213f60be5b74\" style=\"transform: translateY(10000px);\" \/>\n\t\t\t\t\t<input value=\"88083\" type=\"text\"id=\"gwolle_gb_faa239614d0ac56d0ca4298bfc6117ad-1\" name=\"gwolle_gb_faa239614d0ac56d0ca4298bfc6117ad\" class=\"gwolle_gb_faa239614d0ac56d0ca4298bfc6117ad\" style=\"transform: translateY(10000px);\" \/>\n\t\t\t\t<\/div>\n\t\t\t\t<div class=\"clearBoth\"><\/div>\n\t\t\t<\/div><div class=\"gwolle_gb_content\">\n\t\t\t\t<div class=\"label\"><label for=\"gwolle_gb_content-1\" class=\"text-info\">Libro de visitas <span class=\"required\">*<\/span><\/label><\/div>\n\t\t\t\t<div class=\"input\"><textarea id=\"gwolle_gb_content-1\" name=\"gwolle_gb_content\" class=\"gwolle_gb_content wp-exclude-emoji\" required><\/textarea><\/div>\n\t\t\t\t\t<div class=\"clearBoth\">&nbsp;<\/div>\n\t\t\t\t<\/div>\n\t\t\t\t<div class=\"gwolle_gb_privacy gwolle-gb-privacy\">\n\t\t\t\t\t<div class=\"label\"><label for=\"gwolle_gb_privacy-1\" class=\"text-info\">Acepto la <a href=\"https:\/\/www.tierschutz-bremerhaven.eu\/es\/datenschutz\" title=\"Lea la Pol\u00edtica de privacidad\" target=\"_blank\">Pol\u00edtica de privacidad<\/a> <span class=\"required\">*<\/span><\/label><\/div>\n\t\t\t\t\t<div class=\"input\"><input type=\"checkbox\" id=\"gwolle_gb_privacy-1\" name=\"gwolle_gb_privacy\" class=\"gwolle_gb_privacy\" required \/><\/div>\n\t\t\t\t\t<div class=\"clearBoth\">&nbsp;<\/div>\n\t\t\t\t<\/div><input type=\"hidden\" class=\"gwolle_gb_5db1ecd880f9950fbeea27a4179f2d16\" id=\"gwolle_gb_5db1ecd880f9950fbeea27a4179f2d16-1\" name=\"gwolle_gb_5db1ecd880f9950fbeea27a4179f2d16\" value=\"0d8eff6bab\" \/>\n\t\t\t<div class=\"gwolle-gb-messages-bottom-container\"><\/div>\n\n\t\t\t<noscript><div class=\"no-js\">Advertencia: Este formulario s\u00f3lo puede utilizarse si JavaScript est\u00e1 activado en su navegador.<\/div><\/noscript>\n\n\t\t\t<div class=\"gwolle_gb_submit gwolle-gb-submit\">\n\t\t\t\t<div class=\"label gwolle-gb-invisible text-muted\">&nbsp;<\/div>\n\t\t\t\t<div class=\"input\">\n\t\t\t\t\t<input type=\"submit\" name=\"gwolle_gb_submit\" class=\"gwolle_gb_submit button btn btn-primary\" value=\"Enviar\" \/>\n\t\t\t\t\t<span class=\"gwolle_gb_submit_ajax_icon gwolle-gb-submit-ajax-icon\"><\/span>\n\t\t\t\n\t\t\t\t<\/div>\n\t\t\t\t<div class=\"clearBoth\">&nbsp;<\/div>\n\t\t\t<\/div>\n\n\t\t\t<div class=\"gwolle_gb_notice gwolle-gb-notice\">\n\t\t\t\tLos campos marcados con * son obligatorios. Su direcci\u00f3n de correo electr\u00f3nico no se publicar\u00e1.<br \/>\r\nEs posible que su entrada en el libro de visitas s\u00f3lo sea visible despu\u00e9s de que la hayamos comprobado.\n\t\t\t<\/div><input type=\"hidden\" name=\"trp-form-language\" value=\"es\"\/><\/form><div class=\"gwolle-gb-read gwolle-gb-ajax gwolle-gb-entries-list\" data-book_id=\"1\" data-page_id=\"1\">\n\t\t<div id=\"gwolle-gb-total\" class=\"gwolle-gb-total\">6 entradas.<\/div><!-- Gwolle-GB Entry: Default Template Loaded -->\n\t\t\t\t<div class=\"gb-entry gb-entry_22 gb-entry-count_1 gwolle-gb-uneven gwolle-gb-first\" id=\"gb-entry_22\" data-entry_id=\"22\">\n\t\t\t\t<article>\n\t\t\t\t\t<div class=\"gb-author-info\">\n\t\t\t\t\t\t<span class=\"gb-author-name\">Nicole\n\t\t\t\t\t\t<\/span>\n\t\t\t\t\t\t<span class=\"gb-datetime\">\n\t\t\t\t\t\t\t<span class=\"gb-date\"><span class=\"gb-date-wrote-text\"> escribi\u00f3 el<\/span><span class=\"gb-date-text\"> 18. enero 2025<\/span>\n\t\t\t\t\t\t\t<\/span>\n\t\t\t\t\t\t<\/span> \n\t\t\t\t\t<\/div>\n\t\t\t\t\t<div class=\"gb-entry-content\">Estimado equipo del refugio de animales<br \/>\nHemos encontrado nuestro RAMBO con usted. <br \/>\nEs un perro muy dulce y mimoso. <br \/>\nEstamos muy agradecidos de que se nos permita darle un nuevo hogar. <br \/>\nCon cari\u00f1o de RAMBO y su nueva familia\n\t\t\t\t\t<\/div>\n\t\t\t\t<\/article>\n\t\t\t<\/div>\n\t\t\t<div class=\"gb-entry gb-entry_21 gb-entry-count_2 gwolle-gb-even\" id=\"gb-entry_21\" data-entry_id=\"21\">\n\t\t\t\t<article>\n\t\t\t\t\t<div class=\"gb-author-info\">\n\t\t\t\t\t\t<span class=\"gb-author-name\">Dirk Str\u00fccker\n\t\t\t\t\t\t<\/span>\n\t\t\t\t\t\t<span class=\"gb-datetime\">\n\t\t\t\t\t\t\t<span class=\"gb-date\"><span class=\"gb-date-wrote-text\"> escribi\u00f3 el<\/span><span class=\"gb-date-text\"> 20 noviembre 2024<\/span>\n\t\t\t\t\t\t\t<\/span>\n\t\t\t\t\t\t<\/span> \n\t\t\t\t\t<\/div>\n\t\t\t\t\t<div class=\"gb-entry-content\">Tiffy (antes Garfield) lleva un a\u00f1o conmigo. Es un gato realmente estupendo y me alegro cada d\u00eda de que est\u00e9 aqu\u00ed.<br \/>\nGracias de nuevo y todo lo mejor para su futuro trabajo.\n\t\t\t\t\t<\/div>\n\t\t\t\t<\/article>\n\t\t\t<\/div>\n\t\t\t<div class=\"gb-entry gb-entry_18 gb-entry-count_3 gwolle-gb-uneven\" id=\"gb-entry_18\" data-entry_id=\"18\">\n\t\t\t\t<article>\n\t\t\t\t\t<div class=\"gb-author-info\">\n\t\t\t\t\t\t<span class=\"gb-author-name\">Giuliana\n\t\t\t\t\t\t<\/span>\n\t\t\t\t\t\t<span class=\"gb-datetime\">\n\t\t\t\t\t\t\t<span class=\"gb-date\"><span class=\"gb-date-wrote-text\"> escribi\u00f3 el<\/span><span class=\"gb-date-text\"> 23 octubre 2024<\/span>\n\t\t\t\t\t\t\t<\/span>\n\t\t\t\t\t\t<\/span> \n\t\t\t\t\t<\/div>\n\t\t\t\t\t<div class=\"gb-entry-content\">Encontramos a nuestra gran perra Heidi contigo. Y ella nos encontr\u00f3 a nosotros. Hac\u00e9is un gran trabajo y creemos que el proceso y el conoceros son geniales. Realmente os desviv\u00eds por encontrar el hogar perfecto para los animales. Ning\u00fan animal es simplemente puesto \"bajo el cap\u00f3\" r\u00e1pidamente para hacer sitio. Es un proceso estupendo para que las personas y los animales sepan si son compatibles. Estamos muy contentos con nuestro perro y s\u00f3lo quer\u00edamos darles las gracias de nuevo.\n\t\t\t\t\t<\/div>\n\t\t\t\t<\/article>\n\t\t\t<\/div>\n\t\t\t<div class=\"gb-entry gb-entry_12 gb-entry-count_4 gwolle-gb-even\" id=\"gb-entry_12\" data-entry_id=\"12\">\n\t\t\t\t<article>\n\t\t\t\t\t<div class=\"gb-author-info\">\n\t\t\t\t\t\t<span class=\"gb-author-name\">Uta Bensel\n\t\t\t\t\t\t<\/span>\n\t\t\t\t\t\t<span class=\"gb-datetime\">\n\t\t\t\t\t\t\t<span class=\"gb-date\"><span class=\"gb-date-wrote-text\"> escribi\u00f3 el<\/span><span class=\"gb-date-text\"> 25 enero 2022<\/span>\n\t\t\t\t\t\t\t<\/span>\n\t\t\t\t\t\t<\/span> \n\t\t\t\t\t<\/div>\n\t\t\t\t\t<div class=\"gb-entry-content\">Mucho \u00e9xito: \u00a1el nuevo HP!\n\t\t\t\t\t<\/div>\n\t\t\t\t<\/article>\n\t\t\t<\/div>\n\t\t\t<div class=\"gb-entry gb-entry_11 gb-entry-count_5 gwolle-gb-uneven\" id=\"gb-entry_11\" data-entry_id=\"11\">\n\t\t\t\t<article>\n\t\t\t\t\t<div class=\"gb-author-info\">\n\t\t\t\t\t\t<span class=\"gb-author-name\">Silvia Troike\n\t\t\t\t\t\t<\/span>\n\t\t\t\t\t\t<span class=\"gb-datetime\">\n\t\t\t\t\t\t\t<span class=\"gb-date\"><span class=\"gb-date-wrote-text\"> escribi\u00f3 el<\/span><span class=\"gb-date-text\"> 25 enero 2022<\/span>\n\t\t\t\t\t\t\t<\/span>\n\t\t\t\t\t\t<\/span> \n\t\t\t\t\t<\/div>\n\t\t\t\t\t<div class=\"gb-entry-content\">\ud83c\udf40\ud83c\udf40\ud83d\udc4d\ud83d\udc4d\u2764\ufe0f felicidades por la nueva pagina...saludos a todos de parte de Kusco \ud83d\udc15\u2764\ufe0f\u2764\ufe0f\u2764\ufe0f y sus humanos...EL es taaan feliz aqui.... Un tesoro en cuatro patas...\ud83d\udc15\u2764\ufe0f\ud83c\udf40\n\t\t\t\t\t<\/div>\n\t\t\t\t<\/article>\n\t\t\t<\/div>\n\t\t\t<div class=\"gb-entry gb-entry_10 gb-entry-count_6 gwolle-gb-even\" id=\"gb-entry_10\" data-entry_id=\"10\">\n\t\t\t\t<article>\n\t\t\t\t\t<div class=\"gb-author-info\">\n\t\t\t\t\t\t<span class=\"gb-author-name\">Sabine Rimkus\n\t\t\t\t\t\t<\/span>\n\t\t\t\t\t\t<span class=\"gb-datetime\">\n\t\t\t\t\t\t\t<span class=\"gb-date\"><span class=\"gb-date-wrote-text\"> escribi\u00f3 el<\/span><span class=\"gb-date-text\"> 24 enero 2022<\/span>\n\t\t\t\t\t\t\t<\/span>\n\t\t\t\t\t\t<\/span> \n\t\t\t\t\t<\/div>\n\t\t\t\t\t<div class=\"gb-entry-content\">Enhorabuena por la nueva p\u00e1gina web.\n\t\t\t\t\t<\/div>\n\t\t\t\t<\/article>\n\t\t\t<\/div>\n\t\t\t<\/div><\/div><\/div>\n\t\t\t\t\t\t<\/div>\n\t\t\t\t<\/div>\n\t\t\t\t\t<\/div>\n\t\t<\/div>\n\t\t\t\t\t<\/div>\n\t\t<\/section>\n\t\t\t\t<\/div>","protected":false},"excerpt":{"rendered":"<p>Libro de visitas No dude en hacernos llegar sus sugerencias, cr\u00edticas o elogios. Simplemente escr\u00edbanos una rese\u00f1a. Estaremos encantados de recibir cualquier mensaje.<\/p>","protected":false},"author":3,"featured_media":0,"parent":2980,"menu_order":0,"comment_status":"closed","ping_status":"closed","template":"","meta":{"footnotes":""},"class_list":["post-4131","page","type-page","status-publish","hentry"],"_links":{"self":[{"href":"https:\/\/www.tierschutz-bremerhaven.eu\/es\/wp-json\/wp\/v2\/pages\/4131","targetHints":{"allow":["GET"]}}],"collection":[{"href":"https:\/\/www.tierschutz-bremerhaven.eu\/es\/wp-json\/wp\/v2\/pages"}],"about":[{"href":"https:\/\/www.tierschutz-bremerhaven.eu\/es\/wp-json\/wp\/v2\/types\/page"}],"author":[{"embeddable":true,"href":"https:\/\/www.tierschutz-bremerhaven.eu\/es\/wp-json\/wp\/v2\/users\/3"}],"replies":[{"embeddable":true,"href":"https:\/\/www.tierschutz-bremerhaven.eu\/es\/wp-json\/wp\/v2\/comments?post=4131"}],"version-history":[{"count":31,"href":"https:\/\/www.tierschutz-bremerhaven.eu\/es\/wp-json\/wp\/v2\/pages\/4131\/revisions"}],"predecessor-version":[{"id":4761,"href":"https:\/\/www.tierschutz-bremerhaven.eu\/es\/wp-json\/wp\/v2\/pages\/4131\/revisions\/4761"}],"up":[{"embeddable":true,"href":"https:\/\/www.tierschutz-bremerhaven.eu\/es\/wp-json\/wp\/v2\/pages\/2980"}],"wp:attachment":[{"href":"https:\/\/www.tierschutz-bremerhaven.eu\/es\/wp-json\/wp\/v2\/media?parent=4131"}],"curies":[{"name":"wp","href":"https:\/\/api.w.org\/{rel}","templated":true}]}}