{"id":4937,"date":"2021-09-28T11:24:19","date_gmt":"2021-09-28T11:24:19","guid":{"rendered":"https:\/\/tierschutz-bremerhaven.eu\/?page_id=4937"},"modified":"2026-02-11T11:17:31","modified_gmt":"2026-02-11T10:17:31","slug":"spendenhaeuschen","status":"publish","type":"page","link":"https:\/\/www.tierschutz-bremerhaven.eu\/es\/spendenhaeuschen","title":{"rendered":"Centro de donaciones"},"content":{"rendered":"<div data-elementor-type=\"wp-page\" data-elementor-id=\"4937\" class=\"elementor elementor-4937\" data-elementor-post-type=\"page\">\n\t\t\t\t\t\t<section class=\"elementor-section elementor-top-section elementor-element elementor-element-573adc2 elementor-section-boxed elementor-section-height-default elementor-section-height-default\" data-id=\"573adc2\" data-element_type=\"section\" data-e-type=\"section\" data-settings=\"{&quot;background_background&quot;:&quot;classic&quot;}\">\n\t\t\t\t\t\t<div class=\"elementor-container elementor-column-gap-default\">\n\t\t\t\t\t<div class=\"elementor-column elementor-col-50 elementor-top-column elementor-element elementor-element-7841c69d\" data-id=\"7841c69d\" data-element_type=\"column\" data-e-type=\"column\">\n\t\t\t<div class=\"elementor-widget-wrap elementor-element-populated\">\n\t\t\t\t\t\t<div class=\"elementor-element elementor-element-5aae5d63 elementor-widget elementor-widget-heading\" data-id=\"5aae5d63\" data-element_type=\"widget\" data-e-type=\"widget\" data-widget_type=\"heading.default\">\n\t\t\t\t<div class=\"elementor-widget-container\">\n\t\t\t\t\t<h2 class=\"elementor-heading-title elementor-size-default\">Centro de donaciones<\/h2>\t\t\t\t<\/div>\n\t\t\t\t<\/div>\n\t\t\t\t<div class=\"elementor-element elementor-element-434baaa9 elementor-widget elementor-widget-text-editor\" data-id=\"434baaa9\" data-element_type=\"widget\" data-e-type=\"widget\" data-widget_type=\"text-editor.default\">\n\t\t\t\t<div class=\"elementor-widget-container\">\n\t\t\t\t\t\t\t\t\t<p class=\"s3\"><span class=\"s2\">Cada art\u00edculo<\/span><span class=\"s2\">- y alimentar<\/span><span class=\"s2\">Las donaciones son muy importantes para nosotros. Estamos muy agradecidos por cada donaci\u00f3n, porque su apoyo contribuye a ello,&nbsp;<\/span><span class=\"s2\">que juntos seamos capaces de cumplir nuestras diversas tareas y que los ni\u00f1os que se nos conf\u00edan sean atendidos y cuidados con cari\u00f1o.&nbsp;<\/span><\/p>\n<p class=\"s3\"><span class=\"s2\">Nuestro centro de donaciones nos permite hacer donaciones sin contacto en estos tiempos dif\u00edciles y tambi\u00e9n le permite donar fuera de nuestro horario comercial.&nbsp;<\/span><span class=\"s2\">La casita<\/span><span class=\"s2\">&nbsp;se encuentra frente a nuestra entrada principal.<\/span><span class=\"s2\">&nbsp;<\/span><span class=\"s2\">En&nbsp;<\/span><span class=\"s2\">est\u00e1 protegido de la intemperie y ofrece mucho espacio.<\/span><\/p>\n<p class=\"s3\"><span class=\"s2\">Nos alegramos por la comida<\/span><span class=\"s2\">- y donaciones en especie<\/span><span class=\"s2\">&nbsp;como&nbsp;<\/span><span class=\"s2\">z. B.: <\/span><span class=\"s2\">Perros, gatos, peque\u00f1os animales, cerdos, aves de corral y&nbsp;<\/span><span class=\"s2\">Alimentaci\u00f3n de los polluelos<\/span><span class=\"s2\">&nbsp;y leche de cr\u00eda (Royal&nbsp;<\/span><span class=\"s2\">Canin<\/span><span class=\"s2\">)<\/span><span class=\"s2\">, <\/span><span class=\"s2\">Toallas,<\/span><span class=\"s2\">&nbsp;<\/span><span class=\"s2\">Lana<\/span><span class=\"s2\">esquinas, juguetes, <\/span><span class=\"s2\">Arena aglomerante<\/span><span class=\"s2\">,&nbsp;<\/span><span class=\"s2\">Bandejas higi\u00e9nicas, rascadores,&nbsp;<\/span><span class=\"s2\">Jaulas y<\/span><span class=\"s2\">&nbsp;Accesorios para mascotas<\/span><span class=\"s2\">&nbsp;de todo tipo. <\/span>Por razones de higiene, no podemos utilizar art\u00edculos defectuosos o muy sucios ni alimentos que ya hayan sido abiertos. Gracias por su comprensi\u00f3n.<span class=\"s2\"><\/span><\/p>\n<p>Muchas gracias por su apoyo activo.<\/p>\t\t\t\t\t\t\t\t<\/div>\n\t\t\t\t<\/div>\n\t\t\t\t\t<\/div>\n\t\t<\/div>\n\t\t\t\t<div class=\"elementor-column elementor-col-50 elementor-top-column elementor-element elementor-element-2ed9c063\" data-id=\"2ed9c063\" data-element_type=\"column\" data-e-type=\"column\">\n\t\t\t<div class=\"elementor-widget-wrap elementor-element-populated\">\n\t\t\t\t\t\t<div class=\"elementor-element elementor-element-38215db7 elementor-widget elementor-widget-image\" data-id=\"38215db7\" data-element_type=\"widget\" data-e-type=\"widget\" data-widget_type=\"image.default\">\n\t\t\t\t<div class=\"elementor-widget-container\">\n\t\t\t\t\t\t\t\t\t\t\t\t\t\t\t<img fetchpriority=\"high\" decoding=\"async\" width=\"800\" height=\"721\" src=\"https:\/\/www.tierschutz-bremerhaven.eu\/wp-content\/uploads\/2026\/02\/Spendenhaeuschen-1024x923.jpeg\" class=\"attachment-large size-large wp-image-13078\" alt=\"\" srcset=\"https:\/\/www.tierschutz-bremerhaven.eu\/wp-content\/uploads\/2026\/02\/Spendenhaeuschen-1024x923.jpeg 1024w, https:\/\/www.tierschutz-bremerhaven.eu\/wp-content\/uploads\/2026\/02\/Spendenhaeuschen-300x270.jpeg 300w, https:\/\/www.tierschutz-bremerhaven.eu\/wp-content\/uploads\/2026\/02\/Spendenhaeuschen-768x692.jpeg 768w, https:\/\/www.tierschutz-bremerhaven.eu\/wp-content\/uploads\/2026\/02\/Spendenhaeuschen-1536x1384.jpeg 1536w, https:\/\/www.tierschutz-bremerhaven.eu\/wp-content\/uploads\/2026\/02\/Spendenhaeuschen-2048x1846.jpeg 2048w, https:\/\/www.tierschutz-bremerhaven.eu\/wp-content\/uploads\/2026\/02\/Spendenhaeuschen-13x12.jpeg 13w\" sizes=\"(max-width: 800px) 100vw, 800px\" \/>\t\t\t\t\t\t\t\t\t\t\t\t\t\t\t<\/div>\n\t\t\t\t<\/div>\n\t\t\t\t\t<\/div>\n\t\t<\/div>\n\t\t\t\t\t<\/div>\n\t\t<\/section>\n\t\t\t\t<\/div>","protected":false},"excerpt":{"rendered":"<p>Spendenh\u00e4uschen Jede Sach- und Futterspende hat f\u00fcr uns eine gro\u00dfe Bedeutung. Wir sind f\u00fcr jede Spende sehr dankbar, denn Ihre Unterst\u00fctzung tr\u00e4gt dazu bei,&nbsp;dass wir gemeinsam imstande sind, unsere vielf\u00e4ltigen Aufgaben wahrzunehmen und dass die uns anvertrauten Sch\u00fctzlinge liebevoll gepflegt und betreut werden.&nbsp; Unser Spendenh\u00e4uschen erm\u00f6glicht uns in dieser schweren Zeit eine kontaktlose \u00dcbergabe und [&hellip;]<\/p>\n","protected":false},"author":3,"featured_media":0,"parent":0,"menu_order":0,"comment_status":"closed","ping_status":"closed","template":"","meta":{"footnotes":""},"class_list":["post-4937","page","type-page","status-publish","hentry"],"_links":{"self":[{"href":"https:\/\/www.tierschutz-bremerhaven.eu\/es\/wp-json\/wp\/v2\/pages\/4937","targetHints":{"allow":["GET"]}}],"collection":[{"href":"https:\/\/www.tierschutz-bremerhaven.eu\/es\/wp-json\/wp\/v2\/pages"}],"about":[{"href":"https:\/\/www.tierschutz-bremerhaven.eu\/es\/wp-json\/wp\/v2\/types\/page"}],"author":[{"embeddable":true,"href":"https:\/\/www.tierschutz-bremerhaven.eu\/es\/wp-json\/wp\/v2\/users\/3"}],"replies":[{"embeddable":true,"href":"https:\/\/www.tierschutz-bremerhaven.eu\/es\/wp-json\/wp\/v2\/comments?post=4937"}],"version-history":[{"count":16,"href":"https:\/\/www.tierschutz-bremerhaven.eu\/es\/wp-json\/wp\/v2\/pages\/4937\/revisions"}],"predecessor-version":[{"id":13081,"href":"https:\/\/www.tierschutz-bremerhaven.eu\/es\/wp-json\/wp\/v2\/pages\/4937\/revisions\/13081"}],"wp:attachment":[{"href":"https:\/\/www.tierschutz-bremerhaven.eu\/es\/wp-json\/wp\/v2\/media?parent=4937"}],"curies":[{"name":"wp","href":"https:\/\/api.w.org\/{rel}","templated":true}]}}