{"id":1795,"date":"2021-04-29T14:17:09","date_gmt":"2021-04-29T14:17:09","guid":{"rendered":"https:\/\/tierschutz-bremerhaven.eu\/?page_id=1795"},"modified":"2021-04-29T14:17:50","modified_gmt":"2021-04-29T14:17:50","slug":"controle-avant-et-apres","status":"publish","type":"page","link":"https:\/\/www.tierschutz-bremerhaven.eu\/fr\/vor-und-nachkontrolle","title":{"rendered":"Contr\u00f4le avant et apr\u00e8s"},"content":{"rendered":"<div data-elementor-type=\"wp-page\" data-elementor-id=\"1795\" class=\"elementor elementor-1795\" data-elementor-post-type=\"page\">\n\t\t\t\t\t\t<section class=\"elementor-section elementor-top-section elementor-element elementor-element-3f2c348 elementor-section-full_width elementor-section-height-default elementor-section-height-default\" data-id=\"3f2c348\" data-element_type=\"section\" data-e-type=\"section\" data-settings=\"{&quot;background_background&quot;:&quot;classic&quot;}\">\n\t\t\t\t\t\t<div class=\"elementor-container elementor-column-gap-default\">\n\t\t\t\t\t<div class=\"elementor-column elementor-col-100 elementor-top-column elementor-element elementor-element-2cef154\" data-id=\"2cef154\" data-element_type=\"column\" data-e-type=\"column\">\n\t\t\t<div class=\"elementor-widget-wrap elementor-element-populated\">\n\t\t\t\t\t\t<div class=\"elementor-element elementor-element-02a7822 elementor-widget elementor-widget-heading\" data-id=\"02a7822\" data-element_type=\"widget\" data-e-type=\"widget\" data-widget_type=\"heading.default\">\n\t\t\t\t<div class=\"elementor-widget-container\">\n\t\t\t\t\t<h2 class=\"elementor-heading-title elementor-size-default\">Contr\u00f4le avant et apr\u00e8s<\/h2>\t\t\t\t<\/div>\n\t\t\t\t<\/div>\n\t\t\t\t<div class=\"elementor-element elementor-element-7cc7aaa elementor-widget elementor-widget-text-editor\" data-id=\"7cc7aaa\" data-element_type=\"widget\" data-e-type=\"widget\" data-widget_type=\"text-editor.default\">\n\t\t\t\t<div class=\"elementor-widget-container\">\n\t\t\t\t\t\t\t\t\t<p>Les contr\u00f4les avant et apr\u00e8s l'intervention sont une pratique courante dans le cadre de la<strong>\u00a0m\u00e9diation animale.<\/strong>\u00a0<br \/>L'association Tierschutz Bremerhaven e.V. aimerait rencontrer personnellement les futurs propri\u00e9taires avant le placement et voir o\u00f9 l'animal vivra \u00e0 l'avenir. Les contr\u00f4les ult\u00e9rieurs sont \u00e9galement courants dans notre association et ne sont effectu\u00e9s que pour le bien des animaux.<br \/>Nous nous ferons un plaisir de vous conseiller et de r\u00e9pondre aux questions qui se sont pos\u00e9es au cours de la cohabitation. Si vous d\u00e9cidez d'adopter un animal de notre refuge, vous concluez en m\u00eame temps un accord avec nous qui nous permet de rendre visite \u00e0 votre animal dans son nouveau foyer apr\u00e8s le placement.<\/p><p>Nous vous remercions de votre coop\u00e9ration !<\/p>\t\t\t\t\t\t\t\t<\/div>\n\t\t\t\t<\/div>\n\t\t\t\t\t<\/div>\n\t\t<\/div>\n\t\t\t\t\t<\/div>\n\t\t<\/section>\n\t\t\t\t<\/div>","protected":false},"excerpt":{"rendered":"<p>Vor- und Nachkontrolle Vor- und Nachkontrollen sind g\u00e4ngige Praxis bei der\u00a0Tiervermittlung.\u00a0Der Tierschutz Bremerhaven e.V. m\u00f6chte die zuk\u00fcnftigen Besitzer vor der Vermittlung gerne pers\u00f6nlich kennenlernen und sehen, wo das Tier in Zukunft leben soll. Auch Nachkontrollen sind in unserem Verein \u00fcblich und werden nur zum Wohle der Tiere durchgef\u00fchrt.Gerne beraten wir Sie und beantworten Fragen, die [&hellip;]<\/p>\n","protected":false},"author":3,"featured_media":0,"parent":0,"menu_order":0,"comment_status":"closed","ping_status":"closed","template":"","meta":{"footnotes":""},"class_list":["post-1795","page","type-page","status-publish","hentry"],"_links":{"self":[{"href":"https:\/\/www.tierschutz-bremerhaven.eu\/fr\/wp-json\/wp\/v2\/pages\/1795","targetHints":{"allow":["GET"]}}],"collection":[{"href":"https:\/\/www.tierschutz-bremerhaven.eu\/fr\/wp-json\/wp\/v2\/pages"}],"about":[{"href":"https:\/\/www.tierschutz-bremerhaven.eu\/fr\/wp-json\/wp\/v2\/types\/page"}],"author":[{"embeddable":true,"href":"https:\/\/www.tierschutz-bremerhaven.eu\/fr\/wp-json\/wp\/v2\/users\/3"}],"replies":[{"embeddable":true,"href":"https:\/\/www.tierschutz-bremerhaven.eu\/fr\/wp-json\/wp\/v2\/comments?post=1795"}],"version-history":[{"count":3,"href":"https:\/\/www.tierschutz-bremerhaven.eu\/fr\/wp-json\/wp\/v2\/pages\/1795\/revisions"}],"predecessor-version":[{"id":1798,"href":"https:\/\/www.tierschutz-bremerhaven.eu\/fr\/wp-json\/wp\/v2\/pages\/1795\/revisions\/1798"}],"wp:attachment":[{"href":"https:\/\/www.tierschutz-bremerhaven.eu\/fr\/wp-json\/wp\/v2\/media?parent=1795"}],"curies":[{"name":"wp","href":"https:\/\/api.w.org\/{rel}","templated":true}]}}