{"id":1799,"date":"2021-04-29T14:18:03","date_gmt":"2021-04-29T14:18:03","guid":{"rendered":"https:\/\/tierschutz-bremerhaven.eu\/?page_id=1799"},"modified":"2021-04-29T14:18:36","modified_gmt":"2021-04-29T14:18:36","slug":"centre-de-soins","status":"publish","type":"page","link":"https:\/\/www.tierschutz-bremerhaven.eu\/fr\/pflegestelle","title":{"rendered":"Lieu de soins"},"content":{"rendered":"<div data-elementor-type=\"wp-page\" data-elementor-id=\"1799\" class=\"elementor elementor-1799\" data-elementor-post-type=\"page\">\n\t\t\t\t\t\t<section class=\"elementor-section elementor-top-section elementor-element elementor-element-3f2c348 elementor-section-full_width elementor-section-height-default elementor-section-height-default\" data-id=\"3f2c348\" data-element_type=\"section\" data-e-type=\"section\" data-settings=\"{&quot;background_background&quot;:&quot;classic&quot;}\">\n\t\t\t\t\t\t<div class=\"elementor-container elementor-column-gap-default\">\n\t\t\t\t\t<div class=\"elementor-column elementor-col-100 elementor-top-column elementor-element elementor-element-2cef154\" data-id=\"2cef154\" data-element_type=\"column\" data-e-type=\"column\">\n\t\t\t<div class=\"elementor-widget-wrap elementor-element-populated\">\n\t\t\t\t\t\t<div class=\"elementor-element elementor-element-02a7822 elementor-widget elementor-widget-heading\" data-id=\"02a7822\" data-element_type=\"widget\" data-e-type=\"widget\" data-widget_type=\"heading.default\">\n\t\t\t\t<div class=\"elementor-widget-container\">\n\t\t\t\t\t<h2 class=\"elementor-heading-title elementor-size-default\">En cas d'urgence<\/h2>\t\t\t\t<\/div>\n\t\t\t\t<\/div>\n\t\t\t\t<div class=\"elementor-element elementor-element-7cc7aaa elementor-widget elementor-widget-text-editor\" data-id=\"7cc7aaa\" data-element_type=\"widget\" data-e-type=\"widget\" data-widget_type=\"text-editor.default\">\n\t\t\t\t<div class=\"elementor-widget-container\">\n\t\t\t\t\t\t\t\t\t<p>Nous recherchons des personnes qui ont du c\u0153ur, de l'intelligence et de l'amour pour les animaux, mais qui, pour quelque raison que ce soit, ne souhaitent pas garder un animal \u00e0 long terme.<\/p><p>Mais vous pouvez tout de m\u00eame faire une bonne action : vous prenez un animal de notre refuge que nous souhaitons placer dans un foyer temporaire pour diverses raisons.<\/p><p>Il arrive r\u00e9guli\u00e8rement que certains animaux ne se sentent pas du tout \u00e0 l'aise dans le quotidien du refuge. Les animaux \u00e2g\u00e9s et malades ont particuli\u00e8rement de la peine \u00e0 vivre au refuge. Si nous avons de la chance, nous trouvons toujours des personnes aimantes qui accueillent temporairement un tel prot\u00e9g\u00e9 et lui apportent les soins et la s\u00e9curit\u00e9 dont il a besoin. Ils s'occupent des animaux jusqu'\u00e0 ce qu'ils puissent \u00eatre d\u00e9finitivement plac\u00e9s chez leurs nouveaux propri\u00e9taires. Nous serions bien s\u00fbr particuli\u00e8rement heureux si vous pouviez vous imaginer offrir un foyer \u00e0 des animaux \u00e2g\u00e9s ou malades pour la derni\u00e8re \u00e9tape de leur vie.<\/p><p>Vous souhaitez soutenir l'un de nos enfants adopt\u00e9s pendant un certain temps ? Veuillez nous contacter au refuge au 0471 - 8 32 57 ou par e-mail :\u00a0<a href=\"mailto:info@tierschutz-bremerhaven.de\">info@tierschutz-bremerhaven.de<\/a><br \/>En dehors de nos heures d'ouverture, vous pouvez laisser un message sur notre r\u00e9pondeur. Vous serez imm\u00e9diatement rappel\u00e9.<\/p>\t\t\t\t\t\t\t\t<\/div>\n\t\t\t\t<\/div>\n\t\t\t\t\t<\/div>\n\t\t<\/div>\n\t\t\t\t\t<\/div>\n\t\t<\/section>\n\t\t\t\t<\/div>","protected":false},"excerpt":{"rendered":"<p>Im Notfall Wir suchen Menschen mit Herz, Verstand und Tierliebe, die aber, aus welchen Gr\u00fcnden auch immer, kein Tier auf Dauer halten m\u00f6chten. Sie k\u00f6nnen aber trotzdem ein gutes Werk tun: Sie nehmen ein Tier aus unserem Tierheim, das wir aus den verschiedensten Gr\u00fcnden in ein Zuhause auf Zeit geben m\u00f6chten. Es kommt immer wieder [&hellip;]<\/p>\n","protected":false},"author":3,"featured_media":0,"parent":0,"menu_order":0,"comment_status":"closed","ping_status":"closed","template":"","meta":{"footnotes":""},"class_list":["post-1799","page","type-page","status-publish","hentry"],"_links":{"self":[{"href":"https:\/\/www.tierschutz-bremerhaven.eu\/fr\/wp-json\/wp\/v2\/pages\/1799","targetHints":{"allow":["GET"]}}],"collection":[{"href":"https:\/\/www.tierschutz-bremerhaven.eu\/fr\/wp-json\/wp\/v2\/pages"}],"about":[{"href":"https:\/\/www.tierschutz-bremerhaven.eu\/fr\/wp-json\/wp\/v2\/types\/page"}],"author":[{"embeddable":true,"href":"https:\/\/www.tierschutz-bremerhaven.eu\/fr\/wp-json\/wp\/v2\/users\/3"}],"replies":[{"embeddable":true,"href":"https:\/\/www.tierschutz-bremerhaven.eu\/fr\/wp-json\/wp\/v2\/comments?post=1799"}],"version-history":[{"count":3,"href":"https:\/\/www.tierschutz-bremerhaven.eu\/fr\/wp-json\/wp\/v2\/pages\/1799\/revisions"}],"predecessor-version":[{"id":1802,"href":"https:\/\/www.tierschutz-bremerhaven.eu\/fr\/wp-json\/wp\/v2\/pages\/1799\/revisions\/1802"}],"wp:attachment":[{"href":"https:\/\/www.tierschutz-bremerhaven.eu\/fr\/wp-json\/wp\/v2\/media?parent=1799"}],"curies":[{"name":"wp","href":"https:\/\/api.w.org\/{rel}","templated":true}]}}