{"id":1817,"date":"2021-04-29T14:21:22","date_gmt":"2021-04-29T14:21:22","guid":{"rendered":"https:\/\/tierschutz-bremerhaven.eu\/?page_id=1817"},"modified":"2021-06-22T12:07:28","modified_gmt":"2021-06-22T12:07:28","slug":"marcheur","status":"publish","type":"page","link":"https:\/\/www.tierschutz-bremerhaven.eu\/fr\/gassi-geher","title":{"rendered":"Promeneur"},"content":{"rendered":"<div data-elementor-type=\"wp-page\" data-elementor-id=\"1817\" class=\"elementor elementor-1817\" data-elementor-post-type=\"page\">\n\t\t\t\t\t\t<section class=\"elementor-section elementor-top-section elementor-element elementor-element-3f2c348 elementor-section-full_width elementor-section-height-default elementor-section-height-default\" data-id=\"3f2c348\" data-element_type=\"section\" data-e-type=\"section\" data-settings=\"{&quot;background_background&quot;:&quot;classic&quot;}\">\n\t\t\t\t\t\t<div class=\"elementor-container elementor-column-gap-default\">\n\t\t\t\t\t<div class=\"elementor-column elementor-col-100 elementor-top-column elementor-element elementor-element-2cef154\" data-id=\"2cef154\" data-element_type=\"column\" data-e-type=\"column\">\n\t\t\t<div class=\"elementor-widget-wrap elementor-element-populated\">\n\t\t\t\t\t\t<div class=\"elementor-element elementor-element-02a7822 elementor-widget elementor-widget-heading\" data-id=\"02a7822\" data-element_type=\"widget\" data-e-type=\"widget\" data-widget_type=\"heading.default\">\n\t\t\t\t<div class=\"elementor-widget-container\">\n\t\t\t\t\t<h2 class=\"elementor-heading-title elementor-size-default\">Promeneur<\/h2>\t\t\t\t<\/div>\n\t\t\t\t<\/div>\n\t\t\t\t<div class=\"elementor-element elementor-element-7cc7aaa elementor-widget elementor-widget-text-editor\" data-id=\"7cc7aaa\" data-element_type=\"widget\" data-e-type=\"widget\" data-widget_type=\"text-editor.default\">\n\t\t\t\t<div class=\"elementor-widget-container\">\n\t\t\t\t\t\t\t\t\t<p>Sur notre nouveau terrain se trouvent deux grands parcs que nos chiens peuvent bien s\u00fbr utiliser r\u00e9guli\u00e8rement.<\/p><p>Si vous souhaitez g\u00e2ter nos chiens avec une promenade suppl\u00e9mentaire, n'h\u00e9sitez pas \u00e0 nous contacter.<\/p><p>Pour nos chiens, c'est quelque chose de sp\u00e9cial, car ils re\u00e7oivent toute l'attention d'une seule personne et b\u00e9n\u00e9ficient d'une grande vari\u00e9t\u00e9 lors des promenades.<\/p><p>Pour cela, il est imp\u00e9ratif d'\u00eatre membre de l'association, car nous avons besoin de vos coordonn\u00e9es et vous b\u00e9n\u00e9ficiez alors d'une couverture d'assurance via l'association.<\/p><p>Nous serions heureux que les enfants accompagnent nos chiens lors de ces promenades. Pour des raisons de s\u00e9curit\u00e9, cela n'est toutefois possible qu'en compagnie d'un adulte.<\/p><p>Il ne vous reste plus qu'\u00e0 prendre rendez-vous avec nous et \u00e0 vous familiariser avec nos r\u00e8gles de promenade, qui vous seront expliqu\u00e9es par nos soigneurs animaliers. Ce briefing sert \u00e0 votre propre s\u00e9curit\u00e9 et \u00e0 celle de votre chien.<\/p><p>Lorsque les temp\u00e9ratures sont trop chaudes ou trop froides, il peut arriver que nous devions annuler la promenade pour le bien des animaux. Mais ils se r\u00e9jouissent alors d'autant plus de la prochaine fois. \u00a0<\/p><p>Nos heures de promenade sont le mardi, mercredi, vendredi et samedi de 10h00 \u00e0 14h00 et le dimanche de 13h00 \u00e0 16h00.<\/p><p>Veuillez nous contacter au refuge au 0471 - 8 32 57.<br \/>En dehors de nos heures d'ouverture, vous pouvez laisser un message sur notre r\u00e9pondeur. Vous serez imm\u00e9diatement rappel\u00e9.<\/p>\t\t\t\t\t\t\t\t<\/div>\n\t\t\t\t<\/div>\n\t\t\t\t\t<\/div>\n\t\t<\/div>\n\t\t\t\t\t<\/div>\n\t\t<\/section>\n\t\t\t\t<\/div>","protected":false},"excerpt":{"rendered":"<p>Gassi-Geher Auf unserem neuen Gel\u00e4nde befinden sich zwei gro\u00dfe Ausl\u00e4ufe, die unsere Hunde nat\u00fcrlich regelm\u00e4\u00dfig nutzen k\u00f6nnen. Wenn Sie unseren aber Hunden mit einem zus\u00e4tzlichen Spaziergang verw\u00f6hnen m\u00f6chten, sprechen Sie uns gerne an. F\u00fcr unsere Hunde ist dies etwas Besonderes, da sie von einer einzelnen Person die ganze Aufmerksamkeit erhalten und auf den Spazierg\u00e4ngen viel [&hellip;]<\/p>\n","protected":false},"author":3,"featured_media":0,"parent":0,"menu_order":0,"comment_status":"closed","ping_status":"closed","template":"","meta":{"footnotes":""},"class_list":["post-1817","page","type-page","status-publish","hentry"],"_links":{"self":[{"href":"https:\/\/www.tierschutz-bremerhaven.eu\/fr\/wp-json\/wp\/v2\/pages\/1817","targetHints":{"allow":["GET"]}}],"collection":[{"href":"https:\/\/www.tierschutz-bremerhaven.eu\/fr\/wp-json\/wp\/v2\/pages"}],"about":[{"href":"https:\/\/www.tierschutz-bremerhaven.eu\/fr\/wp-json\/wp\/v2\/types\/page"}],"author":[{"embeddable":true,"href":"https:\/\/www.tierschutz-bremerhaven.eu\/fr\/wp-json\/wp\/v2\/users\/3"}],"replies":[{"embeddable":true,"href":"https:\/\/www.tierschutz-bremerhaven.eu\/fr\/wp-json\/wp\/v2\/comments?post=1817"}],"version-history":[{"count":3,"href":"https:\/\/www.tierschutz-bremerhaven.eu\/fr\/wp-json\/wp\/v2\/pages\/1817\/revisions"}],"predecessor-version":[{"id":1823,"href":"https:\/\/www.tierschutz-bremerhaven.eu\/fr\/wp-json\/wp\/v2\/pages\/1817\/revisions\/1823"}],"wp:attachment":[{"href":"https:\/\/www.tierschutz-bremerhaven.eu\/fr\/wp-json\/wp\/v2\/media?parent=1817"}],"curies":[{"name":"wp","href":"https:\/\/api.w.org\/{rel}","templated":true}]}}